{"id":10274,"date":"2019-08-08T16:24:03","date_gmt":"2019-08-08T23:24:03","guid":{"rendered":"https:\/\/www.microbebio.com\/spanish-microbe-fertilizer\/?post_type=product&#038;p=10274"},"modified":"2026-02-12T22:20:53","modified_gmt":"2026-02-13T05:20:53","slug":"microbebio-green-fury","status":"publish","type":"product","link":"https:\/\/www.microbebio.com\/spanish-microbe-fertilizer\/product\/microbebio-green-fury\/","title":{"rendered":"MicrobeBio\u00ae Green Fury\u2122"},"content":{"rendered":"<div class=\"wpb-content-wrapper\"><p>[vc_row][vc_column][vc_single_image image=&#8221;18644&#8243; img_size=&#8221;full&#8221; alignment=&#8221;center&#8221; css=&#8221;&#8221;][vc_single_image image=&#8221;18645&#8243; img_size=&#8221;full&#8221; alignment=&#8221;center&#8221; css=&#8221;&#8221;][vc_single_image image=&#8221;18646&#8243; img_size=&#8221;full&#8221; alignment=&#8221;center&#8221; css=&#8221;&#8221;][vc_single_image image=&#8221;18647&#8243; img_size=&#8221;full&#8221; alignment=&#8221;center&#8221; css=&#8221;&#8221;][vc_single_image image=&#8221;18648&#8243; img_size=&#8221;full&#8221; alignment=&#8221;center&#8221; css=&#8221;&#8221;][vc_single_image image=&#8221;18649&#8243; img_size=&#8221;full&#8221; alignment=&#8221;center&#8221; css=&#8221;&#8221;][vc_single_image image=&#8221;18650&#8243; img_size=&#8221;full&#8221; alignment=&#8221;center&#8221; css=&#8221;&#8221;][vc_btn title=&#8221;Download PDF&#8221; color=&#8221;green&#8221; align=&#8221;center&#8221; css=&#8221;&#8221; link=&#8221;url:https%3A%2F%2Fwww.microbebio.com%2Fspanish-microbe-fertilizer%2Fwp-content%2Fuploads%2F2026%2F02%2FMICROBEBIO-GREEN-FURY-SPANISH-09-29-25.pdf&#8221;][\/vc_column][\/vc_row]<\/p>\n<\/div>","protected":false},"excerpt":{"rendered":"<p data-start=\"92\" data-end=\"473\"><span style=\"color: #000000;\">Es un insecticida bot\u00e1nico de \u00faltima generaci\u00f3n, formulado a partir de compuestos activos de origen vegetal puro. Proporciona un derribo r\u00e1pido y una supresi\u00f3n duradera de plagas de insectos en frutas, hortalizas, granos, huertos, plantaciones, establos, lecher\u00edas y criaderos de aves. Biodegradable y ecol\u00f3gico, es seguro para polinizadores, ganado, trabajadores y consumidores.<\/span><\/p>\n<h3 data-start=\"480\" data-end=\"509\"><span style=\"color: #000000;\"><strong data-start=\"484\" data-end=\"507\">Componentes Activos<\/strong><\/span><\/h3>\n<ul data-start=\"510\" data-end=\"692\">\n<li data-start=\"510\" data-end=\"573\">\n<p data-start=\"512\" data-end=\"573\"><span style=\"color: #000000;\">Reguladores de crecimiento de insectos derivados de plantas<\/span><\/p>\n<\/li>\n<li data-start=\"574\" data-end=\"612\">\n<p data-start=\"576\" data-end=\"612\"><span style=\"color: #000000;\">Agentes bot\u00e1nicos antialimentaci\u00f3n<\/span><\/p>\n<\/li>\n<li data-start=\"613\" data-end=\"652\">\n<p data-start=\"615\" data-end=\"652\"><span style=\"color: #000000;\">Disuasores naturales de oviposici\u00f3n<\/span><\/p>\n<\/li>\n<li data-start=\"653\" data-end=\"692\">\n<p data-start=\"655\" data-end=\"692\"><span style=\"color: #000000;\">Veh\u00edculos y estabilizadores inertes<\/span><\/p>\n<\/li>\n<\/ul>\n<p data-start=\"694\" data-end=\"766\"><span style=\"color: #000000;\"><em data-start=\"694\" data-end=\"764\">(Todos los ingredientes son 100% de origen vegetal y biodegradables)<\/em><\/span><\/p>\n<h3 data-start=\"773\" data-end=\"810\"><span style=\"color: #000000;\"><strong data-start=\"777\" data-end=\"808\">Plagas Objetivo Controladas<\/strong><\/span><\/h3>\n<ul data-start=\"811\" data-end=\"1296\">\n<li data-start=\"811\" data-end=\"932\">\n<p data-start=\"813\" data-end=\"932\"><span style=\"color: #000000;\"><strong data-start=\"813\" data-end=\"854\">Plagas de cuerpo blando y chupadores:<\/strong> pulgones, moscas blancas, trips, cochinillas, chicharritas, insectos escama<\/span><\/p>\n<\/li>\n<li data-start=\"933\" data-end=\"1080\">\n<p data-start=\"935\" data-end=\"1080\"><span style=\"color: #000000;\"><strong data-start=\"935\" data-end=\"961\">Insectos masticadores:<\/strong> orugas, gusanos cogolleros, gusanos belloteros, minadores de hojas, barrenadores de frutos, escarabajos, saltamontes<\/span><\/p>\n<\/li>\n<li data-start=\"1081\" data-end=\"1179\">\n<p data-start=\"1083\" data-end=\"1179\"><span style=\"color: #000000;\"><strong data-start=\"1083\" data-end=\"1118\">Chupadores de savia y vectores:<\/strong> chinches, moscas de la fruta, ara\u00f1a roja, \u00e1caros eri\u00f3fidos<\/span><\/p>\n<\/li>\n<li data-start=\"1180\" data-end=\"1296\">\n<p data-start=\"1182\" data-end=\"1296\"><span style=\"color: #000000;\"><strong data-start=\"1182\" data-end=\"1228\">Plagas de granos almacenados y del ganado:<\/strong> gorgojos, polillas, pulgas, piojos, moscas de establo, garrapatas<\/span><\/p>\n<\/li>\n<\/ul>\n","protected":false},"featured_media":11843,"template":"","meta":{"ngg_post_thumbnail":0},"product_brand":[],"product_cat":[166,21],"product_tag":[],"class_list":{"0":"post-10274","1":"product","2":"type-product","3":"status-publish","4":"has-post-thumbnail","6":"product_cat-probiotic-soil-amendment","7":"product_cat-products","9":"first","10":"instock","11":"shipping-taxable","12":"product-type-simple"},"yoast_head":"<!-- This site is optimized with the Yoast SEO plugin v27.4 - https:\/\/yoast.com\/product\/yoast-seo-wordpress\/ -->\n<title>MicrobeBio\u00ae Green Fury\u2122 - Microbial fertilizer Organic Fertilizer USA<\/title>\n<meta name=\"robots\" content=\"index, follow, max-snippet:-1, max-image-preview:large, max-video-preview:-1\" \/>\n<link rel=\"canonical\" href=\"https:\/\/www.microbebio.com\/spanish-microbe-fertilizer\/product\/microbebio-green-fury\/\" \/>\n<meta property=\"og:locale\" content=\"en_US\" \/>\n<meta property=\"og:type\" content=\"article\" \/>\n<meta property=\"og:title\" content=\"MicrobeBio\u00ae Green Fury\u2122 - Microbial fertilizer Organic Fertilizer USA\" \/>\n<meta property=\"og:description\" content=\"Es un insecticida bot\u00e1nico de \u00faltima generaci\u00f3n, formulado a partir de compuestos activos de origen vegetal puro. Proporciona un derribo r\u00e1pido y una supresi\u00f3n duradera de plagas de insectos en frutas, hortalizas, granos, huertos, plantaciones, establos, lecher\u00edas y criaderos de aves. Biodegradable y ecol\u00f3gico, es seguro para polinizadores, ganado, trabajadores y consumidores.  Componentes Activos    Reguladores de crecimiento de insectos derivados de plantas    Agentes bot\u00e1nicos antialimentaci\u00f3n    Disuasores naturales de oviposici\u00f3n    Veh\u00edculos y estabilizadores inertes   (Todos los ingredientes son 100% de origen vegetal y biodegradables)  Plagas Objetivo Controladas    Plagas de cuerpo blando y chupadores: pulgones, moscas blancas, trips, cochinillas, chicharritas, insectos escama    Insectos masticadores: orugas, gusanos cogolleros, gusanos belloteros, minadores de hojas, barrenadores de frutos, escarabajos, saltamontes    Chupadores de savia y vectores: chinches, moscas de la fruta, ara\u00f1a roja, \u00e1caros eri\u00f3fidos    Plagas de granos almacenados y del ganado: gorgojos, polillas, pulgas, piojos, moscas de establo, garrapatas\" \/>\n<meta property=\"og:url\" content=\"https:\/\/www.microbebio.com\/spanish-microbe-fertilizer\/product\/microbebio-green-fury\/\" \/>\n<meta property=\"og:site_name\" content=\"Microbial fertilizer Organic Fertilizer USA\" \/>\n<meta property=\"article:modified_time\" content=\"2026-02-13T05:20:53+00:00\" \/>\n<meta property=\"og:image\" content=\"https:\/\/www.microbebio.com\/spanish-microbe-fertilizer\/wp-content\/uploads\/2019\/09\/MICROBEBIO-GREENFURY.jpg\" \/>\n\t<meta property=\"og:image:width\" content=\"300\" \/>\n\t<meta property=\"og:image:height\" content=\"300\" \/>\n\t<meta property=\"og:image:type\" content=\"image\/jpeg\" \/>\n<meta name=\"twitter:card\" content=\"summary_large_image\" \/>\n<meta name=\"twitter:label1\" content=\"Est. reading time\" \/>\n\t<meta name=\"twitter:data1\" content=\"2 minutes\" \/>\n<script type=\"application\/ld+json\" class=\"yoast-schema-graph\">{\"@context\":\"https:\\\/\\\/schema.org\",\"@graph\":[{\"@type\":\"WebPage\",\"@id\":\"https:\\\/\\\/www.microbebio.com\\\/spanish-microbe-fertilizer\\\/product\\\/microbebio-green-fury\\\/\",\"url\":\"https:\\\/\\\/www.microbebio.com\\\/spanish-microbe-fertilizer\\\/product\\\/microbebio-green-fury\\\/\",\"name\":\"MicrobeBio\u00ae Green Fury\u2122 - Microbial fertilizer Organic Fertilizer USA\",\"isPartOf\":{\"@id\":\"https:\\\/\\\/www.microbebio.com\\\/spanish-microbe-fertilizer\\\/#website\"},\"primaryImageOfPage\":{\"@id\":\"https:\\\/\\\/www.microbebio.com\\\/spanish-microbe-fertilizer\\\/product\\\/microbebio-green-fury\\\/#primaryimage\"},\"image\":{\"@id\":\"https:\\\/\\\/www.microbebio.com\\\/spanish-microbe-fertilizer\\\/product\\\/microbebio-green-fury\\\/#primaryimage\"},\"thumbnailUrl\":\"https:\\\/\\\/www.microbebio.com\\\/spanish-microbe-fertilizer\\\/wp-content\\\/uploads\\\/2019\\\/09\\\/MICROBEBIO-GREENFURY.jpg\",\"datePublished\":\"2019-08-08T23:24:03+00:00\",\"dateModified\":\"2026-02-13T05:20:53+00:00\",\"breadcrumb\":{\"@id\":\"https:\\\/\\\/www.microbebio.com\\\/spanish-microbe-fertilizer\\\/product\\\/microbebio-green-fury\\\/#breadcrumb\"},\"inLanguage\":\"en-US\",\"potentialAction\":[{\"@type\":\"ReadAction\",\"target\":[\"https:\\\/\\\/www.microbebio.com\\\/spanish-microbe-fertilizer\\\/product\\\/microbebio-green-fury\\\/\"]}]},{\"@type\":\"ImageObject\",\"inLanguage\":\"en-US\",\"@id\":\"https:\\\/\\\/www.microbebio.com\\\/spanish-microbe-fertilizer\\\/product\\\/microbebio-green-fury\\\/#primaryimage\",\"url\":\"https:\\\/\\\/www.microbebio.com\\\/spanish-microbe-fertilizer\\\/wp-content\\\/uploads\\\/2019\\\/09\\\/MICROBEBIO-GREENFURY.jpg\",\"contentUrl\":\"https:\\\/\\\/www.microbebio.com\\\/spanish-microbe-fertilizer\\\/wp-content\\\/uploads\\\/2019\\\/09\\\/MICROBEBIO-GREENFURY.jpg\",\"width\":300,\"height\":300},{\"@type\":\"BreadcrumbList\",\"@id\":\"https:\\\/\\\/www.microbebio.com\\\/spanish-microbe-fertilizer\\\/product\\\/microbebio-green-fury\\\/#breadcrumb\",\"itemListElement\":[{\"@type\":\"ListItem\",\"position\":1,\"name\":\"Home\",\"item\":\"https:\\\/\\\/www.microbebio.com\\\/spanish-microbe-fertilizer\\\/\"},{\"@type\":\"ListItem\",\"position\":2,\"name\":\"Shop\",\"item\":\"https:\\\/\\\/www.microbebio.com\\\/spanish-microbe-fertilizer\\\/shop\\\/\"},{\"@type\":\"ListItem\",\"position\":3,\"name\":\"MicrobeBio\u00ae Green Fury\u2122\"}]},{\"@type\":\"WebSite\",\"@id\":\"https:\\\/\\\/www.microbebio.com\\\/spanish-microbe-fertilizer\\\/#website\",\"url\":\"https:\\\/\\\/www.microbebio.com\\\/spanish-microbe-fertilizer\\\/\",\"name\":\"Microbial fertilizer Organic Fertilizer USA\",\"description\":\"Microbes Fertilizer Nature Phenomenon\",\"potentialAction\":[{\"@type\":\"SearchAction\",\"target\":{\"@type\":\"EntryPoint\",\"urlTemplate\":\"https:\\\/\\\/www.microbebio.com\\\/spanish-microbe-fertilizer\\\/?s={search_term_string}\"},\"query-input\":{\"@type\":\"PropertyValueSpecification\",\"valueRequired\":true,\"valueName\":\"search_term_string\"}}],\"inLanguage\":\"en-US\"}]}<\/script>\n<!-- \/ Yoast SEO plugin. -->","yoast_head_json":{"title":"MicrobeBio\u00ae Green Fury\u2122 - Microbial fertilizer Organic Fertilizer USA","robots":{"index":"index","follow":"follow","max-snippet":"max-snippet:-1","max-image-preview":"max-image-preview:large","max-video-preview":"max-video-preview:-1"},"canonical":"https:\/\/www.microbebio.com\/spanish-microbe-fertilizer\/product\/microbebio-green-fury\/","og_locale":"en_US","og_type":"article","og_title":"MicrobeBio\u00ae Green Fury\u2122 - Microbial fertilizer Organic Fertilizer USA","og_description":"Es un insecticida bot\u00e1nico de \u00faltima generaci\u00f3n, formulado a partir de compuestos activos de origen vegetal puro. Proporciona un derribo r\u00e1pido y una supresi\u00f3n duradera de plagas de insectos en frutas, hortalizas, granos, huertos, plantaciones, establos, lecher\u00edas y criaderos de aves. Biodegradable y ecol\u00f3gico, es seguro para polinizadores, ganado, trabajadores y consumidores.  Componentes Activos    Reguladores de crecimiento de insectos derivados de plantas    Agentes bot\u00e1nicos antialimentaci\u00f3n    Disuasores naturales de oviposici\u00f3n    Veh\u00edculos y estabilizadores inertes   (Todos los ingredientes son 100% de origen vegetal y biodegradables)  Plagas Objetivo Controladas    Plagas de cuerpo blando y chupadores: pulgones, moscas blancas, trips, cochinillas, chicharritas, insectos escama    Insectos masticadores: orugas, gusanos cogolleros, gusanos belloteros, minadores de hojas, barrenadores de frutos, escarabajos, saltamontes    Chupadores de savia y vectores: chinches, moscas de la fruta, ara\u00f1a roja, \u00e1caros eri\u00f3fidos    Plagas de granos almacenados y del ganado: gorgojos, polillas, pulgas, piojos, moscas de establo, garrapatas","og_url":"https:\/\/www.microbebio.com\/spanish-microbe-fertilizer\/product\/microbebio-green-fury\/","og_site_name":"Microbial fertilizer Organic Fertilizer USA","article_modified_time":"2026-02-13T05:20:53+00:00","og_image":[{"width":300,"height":300,"url":"https:\/\/www.microbebio.com\/spanish-microbe-fertilizer\/wp-content\/uploads\/2019\/09\/MICROBEBIO-GREENFURY.jpg","type":"image\/jpeg"}],"twitter_card":"summary_large_image","twitter_misc":{"Est. reading time":"2 minutes"},"schema":{"@context":"https:\/\/schema.org","@graph":[{"@type":"WebPage","@id":"https:\/\/www.microbebio.com\/spanish-microbe-fertilizer\/product\/microbebio-green-fury\/","url":"https:\/\/www.microbebio.com\/spanish-microbe-fertilizer\/product\/microbebio-green-fury\/","name":"MicrobeBio\u00ae Green Fury\u2122 - Microbial fertilizer Organic Fertilizer USA","isPartOf":{"@id":"https:\/\/www.microbebio.com\/spanish-microbe-fertilizer\/#website"},"primaryImageOfPage":{"@id":"https:\/\/www.microbebio.com\/spanish-microbe-fertilizer\/product\/microbebio-green-fury\/#primaryimage"},"image":{"@id":"https:\/\/www.microbebio.com\/spanish-microbe-fertilizer\/product\/microbebio-green-fury\/#primaryimage"},"thumbnailUrl":"https:\/\/www.microbebio.com\/spanish-microbe-fertilizer\/wp-content\/uploads\/2019\/09\/MICROBEBIO-GREENFURY.jpg","datePublished":"2019-08-08T23:24:03+00:00","dateModified":"2026-02-13T05:20:53+00:00","breadcrumb":{"@id":"https:\/\/www.microbebio.com\/spanish-microbe-fertilizer\/product\/microbebio-green-fury\/#breadcrumb"},"inLanguage":"en-US","potentialAction":[{"@type":"ReadAction","target":["https:\/\/www.microbebio.com\/spanish-microbe-fertilizer\/product\/microbebio-green-fury\/"]}]},{"@type":"ImageObject","inLanguage":"en-US","@id":"https:\/\/www.microbebio.com\/spanish-microbe-fertilizer\/product\/microbebio-green-fury\/#primaryimage","url":"https:\/\/www.microbebio.com\/spanish-microbe-fertilizer\/wp-content\/uploads\/2019\/09\/MICROBEBIO-GREENFURY.jpg","contentUrl":"https:\/\/www.microbebio.com\/spanish-microbe-fertilizer\/wp-content\/uploads\/2019\/09\/MICROBEBIO-GREENFURY.jpg","width":300,"height":300},{"@type":"BreadcrumbList","@id":"https:\/\/www.microbebio.com\/spanish-microbe-fertilizer\/product\/microbebio-green-fury\/#breadcrumb","itemListElement":[{"@type":"ListItem","position":1,"name":"Home","item":"https:\/\/www.microbebio.com\/spanish-microbe-fertilizer\/"},{"@type":"ListItem","position":2,"name":"Shop","item":"https:\/\/www.microbebio.com\/spanish-microbe-fertilizer\/shop\/"},{"@type":"ListItem","position":3,"name":"MicrobeBio\u00ae Green Fury\u2122"}]},{"@type":"WebSite","@id":"https:\/\/www.microbebio.com\/spanish-microbe-fertilizer\/#website","url":"https:\/\/www.microbebio.com\/spanish-microbe-fertilizer\/","name":"Microbial fertilizer Organic Fertilizer USA","description":"Microbes Fertilizer Nature Phenomenon","potentialAction":[{"@type":"SearchAction","target":{"@type":"EntryPoint","urlTemplate":"https:\/\/www.microbebio.com\/spanish-microbe-fertilizer\/?s={search_term_string}"},"query-input":{"@type":"PropertyValueSpecification","valueRequired":true,"valueName":"search_term_string"}}],"inLanguage":"en-US"}]}},"_links":{"self":[{"href":"https:\/\/www.microbebio.com\/spanish-microbe-fertilizer\/wp-json\/wp\/v2\/product\/10274","targetHints":{"allow":["GET"]}}],"collection":[{"href":"https:\/\/www.microbebio.com\/spanish-microbe-fertilizer\/wp-json\/wp\/v2\/product"}],"about":[{"href":"https:\/\/www.microbebio.com\/spanish-microbe-fertilizer\/wp-json\/wp\/v2\/types\/product"}],"wp:featuredmedia":[{"embeddable":true,"href":"https:\/\/www.microbebio.com\/spanish-microbe-fertilizer\/wp-json\/wp\/v2\/media\/11843"}],"wp:attachment":[{"href":"https:\/\/www.microbebio.com\/spanish-microbe-fertilizer\/wp-json\/wp\/v2\/media?parent=10274"}],"wp:term":[{"taxonomy":"product_brand","embeddable":true,"href":"https:\/\/www.microbebio.com\/spanish-microbe-fertilizer\/wp-json\/wp\/v2\/product_brand?post=10274"},{"taxonomy":"product_cat","embeddable":true,"href":"https:\/\/www.microbebio.com\/spanish-microbe-fertilizer\/wp-json\/wp\/v2\/product_cat?post=10274"},{"taxonomy":"product_tag","embeddable":true,"href":"https:\/\/www.microbebio.com\/spanish-microbe-fertilizer\/wp-json\/wp\/v2\/product_tag?post=10274"}],"curies":[{"name":"wp","href":"https:\/\/api.w.org\/{rel}","templated":true}]}}