{"id":10471,"date":"2019-08-13T09:06:09","date_gmt":"2019-08-13T16:06:09","guid":{"rendered":"https:\/\/www.microbebio.com\/spanish-microbe-fertilizer\/?post_type=product&#038;p=10471"},"modified":"2025-07-29T14:45:51","modified_gmt":"2025-07-29T21:45:51","slug":"microbebio-vigor-guard","status":"publish","type":"product","link":"https:\/\/www.microbebio.com\/spanish-microbe-fertilizer\/product\/microbebio-vigor-guard\/","title":{"rendered":"Microbebio\u00ae Vigor Guard\u2122"},"content":{"rendered":"","protected":false},"excerpt":{"rendered":"<p data-start=\"0\" data-end=\"612\"><span style=\"color: #000000;\"><strong data-start=\"0\" data-end=\"27\">MicrobeBio\u00ae Vigor Guard<\/strong> consiste en una uni\u00f3n sin\u00e9rgica de microbios probi\u00f3ticos naturales del suelo, materia org\u00e1nica y macro\/micronutrientes, los cuales se entregan en una forma que est\u00e1 f\u00e1cilmente disponible para las plantas, logrando resultados inmediatos dise\u00f1ados para un crecimiento superior. Mejora la estructura del suelo, retiene la humedad del suelo, maximiza el crecimiento de las ra\u00edces, cicla los nutrientes de manera m\u00e1s eficiente y mejora la absorci\u00f3n de nutrientes por las plantas. Adem\u00e1s, fomenta una floraci\u00f3n temprana, un mayor cuajado de frutos, flores m\u00e1s grandes y frutos m\u00e1s grandes.<\/span><\/p>\n<p data-start=\"614\" data-end=\"933\"><span style=\"color: #000000;\">Este producto trabaja para aumentar la tolerancia de las plantas al estr\u00e9s f\u00edsico y biol\u00f3gico, mientras promueve una r\u00e1pida recuperaci\u00f3n y elimina cualquier sitio pat\u00f3geno existente cubriendo toda la superficie del sistema radicular de la planta para inhibir el crecimiento de hongos pat\u00f3genos da\u00f1inos para las plantas.<\/span><\/p>\n<h3 data-start=\"935\" data-end=\"954\"><span style=\"color: #000000;\"><strong data-start=\"939\" data-end=\"954\">Beneficios:<\/strong><\/span><\/h3>\n<ul data-start=\"956\" data-end=\"1226\" data-is-last-node=\"\" data-is-only-node=\"\">\n<li data-start=\"956\" data-end=\"1047\">\n<p data-start=\"958\" data-end=\"1047\"><span style=\"color: #000000;\"><strong data-start=\"958\" data-end=\"1047\">Aumenta la masa radicular y protege la superficie de las ra\u00edces de pat\u00f3genos da\u00f1inos.<\/strong><\/span><\/p>\n<\/li>\n<li data-start=\"1048\" data-end=\"1088\">\n<p data-start=\"1050\" data-end=\"1088\"><span style=\"color: #000000;\"><strong data-start=\"1050\" data-end=\"1088\">Mejora el proceso de fotos\u00edntesis.<\/strong><\/span><\/p>\n<\/li>\n<li data-start=\"1089\" data-end=\"1143\">\n<p data-start=\"1091\" data-end=\"1143\"><span style=\"color: #000000;\"><strong data-start=\"1091\" data-end=\"1143\">Mejora la absorci\u00f3n y asimilaci\u00f3n de nutrientes.<\/strong><\/span><\/p>\n<\/li>\n<li data-start=\"1144\" data-end=\"1174\">\n<p data-start=\"1146\" data-end=\"1174\"><span style=\"color: #000000;\"><strong data-start=\"1146\" data-end=\"1174\">Maximiza el rendimiento.<\/strong><\/span><\/p>\n<\/li>\n<li data-start=\"1175\" data-end=\"1226\" data-is-last-node=\"\">\n<p data-start=\"1177\" data-end=\"1226\" data-is-last-node=\"\"><span style=\"color: #000000;\"><strong data-start=\"1177\" data-end=\"1226\" data-is-last-node=\"\">Mejora la calidad y vitalidad de las plantas.<\/strong><\/span><\/p>\n<\/li>\n<\/ul>\n","protected":false},"featured_media":11882,"template":"","meta":{"ngg_post_thumbnail":0},"product_brand":[],"product_cat":[166],"product_tag":[],"class_list":{"0":"post-10471","1":"product","2":"type-product","3":"status-publish","4":"has-post-thumbnail","6":"product_cat-probiotic-soil-amendment","8":"first","9":"instock","10":"shipping-taxable","11":"product-type-simple"},"yoast_head":"<!-- This site is optimized with the Yoast SEO plugin v27.4 - https:\/\/yoast.com\/product\/yoast-seo-wordpress\/ -->\n<title>Microbebio\u00ae Vigor Guard\u2122 - Microbial fertilizer Organic Fertilizer USA<\/title>\n<meta name=\"robots\" content=\"index, follow, max-snippet:-1, max-image-preview:large, max-video-preview:-1\" \/>\n<link rel=\"canonical\" href=\"https:\/\/www.microbebio.com\/spanish-microbe-fertilizer\/product\/microbebio-vigor-guard\/\" \/>\n<meta property=\"og:locale\" content=\"en_US\" \/>\n<meta property=\"og:type\" content=\"article\" \/>\n<meta property=\"og:title\" content=\"Microbebio\u00ae Vigor Guard\u2122 - Microbial fertilizer Organic Fertilizer USA\" \/>\n<meta property=\"og:description\" content=\"MicrobeBio\u00ae Vigor Guard consiste en una uni\u00f3n sin\u00e9rgica de microbios probi\u00f3ticos naturales del suelo, materia org\u00e1nica y macro\/micronutrientes, los cuales se entregan en una forma que est\u00e1 f\u00e1cilmente disponible para las plantas, logrando resultados inmediatos dise\u00f1ados para un crecimiento superior. Mejora la estructura del suelo, retiene la humedad del suelo, maximiza el crecimiento de las ra\u00edces, cicla los nutrientes de manera m\u00e1s eficiente y mejora la absorci\u00f3n de nutrientes por las plantas. Adem\u00e1s, fomenta una floraci\u00f3n temprana, un mayor cuajado de frutos, flores m\u00e1s grandes y frutos m\u00e1s grandes. Este producto trabaja para aumentar la tolerancia de las plantas al estr\u00e9s f\u00edsico y biol\u00f3gico, mientras promueve una r\u00e1pida recuperaci\u00f3n y elimina cualquier sitio pat\u00f3geno existente cubriendo toda la superficie del sistema radicular de la planta para inhibir el crecimiento de hongos pat\u00f3genos da\u00f1inos para las plantas.  Beneficios:    Aumenta la masa radicular y protege la superficie de las ra\u00edces de pat\u00f3genos da\u00f1inos.    Mejora el proceso de fotos\u00edntesis.    Mejora la absorci\u00f3n y asimilaci\u00f3n de nutrientes.    Maximiza el rendimiento.    Mejora la calidad y vitalidad de las plantas.\" \/>\n<meta property=\"og:url\" content=\"https:\/\/www.microbebio.com\/spanish-microbe-fertilizer\/product\/microbebio-vigor-guard\/\" \/>\n<meta property=\"og:site_name\" content=\"Microbial fertilizer Organic Fertilizer USA\" \/>\n<meta property=\"article:modified_time\" content=\"2025-07-29T21:45:51+00:00\" \/>\n<meta property=\"og:image\" content=\"https:\/\/www.microbebio.com\/spanish-microbe-fertilizer\/wp-content\/uploads\/2019\/09\/MICROBEBIO-VIGORGUARD1.jpg\" \/>\n\t<meta property=\"og:image:width\" content=\"300\" \/>\n\t<meta property=\"og:image:height\" content=\"300\" \/>\n\t<meta property=\"og:image:type\" content=\"image\/jpeg\" \/>\n<meta name=\"twitter:card\" content=\"summary_large_image\" \/>\n<meta name=\"twitter:label1\" content=\"Est. reading time\" \/>\n\t<meta name=\"twitter:data1\" content=\"1 minute\" \/>\n<script type=\"application\/ld+json\" class=\"yoast-schema-graph\">{\"@context\":\"https:\\\/\\\/schema.org\",\"@graph\":[{\"@type\":\"WebPage\",\"@id\":\"https:\\\/\\\/www.microbebio.com\\\/spanish-microbe-fertilizer\\\/product\\\/microbebio-vigor-guard\\\/\",\"url\":\"https:\\\/\\\/www.microbebio.com\\\/spanish-microbe-fertilizer\\\/product\\\/microbebio-vigor-guard\\\/\",\"name\":\"Microbebio\u00ae Vigor Guard\u2122 - Microbial fertilizer Organic Fertilizer USA\",\"isPartOf\":{\"@id\":\"https:\\\/\\\/www.microbebio.com\\\/spanish-microbe-fertilizer\\\/#website\"},\"primaryImageOfPage\":{\"@id\":\"https:\\\/\\\/www.microbebio.com\\\/spanish-microbe-fertilizer\\\/product\\\/microbebio-vigor-guard\\\/#primaryimage\"},\"image\":{\"@id\":\"https:\\\/\\\/www.microbebio.com\\\/spanish-microbe-fertilizer\\\/product\\\/microbebio-vigor-guard\\\/#primaryimage\"},\"thumbnailUrl\":\"https:\\\/\\\/www.microbebio.com\\\/spanish-microbe-fertilizer\\\/wp-content\\\/uploads\\\/2019\\\/09\\\/MICROBEBIO-VIGORGUARD1.jpg\",\"datePublished\":\"2019-08-13T16:06:09+00:00\",\"dateModified\":\"2025-07-29T21:45:51+00:00\",\"breadcrumb\":{\"@id\":\"https:\\\/\\\/www.microbebio.com\\\/spanish-microbe-fertilizer\\\/product\\\/microbebio-vigor-guard\\\/#breadcrumb\"},\"inLanguage\":\"en-US\",\"potentialAction\":[{\"@type\":\"ReadAction\",\"target\":[\"https:\\\/\\\/www.microbebio.com\\\/spanish-microbe-fertilizer\\\/product\\\/microbebio-vigor-guard\\\/\"]}]},{\"@type\":\"ImageObject\",\"inLanguage\":\"en-US\",\"@id\":\"https:\\\/\\\/www.microbebio.com\\\/spanish-microbe-fertilizer\\\/product\\\/microbebio-vigor-guard\\\/#primaryimage\",\"url\":\"https:\\\/\\\/www.microbebio.com\\\/spanish-microbe-fertilizer\\\/wp-content\\\/uploads\\\/2019\\\/09\\\/MICROBEBIO-VIGORGUARD1.jpg\",\"contentUrl\":\"https:\\\/\\\/www.microbebio.com\\\/spanish-microbe-fertilizer\\\/wp-content\\\/uploads\\\/2019\\\/09\\\/MICROBEBIO-VIGORGUARD1.jpg\",\"width\":300,\"height\":300},{\"@type\":\"BreadcrumbList\",\"@id\":\"https:\\\/\\\/www.microbebio.com\\\/spanish-microbe-fertilizer\\\/product\\\/microbebio-vigor-guard\\\/#breadcrumb\",\"itemListElement\":[{\"@type\":\"ListItem\",\"position\":1,\"name\":\"Home\",\"item\":\"https:\\\/\\\/www.microbebio.com\\\/spanish-microbe-fertilizer\\\/\"},{\"@type\":\"ListItem\",\"position\":2,\"name\":\"Shop\",\"item\":\"https:\\\/\\\/www.microbebio.com\\\/spanish-microbe-fertilizer\\\/shop\\\/\"},{\"@type\":\"ListItem\",\"position\":3,\"name\":\"Microbebio\u00ae Vigor Guard\u2122\"}]},{\"@type\":\"WebSite\",\"@id\":\"https:\\\/\\\/www.microbebio.com\\\/spanish-microbe-fertilizer\\\/#website\",\"url\":\"https:\\\/\\\/www.microbebio.com\\\/spanish-microbe-fertilizer\\\/\",\"name\":\"Microbial fertilizer Organic Fertilizer USA\",\"description\":\"Microbes Fertilizer Nature Phenomenon\",\"potentialAction\":[{\"@type\":\"SearchAction\",\"target\":{\"@type\":\"EntryPoint\",\"urlTemplate\":\"https:\\\/\\\/www.microbebio.com\\\/spanish-microbe-fertilizer\\\/?s={search_term_string}\"},\"query-input\":{\"@type\":\"PropertyValueSpecification\",\"valueRequired\":true,\"valueName\":\"search_term_string\"}}],\"inLanguage\":\"en-US\"}]}<\/script>\n<!-- \/ Yoast SEO plugin. -->","yoast_head_json":{"title":"Microbebio\u00ae Vigor Guard\u2122 - Microbial fertilizer Organic Fertilizer USA","robots":{"index":"index","follow":"follow","max-snippet":"max-snippet:-1","max-image-preview":"max-image-preview:large","max-video-preview":"max-video-preview:-1"},"canonical":"https:\/\/www.microbebio.com\/spanish-microbe-fertilizer\/product\/microbebio-vigor-guard\/","og_locale":"en_US","og_type":"article","og_title":"Microbebio\u00ae Vigor Guard\u2122 - Microbial fertilizer Organic Fertilizer USA","og_description":"MicrobeBio\u00ae Vigor Guard consiste en una uni\u00f3n sin\u00e9rgica de microbios probi\u00f3ticos naturales del suelo, materia org\u00e1nica y macro\/micronutrientes, los cuales se entregan en una forma que est\u00e1 f\u00e1cilmente disponible para las plantas, logrando resultados inmediatos dise\u00f1ados para un crecimiento superior. Mejora la estructura del suelo, retiene la humedad del suelo, maximiza el crecimiento de las ra\u00edces, cicla los nutrientes de manera m\u00e1s eficiente y mejora la absorci\u00f3n de nutrientes por las plantas. Adem\u00e1s, fomenta una floraci\u00f3n temprana, un mayor cuajado de frutos, flores m\u00e1s grandes y frutos m\u00e1s grandes. Este producto trabaja para aumentar la tolerancia de las plantas al estr\u00e9s f\u00edsico y biol\u00f3gico, mientras promueve una r\u00e1pida recuperaci\u00f3n y elimina cualquier sitio pat\u00f3geno existente cubriendo toda la superficie del sistema radicular de la planta para inhibir el crecimiento de hongos pat\u00f3genos da\u00f1inos para las plantas.  Beneficios:    Aumenta la masa radicular y protege la superficie de las ra\u00edces de pat\u00f3genos da\u00f1inos.    Mejora el proceso de fotos\u00edntesis.    Mejora la absorci\u00f3n y asimilaci\u00f3n de nutrientes.    Maximiza el rendimiento.    Mejora la calidad y vitalidad de las plantas.","og_url":"https:\/\/www.microbebio.com\/spanish-microbe-fertilizer\/product\/microbebio-vigor-guard\/","og_site_name":"Microbial fertilizer Organic Fertilizer USA","article_modified_time":"2025-07-29T21:45:51+00:00","og_image":[{"width":300,"height":300,"url":"https:\/\/www.microbebio.com\/spanish-microbe-fertilizer\/wp-content\/uploads\/2019\/09\/MICROBEBIO-VIGORGUARD1.jpg","type":"image\/jpeg"}],"twitter_card":"summary_large_image","twitter_misc":{"Est. reading time":"1 minute"},"schema":{"@context":"https:\/\/schema.org","@graph":[{"@type":"WebPage","@id":"https:\/\/www.microbebio.com\/spanish-microbe-fertilizer\/product\/microbebio-vigor-guard\/","url":"https:\/\/www.microbebio.com\/spanish-microbe-fertilizer\/product\/microbebio-vigor-guard\/","name":"Microbebio\u00ae Vigor Guard\u2122 - Microbial fertilizer Organic Fertilizer USA","isPartOf":{"@id":"https:\/\/www.microbebio.com\/spanish-microbe-fertilizer\/#website"},"primaryImageOfPage":{"@id":"https:\/\/www.microbebio.com\/spanish-microbe-fertilizer\/product\/microbebio-vigor-guard\/#primaryimage"},"image":{"@id":"https:\/\/www.microbebio.com\/spanish-microbe-fertilizer\/product\/microbebio-vigor-guard\/#primaryimage"},"thumbnailUrl":"https:\/\/www.microbebio.com\/spanish-microbe-fertilizer\/wp-content\/uploads\/2019\/09\/MICROBEBIO-VIGORGUARD1.jpg","datePublished":"2019-08-13T16:06:09+00:00","dateModified":"2025-07-29T21:45:51+00:00","breadcrumb":{"@id":"https:\/\/www.microbebio.com\/spanish-microbe-fertilizer\/product\/microbebio-vigor-guard\/#breadcrumb"},"inLanguage":"en-US","potentialAction":[{"@type":"ReadAction","target":["https:\/\/www.microbebio.com\/spanish-microbe-fertilizer\/product\/microbebio-vigor-guard\/"]}]},{"@type":"ImageObject","inLanguage":"en-US","@id":"https:\/\/www.microbebio.com\/spanish-microbe-fertilizer\/product\/microbebio-vigor-guard\/#primaryimage","url":"https:\/\/www.microbebio.com\/spanish-microbe-fertilizer\/wp-content\/uploads\/2019\/09\/MICROBEBIO-VIGORGUARD1.jpg","contentUrl":"https:\/\/www.microbebio.com\/spanish-microbe-fertilizer\/wp-content\/uploads\/2019\/09\/MICROBEBIO-VIGORGUARD1.jpg","width":300,"height":300},{"@type":"BreadcrumbList","@id":"https:\/\/www.microbebio.com\/spanish-microbe-fertilizer\/product\/microbebio-vigor-guard\/#breadcrumb","itemListElement":[{"@type":"ListItem","position":1,"name":"Home","item":"https:\/\/www.microbebio.com\/spanish-microbe-fertilizer\/"},{"@type":"ListItem","position":2,"name":"Shop","item":"https:\/\/www.microbebio.com\/spanish-microbe-fertilizer\/shop\/"},{"@type":"ListItem","position":3,"name":"Microbebio\u00ae Vigor Guard\u2122"}]},{"@type":"WebSite","@id":"https:\/\/www.microbebio.com\/spanish-microbe-fertilizer\/#website","url":"https:\/\/www.microbebio.com\/spanish-microbe-fertilizer\/","name":"Microbial fertilizer Organic Fertilizer USA","description":"Microbes Fertilizer Nature Phenomenon","potentialAction":[{"@type":"SearchAction","target":{"@type":"EntryPoint","urlTemplate":"https:\/\/www.microbebio.com\/spanish-microbe-fertilizer\/?s={search_term_string}"},"query-input":{"@type":"PropertyValueSpecification","valueRequired":true,"valueName":"search_term_string"}}],"inLanguage":"en-US"}]}},"_links":{"self":[{"href":"https:\/\/www.microbebio.com\/spanish-microbe-fertilizer\/wp-json\/wp\/v2\/product\/10471","targetHints":{"allow":["GET"]}}],"collection":[{"href":"https:\/\/www.microbebio.com\/spanish-microbe-fertilizer\/wp-json\/wp\/v2\/product"}],"about":[{"href":"https:\/\/www.microbebio.com\/spanish-microbe-fertilizer\/wp-json\/wp\/v2\/types\/product"}],"wp:featuredmedia":[{"embeddable":true,"href":"https:\/\/www.microbebio.com\/spanish-microbe-fertilizer\/wp-json\/wp\/v2\/media\/11882"}],"wp:attachment":[{"href":"https:\/\/www.microbebio.com\/spanish-microbe-fertilizer\/wp-json\/wp\/v2\/media?parent=10471"}],"wp:term":[{"taxonomy":"product_brand","embeddable":true,"href":"https:\/\/www.microbebio.com\/spanish-microbe-fertilizer\/wp-json\/wp\/v2\/product_brand?post=10471"},{"taxonomy":"product_cat","embeddable":true,"href":"https:\/\/www.microbebio.com\/spanish-microbe-fertilizer\/wp-json\/wp\/v2\/product_cat?post=10471"},{"taxonomy":"product_tag","embeddable":true,"href":"https:\/\/www.microbebio.com\/spanish-microbe-fertilizer\/wp-json\/wp\/v2\/product_tag?post=10471"}],"curies":[{"name":"wp","href":"https:\/\/api.w.org\/{rel}","templated":true}]}}