{"id":10473,"date":"2019-08-13T09:11:06","date_gmt":"2019-08-13T16:11:06","guid":{"rendered":"https:\/\/www.microbebio.com\/spanish-microbe-fertilizer\/?post_type=product&#038;p=10473"},"modified":"2025-07-29T14:46:33","modified_gmt":"2025-07-29T21:46:33","slug":"microbebio-vigor-shield","status":"publish","type":"product","link":"https:\/\/www.microbebio.com\/spanish-microbe-fertilizer\/product\/microbebio-vigor-shield\/","title":{"rendered":"Microbebio\u00ae Vigor Shield\u2122"},"content":{"rendered":"","protected":false},"excerpt":{"rendered":"<p data-start=\"0\" data-end=\"422\"><span style=\"color: #000000;\"><strong data-start=\"0\" data-end=\"28\">MicrobeBio\u00ae Vigor Shield<\/strong> consiste en un consorcio sin\u00e9rgico de microbios naturales del suelo y materia org\u00e1nica dise\u00f1ado para mejorar pr\u00e1cticamente todos los tipos de cultivos, condiciones del suelo y climas. Ayuda a construir y respaldar el sistema inmunol\u00f3gico natural de las plantas para protegerlas de los nematodos que afectan el rendimiento; promoviendo as\u00ed ra\u00edces m\u00e1s fuertes, saludables y mayores rendimientos.<\/span><\/p>\n<p data-start=\"424\" data-end=\"1111\"><span style=\"color: #000000;\">Cuando se incorpora al suelo, <strong data-start=\"454\" data-end=\"470\">Vigor Shield<\/strong> comienza a colonizar la zona radicular, formando una relaci\u00f3n simbi\u00f3tica con la planta, lo que incrementa la capacidad de absorci\u00f3n de agua y nutrientes. Este producto proporciona tanto macronutrientes como micronutrientes en una forma f\u00e1cilmente disponible para las plantas, ofreciendo resultados inmediatos. Adem\u00e1s, brinda las fuentes de alimento necesarias para estimular la colonizaci\u00f3n de microbios beneficiosos en la zona radicular, protegiendo la planta contra pat\u00f3genos da\u00f1inos, incluidos los nematodos pat\u00f3genos. Esta protecci\u00f3n permite que las ra\u00edces crezcan libremente y promueve el desarrollo de un sistema radicular saludable.<\/span><\/p>\n<p data-start=\"1113\" data-end=\"1655\"><span style=\"color: #000000;\"><strong data-start=\"1113\" data-end=\"1129\">Vigor Shield<\/strong> tambi\u00e9n favorece la reproducci\u00f3n de nematodos beneficiosos y microorganismos fijadores de f\u00f3sforo y nitr\u00f3geno, lo que permite la absorci\u00f3n de m\u00e1s nutrientes por un sistema radicular saludable y desarrollado, estimulando un crecimiento significativo de la planta. Como resultado, <strong data-start=\"1409\" data-end=\"1425\">Vigor Shield<\/strong> mejora la tolerancia a la sequ\u00eda, reduce los requisitos de riego, aumenta la producci\u00f3n de semillas y frutos, estimula flores m\u00e1s grandes, mejora la absorci\u00f3n de nutrientes, el desarrollo de las ra\u00edces y la s\u00edntesis de clorofila.<\/span><\/p>\n<h3 data-start=\"1657\" data-end=\"1676\"><span style=\"color: #000000;\"><strong data-start=\"1661\" data-end=\"1676\">Beneficios:<\/strong><\/span><\/h3>\n<ul data-start=\"1678\" data-end=\"2175\" data-is-last-node=\"\" data-is-only-node=\"\">\n<li data-start=\"1678\" data-end=\"1729\">\n<p data-start=\"1680\" data-end=\"1729\"><span style=\"color: #000000;\"><strong data-start=\"1680\" data-end=\"1729\">Capacidad para disolver minerales insolubles.<\/strong><\/span><\/p>\n<\/li>\n<li data-start=\"1730\" data-end=\"1761\">\n<p data-start=\"1732\" data-end=\"1761\"><span style=\"color: #000000;\"><strong data-start=\"1732\" data-end=\"1761\">Maximiza la fotos\u00edntesis.<\/strong><\/span><\/p>\n<\/li>\n<li data-start=\"1762\" data-end=\"1820\">\n<p data-start=\"1764\" data-end=\"1820\"><span style=\"color: #000000;\"><strong data-start=\"1764\" data-end=\"1820\">Promueve el aumento del rendimiento de los cultivos.<\/strong><\/span><\/p>\n<\/li>\n<li data-start=\"1821\" data-end=\"1871\">\n<p data-start=\"1823\" data-end=\"1871\"><span style=\"color: #000000;\"><strong data-start=\"1823\" data-end=\"1871\">Beneficia la vitalidad general de la planta.<\/strong><\/span><\/p>\n<\/li>\n<li data-start=\"1872\" data-end=\"1962\">\n<p data-start=\"1874\" data-end=\"1962\"><span style=\"color: #000000;\"><strong data-start=\"1874\" data-end=\"1962\">Mejora el ambiente del suelo para el crecimiento biol\u00f3gico aer\u00f3bico y la diversidad.<\/strong><\/span><\/p>\n<\/li>\n<li data-start=\"1963\" data-end=\"2010\">\n<p data-start=\"1965\" data-end=\"2010\"><span style=\"color: #000000;\"><strong data-start=\"1965\" data-end=\"2010\">Aumenta la eficiencia en el uso del agua.<\/strong><\/span><\/p>\n<\/li>\n<li data-start=\"2011\" data-end=\"2097\">\n<p data-start=\"2013\" data-end=\"2097\"><span style=\"color: #000000;\"><strong data-start=\"2013\" data-end=\"2097\">Incrementa la disponibilidad de nutrientes en todos los niveles de pH del suelo.<\/strong><\/span><\/p>\n<\/li>\n<li data-start=\"2098\" data-end=\"2175\" data-is-last-node=\"\">\n<p data-start=\"2100\" data-end=\"2175\" data-is-last-node=\"\"><span style=\"color: #000000;\"><strong data-start=\"2100\" data-end=\"2175\" data-is-last-node=\"\">Inhibe los pat\u00f3genos de las plantas, incluidos los nematodos pat\u00f3genos.<\/strong><\/span><\/p>\n<\/li>\n<\/ul>\n","protected":false},"featured_media":11849,"template":"","meta":{"ngg_post_thumbnail":0},"product_brand":[],"product_cat":[166],"product_tag":[],"class_list":{"0":"post-10473","1":"product","2":"type-product","3":"status-publish","4":"has-post-thumbnail","6":"product_cat-probiotic-soil-amendment","8":"first","9":"instock","10":"shipping-taxable","11":"product-type-simple"},"yoast_head":"<!-- This site is optimized with the Yoast SEO plugin v27.4 - https:\/\/yoast.com\/product\/yoast-seo-wordpress\/ -->\n<title>Microbebio\u00ae Vigor Shield\u2122 - Microbial fertilizer Organic Fertilizer USA<\/title>\n<meta name=\"robots\" content=\"index, follow, max-snippet:-1, max-image-preview:large, max-video-preview:-1\" \/>\n<link rel=\"canonical\" href=\"https:\/\/www.microbebio.com\/spanish-microbe-fertilizer\/product\/microbebio-vigor-shield\/\" \/>\n<meta property=\"og:locale\" content=\"en_US\" \/>\n<meta property=\"og:type\" content=\"article\" \/>\n<meta property=\"og:title\" content=\"Microbebio\u00ae Vigor Shield\u2122 - Microbial fertilizer Organic Fertilizer USA\" \/>\n<meta property=\"og:description\" content=\"MicrobeBio\u00ae Vigor Shield consiste en un consorcio sin\u00e9rgico de microbios naturales del suelo y materia org\u00e1nica dise\u00f1ado para mejorar pr\u00e1cticamente todos los tipos de cultivos, condiciones del suelo y climas. Ayuda a construir y respaldar el sistema inmunol\u00f3gico natural de las plantas para protegerlas de los nematodos que afectan el rendimiento; promoviendo as\u00ed ra\u00edces m\u00e1s fuertes, saludables y mayores rendimientos. Cuando se incorpora al suelo, Vigor Shield comienza a colonizar la zona radicular, formando una relaci\u00f3n simbi\u00f3tica con la planta, lo que incrementa la capacidad de absorci\u00f3n de agua y nutrientes. Este producto proporciona tanto macronutrientes como micronutrientes en una forma f\u00e1cilmente disponible para las plantas, ofreciendo resultados inmediatos. Adem\u00e1s, brinda las fuentes de alimento necesarias para estimular la colonizaci\u00f3n de microbios beneficiosos en la zona radicular, protegiendo la planta contra pat\u00f3genos da\u00f1inos, incluidos los nematodos pat\u00f3genos. Esta protecci\u00f3n permite que las ra\u00edces crezcan libremente y promueve el desarrollo de un sistema radicular saludable. Vigor Shield tambi\u00e9n favorece la reproducci\u00f3n de nematodos beneficiosos y microorganismos fijadores de f\u00f3sforo y nitr\u00f3geno, lo que permite la absorci\u00f3n de m\u00e1s nutrientes por un sistema radicular saludable y desarrollado, estimulando un crecimiento significativo de la planta. Como resultado, Vigor Shield mejora la tolerancia a la sequ\u00eda, reduce los requisitos de riego, aumenta la producci\u00f3n de semillas y frutos, estimula flores m\u00e1s grandes, mejora la absorci\u00f3n de nutrientes, el desarrollo de las ra\u00edces y la s\u00edntesis de clorofila.  Beneficios:    Capacidad para disolver minerales insolubles.    Maximiza la fotos\u00edntesis.    Promueve el aumento del rendimiento de los cultivos.    Beneficia la vitalidad general de la planta.    Mejora el ambiente del suelo para el crecimiento biol\u00f3gico aer\u00f3bico y la diversidad.    Aumenta la eficiencia en el uso del agua.    Incrementa la disponibilidad de nutrientes en todos los niveles de pH del suelo.    Inhibe los pat\u00f3genos de las plantas, incluidos los nematodos pat\u00f3genos.\" \/>\n<meta property=\"og:url\" content=\"https:\/\/www.microbebio.com\/spanish-microbe-fertilizer\/product\/microbebio-vigor-shield\/\" \/>\n<meta property=\"og:site_name\" content=\"Microbial fertilizer Organic Fertilizer USA\" \/>\n<meta property=\"article:modified_time\" content=\"2025-07-29T21:46:33+00:00\" \/>\n<meta property=\"og:image\" content=\"https:\/\/www.microbebio.com\/spanish-microbe-fertilizer\/wp-content\/uploads\/2019\/09\/MICROBEBIO-VIGORSHEILD.jpg\" \/>\n\t<meta property=\"og:image:width\" content=\"300\" \/>\n\t<meta property=\"og:image:height\" content=\"300\" \/>\n\t<meta property=\"og:image:type\" content=\"image\/jpeg\" \/>\n<meta name=\"twitter:card\" content=\"summary_large_image\" \/>\n<meta name=\"twitter:label1\" content=\"Est. reading time\" \/>\n\t<meta name=\"twitter:data1\" content=\"1 minute\" \/>\n<script type=\"application\/ld+json\" class=\"yoast-schema-graph\">{\"@context\":\"https:\\\/\\\/schema.org\",\"@graph\":[{\"@type\":\"WebPage\",\"@id\":\"https:\\\/\\\/www.microbebio.com\\\/spanish-microbe-fertilizer\\\/product\\\/microbebio-vigor-shield\\\/\",\"url\":\"https:\\\/\\\/www.microbebio.com\\\/spanish-microbe-fertilizer\\\/product\\\/microbebio-vigor-shield\\\/\",\"name\":\"Microbebio\u00ae Vigor Shield\u2122 - Microbial fertilizer Organic Fertilizer USA\",\"isPartOf\":{\"@id\":\"https:\\\/\\\/www.microbebio.com\\\/spanish-microbe-fertilizer\\\/#website\"},\"primaryImageOfPage\":{\"@id\":\"https:\\\/\\\/www.microbebio.com\\\/spanish-microbe-fertilizer\\\/product\\\/microbebio-vigor-shield\\\/#primaryimage\"},\"image\":{\"@id\":\"https:\\\/\\\/www.microbebio.com\\\/spanish-microbe-fertilizer\\\/product\\\/microbebio-vigor-shield\\\/#primaryimage\"},\"thumbnailUrl\":\"https:\\\/\\\/www.microbebio.com\\\/spanish-microbe-fertilizer\\\/wp-content\\\/uploads\\\/2019\\\/09\\\/MICROBEBIO-VIGORSHEILD.jpg\",\"datePublished\":\"2019-08-13T16:11:06+00:00\",\"dateModified\":\"2025-07-29T21:46:33+00:00\",\"breadcrumb\":{\"@id\":\"https:\\\/\\\/www.microbebio.com\\\/spanish-microbe-fertilizer\\\/product\\\/microbebio-vigor-shield\\\/#breadcrumb\"},\"inLanguage\":\"en-US\",\"potentialAction\":[{\"@type\":\"ReadAction\",\"target\":[\"https:\\\/\\\/www.microbebio.com\\\/spanish-microbe-fertilizer\\\/product\\\/microbebio-vigor-shield\\\/\"]}]},{\"@type\":\"ImageObject\",\"inLanguage\":\"en-US\",\"@id\":\"https:\\\/\\\/www.microbebio.com\\\/spanish-microbe-fertilizer\\\/product\\\/microbebio-vigor-shield\\\/#primaryimage\",\"url\":\"https:\\\/\\\/www.microbebio.com\\\/spanish-microbe-fertilizer\\\/wp-content\\\/uploads\\\/2019\\\/09\\\/MICROBEBIO-VIGORSHEILD.jpg\",\"contentUrl\":\"https:\\\/\\\/www.microbebio.com\\\/spanish-microbe-fertilizer\\\/wp-content\\\/uploads\\\/2019\\\/09\\\/MICROBEBIO-VIGORSHEILD.jpg\",\"width\":300,\"height\":300},{\"@type\":\"BreadcrumbList\",\"@id\":\"https:\\\/\\\/www.microbebio.com\\\/spanish-microbe-fertilizer\\\/product\\\/microbebio-vigor-shield\\\/#breadcrumb\",\"itemListElement\":[{\"@type\":\"ListItem\",\"position\":1,\"name\":\"Home\",\"item\":\"https:\\\/\\\/www.microbebio.com\\\/spanish-microbe-fertilizer\\\/\"},{\"@type\":\"ListItem\",\"position\":2,\"name\":\"Shop\",\"item\":\"https:\\\/\\\/www.microbebio.com\\\/spanish-microbe-fertilizer\\\/shop\\\/\"},{\"@type\":\"ListItem\",\"position\":3,\"name\":\"Microbebio\u00ae Vigor Shield\u2122\"}]},{\"@type\":\"WebSite\",\"@id\":\"https:\\\/\\\/www.microbebio.com\\\/spanish-microbe-fertilizer\\\/#website\",\"url\":\"https:\\\/\\\/www.microbebio.com\\\/spanish-microbe-fertilizer\\\/\",\"name\":\"Microbial fertilizer Organic Fertilizer USA\",\"description\":\"Microbes Fertilizer Nature Phenomenon\",\"potentialAction\":[{\"@type\":\"SearchAction\",\"target\":{\"@type\":\"EntryPoint\",\"urlTemplate\":\"https:\\\/\\\/www.microbebio.com\\\/spanish-microbe-fertilizer\\\/?s={search_term_string}\"},\"query-input\":{\"@type\":\"PropertyValueSpecification\",\"valueRequired\":true,\"valueName\":\"search_term_string\"}}],\"inLanguage\":\"en-US\"}]}<\/script>\n<!-- \/ Yoast SEO plugin. -->","yoast_head_json":{"title":"Microbebio\u00ae Vigor Shield\u2122 - Microbial fertilizer Organic Fertilizer USA","robots":{"index":"index","follow":"follow","max-snippet":"max-snippet:-1","max-image-preview":"max-image-preview:large","max-video-preview":"max-video-preview:-1"},"canonical":"https:\/\/www.microbebio.com\/spanish-microbe-fertilizer\/product\/microbebio-vigor-shield\/","og_locale":"en_US","og_type":"article","og_title":"Microbebio\u00ae Vigor Shield\u2122 - Microbial fertilizer Organic Fertilizer USA","og_description":"MicrobeBio\u00ae Vigor Shield consiste en un consorcio sin\u00e9rgico de microbios naturales del suelo y materia org\u00e1nica dise\u00f1ado para mejorar pr\u00e1cticamente todos los tipos de cultivos, condiciones del suelo y climas. Ayuda a construir y respaldar el sistema inmunol\u00f3gico natural de las plantas para protegerlas de los nematodos que afectan el rendimiento; promoviendo as\u00ed ra\u00edces m\u00e1s fuertes, saludables y mayores rendimientos. Cuando se incorpora al suelo, Vigor Shield comienza a colonizar la zona radicular, formando una relaci\u00f3n simbi\u00f3tica con la planta, lo que incrementa la capacidad de absorci\u00f3n de agua y nutrientes. Este producto proporciona tanto macronutrientes como micronutrientes en una forma f\u00e1cilmente disponible para las plantas, ofreciendo resultados inmediatos. Adem\u00e1s, brinda las fuentes de alimento necesarias para estimular la colonizaci\u00f3n de microbios beneficiosos en la zona radicular, protegiendo la planta contra pat\u00f3genos da\u00f1inos, incluidos los nematodos pat\u00f3genos. Esta protecci\u00f3n permite que las ra\u00edces crezcan libremente y promueve el desarrollo de un sistema radicular saludable. Vigor Shield tambi\u00e9n favorece la reproducci\u00f3n de nematodos beneficiosos y microorganismos fijadores de f\u00f3sforo y nitr\u00f3geno, lo que permite la absorci\u00f3n de m\u00e1s nutrientes por un sistema radicular saludable y desarrollado, estimulando un crecimiento significativo de la planta. Como resultado, Vigor Shield mejora la tolerancia a la sequ\u00eda, reduce los requisitos de riego, aumenta la producci\u00f3n de semillas y frutos, estimula flores m\u00e1s grandes, mejora la absorci\u00f3n de nutrientes, el desarrollo de las ra\u00edces y la s\u00edntesis de clorofila.  Beneficios:    Capacidad para disolver minerales insolubles.    Maximiza la fotos\u00edntesis.    Promueve el aumento del rendimiento de los cultivos.    Beneficia la vitalidad general de la planta.    Mejora el ambiente del suelo para el crecimiento biol\u00f3gico aer\u00f3bico y la diversidad.    Aumenta la eficiencia en el uso del agua.    Incrementa la disponibilidad de nutrientes en todos los niveles de pH del suelo.    Inhibe los pat\u00f3genos de las plantas, incluidos los nematodos pat\u00f3genos.","og_url":"https:\/\/www.microbebio.com\/spanish-microbe-fertilizer\/product\/microbebio-vigor-shield\/","og_site_name":"Microbial fertilizer Organic Fertilizer USA","article_modified_time":"2025-07-29T21:46:33+00:00","og_image":[{"width":300,"height":300,"url":"https:\/\/www.microbebio.com\/spanish-microbe-fertilizer\/wp-content\/uploads\/2019\/09\/MICROBEBIO-VIGORSHEILD.jpg","type":"image\/jpeg"}],"twitter_card":"summary_large_image","twitter_misc":{"Est. reading time":"1 minute"},"schema":{"@context":"https:\/\/schema.org","@graph":[{"@type":"WebPage","@id":"https:\/\/www.microbebio.com\/spanish-microbe-fertilizer\/product\/microbebio-vigor-shield\/","url":"https:\/\/www.microbebio.com\/spanish-microbe-fertilizer\/product\/microbebio-vigor-shield\/","name":"Microbebio\u00ae Vigor Shield\u2122 - Microbial fertilizer Organic Fertilizer USA","isPartOf":{"@id":"https:\/\/www.microbebio.com\/spanish-microbe-fertilizer\/#website"},"primaryImageOfPage":{"@id":"https:\/\/www.microbebio.com\/spanish-microbe-fertilizer\/product\/microbebio-vigor-shield\/#primaryimage"},"image":{"@id":"https:\/\/www.microbebio.com\/spanish-microbe-fertilizer\/product\/microbebio-vigor-shield\/#primaryimage"},"thumbnailUrl":"https:\/\/www.microbebio.com\/spanish-microbe-fertilizer\/wp-content\/uploads\/2019\/09\/MICROBEBIO-VIGORSHEILD.jpg","datePublished":"2019-08-13T16:11:06+00:00","dateModified":"2025-07-29T21:46:33+00:00","breadcrumb":{"@id":"https:\/\/www.microbebio.com\/spanish-microbe-fertilizer\/product\/microbebio-vigor-shield\/#breadcrumb"},"inLanguage":"en-US","potentialAction":[{"@type":"ReadAction","target":["https:\/\/www.microbebio.com\/spanish-microbe-fertilizer\/product\/microbebio-vigor-shield\/"]}]},{"@type":"ImageObject","inLanguage":"en-US","@id":"https:\/\/www.microbebio.com\/spanish-microbe-fertilizer\/product\/microbebio-vigor-shield\/#primaryimage","url":"https:\/\/www.microbebio.com\/spanish-microbe-fertilizer\/wp-content\/uploads\/2019\/09\/MICROBEBIO-VIGORSHEILD.jpg","contentUrl":"https:\/\/www.microbebio.com\/spanish-microbe-fertilizer\/wp-content\/uploads\/2019\/09\/MICROBEBIO-VIGORSHEILD.jpg","width":300,"height":300},{"@type":"BreadcrumbList","@id":"https:\/\/www.microbebio.com\/spanish-microbe-fertilizer\/product\/microbebio-vigor-shield\/#breadcrumb","itemListElement":[{"@type":"ListItem","position":1,"name":"Home","item":"https:\/\/www.microbebio.com\/spanish-microbe-fertilizer\/"},{"@type":"ListItem","position":2,"name":"Shop","item":"https:\/\/www.microbebio.com\/spanish-microbe-fertilizer\/shop\/"},{"@type":"ListItem","position":3,"name":"Microbebio\u00ae Vigor Shield\u2122"}]},{"@type":"WebSite","@id":"https:\/\/www.microbebio.com\/spanish-microbe-fertilizer\/#website","url":"https:\/\/www.microbebio.com\/spanish-microbe-fertilizer\/","name":"Microbial fertilizer Organic Fertilizer USA","description":"Microbes Fertilizer Nature Phenomenon","potentialAction":[{"@type":"SearchAction","target":{"@type":"EntryPoint","urlTemplate":"https:\/\/www.microbebio.com\/spanish-microbe-fertilizer\/?s={search_term_string}"},"query-input":{"@type":"PropertyValueSpecification","valueRequired":true,"valueName":"search_term_string"}}],"inLanguage":"en-US"}]}},"_links":{"self":[{"href":"https:\/\/www.microbebio.com\/spanish-microbe-fertilizer\/wp-json\/wp\/v2\/product\/10473","targetHints":{"allow":["GET"]}}],"collection":[{"href":"https:\/\/www.microbebio.com\/spanish-microbe-fertilizer\/wp-json\/wp\/v2\/product"}],"about":[{"href":"https:\/\/www.microbebio.com\/spanish-microbe-fertilizer\/wp-json\/wp\/v2\/types\/product"}],"wp:featuredmedia":[{"embeddable":true,"href":"https:\/\/www.microbebio.com\/spanish-microbe-fertilizer\/wp-json\/wp\/v2\/media\/11849"}],"wp:attachment":[{"href":"https:\/\/www.microbebio.com\/spanish-microbe-fertilizer\/wp-json\/wp\/v2\/media?parent=10473"}],"wp:term":[{"taxonomy":"product_brand","embeddable":true,"href":"https:\/\/www.microbebio.com\/spanish-microbe-fertilizer\/wp-json\/wp\/v2\/product_brand?post=10473"},{"taxonomy":"product_cat","embeddable":true,"href":"https:\/\/www.microbebio.com\/spanish-microbe-fertilizer\/wp-json\/wp\/v2\/product_cat?post=10473"},{"taxonomy":"product_tag","embeddable":true,"href":"https:\/\/www.microbebio.com\/spanish-microbe-fertilizer\/wp-json\/wp\/v2\/product_tag?post=10473"}],"curies":[{"name":"wp","href":"https:\/\/api.w.org\/{rel}","templated":true}]}}