{"id":10475,"date":"2019-08-13T09:15:44","date_gmt":"2019-08-13T16:15:44","guid":{"rendered":"https:\/\/www.microbebio.com\/spanish-microbe-fertilizer\/?post_type=product&#038;p=10475"},"modified":"2026-02-12T22:31:03","modified_gmt":"2026-02-13T05:31:03","slug":"microbebio-nature-venom","status":"publish","type":"product","link":"https:\/\/www.microbebio.com\/spanish-microbe-fertilizer\/product\/microbebio-nature-venom\/","title":{"rendered":"Microbebio\u00ae Nature Venom\u2122"},"content":{"rendered":"<div class=\"wpb-content-wrapper\"><p>[vc_row][vc_column][vc_single_image image=&#8221;18653&#8243; img_size=&#8221;full&#8221; alignment=&#8221;center&#8221; css=&#8221;&#8221;][vc_single_image image=&#8221;18654&#8243; img_size=&#8221;full&#8221; alignment=&#8221;center&#8221; css=&#8221;&#8221;][vc_single_image image=&#8221;18655&#8243; img_size=&#8221;full&#8221; alignment=&#8221;center&#8221; css=&#8221;&#8221;][vc_single_image image=&#8221;18656&#8243; img_size=&#8221;full&#8221; alignment=&#8221;center&#8221; css=&#8221;&#8221;][vc_single_image image=&#8221;18657&#8243; img_size=&#8221;full&#8221; alignment=&#8221;center&#8221; css=&#8221;&#8221;][vc_single_image image=&#8221;18658&#8243; img_size=&#8221;full&#8221; alignment=&#8221;center&#8221; css=&#8221;&#8221;][vc_single_image image=&#8221;18659&#8243; img_size=&#8221;full&#8221; alignment=&#8221;center&#8221; css=&#8221;&#8221;][vc_single_image image=&#8221;18660&#8243; img_size=&#8221;full&#8221; alignment=&#8221;center&#8221; css=&#8221;&#8221;][vc_single_image image=&#8221;18661&#8243; img_size=&#8221;full&#8221; alignment=&#8221;center&#8221; css=&#8221;&#8221;][\/vc_column][\/vc_row][vc_row][vc_column][vc_btn title=&#8221;Download PDF&#8221; color=&#8221;green&#8221; align=&#8221;center&#8221; css=&#8221;&#8221; link=&#8221;url:https%3A%2F%2Fwww.microbebio.com%2Fspanish-microbe-fertilizer%2Fwp-content%2Fuploads%2F2026%2F02%2FMICROBEBIO-NATURE-VENOM-SPANISH-09-29-25.pdf&#8221;][\/vc_column][\/vc_row]<\/p>\n<\/div>","protected":false},"excerpt":{"rendered":"<h3 data-start=\"54\" data-end=\"111\"><span style=\"color: #000000;\">Protecci\u00f3n Org\u00e1nica de Amplio Espectro para Plantas<\/span><\/h3>\n<p data-start=\"112\" data-end=\"641\"><span style=\"color: #000000;\"><strong data-start=\"112\" data-end=\"141\">MicrobeBio\u00ae Nature Venom\u2122<\/strong> es una formulaci\u00f3n bot\u00e1nica avanzada elaborada con extractos vegetales 100% puros, dise\u00f1ada para ayudar a los cultivos a defenderse de manera natural contra plagas y pat\u00f3genos da\u00f1inos. Basado en los principios de la protecci\u00f3n vegetal tradicional, <strong data-start=\"390\" data-end=\"407\">Nature Venom\u2122<\/strong> fortalece la resistencia de las plantas, apoya un crecimiento saludable y reduce el da\u00f1o causado por insectos, hongos, bacterias e incluso virus \u2014 todo mientras sigue siendo seguro para los organismos ben\u00e9ficos y el medio ambiente.<\/span><\/p>\n<h3 data-start=\"648\" data-end=\"670\"><span style=\"color: #000000;\">Beneficios Clave<\/span><\/h3>\n<ul data-start=\"671\" data-end=\"1394\">\n<li data-start=\"671\" data-end=\"820\">\n<p data-start=\"673\" data-end=\"820\"><span style=\"color: #000000;\"><strong data-start=\"673\" data-end=\"702\">Protecci\u00f3n Multiespectral<\/strong> \u2013 Controla una amplia gama de plagas de insectos, larvas y pat\u00f3genos foliares, incluidos hongos, bacterias y virus.<\/span><\/p>\n<\/li>\n<li data-start=\"821\" data-end=\"966\">\n<p data-start=\"823\" data-end=\"966\"><span style=\"color: #000000;\"><strong data-start=\"823\" data-end=\"849\">Preventivo y Proactivo<\/strong> \u2013 Funciona mejor como tratamiento preventivo, desarrollando resiliencia antes de que los brotes se vuelvan graves.<\/span><\/p>\n<\/li>\n<li data-start=\"967\" data-end=\"1132\">\n<p data-start=\"969\" data-end=\"1132\"><span style=\"color: #000000;\"><strong data-start=\"969\" data-end=\"991\">Seguro y Ecol\u00f3gico<\/strong> \u2013 100% org\u00e1nico, libre de qu\u00edmicos y completamente seguro para polinizadores, depredadores ben\u00e9ficos, peces, aves, ganado y seres humanos.<\/span><\/p>\n<\/li>\n<li data-start=\"1133\" data-end=\"1270\">\n<p data-start=\"1135\" data-end=\"1270\"><span style=\"color: #000000;\"><strong data-start=\"1135\" data-end=\"1177\">Refuerza la Resistencia de las Plantas<\/strong> \u2013 Estimula la inmunidad natural de las plantas para combatir el estr\u00e9s y las enfermedades.<\/span><\/p>\n<\/li>\n<li data-start=\"1271\" data-end=\"1394\">\n<p data-start=\"1273\" data-end=\"1394\"><span style=\"color: #000000;\"><strong data-start=\"1273\" data-end=\"1298\">F\u00f3rmula Biodegradable<\/strong> \u2013 Se descompone de manera natural en el suelo y bajo la luz solar sin dejar residuos da\u00f1inos.<\/span><\/p>\n<\/li>\n<\/ul>\n<h3 data-start=\"1401\" data-end=\"1434\"><span style=\"color: #000000;\">Plagas y Pat\u00f3genos Objetivo<\/span><\/h3>\n<p data-start=\"1435\" data-end=\"1506\"><span style=\"color: #000000;\"><strong data-start=\"1435\" data-end=\"1464\">MicrobeBio\u00ae Nature Venom\u2122<\/strong> reduce eficazmente el da\u00f1o causado por:<\/span><\/p>\n<ul data-start=\"1507\" data-end=\"1965\">\n<li data-start=\"1507\" data-end=\"1623\">\n<p data-start=\"1509\" data-end=\"1623\"><span style=\"color: #000000;\"><strong data-start=\"1509\" data-end=\"1541\">Plagas de insectos y larvas:<\/strong> insectos masticadores y chupadores que se alimentan del follaje de las plantas.<\/span><\/p>\n<\/li>\n<li data-start=\"1624\" data-end=\"1727\">\n<p data-start=\"1626\" data-end=\"1727\"><span style=\"color: #000000;\"><strong data-start=\"1626\" data-end=\"1652\">Enfermedades f\u00fangicas:<\/strong> manchas foliares, royas, mildius y otros hongos comunes de los cultivos.<\/span><\/p>\n<\/li>\n<li data-start=\"1728\" data-end=\"1823\">\n<p data-start=\"1730\" data-end=\"1823\"><span style=\"color: #000000;\"><strong data-start=\"1730\" data-end=\"1759\">Enfermedades bacterianas:<\/strong> tizones foliares, estr\u00edas y bacterias que provocan marchitez.<\/span><\/p>\n<\/li>\n<li data-start=\"1824\" data-end=\"1965\">\n<p data-start=\"1826\" data-end=\"1965\"><span style=\"color: #000000;\"><strong data-start=\"1826\" data-end=\"1844\">Retos virales:<\/strong> ayuda a las plantas a resistir y suprimir infecciones virales que reducen el rendimiento y la calidad de los cultivos.<\/span><\/p>\n<\/li>\n<\/ul>\n<h3 data-start=\"1972\" data-end=\"2008\"><span style=\"color: #000000;\">\u00bfPor Qu\u00e9 Elegir Nature Venom\u2122?<\/span><\/h3>\n<p data-start=\"2009\" data-end=\"2371\"><span style=\"color: #000000;\">A diferencia de los qu\u00edmicos agresivos, <strong data-start=\"2049\" data-end=\"2066\">Nature Venom\u2122<\/strong> trabaja en armon\u00eda con la naturaleza \u2014 utilizando activos de origen bot\u00e1nico para defender los cultivos mientras mantiene seguros los ecosistemas. Es ideal para sistemas de agricultura org\u00e1nica y sostenible, donde la salud del suelo, la biodiversidad y la productividad a largo plazo son fundamentales.<\/span><\/p>\n","protected":false},"featured_media":10237,"template":"","meta":{"ngg_post_thumbnail":0},"product_brand":[],"product_cat":[167,21],"product_tag":[],"class_list":{"0":"post-10475","1":"product","2":"type-product","3":"status-publish","4":"has-post-thumbnail","6":"product_cat-biorational","7":"product_cat-products","9":"first","10":"instock","11":"shipping-taxable","12":"product-type-simple"},"yoast_head":"<!-- This site is optimized with the Yoast SEO plugin v27.4 - https:\/\/yoast.com\/product\/yoast-seo-wordpress\/ -->\n<title>Microbebio\u00ae Nature Venom\u2122 - Microbial fertilizer Organic Fertilizer USA<\/title>\n<meta name=\"robots\" content=\"index, follow, max-snippet:-1, max-image-preview:large, max-video-preview:-1\" \/>\n<link rel=\"canonical\" href=\"https:\/\/www.microbebio.com\/spanish-microbe-fertilizer\/product\/microbebio-nature-venom\/\" \/>\n<meta property=\"og:locale\" content=\"en_US\" \/>\n<meta property=\"og:type\" content=\"article\" \/>\n<meta property=\"og:title\" content=\"Microbebio\u00ae Nature Venom\u2122 - Microbial fertilizer Organic Fertilizer USA\" \/>\n<meta property=\"og:description\" content=\"Protecci\u00f3n Org\u00e1nica de Amplio Espectro para Plantas MicrobeBio\u00ae Nature Venom\u2122 es una formulaci\u00f3n bot\u00e1nica avanzada elaborada con extractos vegetales 100% puros, dise\u00f1ada para ayudar a los cultivos a defenderse de manera natural contra plagas y pat\u00f3genos da\u00f1inos. Basado en los principios de la protecci\u00f3n vegetal tradicional, Nature Venom\u2122 fortalece la resistencia de las plantas, apoya un crecimiento saludable y reduce el da\u00f1o causado por insectos, hongos, bacterias e incluso virus \u2014 todo mientras sigue siendo seguro para los organismos ben\u00e9ficos y el medio ambiente.  Beneficios Clave    Protecci\u00f3n Multiespectral \u2013 Controla una amplia gama de plagas de insectos, larvas y pat\u00f3genos foliares, incluidos hongos, bacterias y virus.    Preventivo y Proactivo \u2013 Funciona mejor como tratamiento preventivo, desarrollando resiliencia antes de que los brotes se vuelvan graves.    Seguro y Ecol\u00f3gico \u2013 100% org\u00e1nico, libre de qu\u00edmicos y completamente seguro para polinizadores, depredadores ben\u00e9ficos, peces, aves, ganado y seres humanos.    Refuerza la Resistencia de las Plantas \u2013 Estimula la inmunidad natural de las plantas para combatir el estr\u00e9s y las enfermedades.    F\u00f3rmula Biodegradable \u2013 Se descompone de manera natural en el suelo y bajo la luz solar sin dejar residuos da\u00f1inos.   Plagas y Pat\u00f3genos Objetivo MicrobeBio\u00ae Nature Venom\u2122 reduce eficazmente el da\u00f1o causado por:     Plagas de insectos y larvas: insectos masticadores y chupadores que se alimentan del follaje de las plantas.    Enfermedades f\u00fangicas: manchas foliares, royas, mildius y otros hongos comunes de los cultivos.    Enfermedades bacterianas: tizones foliares, estr\u00edas y bacterias que provocan marchitez.    Retos virales: ayuda a las plantas a resistir y suprimir infecciones virales que reducen el rendimiento y la calidad de los cultivos.   \u00bfPor Qu\u00e9 Elegir Nature Venom\u2122? A diferencia de los qu\u00edmicos agresivos, Nature Venom\u2122 trabaja en armon\u00eda con la naturaleza \u2014 utilizando activos de origen bot\u00e1nico para defender los cultivos mientras mantiene seguros los ecosistemas. Es ideal para sistemas de agricultura org\u00e1nica y sostenible, donde la salud del suelo, la biodiversidad y la productividad a largo plazo son fundamentales.\" \/>\n<meta property=\"og:url\" content=\"https:\/\/www.microbebio.com\/spanish-microbe-fertilizer\/product\/microbebio-nature-venom\/\" \/>\n<meta property=\"og:site_name\" content=\"Microbial fertilizer Organic Fertilizer USA\" \/>\n<meta property=\"article:modified_time\" content=\"2026-02-13T05:31:03+00:00\" \/>\n<meta property=\"og:image\" content=\"https:\/\/www.microbebio.com\/spanish-microbe-fertilizer\/wp-content\/uploads\/2019\/08\/MICROBEBIO-NATUREVENOM.jpg\" \/>\n\t<meta property=\"og:image:width\" content=\"300\" \/>\n\t<meta property=\"og:image:height\" content=\"300\" \/>\n\t<meta property=\"og:image:type\" content=\"image\/jpeg\" \/>\n<meta name=\"twitter:card\" content=\"summary_large_image\" \/>\n<meta name=\"twitter:label1\" content=\"Est. reading time\" \/>\n\t<meta name=\"twitter:data1\" content=\"3 minutes\" \/>\n<script type=\"application\/ld+json\" class=\"yoast-schema-graph\">{\"@context\":\"https:\\\/\\\/schema.org\",\"@graph\":[{\"@type\":\"WebPage\",\"@id\":\"https:\\\/\\\/www.microbebio.com\\\/spanish-microbe-fertilizer\\\/product\\\/microbebio-nature-venom\\\/\",\"url\":\"https:\\\/\\\/www.microbebio.com\\\/spanish-microbe-fertilizer\\\/product\\\/microbebio-nature-venom\\\/\",\"name\":\"Microbebio\u00ae Nature Venom\u2122 - Microbial fertilizer Organic Fertilizer USA\",\"isPartOf\":{\"@id\":\"https:\\\/\\\/www.microbebio.com\\\/spanish-microbe-fertilizer\\\/#website\"},\"primaryImageOfPage\":{\"@id\":\"https:\\\/\\\/www.microbebio.com\\\/spanish-microbe-fertilizer\\\/product\\\/microbebio-nature-venom\\\/#primaryimage\"},\"image\":{\"@id\":\"https:\\\/\\\/www.microbebio.com\\\/spanish-microbe-fertilizer\\\/product\\\/microbebio-nature-venom\\\/#primaryimage\"},\"thumbnailUrl\":\"https:\\\/\\\/www.microbebio.com\\\/spanish-microbe-fertilizer\\\/wp-content\\\/uploads\\\/2019\\\/08\\\/MICROBEBIO-NATUREVENOM.jpg\",\"datePublished\":\"2019-08-13T16:15:44+00:00\",\"dateModified\":\"2026-02-13T05:31:03+00:00\",\"breadcrumb\":{\"@id\":\"https:\\\/\\\/www.microbebio.com\\\/spanish-microbe-fertilizer\\\/product\\\/microbebio-nature-venom\\\/#breadcrumb\"},\"inLanguage\":\"en-US\",\"potentialAction\":[{\"@type\":\"ReadAction\",\"target\":[\"https:\\\/\\\/www.microbebio.com\\\/spanish-microbe-fertilizer\\\/product\\\/microbebio-nature-venom\\\/\"]}]},{\"@type\":\"ImageObject\",\"inLanguage\":\"en-US\",\"@id\":\"https:\\\/\\\/www.microbebio.com\\\/spanish-microbe-fertilizer\\\/product\\\/microbebio-nature-venom\\\/#primaryimage\",\"url\":\"https:\\\/\\\/www.microbebio.com\\\/spanish-microbe-fertilizer\\\/wp-content\\\/uploads\\\/2019\\\/08\\\/MICROBEBIO-NATUREVENOM.jpg\",\"contentUrl\":\"https:\\\/\\\/www.microbebio.com\\\/spanish-microbe-fertilizer\\\/wp-content\\\/uploads\\\/2019\\\/08\\\/MICROBEBIO-NATUREVENOM.jpg\",\"width\":300,\"height\":300},{\"@type\":\"BreadcrumbList\",\"@id\":\"https:\\\/\\\/www.microbebio.com\\\/spanish-microbe-fertilizer\\\/product\\\/microbebio-nature-venom\\\/#breadcrumb\",\"itemListElement\":[{\"@type\":\"ListItem\",\"position\":1,\"name\":\"Home\",\"item\":\"https:\\\/\\\/www.microbebio.com\\\/spanish-microbe-fertilizer\\\/\"},{\"@type\":\"ListItem\",\"position\":2,\"name\":\"Shop\",\"item\":\"https:\\\/\\\/www.microbebio.com\\\/spanish-microbe-fertilizer\\\/shop\\\/\"},{\"@type\":\"ListItem\",\"position\":3,\"name\":\"Microbebio\u00ae Nature Venom\u2122\"}]},{\"@type\":\"WebSite\",\"@id\":\"https:\\\/\\\/www.microbebio.com\\\/spanish-microbe-fertilizer\\\/#website\",\"url\":\"https:\\\/\\\/www.microbebio.com\\\/spanish-microbe-fertilizer\\\/\",\"name\":\"Microbial fertilizer Organic Fertilizer USA\",\"description\":\"Microbes Fertilizer Nature Phenomenon\",\"potentialAction\":[{\"@type\":\"SearchAction\",\"target\":{\"@type\":\"EntryPoint\",\"urlTemplate\":\"https:\\\/\\\/www.microbebio.com\\\/spanish-microbe-fertilizer\\\/?s={search_term_string}\"},\"query-input\":{\"@type\":\"PropertyValueSpecification\",\"valueRequired\":true,\"valueName\":\"search_term_string\"}}],\"inLanguage\":\"en-US\"}]}<\/script>\n<!-- \/ Yoast SEO plugin. -->","yoast_head_json":{"title":"Microbebio\u00ae Nature Venom\u2122 - Microbial fertilizer Organic Fertilizer USA","robots":{"index":"index","follow":"follow","max-snippet":"max-snippet:-1","max-image-preview":"max-image-preview:large","max-video-preview":"max-video-preview:-1"},"canonical":"https:\/\/www.microbebio.com\/spanish-microbe-fertilizer\/product\/microbebio-nature-venom\/","og_locale":"en_US","og_type":"article","og_title":"Microbebio\u00ae Nature Venom\u2122 - Microbial fertilizer Organic Fertilizer USA","og_description":"Protecci\u00f3n Org\u00e1nica de Amplio Espectro para Plantas MicrobeBio\u00ae Nature Venom\u2122 es una formulaci\u00f3n bot\u00e1nica avanzada elaborada con extractos vegetales 100% puros, dise\u00f1ada para ayudar a los cultivos a defenderse de manera natural contra plagas y pat\u00f3genos da\u00f1inos. Basado en los principios de la protecci\u00f3n vegetal tradicional, Nature Venom\u2122 fortalece la resistencia de las plantas, apoya un crecimiento saludable y reduce el da\u00f1o causado por insectos, hongos, bacterias e incluso virus \u2014 todo mientras sigue siendo seguro para los organismos ben\u00e9ficos y el medio ambiente.  Beneficios Clave    Protecci\u00f3n Multiespectral \u2013 Controla una amplia gama de plagas de insectos, larvas y pat\u00f3genos foliares, incluidos hongos, bacterias y virus.    Preventivo y Proactivo \u2013 Funciona mejor como tratamiento preventivo, desarrollando resiliencia antes de que los brotes se vuelvan graves.    Seguro y Ecol\u00f3gico \u2013 100% org\u00e1nico, libre de qu\u00edmicos y completamente seguro para polinizadores, depredadores ben\u00e9ficos, peces, aves, ganado y seres humanos.    Refuerza la Resistencia de las Plantas \u2013 Estimula la inmunidad natural de las plantas para combatir el estr\u00e9s y las enfermedades.    F\u00f3rmula Biodegradable \u2013 Se descompone de manera natural en el suelo y bajo la luz solar sin dejar residuos da\u00f1inos.   Plagas y Pat\u00f3genos Objetivo MicrobeBio\u00ae Nature Venom\u2122 reduce eficazmente el da\u00f1o causado por:     Plagas de insectos y larvas: insectos masticadores y chupadores que se alimentan del follaje de las plantas.    Enfermedades f\u00fangicas: manchas foliares, royas, mildius y otros hongos comunes de los cultivos.    Enfermedades bacterianas: tizones foliares, estr\u00edas y bacterias que provocan marchitez.    Retos virales: ayuda a las plantas a resistir y suprimir infecciones virales que reducen el rendimiento y la calidad de los cultivos.   \u00bfPor Qu\u00e9 Elegir Nature Venom\u2122? A diferencia de los qu\u00edmicos agresivos, Nature Venom\u2122 trabaja en armon\u00eda con la naturaleza \u2014 utilizando activos de origen bot\u00e1nico para defender los cultivos mientras mantiene seguros los ecosistemas. Es ideal para sistemas de agricultura org\u00e1nica y sostenible, donde la salud del suelo, la biodiversidad y la productividad a largo plazo son fundamentales.","og_url":"https:\/\/www.microbebio.com\/spanish-microbe-fertilizer\/product\/microbebio-nature-venom\/","og_site_name":"Microbial fertilizer Organic Fertilizer USA","article_modified_time":"2026-02-13T05:31:03+00:00","og_image":[{"width":300,"height":300,"url":"https:\/\/www.microbebio.com\/spanish-microbe-fertilizer\/wp-content\/uploads\/2019\/08\/MICROBEBIO-NATUREVENOM.jpg","type":"image\/jpeg"}],"twitter_card":"summary_large_image","twitter_misc":{"Est. reading time":"3 minutes"},"schema":{"@context":"https:\/\/schema.org","@graph":[{"@type":"WebPage","@id":"https:\/\/www.microbebio.com\/spanish-microbe-fertilizer\/product\/microbebio-nature-venom\/","url":"https:\/\/www.microbebio.com\/spanish-microbe-fertilizer\/product\/microbebio-nature-venom\/","name":"Microbebio\u00ae Nature Venom\u2122 - Microbial fertilizer Organic Fertilizer USA","isPartOf":{"@id":"https:\/\/www.microbebio.com\/spanish-microbe-fertilizer\/#website"},"primaryImageOfPage":{"@id":"https:\/\/www.microbebio.com\/spanish-microbe-fertilizer\/product\/microbebio-nature-venom\/#primaryimage"},"image":{"@id":"https:\/\/www.microbebio.com\/spanish-microbe-fertilizer\/product\/microbebio-nature-venom\/#primaryimage"},"thumbnailUrl":"https:\/\/www.microbebio.com\/spanish-microbe-fertilizer\/wp-content\/uploads\/2019\/08\/MICROBEBIO-NATUREVENOM.jpg","datePublished":"2019-08-13T16:15:44+00:00","dateModified":"2026-02-13T05:31:03+00:00","breadcrumb":{"@id":"https:\/\/www.microbebio.com\/spanish-microbe-fertilizer\/product\/microbebio-nature-venom\/#breadcrumb"},"inLanguage":"en-US","potentialAction":[{"@type":"ReadAction","target":["https:\/\/www.microbebio.com\/spanish-microbe-fertilizer\/product\/microbebio-nature-venom\/"]}]},{"@type":"ImageObject","inLanguage":"en-US","@id":"https:\/\/www.microbebio.com\/spanish-microbe-fertilizer\/product\/microbebio-nature-venom\/#primaryimage","url":"https:\/\/www.microbebio.com\/spanish-microbe-fertilizer\/wp-content\/uploads\/2019\/08\/MICROBEBIO-NATUREVENOM.jpg","contentUrl":"https:\/\/www.microbebio.com\/spanish-microbe-fertilizer\/wp-content\/uploads\/2019\/08\/MICROBEBIO-NATUREVENOM.jpg","width":300,"height":300},{"@type":"BreadcrumbList","@id":"https:\/\/www.microbebio.com\/spanish-microbe-fertilizer\/product\/microbebio-nature-venom\/#breadcrumb","itemListElement":[{"@type":"ListItem","position":1,"name":"Home","item":"https:\/\/www.microbebio.com\/spanish-microbe-fertilizer\/"},{"@type":"ListItem","position":2,"name":"Shop","item":"https:\/\/www.microbebio.com\/spanish-microbe-fertilizer\/shop\/"},{"@type":"ListItem","position":3,"name":"Microbebio\u00ae Nature Venom\u2122"}]},{"@type":"WebSite","@id":"https:\/\/www.microbebio.com\/spanish-microbe-fertilizer\/#website","url":"https:\/\/www.microbebio.com\/spanish-microbe-fertilizer\/","name":"Microbial fertilizer Organic Fertilizer USA","description":"Microbes Fertilizer Nature Phenomenon","potentialAction":[{"@type":"SearchAction","target":{"@type":"EntryPoint","urlTemplate":"https:\/\/www.microbebio.com\/spanish-microbe-fertilizer\/?s={search_term_string}"},"query-input":{"@type":"PropertyValueSpecification","valueRequired":true,"valueName":"search_term_string"}}],"inLanguage":"en-US"}]}},"_links":{"self":[{"href":"https:\/\/www.microbebio.com\/spanish-microbe-fertilizer\/wp-json\/wp\/v2\/product\/10475","targetHints":{"allow":["GET"]}}],"collection":[{"href":"https:\/\/www.microbebio.com\/spanish-microbe-fertilizer\/wp-json\/wp\/v2\/product"}],"about":[{"href":"https:\/\/www.microbebio.com\/spanish-microbe-fertilizer\/wp-json\/wp\/v2\/types\/product"}],"wp:featuredmedia":[{"embeddable":true,"href":"https:\/\/www.microbebio.com\/spanish-microbe-fertilizer\/wp-json\/wp\/v2\/media\/10237"}],"wp:attachment":[{"href":"https:\/\/www.microbebio.com\/spanish-microbe-fertilizer\/wp-json\/wp\/v2\/media?parent=10475"}],"wp:term":[{"taxonomy":"product_brand","embeddable":true,"href":"https:\/\/www.microbebio.com\/spanish-microbe-fertilizer\/wp-json\/wp\/v2\/product_brand?post=10475"},{"taxonomy":"product_cat","embeddable":true,"href":"https:\/\/www.microbebio.com\/spanish-microbe-fertilizer\/wp-json\/wp\/v2\/product_cat?post=10475"},{"taxonomy":"product_tag","embeddable":true,"href":"https:\/\/www.microbebio.com\/spanish-microbe-fertilizer\/wp-json\/wp\/v2\/product_tag?post=10475"}],"curies":[{"name":"wp","href":"https:\/\/api.w.org\/{rel}","templated":true}]}}