{"id":12115,"date":"2020-06-15T15:27:01","date_gmt":"2020-06-15T22:27:01","guid":{"rendered":"https:\/\/www.microbebio.com\/spanish-microbe-fertilizer\/?post_type=product&#038;p=12115"},"modified":"2025-07-29T13:51:29","modified_gmt":"2025-07-29T20:51:29","slug":"microbebio-nature-phenom","status":"publish","type":"product","link":"https:\/\/www.microbebio.com\/spanish-microbe-fertilizer\/product\/microbebio-nature-phenom\/","title":{"rendered":"Microbebio\u00ae Nature Phenom\u2122"},"content":{"rendered":"<p data-start=\"92\" data-end=\"734\"><strong data-start=\"92\" data-end=\"122\">Microbebio\u00ae Nature Phenom\u2122<\/strong> combina bacterias y hongos no pat\u00f3genos de origen natural, materia org\u00e1nica y macro y micronutrientes esenciales para crear un ambiente \u00f3ptimo de crecimiento en el que las plantas puedan prosperar y manejar el estr\u00e9s. En cada etapa del ciclo de crecimiento de la planta, nuestra formulaci\u00f3n microbiana preserva los nutrientes vitales del suelo y los insectos beneficiosos necesarios para fomentar el desarrollo, ayudando a las plantas a enfrentar condiciones adversas como sequ\u00eda, heladas, alta salinidad del suelo y otros factores ambientales que pueden obstaculizar su crecimiento y poner en riesgo su salud.<\/p>\n<p data-start=\"736\" data-end=\"914\">Creado como un consorcio sin\u00e9rgico, nuestro producto est\u00e1 dise\u00f1ado para ser de amplio espectro y adecuado para pr\u00e1cticamente todo tipo de cultivos, condiciones de suelo y climas.<\/p>\n","protected":false},"excerpt":{"rendered":"<p data-start=\"106\" data-end=\"775\"><span style=\"color: #000000;\"><strong data-start=\"106\" data-end=\"136\">MicrobeBio\u00ae Nature Phenom\u2122<\/strong> es un biofertilizante 100 % org\u00e1nico que utiliza una t\u00e9cnica biol\u00f3gica exclusiva de acabado para entregar miles de millones de microorganismos beneficiosos especialmente seleccionados por su fuerte adaptabilidad microbiana, junto con un paquete completo de impulso al crecimiento sintetizado a partir de un sistema complejo de nutrientes para plantas, vitaminas cruciales y minerales naturales. Este producto tambi\u00e9n aporta hormonas vegetales naturales, az\u00facares esenciales, amino\u00e1cidos vitales, carbono org\u00e1nico y prote\u00ednas para promover un crecimiento \u00f3ptimo, siendo fundamental para iniciar inmediatamente la colonizaci\u00f3n microbiana.<\/span><\/p>\n<p data-start=\"777\" data-end=\"1221\"><span style=\"color: #000000;\">MicrobeBio\u00ae Nature Phenom\u2122 presenta nanotecnolog\u00eda biol\u00f3gica que penetra r\u00e1pidamente en el follaje y la zona radicular para estimular el proceso de fotos\u00edntesis y potenciar el ciclo simbi\u00f3tico. Mejora la respuesta de la planta, fortalece los mecanismos naturales de defensa, equilibra la biolog\u00eda del suelo y promueve un crecimiento saludable de ra\u00edces para desarrollar plantas robustas desde la ra\u00edz hacia arriba, respetando el medio ambiente.<\/span><\/p>\n<p data-start=\"1223\" data-end=\"1738\"><span style=\"color: #000000;\">MicrobeBio\u00ae Nature Phenom\u2122 proporciona la biolog\u00eda necesaria para solubilizar nutrientes y fijar nitr\u00f3geno atmosf\u00e9rico para satisfacer las intensas demandas de la planta, ayudando a las ra\u00edces a enfrentar estr\u00e9s bi\u00f3tico y abi\u00f3tico (sequ\u00eda, alta salinidad, temperaturas extremas y exceso de riego). Este producto acelera la germinaci\u00f3n de semillas y aumenta el desarrollo radicular. Adem\u00e1s, estabiliza la clorofila y aumenta los aromas, colores, sabores, niveles de Brix y aceites esenciales con fenotipos mejorados.<\/span><\/p>\n<p data-start=\"1740\" data-end=\"2321\"><span style=\"color: #000000;\">La funci\u00f3n probi\u00f3tica biol\u00f3gica de MicrobeBio\u00ae Nature Phenom\u2122 permite a los agricultores aumentar el vigor de las plantas, siendo excepcional para suprimir nematodos fitopar\u00e1sitos. Controla eficazmente plagas objetivo en el follaje, siendo ideal su aplicaci\u00f3n cuando las larvas est\u00e1n activas y antes de que las plantas sufran da\u00f1os graves. El producto act\u00faa en sinergia con otros ingredientes para apoyar y mantener ra\u00edces saludables, ofreciendo el mejor resultado posible para sus plantas. Tambi\u00e9n reduce eficazmente pat\u00f3genos bacterianos y f\u00fangicos tanto en ra\u00edces como en hojas.<\/span><\/p>\n<p data-start=\"2323\" data-end=\"2338\"><span style=\"color: #000000;\"><strong data-start=\"2323\" data-end=\"2338\">Beneficios:<\/strong><\/span><\/p>\n<ul data-start=\"2340\" data-end=\"3227\">\n<li data-start=\"2340\" data-end=\"2375\">\n<p data-start=\"2342\" data-end=\"2375\"><span style=\"color: #000000;\">Fijaci\u00f3n biol\u00f3gica de nitr\u00f3geno<\/span><\/p>\n<\/li>\n<li data-start=\"2376\" data-end=\"2399\">\n<p data-start=\"2378\" data-end=\"2399\"><span style=\"color: #000000;\">Solubiliza fosfatos<\/span><\/p>\n<\/li>\n<li data-start=\"2400\" data-end=\"2436\">\n<p data-start=\"2402\" data-end=\"2436\"><span style=\"color: #000000;\">Moviliza y mineraliza nutrientes<\/span><\/p>\n<\/li>\n<li data-start=\"2437\" data-end=\"2461\">\n<p data-start=\"2439\" data-end=\"2461\"><span style=\"color: #000000;\">Produce fitohormonas<\/span><\/p>\n<\/li>\n<li data-start=\"2462\" data-end=\"2491\">\n<p data-start=\"2464\" data-end=\"2491\"><span style=\"color: #000000;\">Equilibra el pH del suelo<\/span><\/p>\n<\/li>\n<li data-start=\"2492\" data-end=\"2559\">\n<p data-start=\"2494\" data-end=\"2559\"><span style=\"color: #000000;\">Incrementa la actividad saprof\u00edtica y la competencia microbiana<\/span><\/p>\n<\/li>\n<li data-start=\"2560\" data-end=\"2597\">\n<p data-start=\"2562\" data-end=\"2597\"><span style=\"color: #000000;\">Mejora el proceso de fotos\u00edntesis<\/span><\/p>\n<\/li>\n<li data-start=\"2598\" data-end=\"2651\">\n<p data-start=\"2600\" data-end=\"2651\"><span style=\"color: #000000;\">Potencia la absorci\u00f3n y asimilaci\u00f3n de nutrientes<\/span><\/p>\n<\/li>\n<li data-start=\"2652\" data-end=\"2690\">\n<p data-start=\"2654\" data-end=\"2690\"><span style=\"color: #000000;\">Aumenta el rendimiento del cultivo<\/span><\/p>\n<\/li>\n<li data-start=\"2691\" data-end=\"2736\">\n<p data-start=\"2693\" data-end=\"2736\"><span style=\"color: #000000;\">Mejora la calidad y el vigor de la planta<\/span><\/p>\n<\/li>\n<li data-start=\"2737\" data-end=\"2782\">\n<p data-start=\"2739\" data-end=\"2782\"><span style=\"color: #000000;\">Optimiza la eficiencia en el uso del agua<\/span><\/p>\n<\/li>\n<li data-start=\"2783\" data-end=\"2854\">\n<p data-start=\"2785\" data-end=\"2854\"><span style=\"color: #000000;\">Incrementa la poblaci\u00f3n de microorganismos beneficiosos en el suelo<\/span><\/p>\n<\/li>\n<li data-start=\"2855\" data-end=\"2887\">\n<p data-start=\"2857\" data-end=\"2887\"><span style=\"color: #000000;\">Mejora los ciclos de carbono<\/span><\/p>\n<\/li>\n<li data-start=\"2888\" data-end=\"2924\">\n<p data-start=\"2890\" data-end=\"2924\"><span style=\"color: #000000;\">Reconstruye el suelo superficial<\/span><\/p>\n<\/li>\n<li data-start=\"2925\" data-end=\"3080\">\n<p data-start=\"2927\" data-end=\"3080\"><span style=\"color: #000000;\">Apoya el sistema inmunol\u00f3gico natural de la planta para resistir pat\u00f3genos da\u00f1inos en ra\u00edces y follaje, enfermedades y condiciones ambientales extremas<\/span><\/p>\n<\/li>\n<li data-start=\"3081\" data-end=\"3227\">\n<p data-start=\"3083\" data-end=\"3227\"><span style=\"color: #000000;\">Aumenta la masa radicular y protege la superficie de las ra\u00edces contra nematodos fitopar\u00e1sitos, enfermedades peligrosas, insecticidas y plagas<\/span><\/p>\n<\/li>\n<\/ul>\n","protected":false},"featured_media":12112,"template":"","meta":{"ngg_post_thumbnail":0},"product_brand":[],"product_cat":[21,168],"product_tag":[],"class_list":{"0":"post-12115","1":"product","2":"type-product","3":"status-publish","4":"has-post-thumbnail","6":"product_cat-products","7":"product_cat-soil-enhancer","9":"first","10":"instock","11":"shipping-taxable","12":"product-type-simple"},"yoast_head":"<!-- This site is optimized with the Yoast SEO plugin v27.4 - https:\/\/yoast.com\/product\/yoast-seo-wordpress\/ -->\n<title>Microbebio\u00ae Nature Phenom\u2122 - Microbial fertilizer Organic Fertilizer USA<\/title>\n<meta name=\"robots\" content=\"index, follow, max-snippet:-1, max-image-preview:large, max-video-preview:-1\" \/>\n<link rel=\"canonical\" href=\"https:\/\/www.microbebio.com\/spanish-microbe-fertilizer\/product\/microbebio-nature-phenom\/\" \/>\n<meta property=\"og:locale\" content=\"en_US\" \/>\n<meta property=\"og:type\" content=\"article\" \/>\n<meta property=\"og:title\" content=\"Microbebio\u00ae Nature Phenom\u2122 - Microbial fertilizer Organic Fertilizer USA\" \/>\n<meta property=\"og:description\" content=\"MicrobeBio\u00ae Nature Phenom\u2122 es un biofertilizante 100 % org\u00e1nico que utiliza una t\u00e9cnica biol\u00f3gica exclusiva de acabado para entregar miles de millones de microorganismos beneficiosos especialmente seleccionados por su fuerte adaptabilidad microbiana, junto con un paquete completo de impulso al crecimiento sintetizado a partir de un sistema complejo de nutrientes para plantas, vitaminas cruciales y minerales naturales. Este producto tambi\u00e9n aporta hormonas vegetales naturales, az\u00facares esenciales, amino\u00e1cidos vitales, carbono org\u00e1nico y prote\u00ednas para promover un crecimiento \u00f3ptimo, siendo fundamental para iniciar inmediatamente la colonizaci\u00f3n microbiana. MicrobeBio\u00ae Nature Phenom\u2122 presenta nanotecnolog\u00eda biol\u00f3gica que penetra r\u00e1pidamente en el follaje y la zona radicular para estimular el proceso de fotos\u00edntesis y potenciar el ciclo simbi\u00f3tico. Mejora la respuesta de la planta, fortalece los mecanismos naturales de defensa, equilibra la biolog\u00eda del suelo y promueve un crecimiento saludable de ra\u00edces para desarrollar plantas robustas desde la ra\u00edz hacia arriba, respetando el medio ambiente. MicrobeBio\u00ae Nature Phenom\u2122 proporciona la biolog\u00eda necesaria para solubilizar nutrientes y fijar nitr\u00f3geno atmosf\u00e9rico para satisfacer las intensas demandas de la planta, ayudando a las ra\u00edces a enfrentar estr\u00e9s bi\u00f3tico y abi\u00f3tico (sequ\u00eda, alta salinidad, temperaturas extremas y exceso de riego). Este producto acelera la germinaci\u00f3n de semillas y aumenta el desarrollo radicular. Adem\u00e1s, estabiliza la clorofila y aumenta los aromas, colores, sabores, niveles de Brix y aceites esenciales con fenotipos mejorados. La funci\u00f3n probi\u00f3tica biol\u00f3gica de MicrobeBio\u00ae Nature Phenom\u2122 permite a los agricultores aumentar el vigor de las plantas, siendo excepcional para suprimir nematodos fitopar\u00e1sitos. Controla eficazmente plagas objetivo en el follaje, siendo ideal su aplicaci\u00f3n cuando las larvas est\u00e1n activas y antes de que las plantas sufran da\u00f1os graves. El producto act\u00faa en sinergia con otros ingredientes para apoyar y mantener ra\u00edces saludables, ofreciendo el mejor resultado posible para sus plantas. Tambi\u00e9n reduce eficazmente pat\u00f3genos bacterianos y f\u00fangicos tanto en ra\u00edces como en hojas. Beneficios:     Fijaci\u00f3n biol\u00f3gica de nitr\u00f3geno    Solubiliza fosfatos    Moviliza y mineraliza nutrientes    Produce fitohormonas    Equilibra el pH del suelo    Incrementa la actividad saprof\u00edtica y la competencia microbiana    Mejora el proceso de fotos\u00edntesis    Potencia la absorci\u00f3n y asimilaci\u00f3n de nutrientes    Aumenta el rendimiento del cultivo    Mejora la calidad y el vigor de la planta    Optimiza la eficiencia en el uso del agua    Incrementa la poblaci\u00f3n de microorganismos beneficiosos en el suelo    Mejora los ciclos de carbono    Reconstruye el suelo superficial    Apoya el sistema inmunol\u00f3gico natural de la planta para resistir pat\u00f3genos da\u00f1inos en ra\u00edces y follaje, enfermedades y condiciones ambientales extremas    Aumenta la masa radicular y protege la superficie de las ra\u00edces contra nematodos fitopar\u00e1sitos, enfermedades peligrosas, insecticidas y plagas\" \/>\n<meta property=\"og:url\" content=\"https:\/\/www.microbebio.com\/spanish-microbe-fertilizer\/product\/microbebio-nature-phenom\/\" \/>\n<meta property=\"og:site_name\" content=\"Microbial fertilizer Organic Fertilizer USA\" \/>\n<meta property=\"article:modified_time\" content=\"2025-07-29T20:51:29+00:00\" \/>\n<meta property=\"og:image\" content=\"https:\/\/www.microbebio.com\/spanish-microbe-fertilizer\/wp-content\/uploads\/2020\/06\/MICROBEBIO-NATURE-PHENOM-NATURE-PHENOM-BANNER-300X300.jpg\" \/>\n\t<meta property=\"og:image:width\" content=\"300\" \/>\n\t<meta property=\"og:image:height\" content=\"300\" \/>\n\t<meta property=\"og:image:type\" content=\"image\/jpeg\" \/>\n<meta name=\"twitter:card\" content=\"summary_large_image\" \/>\n<meta name=\"twitter:label1\" content=\"Est. reading time\" \/>\n\t<meta name=\"twitter:data1\" content=\"1 minute\" \/>\n<script type=\"application\/ld+json\" class=\"yoast-schema-graph\">{\"@context\":\"https:\\\/\\\/schema.org\",\"@graph\":[{\"@type\":\"WebPage\",\"@id\":\"https:\\\/\\\/www.microbebio.com\\\/spanish-microbe-fertilizer\\\/product\\\/microbebio-nature-phenom\\\/\",\"url\":\"https:\\\/\\\/www.microbebio.com\\\/spanish-microbe-fertilizer\\\/product\\\/microbebio-nature-phenom\\\/\",\"name\":\"Microbebio\u00ae Nature Phenom\u2122 - Microbial fertilizer Organic Fertilizer USA\",\"isPartOf\":{\"@id\":\"https:\\\/\\\/www.microbebio.com\\\/spanish-microbe-fertilizer\\\/#website\"},\"primaryImageOfPage\":{\"@id\":\"https:\\\/\\\/www.microbebio.com\\\/spanish-microbe-fertilizer\\\/product\\\/microbebio-nature-phenom\\\/#primaryimage\"},\"image\":{\"@id\":\"https:\\\/\\\/www.microbebio.com\\\/spanish-microbe-fertilizer\\\/product\\\/microbebio-nature-phenom\\\/#primaryimage\"},\"thumbnailUrl\":\"https:\\\/\\\/www.microbebio.com\\\/spanish-microbe-fertilizer\\\/wp-content\\\/uploads\\\/2020\\\/06\\\/MICROBEBIO-NATURE-PHENOM-NATURE-PHENOM-BANNER-300X300.jpg\",\"datePublished\":\"2020-06-15T22:27:01+00:00\",\"dateModified\":\"2025-07-29T20:51:29+00:00\",\"breadcrumb\":{\"@id\":\"https:\\\/\\\/www.microbebio.com\\\/spanish-microbe-fertilizer\\\/product\\\/microbebio-nature-phenom\\\/#breadcrumb\"},\"inLanguage\":\"en-US\",\"potentialAction\":[{\"@type\":\"ReadAction\",\"target\":[\"https:\\\/\\\/www.microbebio.com\\\/spanish-microbe-fertilizer\\\/product\\\/microbebio-nature-phenom\\\/\"]}]},{\"@type\":\"ImageObject\",\"inLanguage\":\"en-US\",\"@id\":\"https:\\\/\\\/www.microbebio.com\\\/spanish-microbe-fertilizer\\\/product\\\/microbebio-nature-phenom\\\/#primaryimage\",\"url\":\"https:\\\/\\\/www.microbebio.com\\\/spanish-microbe-fertilizer\\\/wp-content\\\/uploads\\\/2020\\\/06\\\/MICROBEBIO-NATURE-PHENOM-NATURE-PHENOM-BANNER-300X300.jpg\",\"contentUrl\":\"https:\\\/\\\/www.microbebio.com\\\/spanish-microbe-fertilizer\\\/wp-content\\\/uploads\\\/2020\\\/06\\\/MICROBEBIO-NATURE-PHENOM-NATURE-PHENOM-BANNER-300X300.jpg\",\"width\":300,\"height\":300,\"caption\":\"MicrobeBio\u00ae Nature Phenom Phenom is an all-organic bio fertilizer\"},{\"@type\":\"BreadcrumbList\",\"@id\":\"https:\\\/\\\/www.microbebio.com\\\/spanish-microbe-fertilizer\\\/product\\\/microbebio-nature-phenom\\\/#breadcrumb\",\"itemListElement\":[{\"@type\":\"ListItem\",\"position\":1,\"name\":\"Home\",\"item\":\"https:\\\/\\\/www.microbebio.com\\\/spanish-microbe-fertilizer\\\/\"},{\"@type\":\"ListItem\",\"position\":2,\"name\":\"Shop\",\"item\":\"https:\\\/\\\/www.microbebio.com\\\/spanish-microbe-fertilizer\\\/shop\\\/\"},{\"@type\":\"ListItem\",\"position\":3,\"name\":\"Microbebio\u00ae Nature Phenom\u2122\"}]},{\"@type\":\"WebSite\",\"@id\":\"https:\\\/\\\/www.microbebio.com\\\/spanish-microbe-fertilizer\\\/#website\",\"url\":\"https:\\\/\\\/www.microbebio.com\\\/spanish-microbe-fertilizer\\\/\",\"name\":\"Microbial fertilizer Organic Fertilizer USA\",\"description\":\"Microbes Fertilizer Nature Phenomenon\",\"potentialAction\":[{\"@type\":\"SearchAction\",\"target\":{\"@type\":\"EntryPoint\",\"urlTemplate\":\"https:\\\/\\\/www.microbebio.com\\\/spanish-microbe-fertilizer\\\/?s={search_term_string}\"},\"query-input\":{\"@type\":\"PropertyValueSpecification\",\"valueRequired\":true,\"valueName\":\"search_term_string\"}}],\"inLanguage\":\"en-US\"}]}<\/script>\n<!-- \/ Yoast SEO plugin. -->","yoast_head_json":{"title":"Microbebio\u00ae Nature Phenom\u2122 - Microbial fertilizer Organic Fertilizer USA","robots":{"index":"index","follow":"follow","max-snippet":"max-snippet:-1","max-image-preview":"max-image-preview:large","max-video-preview":"max-video-preview:-1"},"canonical":"https:\/\/www.microbebio.com\/spanish-microbe-fertilizer\/product\/microbebio-nature-phenom\/","og_locale":"en_US","og_type":"article","og_title":"Microbebio\u00ae Nature Phenom\u2122 - Microbial fertilizer Organic Fertilizer USA","og_description":"MicrobeBio\u00ae Nature Phenom\u2122 es un biofertilizante 100 % org\u00e1nico que utiliza una t\u00e9cnica biol\u00f3gica exclusiva de acabado para entregar miles de millones de microorganismos beneficiosos especialmente seleccionados por su fuerte adaptabilidad microbiana, junto con un paquete completo de impulso al crecimiento sintetizado a partir de un sistema complejo de nutrientes para plantas, vitaminas cruciales y minerales naturales. Este producto tambi\u00e9n aporta hormonas vegetales naturales, az\u00facares esenciales, amino\u00e1cidos vitales, carbono org\u00e1nico y prote\u00ednas para promover un crecimiento \u00f3ptimo, siendo fundamental para iniciar inmediatamente la colonizaci\u00f3n microbiana. MicrobeBio\u00ae Nature Phenom\u2122 presenta nanotecnolog\u00eda biol\u00f3gica que penetra r\u00e1pidamente en el follaje y la zona radicular para estimular el proceso de fotos\u00edntesis y potenciar el ciclo simbi\u00f3tico. Mejora la respuesta de la planta, fortalece los mecanismos naturales de defensa, equilibra la biolog\u00eda del suelo y promueve un crecimiento saludable de ra\u00edces para desarrollar plantas robustas desde la ra\u00edz hacia arriba, respetando el medio ambiente. MicrobeBio\u00ae Nature Phenom\u2122 proporciona la biolog\u00eda necesaria para solubilizar nutrientes y fijar nitr\u00f3geno atmosf\u00e9rico para satisfacer las intensas demandas de la planta, ayudando a las ra\u00edces a enfrentar estr\u00e9s bi\u00f3tico y abi\u00f3tico (sequ\u00eda, alta salinidad, temperaturas extremas y exceso de riego). Este producto acelera la germinaci\u00f3n de semillas y aumenta el desarrollo radicular. Adem\u00e1s, estabiliza la clorofila y aumenta los aromas, colores, sabores, niveles de Brix y aceites esenciales con fenotipos mejorados. La funci\u00f3n probi\u00f3tica biol\u00f3gica de MicrobeBio\u00ae Nature Phenom\u2122 permite a los agricultores aumentar el vigor de las plantas, siendo excepcional para suprimir nematodos fitopar\u00e1sitos. Controla eficazmente plagas objetivo en el follaje, siendo ideal su aplicaci\u00f3n cuando las larvas est\u00e1n activas y antes de que las plantas sufran da\u00f1os graves. El producto act\u00faa en sinergia con otros ingredientes para apoyar y mantener ra\u00edces saludables, ofreciendo el mejor resultado posible para sus plantas. Tambi\u00e9n reduce eficazmente pat\u00f3genos bacterianos y f\u00fangicos tanto en ra\u00edces como en hojas. Beneficios:     Fijaci\u00f3n biol\u00f3gica de nitr\u00f3geno    Solubiliza fosfatos    Moviliza y mineraliza nutrientes    Produce fitohormonas    Equilibra el pH del suelo    Incrementa la actividad saprof\u00edtica y la competencia microbiana    Mejora el proceso de fotos\u00edntesis    Potencia la absorci\u00f3n y asimilaci\u00f3n de nutrientes    Aumenta el rendimiento del cultivo    Mejora la calidad y el vigor de la planta    Optimiza la eficiencia en el uso del agua    Incrementa la poblaci\u00f3n de microorganismos beneficiosos en el suelo    Mejora los ciclos de carbono    Reconstruye el suelo superficial    Apoya el sistema inmunol\u00f3gico natural de la planta para resistir pat\u00f3genos da\u00f1inos en ra\u00edces y follaje, enfermedades y condiciones ambientales extremas    Aumenta la masa radicular y protege la superficie de las ra\u00edces contra nematodos fitopar\u00e1sitos, enfermedades peligrosas, insecticidas y plagas","og_url":"https:\/\/www.microbebio.com\/spanish-microbe-fertilizer\/product\/microbebio-nature-phenom\/","og_site_name":"Microbial fertilizer Organic Fertilizer USA","article_modified_time":"2025-07-29T20:51:29+00:00","og_image":[{"width":300,"height":300,"url":"https:\/\/www.microbebio.com\/spanish-microbe-fertilizer\/wp-content\/uploads\/2020\/06\/MICROBEBIO-NATURE-PHENOM-NATURE-PHENOM-BANNER-300X300.jpg","type":"image\/jpeg"}],"twitter_card":"summary_large_image","twitter_misc":{"Est. reading time":"1 minute"},"schema":{"@context":"https:\/\/schema.org","@graph":[{"@type":"WebPage","@id":"https:\/\/www.microbebio.com\/spanish-microbe-fertilizer\/product\/microbebio-nature-phenom\/","url":"https:\/\/www.microbebio.com\/spanish-microbe-fertilizer\/product\/microbebio-nature-phenom\/","name":"Microbebio\u00ae Nature Phenom\u2122 - Microbial fertilizer Organic Fertilizer USA","isPartOf":{"@id":"https:\/\/www.microbebio.com\/spanish-microbe-fertilizer\/#website"},"primaryImageOfPage":{"@id":"https:\/\/www.microbebio.com\/spanish-microbe-fertilizer\/product\/microbebio-nature-phenom\/#primaryimage"},"image":{"@id":"https:\/\/www.microbebio.com\/spanish-microbe-fertilizer\/product\/microbebio-nature-phenom\/#primaryimage"},"thumbnailUrl":"https:\/\/www.microbebio.com\/spanish-microbe-fertilizer\/wp-content\/uploads\/2020\/06\/MICROBEBIO-NATURE-PHENOM-NATURE-PHENOM-BANNER-300X300.jpg","datePublished":"2020-06-15T22:27:01+00:00","dateModified":"2025-07-29T20:51:29+00:00","breadcrumb":{"@id":"https:\/\/www.microbebio.com\/spanish-microbe-fertilizer\/product\/microbebio-nature-phenom\/#breadcrumb"},"inLanguage":"en-US","potentialAction":[{"@type":"ReadAction","target":["https:\/\/www.microbebio.com\/spanish-microbe-fertilizer\/product\/microbebio-nature-phenom\/"]}]},{"@type":"ImageObject","inLanguage":"en-US","@id":"https:\/\/www.microbebio.com\/spanish-microbe-fertilizer\/product\/microbebio-nature-phenom\/#primaryimage","url":"https:\/\/www.microbebio.com\/spanish-microbe-fertilizer\/wp-content\/uploads\/2020\/06\/MICROBEBIO-NATURE-PHENOM-NATURE-PHENOM-BANNER-300X300.jpg","contentUrl":"https:\/\/www.microbebio.com\/spanish-microbe-fertilizer\/wp-content\/uploads\/2020\/06\/MICROBEBIO-NATURE-PHENOM-NATURE-PHENOM-BANNER-300X300.jpg","width":300,"height":300,"caption":"MicrobeBio\u00ae Nature Phenom Phenom is an all-organic bio fertilizer"},{"@type":"BreadcrumbList","@id":"https:\/\/www.microbebio.com\/spanish-microbe-fertilizer\/product\/microbebio-nature-phenom\/#breadcrumb","itemListElement":[{"@type":"ListItem","position":1,"name":"Home","item":"https:\/\/www.microbebio.com\/spanish-microbe-fertilizer\/"},{"@type":"ListItem","position":2,"name":"Shop","item":"https:\/\/www.microbebio.com\/spanish-microbe-fertilizer\/shop\/"},{"@type":"ListItem","position":3,"name":"Microbebio\u00ae Nature Phenom\u2122"}]},{"@type":"WebSite","@id":"https:\/\/www.microbebio.com\/spanish-microbe-fertilizer\/#website","url":"https:\/\/www.microbebio.com\/spanish-microbe-fertilizer\/","name":"Microbial fertilizer Organic Fertilizer USA","description":"Microbes Fertilizer Nature Phenomenon","potentialAction":[{"@type":"SearchAction","target":{"@type":"EntryPoint","urlTemplate":"https:\/\/www.microbebio.com\/spanish-microbe-fertilizer\/?s={search_term_string}"},"query-input":{"@type":"PropertyValueSpecification","valueRequired":true,"valueName":"search_term_string"}}],"inLanguage":"en-US"}]}},"_links":{"self":[{"href":"https:\/\/www.microbebio.com\/spanish-microbe-fertilizer\/wp-json\/wp\/v2\/product\/12115","targetHints":{"allow":["GET"]}}],"collection":[{"href":"https:\/\/www.microbebio.com\/spanish-microbe-fertilizer\/wp-json\/wp\/v2\/product"}],"about":[{"href":"https:\/\/www.microbebio.com\/spanish-microbe-fertilizer\/wp-json\/wp\/v2\/types\/product"}],"wp:featuredmedia":[{"embeddable":true,"href":"https:\/\/www.microbebio.com\/spanish-microbe-fertilizer\/wp-json\/wp\/v2\/media\/12112"}],"wp:attachment":[{"href":"https:\/\/www.microbebio.com\/spanish-microbe-fertilizer\/wp-json\/wp\/v2\/media?parent=12115"}],"wp:term":[{"taxonomy":"product_brand","embeddable":true,"href":"https:\/\/www.microbebio.com\/spanish-microbe-fertilizer\/wp-json\/wp\/v2\/product_brand?post=12115"},{"taxonomy":"product_cat","embeddable":true,"href":"https:\/\/www.microbebio.com\/spanish-microbe-fertilizer\/wp-json\/wp\/v2\/product_cat?post=12115"},{"taxonomy":"product_tag","embeddable":true,"href":"https:\/\/www.microbebio.com\/spanish-microbe-fertilizer\/wp-json\/wp\/v2\/product_tag?post=12115"}],"curies":[{"name":"wp","href":"https:\/\/api.w.org\/{rel}","templated":true}]}}