{"id":13674,"date":"2021-05-28T11:12:48","date_gmt":"2021-05-28T18:12:48","guid":{"rendered":"https:\/\/www.microbebio.com\/spanish-microbe-fertilizer\/?post_type=product&#038;p=13674"},"modified":"2025-07-29T14:47:18","modified_gmt":"2025-07-29T21:47:18","slug":"microbebio-vigor-ultra","status":"publish","type":"product","link":"https:\/\/www.microbebio.com\/spanish-microbe-fertilizer\/product\/microbebio-vigor-ultra\/","title":{"rendered":"MicrobeBio\u00ae Vigor Ultra\u2122"},"content":{"rendered":"","protected":false},"excerpt":{"rendered":"<p data-start=\"0\" data-end=\"29\"><span style=\"color: #000000;\"><strong data-start=\"0\" data-end=\"28\">MicrobeBio\u00ae Vigor Ultra\u2122<\/strong><\/span><\/p>\n<p data-start=\"31\" data-end=\"434\"><span style=\"color: #000000;\">Consiste en un consorcio sin\u00e9rgico de microbios probi\u00f3ticos naturales del suelo, nutrientes esenciales macro\/micro y materia org\u00e1nica, dise\u00f1ado para mejorar pr\u00e1cticamente todos los tipos de cultivos, condiciones del suelo y climas. <strong data-start=\"263\" data-end=\"278\">Vigor Ultra<\/strong> tambi\u00e9n mejora los mecanismos de defensa naturales de las plantas contra ciertos insectos de tejido blando, reduciendo la necesidad de pesticidas qu\u00edmicos.<\/span><\/p>\n<p data-start=\"436\" data-end=\"1188\"><span style=\"color: #000000;\">Este producto est\u00e1 dise\u00f1ado para potenciar la inmunidad de la planta en la zona de la <strong data-start=\"522\" data-end=\"535\">filosfera<\/strong>, defendiendo a la planta contra los estreses ambientales f\u00edsicos y biol\u00f3gicos, mientras aumenta el rendimiento de los cultivos y la absorci\u00f3n de nutrientes. <strong data-start=\"693\" data-end=\"721\">MicrobeBio\u00ae Vigor Ultra\u2122<\/strong> mejora las capacidades de absorci\u00f3n de agua y nutrientes al colonizar la zona radicular, formando as\u00ed una relaci\u00f3n simbi\u00f3tica con la planta. Los beneficios se reflejan en menores requisitos de riego, mejor tolerancia a la sequ\u00eda, mayor supervivencia de trasplantes, mayor producci\u00f3n de semillas y frutos, salud general mejorada, apariencia m\u00e1s vibrante, y plantas m\u00e1s vigorosas y de crecimiento r\u00e1pido, adem\u00e1s de un impulso de nitr\u00f3geno para un crecimiento superior.<\/span><\/p>\n<p data-start=\"1190\" data-end=\"1351\"><span style=\"color: #000000;\"><strong data-start=\"1190\" data-end=\"1205\">Vigor Ultra<\/strong> ayuda a construir y apoyar el sistema inmunol\u00f3gico natural de la planta y su capacidad para resistir plagas, enfermedades y condiciones extremas.<\/span><\/p>\n<h3 data-start=\"1353\" data-end=\"1372\"><span style=\"color: #000000;\"><strong data-start=\"1357\" data-end=\"1372\">Beneficios:<\/strong><\/span><\/h3>\n<ul data-start=\"1374\" data-end=\"1665\" data-is-last-node=\"\" data-is-only-node=\"\">\n<li data-start=\"1374\" data-end=\"1412\">\n<p data-start=\"1376\" data-end=\"1412\"><span style=\"color: #000000;\"><strong data-start=\"1376\" data-end=\"1412\">Aumenta la tasa de fotos\u00edntesis.<\/strong><\/span><\/p>\n<\/li>\n<li data-start=\"1413\" data-end=\"1485\">\n<p data-start=\"1415\" data-end=\"1485\"><span style=\"color: #000000;\"><strong data-start=\"1415\" data-end=\"1485\">Mejora la efectividad de la absorci\u00f3n y asimilaci\u00f3n de nutrientes.<\/strong><\/span><\/p>\n<\/li>\n<li data-start=\"1486\" data-end=\"1522\">\n<p data-start=\"1488\" data-end=\"1522\"><span style=\"color: #000000;\"><strong data-start=\"1488\" data-end=\"1522\">Promueve un mayor rendimiento.<\/strong><\/span><\/p>\n<\/li>\n<li data-start=\"1523\" data-end=\"1570\">\n<p data-start=\"1525\" data-end=\"1570\"><span style=\"color: #000000;\"><strong data-start=\"1525\" data-end=\"1570\">Mejora la vitalidad general de la planta.<\/strong><\/span><\/p>\n<\/li>\n<li data-start=\"1571\" data-end=\"1665\" data-is-last-node=\"\">\n<p data-start=\"1573\" data-end=\"1665\" data-is-last-node=\"\"><span style=\"color: #000000;\"><strong data-start=\"1573\" data-end=\"1665\" data-is-last-node=\"\">Potencia la resistencia de la planta contra plagas, enfermedades y condiciones extremas.<\/strong><\/span><\/p>\n<\/li>\n<\/ul>\n","protected":false},"featured_media":13671,"template":"","meta":{"ngg_post_thumbnail":0},"product_brand":[],"product_cat":[166],"product_tag":[],"class_list":{"0":"post-13674","1":"product","2":"type-product","3":"status-publish","4":"has-post-thumbnail","6":"product_cat-probiotic-soil-amendment","8":"first","9":"instock","10":"shipping-taxable","11":"product-type-simple"},"yoast_head":"<!-- This site is optimized with the Yoast SEO plugin v27.4 - https:\/\/yoast.com\/product\/yoast-seo-wordpress\/ -->\n<title>MicrobeBio\u00ae Vigor Ultra\u2122 - Microbial fertilizer Organic Fertilizer USA<\/title>\n<meta name=\"robots\" content=\"index, follow, max-snippet:-1, max-image-preview:large, max-video-preview:-1\" \/>\n<link rel=\"canonical\" href=\"https:\/\/www.microbebio.com\/spanish-microbe-fertilizer\/product\/microbebio-vigor-ultra\/\" \/>\n<meta property=\"og:locale\" content=\"en_US\" \/>\n<meta property=\"og:type\" content=\"article\" \/>\n<meta property=\"og:title\" content=\"MicrobeBio\u00ae Vigor Ultra\u2122 - Microbial fertilizer Organic Fertilizer USA\" \/>\n<meta property=\"og:description\" content=\"MicrobeBio\u00ae Vigor Ultra\u2122 Consiste en un consorcio sin\u00e9rgico de microbios probi\u00f3ticos naturales del suelo, nutrientes esenciales macro\/micro y materia org\u00e1nica, dise\u00f1ado para mejorar pr\u00e1cticamente todos los tipos de cultivos, condiciones del suelo y climas. Vigor Ultra tambi\u00e9n mejora los mecanismos de defensa naturales de las plantas contra ciertos insectos de tejido blando, reduciendo la necesidad de pesticidas qu\u00edmicos. Este producto est\u00e1 dise\u00f1ado para potenciar la inmunidad de la planta en la zona de la filosfera, defendiendo a la planta contra los estreses ambientales f\u00edsicos y biol\u00f3gicos, mientras aumenta el rendimiento de los cultivos y la absorci\u00f3n de nutrientes. MicrobeBio\u00ae Vigor Ultra\u2122 mejora las capacidades de absorci\u00f3n de agua y nutrientes al colonizar la zona radicular, formando as\u00ed una relaci\u00f3n simbi\u00f3tica con la planta. Los beneficios se reflejan en menores requisitos de riego, mejor tolerancia a la sequ\u00eda, mayor supervivencia de trasplantes, mayor producci\u00f3n de semillas y frutos, salud general mejorada, apariencia m\u00e1s vibrante, y plantas m\u00e1s vigorosas y de crecimiento r\u00e1pido, adem\u00e1s de un impulso de nitr\u00f3geno para un crecimiento superior. Vigor Ultra ayuda a construir y apoyar el sistema inmunol\u00f3gico natural de la planta y su capacidad para resistir plagas, enfermedades y condiciones extremas.  Beneficios:    Aumenta la tasa de fotos\u00edntesis.    Mejora la efectividad de la absorci\u00f3n y asimilaci\u00f3n de nutrientes.    Promueve un mayor rendimiento.    Mejora la vitalidad general de la planta.    Potencia la resistencia de la planta contra plagas, enfermedades y condiciones extremas.\" \/>\n<meta property=\"og:url\" content=\"https:\/\/www.microbebio.com\/spanish-microbe-fertilizer\/product\/microbebio-vigor-ultra\/\" \/>\n<meta property=\"og:site_name\" content=\"Microbial fertilizer Organic Fertilizer USA\" \/>\n<meta property=\"article:modified_time\" content=\"2025-07-29T21:47:18+00:00\" \/>\n<meta property=\"og:image\" content=\"https:\/\/www.microbebio.com\/spanish-microbe-fertilizer\/wp-content\/uploads\/2021\/05\/MICROBEBIO-VIGORULTRA.jpg\" \/>\n\t<meta property=\"og:image:width\" content=\"300\" \/>\n\t<meta property=\"og:image:height\" content=\"300\" \/>\n\t<meta property=\"og:image:type\" content=\"image\/jpeg\" \/>\n<meta name=\"twitter:card\" content=\"summary_large_image\" \/>\n<meta name=\"twitter:label1\" content=\"Est. reading time\" \/>\n\t<meta name=\"twitter:data1\" content=\"1 minute\" \/>\n<script type=\"application\/ld+json\" class=\"yoast-schema-graph\">{\"@context\":\"https:\\\/\\\/schema.org\",\"@graph\":[{\"@type\":\"WebPage\",\"@id\":\"https:\\\/\\\/www.microbebio.com\\\/spanish-microbe-fertilizer\\\/product\\\/microbebio-vigor-ultra\\\/\",\"url\":\"https:\\\/\\\/www.microbebio.com\\\/spanish-microbe-fertilizer\\\/product\\\/microbebio-vigor-ultra\\\/\",\"name\":\"MicrobeBio\u00ae Vigor Ultra\u2122 - Microbial fertilizer Organic Fertilizer USA\",\"isPartOf\":{\"@id\":\"https:\\\/\\\/www.microbebio.com\\\/spanish-microbe-fertilizer\\\/#website\"},\"primaryImageOfPage\":{\"@id\":\"https:\\\/\\\/www.microbebio.com\\\/spanish-microbe-fertilizer\\\/product\\\/microbebio-vigor-ultra\\\/#primaryimage\"},\"image\":{\"@id\":\"https:\\\/\\\/www.microbebio.com\\\/spanish-microbe-fertilizer\\\/product\\\/microbebio-vigor-ultra\\\/#primaryimage\"},\"thumbnailUrl\":\"https:\\\/\\\/www.microbebio.com\\\/spanish-microbe-fertilizer\\\/wp-content\\\/uploads\\\/2021\\\/05\\\/MICROBEBIO-VIGORULTRA.jpg\",\"datePublished\":\"2021-05-28T18:12:48+00:00\",\"dateModified\":\"2025-07-29T21:47:18+00:00\",\"breadcrumb\":{\"@id\":\"https:\\\/\\\/www.microbebio.com\\\/spanish-microbe-fertilizer\\\/product\\\/microbebio-vigor-ultra\\\/#breadcrumb\"},\"inLanguage\":\"en-US\",\"potentialAction\":[{\"@type\":\"ReadAction\",\"target\":[\"https:\\\/\\\/www.microbebio.com\\\/spanish-microbe-fertilizer\\\/product\\\/microbebio-vigor-ultra\\\/\"]}]},{\"@type\":\"ImageObject\",\"inLanguage\":\"en-US\",\"@id\":\"https:\\\/\\\/www.microbebio.com\\\/spanish-microbe-fertilizer\\\/product\\\/microbebio-vigor-ultra\\\/#primaryimage\",\"url\":\"https:\\\/\\\/www.microbebio.com\\\/spanish-microbe-fertilizer\\\/wp-content\\\/uploads\\\/2021\\\/05\\\/MICROBEBIO-VIGORULTRA.jpg\",\"contentUrl\":\"https:\\\/\\\/www.microbebio.com\\\/spanish-microbe-fertilizer\\\/wp-content\\\/uploads\\\/2021\\\/05\\\/MICROBEBIO-VIGORULTRA.jpg\",\"width\":300,\"height\":300},{\"@type\":\"BreadcrumbList\",\"@id\":\"https:\\\/\\\/www.microbebio.com\\\/spanish-microbe-fertilizer\\\/product\\\/microbebio-vigor-ultra\\\/#breadcrumb\",\"itemListElement\":[{\"@type\":\"ListItem\",\"position\":1,\"name\":\"Home\",\"item\":\"https:\\\/\\\/www.microbebio.com\\\/spanish-microbe-fertilizer\\\/\"},{\"@type\":\"ListItem\",\"position\":2,\"name\":\"Shop\",\"item\":\"https:\\\/\\\/www.microbebio.com\\\/spanish-microbe-fertilizer\\\/shop\\\/\"},{\"@type\":\"ListItem\",\"position\":3,\"name\":\"MicrobeBio\u00ae Vigor Ultra\u2122\"}]},{\"@type\":\"WebSite\",\"@id\":\"https:\\\/\\\/www.microbebio.com\\\/spanish-microbe-fertilizer\\\/#website\",\"url\":\"https:\\\/\\\/www.microbebio.com\\\/spanish-microbe-fertilizer\\\/\",\"name\":\"Microbial fertilizer Organic Fertilizer USA\",\"description\":\"Microbes Fertilizer Nature Phenomenon\",\"potentialAction\":[{\"@type\":\"SearchAction\",\"target\":{\"@type\":\"EntryPoint\",\"urlTemplate\":\"https:\\\/\\\/www.microbebio.com\\\/spanish-microbe-fertilizer\\\/?s={search_term_string}\"},\"query-input\":{\"@type\":\"PropertyValueSpecification\",\"valueRequired\":true,\"valueName\":\"search_term_string\"}}],\"inLanguage\":\"en-US\"}]}<\/script>\n<!-- \/ Yoast SEO plugin. -->","yoast_head_json":{"title":"MicrobeBio\u00ae Vigor Ultra\u2122 - Microbial fertilizer Organic Fertilizer USA","robots":{"index":"index","follow":"follow","max-snippet":"max-snippet:-1","max-image-preview":"max-image-preview:large","max-video-preview":"max-video-preview:-1"},"canonical":"https:\/\/www.microbebio.com\/spanish-microbe-fertilizer\/product\/microbebio-vigor-ultra\/","og_locale":"en_US","og_type":"article","og_title":"MicrobeBio\u00ae Vigor Ultra\u2122 - Microbial fertilizer Organic Fertilizer USA","og_description":"MicrobeBio\u00ae Vigor Ultra\u2122 Consiste en un consorcio sin\u00e9rgico de microbios probi\u00f3ticos naturales del suelo, nutrientes esenciales macro\/micro y materia org\u00e1nica, dise\u00f1ado para mejorar pr\u00e1cticamente todos los tipos de cultivos, condiciones del suelo y climas. Vigor Ultra tambi\u00e9n mejora los mecanismos de defensa naturales de las plantas contra ciertos insectos de tejido blando, reduciendo la necesidad de pesticidas qu\u00edmicos. Este producto est\u00e1 dise\u00f1ado para potenciar la inmunidad de la planta en la zona de la filosfera, defendiendo a la planta contra los estreses ambientales f\u00edsicos y biol\u00f3gicos, mientras aumenta el rendimiento de los cultivos y la absorci\u00f3n de nutrientes. MicrobeBio\u00ae Vigor Ultra\u2122 mejora las capacidades de absorci\u00f3n de agua y nutrientes al colonizar la zona radicular, formando as\u00ed una relaci\u00f3n simbi\u00f3tica con la planta. Los beneficios se reflejan en menores requisitos de riego, mejor tolerancia a la sequ\u00eda, mayor supervivencia de trasplantes, mayor producci\u00f3n de semillas y frutos, salud general mejorada, apariencia m\u00e1s vibrante, y plantas m\u00e1s vigorosas y de crecimiento r\u00e1pido, adem\u00e1s de un impulso de nitr\u00f3geno para un crecimiento superior. Vigor Ultra ayuda a construir y apoyar el sistema inmunol\u00f3gico natural de la planta y su capacidad para resistir plagas, enfermedades y condiciones extremas.  Beneficios:    Aumenta la tasa de fotos\u00edntesis.    Mejora la efectividad de la absorci\u00f3n y asimilaci\u00f3n de nutrientes.    Promueve un mayor rendimiento.    Mejora la vitalidad general de la planta.    Potencia la resistencia de la planta contra plagas, enfermedades y condiciones extremas.","og_url":"https:\/\/www.microbebio.com\/spanish-microbe-fertilizer\/product\/microbebio-vigor-ultra\/","og_site_name":"Microbial fertilizer Organic Fertilizer USA","article_modified_time":"2025-07-29T21:47:18+00:00","og_image":[{"width":300,"height":300,"url":"https:\/\/www.microbebio.com\/spanish-microbe-fertilizer\/wp-content\/uploads\/2021\/05\/MICROBEBIO-VIGORULTRA.jpg","type":"image\/jpeg"}],"twitter_card":"summary_large_image","twitter_misc":{"Est. reading time":"1 minute"},"schema":{"@context":"https:\/\/schema.org","@graph":[{"@type":"WebPage","@id":"https:\/\/www.microbebio.com\/spanish-microbe-fertilizer\/product\/microbebio-vigor-ultra\/","url":"https:\/\/www.microbebio.com\/spanish-microbe-fertilizer\/product\/microbebio-vigor-ultra\/","name":"MicrobeBio\u00ae Vigor Ultra\u2122 - Microbial fertilizer Organic Fertilizer USA","isPartOf":{"@id":"https:\/\/www.microbebio.com\/spanish-microbe-fertilizer\/#website"},"primaryImageOfPage":{"@id":"https:\/\/www.microbebio.com\/spanish-microbe-fertilizer\/product\/microbebio-vigor-ultra\/#primaryimage"},"image":{"@id":"https:\/\/www.microbebio.com\/spanish-microbe-fertilizer\/product\/microbebio-vigor-ultra\/#primaryimage"},"thumbnailUrl":"https:\/\/www.microbebio.com\/spanish-microbe-fertilizer\/wp-content\/uploads\/2021\/05\/MICROBEBIO-VIGORULTRA.jpg","datePublished":"2021-05-28T18:12:48+00:00","dateModified":"2025-07-29T21:47:18+00:00","breadcrumb":{"@id":"https:\/\/www.microbebio.com\/spanish-microbe-fertilizer\/product\/microbebio-vigor-ultra\/#breadcrumb"},"inLanguage":"en-US","potentialAction":[{"@type":"ReadAction","target":["https:\/\/www.microbebio.com\/spanish-microbe-fertilizer\/product\/microbebio-vigor-ultra\/"]}]},{"@type":"ImageObject","inLanguage":"en-US","@id":"https:\/\/www.microbebio.com\/spanish-microbe-fertilizer\/product\/microbebio-vigor-ultra\/#primaryimage","url":"https:\/\/www.microbebio.com\/spanish-microbe-fertilizer\/wp-content\/uploads\/2021\/05\/MICROBEBIO-VIGORULTRA.jpg","contentUrl":"https:\/\/www.microbebio.com\/spanish-microbe-fertilizer\/wp-content\/uploads\/2021\/05\/MICROBEBIO-VIGORULTRA.jpg","width":300,"height":300},{"@type":"BreadcrumbList","@id":"https:\/\/www.microbebio.com\/spanish-microbe-fertilizer\/product\/microbebio-vigor-ultra\/#breadcrumb","itemListElement":[{"@type":"ListItem","position":1,"name":"Home","item":"https:\/\/www.microbebio.com\/spanish-microbe-fertilizer\/"},{"@type":"ListItem","position":2,"name":"Shop","item":"https:\/\/www.microbebio.com\/spanish-microbe-fertilizer\/shop\/"},{"@type":"ListItem","position":3,"name":"MicrobeBio\u00ae Vigor Ultra\u2122"}]},{"@type":"WebSite","@id":"https:\/\/www.microbebio.com\/spanish-microbe-fertilizer\/#website","url":"https:\/\/www.microbebio.com\/spanish-microbe-fertilizer\/","name":"Microbial fertilizer Organic Fertilizer USA","description":"Microbes Fertilizer Nature Phenomenon","potentialAction":[{"@type":"SearchAction","target":{"@type":"EntryPoint","urlTemplate":"https:\/\/www.microbebio.com\/spanish-microbe-fertilizer\/?s={search_term_string}"},"query-input":{"@type":"PropertyValueSpecification","valueRequired":true,"valueName":"search_term_string"}}],"inLanguage":"en-US"}]}},"_links":{"self":[{"href":"https:\/\/www.microbebio.com\/spanish-microbe-fertilizer\/wp-json\/wp\/v2\/product\/13674","targetHints":{"allow":["GET"]}}],"collection":[{"href":"https:\/\/www.microbebio.com\/spanish-microbe-fertilizer\/wp-json\/wp\/v2\/product"}],"about":[{"href":"https:\/\/www.microbebio.com\/spanish-microbe-fertilizer\/wp-json\/wp\/v2\/types\/product"}],"wp:featuredmedia":[{"embeddable":true,"href":"https:\/\/www.microbebio.com\/spanish-microbe-fertilizer\/wp-json\/wp\/v2\/media\/13671"}],"wp:attachment":[{"href":"https:\/\/www.microbebio.com\/spanish-microbe-fertilizer\/wp-json\/wp\/v2\/media?parent=13674"}],"wp:term":[{"taxonomy":"product_brand","embeddable":true,"href":"https:\/\/www.microbebio.com\/spanish-microbe-fertilizer\/wp-json\/wp\/v2\/product_brand?post=13674"},{"taxonomy":"product_cat","embeddable":true,"href":"https:\/\/www.microbebio.com\/spanish-microbe-fertilizer\/wp-json\/wp\/v2\/product_cat?post=13674"},{"taxonomy":"product_tag","embeddable":true,"href":"https:\/\/www.microbebio.com\/spanish-microbe-fertilizer\/wp-json\/wp\/v2\/product_tag?post=13674"}],"curies":[{"name":"wp","href":"https:\/\/api.w.org\/{rel}","templated":true}]}}