{"id":13678,"date":"2021-05-28T11:42:33","date_gmt":"2021-05-28T18:42:33","guid":{"rendered":"https:\/\/www.microbebio.com\/spanish-microbe-fertilizer\/?post_type=product&#038;p=13678"},"modified":"2025-07-29T14:45:18","modified_gmt":"2025-07-29T21:45:18","slug":"microbebio-vigor-boost","status":"publish","type":"product","link":"https:\/\/www.microbebio.com\/spanish-microbe-fertilizer\/product\/microbebio-vigor-boost\/","title":{"rendered":"MicrobeBio\u00ae Vigor Boost\u2122"},"content":{"rendered":"","protected":false},"excerpt":{"rendered":"<p data-start=\"0\" data-end=\"745\"><span style=\"color: #000000;\"><strong data-start=\"0\" data-end=\"28\">Microbebio\u00ae Vigor Boost\u2122<\/strong> consiste en un consorcio sin\u00e9rgico de microbios probi\u00f3ticos del suelo, macro\/micronutrientes y materia org\u00e1nica dise\u00f1ados para mejorar pr\u00e1cticamente todos los tipos de cultivos, condiciones del suelo y climas. Contiene una bacteria natural de la riz\u00f3sfera que r\u00e1pidamente coloniza el suelo, formando colonias protectoras sobre y alrededor de los delicados pelos radiculares y en la superficie de las hojas. <strong data-start=\"436\" data-end=\"464\">Microbebio\u00ae Vigor Boost\u2122<\/strong> es una bacteria grampositiva, que sobrevive en condiciones ambientales extremas como calor, sequedad, salinidad y pH extremos, lo que la convierte en un control duradero, confiable y efectivo para la supresi\u00f3n y control de enfermedades f\u00fangicas y bacterianas del suelo y foliares.<\/span><\/p>\n<h3 data-start=\"747\" data-end=\"766\"><span style=\"color: #000000;\"><strong data-start=\"751\" data-end=\"766\">Beneficios:<\/strong><\/span><\/h3>\n<ul data-start=\"768\" data-end=\"1085\">\n<li data-start=\"768\" data-end=\"810\">\n<p data-start=\"770\" data-end=\"810\"><span style=\"color: #000000;\"><strong data-start=\"770\" data-end=\"810\">Aumenta la eficiencia fotosint\u00e9tica.<\/strong><\/span><\/p>\n<\/li>\n<li data-start=\"811\" data-end=\"865\">\n<p data-start=\"813\" data-end=\"865\"><span style=\"color: #000000;\"><strong data-start=\"813\" data-end=\"865\">Mejora la absorci\u00f3n y asimilaci\u00f3n de nutrientes.<\/strong><\/span><\/p>\n<\/li>\n<li data-start=\"866\" data-end=\"900\">\n<p data-start=\"868\" data-end=\"900\"><span style=\"color: #000000;\"><strong data-start=\"868\" data-end=\"900\">Promueve altos rendimientos.<\/strong><\/span><\/p>\n<\/li>\n<li data-start=\"901\" data-end=\"947\">\n<p data-start=\"903\" data-end=\"947\"><span style=\"color: #000000;\"><strong data-start=\"903\" data-end=\"947\">Inhibe pat\u00f3genos f\u00fangicos y bacterianos.<\/strong><\/span><\/p>\n<\/li>\n<li data-start=\"948\" data-end=\"998\">\n<p data-start=\"950\" data-end=\"998\"><span style=\"color: #000000;\"><strong data-start=\"950\" data-end=\"998\">Se puede aplicar hasta el d\u00eda de la cosecha.<\/strong><\/span><\/p>\n<\/li>\n<li data-start=\"999\" data-end=\"1085\">\n<p data-start=\"1001\" data-end=\"1085\"><span style=\"color: #000000;\"><strong data-start=\"1001\" data-end=\"1085\">Control y supresi\u00f3n de enfermedades f\u00fangicas y bacterianas del suelo y foliares.<\/strong><\/span><\/p>\n<\/li>\n<\/ul>\n<h3 data-start=\"1087\" data-end=\"1112\"><span style=\"color: #000000;\"><strong data-start=\"1091\" data-end=\"1112\">Otros Beneficios:<\/strong><\/span><\/h3>\n<ul data-start=\"1114\" data-end=\"1343\" data-is-last-node=\"\" data-is-only-node=\"\">\n<li data-start=\"1114\" data-end=\"1144\">\n<p data-start=\"1116\" data-end=\"1144\"><span style=\"color: #000000;\"><strong data-start=\"1116\" data-end=\"1144\">Promueve el crecimiento.<\/strong><\/span><\/p>\n<\/li>\n<li data-start=\"1145\" data-end=\"1184\">\n<p data-start=\"1147\" data-end=\"1184\"><span style=\"color: #000000;\"><strong data-start=\"1147\" data-end=\"1184\">Estimula la actividad microbiana.<\/strong><\/span><\/p>\n<\/li>\n<li data-start=\"1185\" data-end=\"1238\">\n<p data-start=\"1187\" data-end=\"1238\"><span style=\"color: #000000;\"><strong data-start=\"1187\" data-end=\"1238\">Mejora la profundidad y densidad de las ra\u00edces.<\/strong><\/span><\/p>\n<\/li>\n<li data-start=\"1239\" data-end=\"1287\">\n<p data-start=\"1241\" data-end=\"1287\"><span style=\"color: #000000;\"><strong data-start=\"1241\" data-end=\"1287\">Aumenta la capacidad de retenci\u00f3n de agua.<\/strong><\/span><\/p>\n<\/li>\n<li data-start=\"1288\" data-end=\"1343\" data-is-last-node=\"\">\n<p data-start=\"1290\" data-end=\"1343\" data-is-last-node=\"\"><span style=\"color: #000000;\"><strong data-start=\"1290\" data-end=\"1343\" data-is-last-node=\"\">Incrementa la eficiencia en el uso de nutrientes.<\/strong><\/span><\/p>\n<\/li>\n<\/ul>\n<p>&nbsp;<\/p>\n","protected":false},"featured_media":13670,"template":"","meta":{"ngg_post_thumbnail":0},"product_brand":[],"product_cat":[166,21],"product_tag":[274],"class_list":{"0":"post-13678","1":"product","2":"type-product","3":"status-publish","4":"has-post-thumbnail","6":"product_cat-probiotic-soil-amendment","7":"product_cat-products","8":"product_tag-probiotic-soil-amendment","10":"first","11":"instock","12":"shipping-taxable","13":"product-type-simple"},"yoast_head":"<!-- This site is optimized with the Yoast SEO plugin v27.4 - https:\/\/yoast.com\/product\/yoast-seo-wordpress\/ -->\n<title>MicrobeBio\u00ae Vigor Boost\u2122 - Microbial fertilizer Organic Fertilizer USA<\/title>\n<meta name=\"robots\" content=\"index, follow, max-snippet:-1, max-image-preview:large, max-video-preview:-1\" \/>\n<link rel=\"canonical\" href=\"https:\/\/www.microbebio.com\/spanish-microbe-fertilizer\/product\/microbebio-vigor-boost\/\" \/>\n<meta property=\"og:locale\" content=\"en_US\" \/>\n<meta property=\"og:type\" content=\"article\" \/>\n<meta property=\"og:title\" content=\"MicrobeBio\u00ae Vigor Boost\u2122 - Microbial fertilizer Organic Fertilizer USA\" \/>\n<meta property=\"og:description\" content=\"Microbebio\u00ae Vigor Boost\u2122 consiste en un consorcio sin\u00e9rgico de microbios probi\u00f3ticos del suelo, macro\/micronutrientes y materia org\u00e1nica dise\u00f1ados para mejorar pr\u00e1cticamente todos los tipos de cultivos, condiciones del suelo y climas. Contiene una bacteria natural de la riz\u00f3sfera que r\u00e1pidamente coloniza el suelo, formando colonias protectoras sobre y alrededor de los delicados pelos radiculares y en la superficie de las hojas. Microbebio\u00ae Vigor Boost\u2122 es una bacteria grampositiva, que sobrevive en condiciones ambientales extremas como calor, sequedad, salinidad y pH extremos, lo que la convierte en un control duradero, confiable y efectivo para la supresi\u00f3n y control de enfermedades f\u00fangicas y bacterianas del suelo y foliares.  Beneficios:    Aumenta la eficiencia fotosint\u00e9tica.    Mejora la absorci\u00f3n y asimilaci\u00f3n de nutrientes.    Promueve altos rendimientos.    Inhibe pat\u00f3genos f\u00fangicos y bacterianos.    Se puede aplicar hasta el d\u00eda de la cosecha.    Control y supresi\u00f3n de enfermedades f\u00fangicas y bacterianas del suelo y foliares.   Otros Beneficios:    Promueve el crecimiento.    Estimula la actividad microbiana.    Mejora la profundidad y densidad de las ra\u00edces.    Aumenta la capacidad de retenci\u00f3n de agua.    Incrementa la eficiencia en el uso de nutrientes.   &nbsp;\" \/>\n<meta property=\"og:url\" content=\"https:\/\/www.microbebio.com\/spanish-microbe-fertilizer\/product\/microbebio-vigor-boost\/\" \/>\n<meta property=\"og:site_name\" content=\"Microbial fertilizer Organic Fertilizer USA\" \/>\n<meta property=\"article:modified_time\" content=\"2025-07-29T21:45:18+00:00\" \/>\n<meta property=\"og:image\" content=\"https:\/\/www.microbebio.com\/spanish-microbe-fertilizer\/wp-content\/uploads\/2021\/05\/MICROBEBIO-VIGOR-BOOST.jpg\" \/>\n\t<meta property=\"og:image:width\" content=\"300\" \/>\n\t<meta property=\"og:image:height\" content=\"300\" \/>\n\t<meta property=\"og:image:type\" content=\"image\/jpeg\" \/>\n<meta name=\"twitter:card\" content=\"summary_large_image\" \/>\n<meta name=\"twitter:label1\" content=\"Est. reading time\" \/>\n\t<meta name=\"twitter:data1\" content=\"1 minute\" \/>\n<script type=\"application\/ld+json\" class=\"yoast-schema-graph\">{\"@context\":\"https:\\\/\\\/schema.org\",\"@graph\":[{\"@type\":\"WebPage\",\"@id\":\"https:\\\/\\\/www.microbebio.com\\\/spanish-microbe-fertilizer\\\/product\\\/microbebio-vigor-boost\\\/\",\"url\":\"https:\\\/\\\/www.microbebio.com\\\/spanish-microbe-fertilizer\\\/product\\\/microbebio-vigor-boost\\\/\",\"name\":\"MicrobeBio\u00ae Vigor Boost\u2122 - Microbial fertilizer Organic Fertilizer USA\",\"isPartOf\":{\"@id\":\"https:\\\/\\\/www.microbebio.com\\\/spanish-microbe-fertilizer\\\/#website\"},\"primaryImageOfPage\":{\"@id\":\"https:\\\/\\\/www.microbebio.com\\\/spanish-microbe-fertilizer\\\/product\\\/microbebio-vigor-boost\\\/#primaryimage\"},\"image\":{\"@id\":\"https:\\\/\\\/www.microbebio.com\\\/spanish-microbe-fertilizer\\\/product\\\/microbebio-vigor-boost\\\/#primaryimage\"},\"thumbnailUrl\":\"https:\\\/\\\/www.microbebio.com\\\/spanish-microbe-fertilizer\\\/wp-content\\\/uploads\\\/2021\\\/05\\\/MICROBEBIO-VIGOR-BOOST.jpg\",\"datePublished\":\"2021-05-28T18:42:33+00:00\",\"dateModified\":\"2025-07-29T21:45:18+00:00\",\"breadcrumb\":{\"@id\":\"https:\\\/\\\/www.microbebio.com\\\/spanish-microbe-fertilizer\\\/product\\\/microbebio-vigor-boost\\\/#breadcrumb\"},\"inLanguage\":\"en-US\",\"potentialAction\":[{\"@type\":\"ReadAction\",\"target\":[\"https:\\\/\\\/www.microbebio.com\\\/spanish-microbe-fertilizer\\\/product\\\/microbebio-vigor-boost\\\/\"]}]},{\"@type\":\"ImageObject\",\"inLanguage\":\"en-US\",\"@id\":\"https:\\\/\\\/www.microbebio.com\\\/spanish-microbe-fertilizer\\\/product\\\/microbebio-vigor-boost\\\/#primaryimage\",\"url\":\"https:\\\/\\\/www.microbebio.com\\\/spanish-microbe-fertilizer\\\/wp-content\\\/uploads\\\/2021\\\/05\\\/MICROBEBIO-VIGOR-BOOST.jpg\",\"contentUrl\":\"https:\\\/\\\/www.microbebio.com\\\/spanish-microbe-fertilizer\\\/wp-content\\\/uploads\\\/2021\\\/05\\\/MICROBEBIO-VIGOR-BOOST.jpg\",\"width\":300,\"height\":300},{\"@type\":\"BreadcrumbList\",\"@id\":\"https:\\\/\\\/www.microbebio.com\\\/spanish-microbe-fertilizer\\\/product\\\/microbebio-vigor-boost\\\/#breadcrumb\",\"itemListElement\":[{\"@type\":\"ListItem\",\"position\":1,\"name\":\"Home\",\"item\":\"https:\\\/\\\/www.microbebio.com\\\/spanish-microbe-fertilizer\\\/\"},{\"@type\":\"ListItem\",\"position\":2,\"name\":\"Shop\",\"item\":\"https:\\\/\\\/www.microbebio.com\\\/spanish-microbe-fertilizer\\\/shop\\\/\"},{\"@type\":\"ListItem\",\"position\":3,\"name\":\"MicrobeBio\u00ae Vigor Boost\u2122\"}]},{\"@type\":\"WebSite\",\"@id\":\"https:\\\/\\\/www.microbebio.com\\\/spanish-microbe-fertilizer\\\/#website\",\"url\":\"https:\\\/\\\/www.microbebio.com\\\/spanish-microbe-fertilizer\\\/\",\"name\":\"Microbial fertilizer Organic Fertilizer USA\",\"description\":\"Microbes Fertilizer Nature Phenomenon\",\"potentialAction\":[{\"@type\":\"SearchAction\",\"target\":{\"@type\":\"EntryPoint\",\"urlTemplate\":\"https:\\\/\\\/www.microbebio.com\\\/spanish-microbe-fertilizer\\\/?s={search_term_string}\"},\"query-input\":{\"@type\":\"PropertyValueSpecification\",\"valueRequired\":true,\"valueName\":\"search_term_string\"}}],\"inLanguage\":\"en-US\"}]}<\/script>\n<!-- \/ Yoast SEO plugin. -->","yoast_head_json":{"title":"MicrobeBio\u00ae Vigor Boost\u2122 - Microbial fertilizer Organic Fertilizer USA","robots":{"index":"index","follow":"follow","max-snippet":"max-snippet:-1","max-image-preview":"max-image-preview:large","max-video-preview":"max-video-preview:-1"},"canonical":"https:\/\/www.microbebio.com\/spanish-microbe-fertilizer\/product\/microbebio-vigor-boost\/","og_locale":"en_US","og_type":"article","og_title":"MicrobeBio\u00ae Vigor Boost\u2122 - Microbial fertilizer Organic Fertilizer USA","og_description":"Microbebio\u00ae Vigor Boost\u2122 consiste en un consorcio sin\u00e9rgico de microbios probi\u00f3ticos del suelo, macro\/micronutrientes y materia org\u00e1nica dise\u00f1ados para mejorar pr\u00e1cticamente todos los tipos de cultivos, condiciones del suelo y climas. Contiene una bacteria natural de la riz\u00f3sfera que r\u00e1pidamente coloniza el suelo, formando colonias protectoras sobre y alrededor de los delicados pelos radiculares y en la superficie de las hojas. Microbebio\u00ae Vigor Boost\u2122 es una bacteria grampositiva, que sobrevive en condiciones ambientales extremas como calor, sequedad, salinidad y pH extremos, lo que la convierte en un control duradero, confiable y efectivo para la supresi\u00f3n y control de enfermedades f\u00fangicas y bacterianas del suelo y foliares.  Beneficios:    Aumenta la eficiencia fotosint\u00e9tica.    Mejora la absorci\u00f3n y asimilaci\u00f3n de nutrientes.    Promueve altos rendimientos.    Inhibe pat\u00f3genos f\u00fangicos y bacterianos.    Se puede aplicar hasta el d\u00eda de la cosecha.    Control y supresi\u00f3n de enfermedades f\u00fangicas y bacterianas del suelo y foliares.   Otros Beneficios:    Promueve el crecimiento.    Estimula la actividad microbiana.    Mejora la profundidad y densidad de las ra\u00edces.    Aumenta la capacidad de retenci\u00f3n de agua.    Incrementa la eficiencia en el uso de nutrientes.   &nbsp;","og_url":"https:\/\/www.microbebio.com\/spanish-microbe-fertilizer\/product\/microbebio-vigor-boost\/","og_site_name":"Microbial fertilizer Organic Fertilizer USA","article_modified_time":"2025-07-29T21:45:18+00:00","og_image":[{"width":300,"height":300,"url":"https:\/\/www.microbebio.com\/spanish-microbe-fertilizer\/wp-content\/uploads\/2021\/05\/MICROBEBIO-VIGOR-BOOST.jpg","type":"image\/jpeg"}],"twitter_card":"summary_large_image","twitter_misc":{"Est. reading time":"1 minute"},"schema":{"@context":"https:\/\/schema.org","@graph":[{"@type":"WebPage","@id":"https:\/\/www.microbebio.com\/spanish-microbe-fertilizer\/product\/microbebio-vigor-boost\/","url":"https:\/\/www.microbebio.com\/spanish-microbe-fertilizer\/product\/microbebio-vigor-boost\/","name":"MicrobeBio\u00ae Vigor Boost\u2122 - Microbial fertilizer Organic Fertilizer USA","isPartOf":{"@id":"https:\/\/www.microbebio.com\/spanish-microbe-fertilizer\/#website"},"primaryImageOfPage":{"@id":"https:\/\/www.microbebio.com\/spanish-microbe-fertilizer\/product\/microbebio-vigor-boost\/#primaryimage"},"image":{"@id":"https:\/\/www.microbebio.com\/spanish-microbe-fertilizer\/product\/microbebio-vigor-boost\/#primaryimage"},"thumbnailUrl":"https:\/\/www.microbebio.com\/spanish-microbe-fertilizer\/wp-content\/uploads\/2021\/05\/MICROBEBIO-VIGOR-BOOST.jpg","datePublished":"2021-05-28T18:42:33+00:00","dateModified":"2025-07-29T21:45:18+00:00","breadcrumb":{"@id":"https:\/\/www.microbebio.com\/spanish-microbe-fertilizer\/product\/microbebio-vigor-boost\/#breadcrumb"},"inLanguage":"en-US","potentialAction":[{"@type":"ReadAction","target":["https:\/\/www.microbebio.com\/spanish-microbe-fertilizer\/product\/microbebio-vigor-boost\/"]}]},{"@type":"ImageObject","inLanguage":"en-US","@id":"https:\/\/www.microbebio.com\/spanish-microbe-fertilizer\/product\/microbebio-vigor-boost\/#primaryimage","url":"https:\/\/www.microbebio.com\/spanish-microbe-fertilizer\/wp-content\/uploads\/2021\/05\/MICROBEBIO-VIGOR-BOOST.jpg","contentUrl":"https:\/\/www.microbebio.com\/spanish-microbe-fertilizer\/wp-content\/uploads\/2021\/05\/MICROBEBIO-VIGOR-BOOST.jpg","width":300,"height":300},{"@type":"BreadcrumbList","@id":"https:\/\/www.microbebio.com\/spanish-microbe-fertilizer\/product\/microbebio-vigor-boost\/#breadcrumb","itemListElement":[{"@type":"ListItem","position":1,"name":"Home","item":"https:\/\/www.microbebio.com\/spanish-microbe-fertilizer\/"},{"@type":"ListItem","position":2,"name":"Shop","item":"https:\/\/www.microbebio.com\/spanish-microbe-fertilizer\/shop\/"},{"@type":"ListItem","position":3,"name":"MicrobeBio\u00ae Vigor Boost\u2122"}]},{"@type":"WebSite","@id":"https:\/\/www.microbebio.com\/spanish-microbe-fertilizer\/#website","url":"https:\/\/www.microbebio.com\/spanish-microbe-fertilizer\/","name":"Microbial fertilizer Organic Fertilizer USA","description":"Microbes Fertilizer Nature Phenomenon","potentialAction":[{"@type":"SearchAction","target":{"@type":"EntryPoint","urlTemplate":"https:\/\/www.microbebio.com\/spanish-microbe-fertilizer\/?s={search_term_string}"},"query-input":{"@type":"PropertyValueSpecification","valueRequired":true,"valueName":"search_term_string"}}],"inLanguage":"en-US"}]}},"_links":{"self":[{"href":"https:\/\/www.microbebio.com\/spanish-microbe-fertilizer\/wp-json\/wp\/v2\/product\/13678","targetHints":{"allow":["GET"]}}],"collection":[{"href":"https:\/\/www.microbebio.com\/spanish-microbe-fertilizer\/wp-json\/wp\/v2\/product"}],"about":[{"href":"https:\/\/www.microbebio.com\/spanish-microbe-fertilizer\/wp-json\/wp\/v2\/types\/product"}],"wp:featuredmedia":[{"embeddable":true,"href":"https:\/\/www.microbebio.com\/spanish-microbe-fertilizer\/wp-json\/wp\/v2\/media\/13670"}],"wp:attachment":[{"href":"https:\/\/www.microbebio.com\/spanish-microbe-fertilizer\/wp-json\/wp\/v2\/media?parent=13678"}],"wp:term":[{"taxonomy":"product_brand","embeddable":true,"href":"https:\/\/www.microbebio.com\/spanish-microbe-fertilizer\/wp-json\/wp\/v2\/product_brand?post=13678"},{"taxonomy":"product_cat","embeddable":true,"href":"https:\/\/www.microbebio.com\/spanish-microbe-fertilizer\/wp-json\/wp\/v2\/product_cat?post=13678"},{"taxonomy":"product_tag","embeddable":true,"href":"https:\/\/www.microbebio.com\/spanish-microbe-fertilizer\/wp-json\/wp\/v2\/product_tag?post=13678"}],"curies":[{"name":"wp","href":"https:\/\/api.w.org\/{rel}","templated":true}]}}