{"id":13804,"date":"2021-07-29T12:33:27","date_gmt":"2021-07-29T19:33:27","guid":{"rendered":"https:\/\/www.microbebio.com\/spanish-microbe-fertilizer\/?post_type=product&#038;p=13804"},"modified":"2025-07-29T14:53:27","modified_gmt":"2025-07-29T21:53:27","slug":"microbebio-x7","status":"publish","type":"product","link":"https:\/\/www.microbebio.com\/spanish-microbe-fertilizer\/product\/microbebio-x7\/","title":{"rendered":"Microbebio\u00ae X7"},"content":{"rendered":"","protected":false},"excerpt":{"rendered":"<p data-start=\"0\" data-end=\"767\"><span style=\"color: #000000;\"><strong data-start=\"0\" data-end=\"17\">MicrobeBio X7<\/strong> contiene un 100% de extractos org\u00e1nicos puros y exclusivos de semillas para ayudar a las plantas a reducir los nematodos par\u00e1sitos, pat\u00f3genos bacterianos y f\u00fangicos en ra\u00edces y hojas, y para atacar plagas pat\u00f3genas en el follaje de las plantas. Es m\u00e1s eficaz cuando las larvas est\u00e1n aliment\u00e1ndose activamente y durante un brote de infestaci\u00f3n. El producto es seguro para organismos no objetivo, como depredadores ben\u00e9ficos, abejas mel\u00edferas, polinizadores, peces, aves, ganado y seres humanos. La f\u00f3rmula exclusiva de <strong data-start=\"536\" data-end=\"553\">MicrobeBio X7<\/strong> es un repelente org\u00e1nico anti-alimentaci\u00f3n, regulador del crecimiento y repelente de oviposici\u00f3n para insectos, siendo el ingrediente activo principal lo que hace que este producto sea un excelente aerosol foliar.<\/span><\/p>\n<h3 data-start=\"769\" data-end=\"799\"><span style=\"color: #000000;\"><strong data-start=\"773\" data-end=\"799\">Beneficios destacados:<\/strong><\/span><\/h3>\n<ul data-start=\"801\" data-end=\"1001\" data-is-last-node=\"\" data-is-only-node=\"\">\n<li data-start=\"801\" data-end=\"834\">\n<p data-start=\"803\" data-end=\"834\"><span style=\"color: #000000;\">100% biodegradable y ecol\u00f3gico.<\/span><\/p>\n<\/li>\n<li data-start=\"835\" data-end=\"886\">\n<p data-start=\"837\" data-end=\"886\"><span style=\"color: #000000;\">Presenta propiedades naturales anti-alimentaci\u00f3n.<\/span><\/p>\n<\/li>\n<li data-start=\"887\" data-end=\"935\">\n<p data-start=\"889\" data-end=\"935\"><span style=\"color: #000000;\">Act\u00faa como un regulador de crecimiento eficaz.<\/span><\/p>\n<\/li>\n<li data-start=\"936\" data-end=\"1001\" data-is-last-node=\"\">\n<p data-start=\"938\" data-end=\"1001\" data-is-last-node=\"\"><span style=\"color: #000000;\">Repelente de varios pat\u00f3genos, como nematodos, hongos y plagas.<\/span><\/p>\n<\/li>\n<\/ul>\n","protected":false},"featured_media":13672,"template":"","meta":{"ngg_post_thumbnail":0},"product_brand":[],"product_cat":[167,21],"product_tag":[],"class_list":{"0":"post-13804","1":"product","2":"type-product","3":"status-publish","4":"has-post-thumbnail","6":"product_cat-biorational","7":"product_cat-products","9":"first","10":"instock","11":"shipping-taxable","12":"product-type-simple"},"yoast_head":"<!-- This site is optimized with the Yoast SEO plugin v27.4 - https:\/\/yoast.com\/product\/yoast-seo-wordpress\/ -->\n<title>Microbebio\u00ae X7 - Microbial fertilizer Organic Fertilizer USA<\/title>\n<meta name=\"description\" content=\"Microbebio\u00ae X6 pyrethrum is an all-natural environmentally friendly insecticide recommended for knockdown and control of commercially damaged crop and livestock pests.\" \/>\n<meta name=\"robots\" content=\"index, follow, max-snippet:-1, max-image-preview:large, max-video-preview:-1\" \/>\n<link rel=\"canonical\" href=\"https:\/\/www.microbebio.com\/spanish-microbe-fertilizer\/product\/microbebio-x7\/\" \/>\n<meta property=\"og:locale\" content=\"en_US\" \/>\n<meta property=\"og:type\" content=\"article\" \/>\n<meta property=\"og:title\" content=\"Microbebio\u00ae X7 - Microbial fertilizer Organic Fertilizer USA\" \/>\n<meta property=\"og:description\" content=\"Microbebio\u00ae X6 pyrethrum is an all-natural environmentally friendly insecticide recommended for knockdown and control of commercially damaged crop and livestock pests.\" \/>\n<meta property=\"og:url\" content=\"https:\/\/www.microbebio.com\/spanish-microbe-fertilizer\/product\/microbebio-x7\/\" \/>\n<meta property=\"og:site_name\" content=\"Microbial fertilizer Organic Fertilizer USA\" \/>\n<meta property=\"article:modified_time\" content=\"2025-07-29T21:53:27+00:00\" \/>\n<meta property=\"og:image\" content=\"https:\/\/www.microbebio.com\/spanish-microbe-fertilizer\/wp-content\/uploads\/2021\/05\/Microbebio-X7.jpg\" \/>\n\t<meta property=\"og:image:width\" content=\"300\" \/>\n\t<meta property=\"og:image:height\" content=\"300\" \/>\n\t<meta property=\"og:image:type\" content=\"image\/jpeg\" \/>\n<meta name=\"twitter:card\" content=\"summary_large_image\" \/>\n<meta name=\"twitter:label1\" content=\"Est. reading time\" \/>\n\t<meta name=\"twitter:data1\" content=\"1 minute\" \/>\n<script type=\"application\/ld+json\" class=\"yoast-schema-graph\">{\"@context\":\"https:\\\/\\\/schema.org\",\"@graph\":[{\"@type\":\"WebPage\",\"@id\":\"https:\\\/\\\/www.microbebio.com\\\/spanish-microbe-fertilizer\\\/product\\\/microbebio-x7\\\/\",\"url\":\"https:\\\/\\\/www.microbebio.com\\\/spanish-microbe-fertilizer\\\/product\\\/microbebio-x7\\\/\",\"name\":\"Microbebio\u00ae X7 - Microbial fertilizer Organic Fertilizer USA\",\"isPartOf\":{\"@id\":\"https:\\\/\\\/www.microbebio.com\\\/spanish-microbe-fertilizer\\\/#website\"},\"primaryImageOfPage\":{\"@id\":\"https:\\\/\\\/www.microbebio.com\\\/spanish-microbe-fertilizer\\\/product\\\/microbebio-x7\\\/#primaryimage\"},\"image\":{\"@id\":\"https:\\\/\\\/www.microbebio.com\\\/spanish-microbe-fertilizer\\\/product\\\/microbebio-x7\\\/#primaryimage\"},\"thumbnailUrl\":\"https:\\\/\\\/www.microbebio.com\\\/spanish-microbe-fertilizer\\\/wp-content\\\/uploads\\\/2021\\\/05\\\/Microbebio-X7.jpg\",\"datePublished\":\"2021-07-29T19:33:27+00:00\",\"dateModified\":\"2025-07-29T21:53:27+00:00\",\"description\":\"Microbebio\u00ae X6 pyrethrum is an all-natural environmentally friendly insecticide recommended for knockdown and control of commercially damaged crop and livestock pests.\",\"breadcrumb\":{\"@id\":\"https:\\\/\\\/www.microbebio.com\\\/spanish-microbe-fertilizer\\\/product\\\/microbebio-x7\\\/#breadcrumb\"},\"inLanguage\":\"en-US\",\"potentialAction\":[{\"@type\":\"ReadAction\",\"target\":[\"https:\\\/\\\/www.microbebio.com\\\/spanish-microbe-fertilizer\\\/product\\\/microbebio-x7\\\/\"]}]},{\"@type\":\"ImageObject\",\"inLanguage\":\"en-US\",\"@id\":\"https:\\\/\\\/www.microbebio.com\\\/spanish-microbe-fertilizer\\\/product\\\/microbebio-x7\\\/#primaryimage\",\"url\":\"https:\\\/\\\/www.microbebio.com\\\/spanish-microbe-fertilizer\\\/wp-content\\\/uploads\\\/2021\\\/05\\\/Microbebio-X7.jpg\",\"contentUrl\":\"https:\\\/\\\/www.microbebio.com\\\/spanish-microbe-fertilizer\\\/wp-content\\\/uploads\\\/2021\\\/05\\\/Microbebio-X7.jpg\",\"width\":300,\"height\":300,\"caption\":\"Microbial Fertilizer Biorational\"},{\"@type\":\"BreadcrumbList\",\"@id\":\"https:\\\/\\\/www.microbebio.com\\\/spanish-microbe-fertilizer\\\/product\\\/microbebio-x7\\\/#breadcrumb\",\"itemListElement\":[{\"@type\":\"ListItem\",\"position\":1,\"name\":\"Home\",\"item\":\"https:\\\/\\\/www.microbebio.com\\\/spanish-microbe-fertilizer\\\/\"},{\"@type\":\"ListItem\",\"position\":2,\"name\":\"Shop\",\"item\":\"https:\\\/\\\/www.microbebio.com\\\/spanish-microbe-fertilizer\\\/shop\\\/\"},{\"@type\":\"ListItem\",\"position\":3,\"name\":\"Microbebio\u00ae X7\"}]},{\"@type\":\"WebSite\",\"@id\":\"https:\\\/\\\/www.microbebio.com\\\/spanish-microbe-fertilizer\\\/#website\",\"url\":\"https:\\\/\\\/www.microbebio.com\\\/spanish-microbe-fertilizer\\\/\",\"name\":\"Microbial fertilizer Organic Fertilizer USA\",\"description\":\"Microbes Fertilizer Nature Phenomenon\",\"potentialAction\":[{\"@type\":\"SearchAction\",\"target\":{\"@type\":\"EntryPoint\",\"urlTemplate\":\"https:\\\/\\\/www.microbebio.com\\\/spanish-microbe-fertilizer\\\/?s={search_term_string}\"},\"query-input\":{\"@type\":\"PropertyValueSpecification\",\"valueRequired\":true,\"valueName\":\"search_term_string\"}}],\"inLanguage\":\"en-US\"}]}<\/script>\n<!-- \/ Yoast SEO plugin. -->","yoast_head_json":{"title":"Microbebio\u00ae X7 - Microbial fertilizer Organic Fertilizer USA","description":"Microbebio\u00ae X6 pyrethrum is an all-natural environmentally friendly insecticide recommended for knockdown and control of commercially damaged crop and livestock pests.","robots":{"index":"index","follow":"follow","max-snippet":"max-snippet:-1","max-image-preview":"max-image-preview:large","max-video-preview":"max-video-preview:-1"},"canonical":"https:\/\/www.microbebio.com\/spanish-microbe-fertilizer\/product\/microbebio-x7\/","og_locale":"en_US","og_type":"article","og_title":"Microbebio\u00ae X7 - Microbial fertilizer Organic Fertilizer USA","og_description":"Microbebio\u00ae X6 pyrethrum is an all-natural environmentally friendly insecticide recommended for knockdown and control of commercially damaged crop and livestock pests.","og_url":"https:\/\/www.microbebio.com\/spanish-microbe-fertilizer\/product\/microbebio-x7\/","og_site_name":"Microbial fertilizer Organic Fertilizer USA","article_modified_time":"2025-07-29T21:53:27+00:00","og_image":[{"width":300,"height":300,"url":"https:\/\/www.microbebio.com\/spanish-microbe-fertilizer\/wp-content\/uploads\/2021\/05\/Microbebio-X7.jpg","type":"image\/jpeg"}],"twitter_card":"summary_large_image","twitter_misc":{"Est. reading time":"1 minute"},"schema":{"@context":"https:\/\/schema.org","@graph":[{"@type":"WebPage","@id":"https:\/\/www.microbebio.com\/spanish-microbe-fertilizer\/product\/microbebio-x7\/","url":"https:\/\/www.microbebio.com\/spanish-microbe-fertilizer\/product\/microbebio-x7\/","name":"Microbebio\u00ae X7 - Microbial fertilizer Organic Fertilizer USA","isPartOf":{"@id":"https:\/\/www.microbebio.com\/spanish-microbe-fertilizer\/#website"},"primaryImageOfPage":{"@id":"https:\/\/www.microbebio.com\/spanish-microbe-fertilizer\/product\/microbebio-x7\/#primaryimage"},"image":{"@id":"https:\/\/www.microbebio.com\/spanish-microbe-fertilizer\/product\/microbebio-x7\/#primaryimage"},"thumbnailUrl":"https:\/\/www.microbebio.com\/spanish-microbe-fertilizer\/wp-content\/uploads\/2021\/05\/Microbebio-X7.jpg","datePublished":"2021-07-29T19:33:27+00:00","dateModified":"2025-07-29T21:53:27+00:00","description":"Microbebio\u00ae X6 pyrethrum is an all-natural environmentally friendly insecticide recommended for knockdown and control of commercially damaged crop and livestock pests.","breadcrumb":{"@id":"https:\/\/www.microbebio.com\/spanish-microbe-fertilizer\/product\/microbebio-x7\/#breadcrumb"},"inLanguage":"en-US","potentialAction":[{"@type":"ReadAction","target":["https:\/\/www.microbebio.com\/spanish-microbe-fertilizer\/product\/microbebio-x7\/"]}]},{"@type":"ImageObject","inLanguage":"en-US","@id":"https:\/\/www.microbebio.com\/spanish-microbe-fertilizer\/product\/microbebio-x7\/#primaryimage","url":"https:\/\/www.microbebio.com\/spanish-microbe-fertilizer\/wp-content\/uploads\/2021\/05\/Microbebio-X7.jpg","contentUrl":"https:\/\/www.microbebio.com\/spanish-microbe-fertilizer\/wp-content\/uploads\/2021\/05\/Microbebio-X7.jpg","width":300,"height":300,"caption":"Microbial Fertilizer Biorational"},{"@type":"BreadcrumbList","@id":"https:\/\/www.microbebio.com\/spanish-microbe-fertilizer\/product\/microbebio-x7\/#breadcrumb","itemListElement":[{"@type":"ListItem","position":1,"name":"Home","item":"https:\/\/www.microbebio.com\/spanish-microbe-fertilizer\/"},{"@type":"ListItem","position":2,"name":"Shop","item":"https:\/\/www.microbebio.com\/spanish-microbe-fertilizer\/shop\/"},{"@type":"ListItem","position":3,"name":"Microbebio\u00ae X7"}]},{"@type":"WebSite","@id":"https:\/\/www.microbebio.com\/spanish-microbe-fertilizer\/#website","url":"https:\/\/www.microbebio.com\/spanish-microbe-fertilizer\/","name":"Microbial fertilizer Organic Fertilizer USA","description":"Microbes Fertilizer Nature Phenomenon","potentialAction":[{"@type":"SearchAction","target":{"@type":"EntryPoint","urlTemplate":"https:\/\/www.microbebio.com\/spanish-microbe-fertilizer\/?s={search_term_string}"},"query-input":{"@type":"PropertyValueSpecification","valueRequired":true,"valueName":"search_term_string"}}],"inLanguage":"en-US"}]}},"_links":{"self":[{"href":"https:\/\/www.microbebio.com\/spanish-microbe-fertilizer\/wp-json\/wp\/v2\/product\/13804","targetHints":{"allow":["GET"]}}],"collection":[{"href":"https:\/\/www.microbebio.com\/spanish-microbe-fertilizer\/wp-json\/wp\/v2\/product"}],"about":[{"href":"https:\/\/www.microbebio.com\/spanish-microbe-fertilizer\/wp-json\/wp\/v2\/types\/product"}],"wp:featuredmedia":[{"embeddable":true,"href":"https:\/\/www.microbebio.com\/spanish-microbe-fertilizer\/wp-json\/wp\/v2\/media\/13672"}],"wp:attachment":[{"href":"https:\/\/www.microbebio.com\/spanish-microbe-fertilizer\/wp-json\/wp\/v2\/media?parent=13804"}],"wp:term":[{"taxonomy":"product_brand","embeddable":true,"href":"https:\/\/www.microbebio.com\/spanish-microbe-fertilizer\/wp-json\/wp\/v2\/product_brand?post=13804"},{"taxonomy":"product_cat","embeddable":true,"href":"https:\/\/www.microbebio.com\/spanish-microbe-fertilizer\/wp-json\/wp\/v2\/product_cat?post=13804"},{"taxonomy":"product_tag","embeddable":true,"href":"https:\/\/www.microbebio.com\/spanish-microbe-fertilizer\/wp-json\/wp\/v2\/product_tag?post=13804"}],"curies":[{"name":"wp","href":"https:\/\/api.w.org\/{rel}","templated":true}]}}