{"id":14380,"date":"2022-06-27T17:40:53","date_gmt":"2022-06-28T00:40:53","guid":{"rendered":"https:\/\/www.microbebio.com\/spanish-microbe-fertilizer\/?post_type=product&#038;p=14380"},"modified":"2025-07-29T14:44:32","modified_gmt":"2025-07-29T21:44:32","slug":"microbebio-vigor-optimal","status":"publish","type":"product","link":"https:\/\/www.microbebio.com\/spanish-microbe-fertilizer\/product\/microbebio-vigor-optimal\/","title":{"rendered":"MICROBEBIO\u00aeVigor Optimal\u2122"},"content":{"rendered":"","protected":false},"excerpt":{"rendered":"<p data-start=\"0\" data-end=\"488\"><span style=\"color: #000000;\"><strong data-start=\"0\" data-end=\"29\">Microbebio Vigor Optimal\u2122<\/strong> contiene ingredientes 100% org\u00e1nicos ricos en nutrientes infusionados con biol\u00f3gicos de valor agregado, demostrados ser efectivos para la prevenci\u00f3n y supresi\u00f3n de brotes de la familia de los caracoles manzana dorados, como el <strong data-start=\"257\" data-end=\"287\">Caracol Manzana Canalizado<\/strong>, <strong data-start=\"289\" data-end=\"315\">Caracol Manzana Dorado<\/strong>, <strong data-start=\"317\" data-end=\"354\" data-is-only-node=\"\">Caracol Manzana de Punta Espinosa<\/strong>, <strong data-start=\"356\" data-end=\"369\">Viv\u00edparos<\/strong>, <strong data-start=\"371\" data-end=\"391\">Pomacea paludosa<\/strong>, <strong data-start=\"393\" data-end=\"412\">Pomacea lineata<\/strong>, <strong data-start=\"414\" data-end=\"437\">Marisa cornuarietis<\/strong>, <strong data-start=\"439\" data-end=\"447\">Pila<\/strong>, <strong data-start=\"449\" data-end=\"460\">Asolene<\/strong>, <strong data-start=\"462\" data-end=\"474\">Lanistes<\/strong>, entre otros.<\/span><\/p>\n<p data-start=\"490\" data-end=\"720\"><span style=\"color: #000000;\"><strong data-start=\"490\" data-end=\"499\">Aviso<\/strong>: <strong data-start=\"501\" data-end=\"530\">Microbebio Vigor Optimal\u2122<\/strong> es un producto org\u00e1nico biol\u00f3gico probi\u00f3tico para reducir la poblaci\u00f3n de los <strong data-start=\"609\" data-end=\"638\">Caracoles Manzana Dorados<\/strong>. <strong data-start=\"640\" data-end=\"669\" data-is-only-node=\"\">Microbebio Vigor Optimal\u2122<\/strong> es 100% org\u00e1nico y amigable con el medio ambiente.<\/span><\/p>\n<h3 data-start=\"722\" data-end=\"741\"><span style=\"color: #000000;\"><strong data-start=\"726\" data-end=\"741\">Beneficios:<\/strong><\/span><\/h3>\n<ul data-start=\"743\" data-end=\"1213\" data-is-last-node=\"\" data-is-only-node=\"\">\n<li data-start=\"743\" data-end=\"790\">\n<p data-start=\"745\" data-end=\"790\"><span style=\"color: #000000;\">Capacidad para disolver minerales insolubles.<\/span><\/p>\n<\/li>\n<li data-start=\"791\" data-end=\"818\">\n<p data-start=\"793\" data-end=\"818\"><span style=\"color: #000000;\">Maximiza la fotos\u00edntesis.<\/span><\/p>\n<\/li>\n<li data-start=\"819\" data-end=\"874\">\n<p data-start=\"821\" data-end=\"874\"><span style=\"color: #000000;\">Promueve e incrementa el rendimiento de los cultivos.<\/span><\/p>\n<\/li>\n<li data-start=\"875\" data-end=\"923\">\n<p data-start=\"877\" data-end=\"923\"><span style=\"color: #000000;\">Beneficia la vigorosidad general de la planta.<\/span><\/p>\n<\/li>\n<li data-start=\"924\" data-end=\"1009\">\n<p data-start=\"926\" data-end=\"1009\"><span style=\"color: #000000;\">Mejora el entorno del suelo para el crecimiento biol\u00f3gico aer\u00f3bico y la diversidad.<\/span><\/p>\n<\/li>\n<li data-start=\"1010\" data-end=\"1053\">\n<p data-start=\"1012\" data-end=\"1053\"><span style=\"color: #000000;\">Aumenta la eficiencia en el uso del agua.<\/span><\/p>\n<\/li>\n<li data-start=\"1054\" data-end=\"1132\">\n<p data-start=\"1056\" data-end=\"1132\"><span style=\"color: #000000;\">Mejora la disponibilidad de nutrientes en todos los niveles de pH del suelo.<\/span><\/p>\n<\/li>\n<li data-start=\"1133\" data-end=\"1168\">\n<p data-start=\"1135\" data-end=\"1168\"><span style=\"color: #000000;\">Mejora la tolerancia a la sequ\u00eda.<\/span><\/p>\n<\/li>\n<li data-start=\"1169\" data-end=\"1213\" data-is-last-node=\"\">\n<p data-start=\"1171\" data-end=\"1213\" data-is-last-node=\"\"><span style=\"color: #000000;\">Suprime los brotes de caracoles y babosas.<\/span><\/p>\n<\/li>\n<\/ul>\n","protected":false},"featured_media":14418,"template":"","meta":{"ngg_post_thumbnail":0},"product_brand":[],"product_cat":[298],"product_tag":[],"class_list":{"0":"post-14380","1":"product","2":"type-product","3":"status-publish","4":"has-post-thumbnail","6":"product_cat-probiotic-snail-and-slug-control","8":"first","9":"instock","10":"shipping-taxable","11":"product-type-simple"},"yoast_head":"<!-- This site is optimized with the Yoast SEO plugin v27.4 - https:\/\/yoast.com\/product\/yoast-seo-wordpress\/ -->\n<title>MICROBEBIO\u00aeVigor Optimal\u2122 - Microbial fertilizer Organic Fertilizer USA<\/title>\n<meta name=\"robots\" content=\"index, follow, max-snippet:-1, max-image-preview:large, max-video-preview:-1\" \/>\n<link rel=\"canonical\" href=\"https:\/\/www.microbebio.com\/spanish-microbe-fertilizer\/product\/microbebio-vigor-optimal\/\" \/>\n<meta property=\"og:locale\" content=\"en_US\" \/>\n<meta property=\"og:type\" content=\"article\" \/>\n<meta property=\"og:title\" content=\"MICROBEBIO\u00aeVigor Optimal\u2122 - Microbial fertilizer Organic Fertilizer USA\" \/>\n<meta property=\"og:description\" content=\"Microbebio Vigor Optimal\u2122 contiene ingredientes 100% org\u00e1nicos ricos en nutrientes infusionados con biol\u00f3gicos de valor agregado, demostrados ser efectivos para la prevenci\u00f3n y supresi\u00f3n de brotes de la familia de los caracoles manzana dorados, como el Caracol Manzana Canalizado, Caracol Manzana Dorado, Caracol Manzana de Punta Espinosa, Viv\u00edparos, Pomacea paludosa, Pomacea lineata, Marisa cornuarietis, Pila, Asolene, Lanistes, entre otros. Aviso: Microbebio Vigor Optimal\u2122 es un producto org\u00e1nico biol\u00f3gico probi\u00f3tico para reducir la poblaci\u00f3n de los Caracoles Manzana Dorados. Microbebio Vigor Optimal\u2122 es 100% org\u00e1nico y amigable con el medio ambiente.  Beneficios:    Capacidad para disolver minerales insolubles.    Maximiza la fotos\u00edntesis.    Promueve e incrementa el rendimiento de los cultivos.    Beneficia la vigorosidad general de la planta.    Mejora el entorno del suelo para el crecimiento biol\u00f3gico aer\u00f3bico y la diversidad.    Aumenta la eficiencia en el uso del agua.    Mejora la disponibilidad de nutrientes en todos los niveles de pH del suelo.    Mejora la tolerancia a la sequ\u00eda.    Suprime los brotes de caracoles y babosas.\" \/>\n<meta property=\"og:url\" content=\"https:\/\/www.microbebio.com\/spanish-microbe-fertilizer\/product\/microbebio-vigor-optimal\/\" \/>\n<meta property=\"og:site_name\" content=\"Microbial fertilizer Organic Fertilizer USA\" \/>\n<meta property=\"article:modified_time\" content=\"2025-07-29T21:44:32+00:00\" \/>\n<meta property=\"og:image\" content=\"https:\/\/www.microbebio.com\/spanish-microbe-fertilizer\/wp-content\/uploads\/2022\/06\/MICROBEBIO-VIGOR-OPTIMAL.png\" \/>\n\t<meta property=\"og:image:width\" content=\"1000\" \/>\n\t<meta property=\"og:image:height\" content=\"1000\" \/>\n\t<meta property=\"og:image:type\" content=\"image\/png\" \/>\n<meta name=\"twitter:card\" content=\"summary_large_image\" \/>\n<meta name=\"twitter:label1\" content=\"Est. reading time\" \/>\n\t<meta name=\"twitter:data1\" content=\"1 minute\" \/>\n<script type=\"application\/ld+json\" class=\"yoast-schema-graph\">{\"@context\":\"https:\\\/\\\/schema.org\",\"@graph\":[{\"@type\":\"WebPage\",\"@id\":\"https:\\\/\\\/www.microbebio.com\\\/spanish-microbe-fertilizer\\\/product\\\/microbebio-vigor-optimal\\\/\",\"url\":\"https:\\\/\\\/www.microbebio.com\\\/spanish-microbe-fertilizer\\\/product\\\/microbebio-vigor-optimal\\\/\",\"name\":\"MICROBEBIO\u00aeVigor Optimal\u2122 - Microbial fertilizer Organic Fertilizer USA\",\"isPartOf\":{\"@id\":\"https:\\\/\\\/www.microbebio.com\\\/spanish-microbe-fertilizer\\\/#website\"},\"primaryImageOfPage\":{\"@id\":\"https:\\\/\\\/www.microbebio.com\\\/spanish-microbe-fertilizer\\\/product\\\/microbebio-vigor-optimal\\\/#primaryimage\"},\"image\":{\"@id\":\"https:\\\/\\\/www.microbebio.com\\\/spanish-microbe-fertilizer\\\/product\\\/microbebio-vigor-optimal\\\/#primaryimage\"},\"thumbnailUrl\":\"https:\\\/\\\/www.microbebio.com\\\/spanish-microbe-fertilizer\\\/wp-content\\\/uploads\\\/2022\\\/06\\\/MICROBEBIO-VIGOR-OPTIMAL.png\",\"datePublished\":\"2022-06-28T00:40:53+00:00\",\"dateModified\":\"2025-07-29T21:44:32+00:00\",\"breadcrumb\":{\"@id\":\"https:\\\/\\\/www.microbebio.com\\\/spanish-microbe-fertilizer\\\/product\\\/microbebio-vigor-optimal\\\/#breadcrumb\"},\"inLanguage\":\"en-US\",\"potentialAction\":[{\"@type\":\"ReadAction\",\"target\":[\"https:\\\/\\\/www.microbebio.com\\\/spanish-microbe-fertilizer\\\/product\\\/microbebio-vigor-optimal\\\/\"]}]},{\"@type\":\"ImageObject\",\"inLanguage\":\"en-US\",\"@id\":\"https:\\\/\\\/www.microbebio.com\\\/spanish-microbe-fertilizer\\\/product\\\/microbebio-vigor-optimal\\\/#primaryimage\",\"url\":\"https:\\\/\\\/www.microbebio.com\\\/spanish-microbe-fertilizer\\\/wp-content\\\/uploads\\\/2022\\\/06\\\/MICROBEBIO-VIGOR-OPTIMAL.png\",\"contentUrl\":\"https:\\\/\\\/www.microbebio.com\\\/spanish-microbe-fertilizer\\\/wp-content\\\/uploads\\\/2022\\\/06\\\/MICROBEBIO-VIGOR-OPTIMAL.png\",\"width\":1000,\"height\":1000,\"caption\":\"MICROBEBIO VIGOR OPTIMAL\"},{\"@type\":\"BreadcrumbList\",\"@id\":\"https:\\\/\\\/www.microbebio.com\\\/spanish-microbe-fertilizer\\\/product\\\/microbebio-vigor-optimal\\\/#breadcrumb\",\"itemListElement\":[{\"@type\":\"ListItem\",\"position\":1,\"name\":\"Home\",\"item\":\"https:\\\/\\\/www.microbebio.com\\\/spanish-microbe-fertilizer\\\/\"},{\"@type\":\"ListItem\",\"position\":2,\"name\":\"Shop\",\"item\":\"https:\\\/\\\/www.microbebio.com\\\/spanish-microbe-fertilizer\\\/shop\\\/\"},{\"@type\":\"ListItem\",\"position\":3,\"name\":\"MICROBEBIO\u00aeVigor Optimal\u2122\"}]},{\"@type\":\"WebSite\",\"@id\":\"https:\\\/\\\/www.microbebio.com\\\/spanish-microbe-fertilizer\\\/#website\",\"url\":\"https:\\\/\\\/www.microbebio.com\\\/spanish-microbe-fertilizer\\\/\",\"name\":\"Microbial fertilizer Organic Fertilizer USA\",\"description\":\"Microbes Fertilizer Nature Phenomenon\",\"potentialAction\":[{\"@type\":\"SearchAction\",\"target\":{\"@type\":\"EntryPoint\",\"urlTemplate\":\"https:\\\/\\\/www.microbebio.com\\\/spanish-microbe-fertilizer\\\/?s={search_term_string}\"},\"query-input\":{\"@type\":\"PropertyValueSpecification\",\"valueRequired\":true,\"valueName\":\"search_term_string\"}}],\"inLanguage\":\"en-US\"}]}<\/script>\n<!-- \/ Yoast SEO plugin. -->","yoast_head_json":{"title":"MICROBEBIO\u00aeVigor Optimal\u2122 - Microbial fertilizer Organic Fertilizer USA","robots":{"index":"index","follow":"follow","max-snippet":"max-snippet:-1","max-image-preview":"max-image-preview:large","max-video-preview":"max-video-preview:-1"},"canonical":"https:\/\/www.microbebio.com\/spanish-microbe-fertilizer\/product\/microbebio-vigor-optimal\/","og_locale":"en_US","og_type":"article","og_title":"MICROBEBIO\u00aeVigor Optimal\u2122 - Microbial fertilizer Organic Fertilizer USA","og_description":"Microbebio Vigor Optimal\u2122 contiene ingredientes 100% org\u00e1nicos ricos en nutrientes infusionados con biol\u00f3gicos de valor agregado, demostrados ser efectivos para la prevenci\u00f3n y supresi\u00f3n de brotes de la familia de los caracoles manzana dorados, como el Caracol Manzana Canalizado, Caracol Manzana Dorado, Caracol Manzana de Punta Espinosa, Viv\u00edparos, Pomacea paludosa, Pomacea lineata, Marisa cornuarietis, Pila, Asolene, Lanistes, entre otros. Aviso: Microbebio Vigor Optimal\u2122 es un producto org\u00e1nico biol\u00f3gico probi\u00f3tico para reducir la poblaci\u00f3n de los Caracoles Manzana Dorados. Microbebio Vigor Optimal\u2122 es 100% org\u00e1nico y amigable con el medio ambiente.  Beneficios:    Capacidad para disolver minerales insolubles.    Maximiza la fotos\u00edntesis.    Promueve e incrementa el rendimiento de los cultivos.    Beneficia la vigorosidad general de la planta.    Mejora el entorno del suelo para el crecimiento biol\u00f3gico aer\u00f3bico y la diversidad.    Aumenta la eficiencia en el uso del agua.    Mejora la disponibilidad de nutrientes en todos los niveles de pH del suelo.    Mejora la tolerancia a la sequ\u00eda.    Suprime los brotes de caracoles y babosas.","og_url":"https:\/\/www.microbebio.com\/spanish-microbe-fertilizer\/product\/microbebio-vigor-optimal\/","og_site_name":"Microbial fertilizer Organic Fertilizer USA","article_modified_time":"2025-07-29T21:44:32+00:00","og_image":[{"width":1000,"height":1000,"url":"https:\/\/www.microbebio.com\/spanish-microbe-fertilizer\/wp-content\/uploads\/2022\/06\/MICROBEBIO-VIGOR-OPTIMAL.png","type":"image\/png"}],"twitter_card":"summary_large_image","twitter_misc":{"Est. reading time":"1 minute"},"schema":{"@context":"https:\/\/schema.org","@graph":[{"@type":"WebPage","@id":"https:\/\/www.microbebio.com\/spanish-microbe-fertilizer\/product\/microbebio-vigor-optimal\/","url":"https:\/\/www.microbebio.com\/spanish-microbe-fertilizer\/product\/microbebio-vigor-optimal\/","name":"MICROBEBIO\u00aeVigor Optimal\u2122 - Microbial fertilizer Organic Fertilizer USA","isPartOf":{"@id":"https:\/\/www.microbebio.com\/spanish-microbe-fertilizer\/#website"},"primaryImageOfPage":{"@id":"https:\/\/www.microbebio.com\/spanish-microbe-fertilizer\/product\/microbebio-vigor-optimal\/#primaryimage"},"image":{"@id":"https:\/\/www.microbebio.com\/spanish-microbe-fertilizer\/product\/microbebio-vigor-optimal\/#primaryimage"},"thumbnailUrl":"https:\/\/www.microbebio.com\/spanish-microbe-fertilizer\/wp-content\/uploads\/2022\/06\/MICROBEBIO-VIGOR-OPTIMAL.png","datePublished":"2022-06-28T00:40:53+00:00","dateModified":"2025-07-29T21:44:32+00:00","breadcrumb":{"@id":"https:\/\/www.microbebio.com\/spanish-microbe-fertilizer\/product\/microbebio-vigor-optimal\/#breadcrumb"},"inLanguage":"en-US","potentialAction":[{"@type":"ReadAction","target":["https:\/\/www.microbebio.com\/spanish-microbe-fertilizer\/product\/microbebio-vigor-optimal\/"]}]},{"@type":"ImageObject","inLanguage":"en-US","@id":"https:\/\/www.microbebio.com\/spanish-microbe-fertilizer\/product\/microbebio-vigor-optimal\/#primaryimage","url":"https:\/\/www.microbebio.com\/spanish-microbe-fertilizer\/wp-content\/uploads\/2022\/06\/MICROBEBIO-VIGOR-OPTIMAL.png","contentUrl":"https:\/\/www.microbebio.com\/spanish-microbe-fertilizer\/wp-content\/uploads\/2022\/06\/MICROBEBIO-VIGOR-OPTIMAL.png","width":1000,"height":1000,"caption":"MICROBEBIO VIGOR OPTIMAL"},{"@type":"BreadcrumbList","@id":"https:\/\/www.microbebio.com\/spanish-microbe-fertilizer\/product\/microbebio-vigor-optimal\/#breadcrumb","itemListElement":[{"@type":"ListItem","position":1,"name":"Home","item":"https:\/\/www.microbebio.com\/spanish-microbe-fertilizer\/"},{"@type":"ListItem","position":2,"name":"Shop","item":"https:\/\/www.microbebio.com\/spanish-microbe-fertilizer\/shop\/"},{"@type":"ListItem","position":3,"name":"MICROBEBIO\u00aeVigor Optimal\u2122"}]},{"@type":"WebSite","@id":"https:\/\/www.microbebio.com\/spanish-microbe-fertilizer\/#website","url":"https:\/\/www.microbebio.com\/spanish-microbe-fertilizer\/","name":"Microbial fertilizer Organic Fertilizer USA","description":"Microbes Fertilizer Nature Phenomenon","potentialAction":[{"@type":"SearchAction","target":{"@type":"EntryPoint","urlTemplate":"https:\/\/www.microbebio.com\/spanish-microbe-fertilizer\/?s={search_term_string}"},"query-input":{"@type":"PropertyValueSpecification","valueRequired":true,"valueName":"search_term_string"}}],"inLanguage":"en-US"}]}},"_links":{"self":[{"href":"https:\/\/www.microbebio.com\/spanish-microbe-fertilizer\/wp-json\/wp\/v2\/product\/14380","targetHints":{"allow":["GET"]}}],"collection":[{"href":"https:\/\/www.microbebio.com\/spanish-microbe-fertilizer\/wp-json\/wp\/v2\/product"}],"about":[{"href":"https:\/\/www.microbebio.com\/spanish-microbe-fertilizer\/wp-json\/wp\/v2\/types\/product"}],"wp:featuredmedia":[{"embeddable":true,"href":"https:\/\/www.microbebio.com\/spanish-microbe-fertilizer\/wp-json\/wp\/v2\/media\/14418"}],"wp:attachment":[{"href":"https:\/\/www.microbebio.com\/spanish-microbe-fertilizer\/wp-json\/wp\/v2\/media?parent=14380"}],"wp:term":[{"taxonomy":"product_brand","embeddable":true,"href":"https:\/\/www.microbebio.com\/spanish-microbe-fertilizer\/wp-json\/wp\/v2\/product_brand?post=14380"},{"taxonomy":"product_cat","embeddable":true,"href":"https:\/\/www.microbebio.com\/spanish-microbe-fertilizer\/wp-json\/wp\/v2\/product_cat?post=14380"},{"taxonomy":"product_tag","embeddable":true,"href":"https:\/\/www.microbebio.com\/spanish-microbe-fertilizer\/wp-json\/wp\/v2\/product_tag?post=14380"}],"curies":[{"name":"wp","href":"https:\/\/api.w.org\/{rel}","templated":true}]}}