{"id":14460,"date":"2022-10-13T13:42:49","date_gmt":"2022-10-13T20:42:49","guid":{"rendered":"https:\/\/www.microbebio.com\/spanish-microbe-fertilizer\/?post_type=product&#038;p=14460"},"modified":"2025-07-29T13:49:35","modified_gmt":"2025-07-29T20:49:35","slug":"microbebio-nutrient-activator","status":"publish","type":"product","link":"https:\/\/www.microbebio.com\/spanish-microbe-fertilizer\/product\/microbebio-nutrient-activator\/","title":{"rendered":"Microbebio\u00ae Nutrient Activator\u2122"},"content":{"rendered":"","protected":false},"excerpt":{"rendered":"<p data-start=\"88\" data-end=\"860\"><span style=\"color: #000000;\"><strong data-start=\"88\" data-end=\"123\">Microbebio\u00ae Nutrient Activator\u2122<\/strong> est\u00e1 formulado con un espectro completo de minerales traza y amino\u00e1cidos que activan y energizan con Hidr\u00f3geno y Ox\u00edgeno, mejorando los ambientes del suelo de manera el\u00e9ctrica, biol\u00f3gica y qu\u00edmica. Est\u00e1 cargado con nuestra tecnolog\u00eda cin\u00e9tica propietaria que funciona a nivel celular, permitiendo la m\u00e1xima germinaci\u00f3n de semillas, mejorando la tasa de actividad enzim\u00e1tica, enriqueciendo la acondicionamiento del suelo y minerales, y proporcionando condiciones \u00f3ptimas para el florecimiento de la microbiolog\u00eda del suelo. Microbebio\u00ae Nutrient Activator\u2122 ayuda en el crecimiento celular y regula la absorci\u00f3n de nutrientes. Protege contra pat\u00f3genos y enfermedades, maximiza el vigor de las plantas y aumenta el rendimiento y la calidad.<\/span><\/p>\n<p data-start=\"862\" data-end=\"886\"><span style=\"color: #000000;\"><strong data-start=\"862\" data-end=\"886\">CONTENIDO ENZIM\u00c1TICO<\/strong><\/span><\/p>\n<p data-start=\"888\" data-end=\"1050\"><span style=\"color: #000000;\"><strong data-start=\"888\" data-end=\"902\">VITAMINAS:<\/strong> Vitamina A, Vitamina B-6, Vitamina B-12, Vitamina C, Vitamina D, Vitamina E, Tiamina, Colina, \u00c1cido f\u00f3lico, Riboflavina, Biotina, \u00c1cido pantot\u00e9nico<\/span><\/p>\n<p data-start=\"1052\" data-end=\"1265\"><span style=\"color: #000000;\"><strong data-start=\"1052\" data-end=\"1068\">AMINO\u00c1CIDOS:<\/strong> Alanina, Arginina, \u00c1cido asp\u00e1rtico, Cistina, \u00c1cido glut\u00e1mico, Glicina, Histidina, Isoleucina, L-carnitina, Lisina, Metionina, Fenilalanina, Prolina, Serina, Treonina, Tript\u00f3fano, Tirosina, Valina.<\/span><\/p>\n<p data-start=\"1267\" data-end=\"1949\"><span style=\"color: #000000;\"><strong data-start=\"1267\" data-end=\"1294\">60 MINERALES DIN\u00c1MICOS:<\/strong> Bromuro, Calcio, Fluoruro, Silicio, Nitr\u00f3geno, Selenio, F\u00f3sforo, Yodo, Litio, Cromo, Hierro, Manganeso, Titanio, Rubidio, Cobalto, Cobre, Antimonio, Ars\u00e9nico, Molibdeno, Estroncio, Zinc, N\u00edquel, Wolframio, Germanio, Aluminio, Escandio, Esta\u00f1o, Lantano, Ytrio, Bario, Plata, Uranio, Galio, Circonio, Vanadio, Berilio, Telurio, Bismuto, Hafnio, Terbio, Europio, Gadolinio, Samario, Cerio, Cesio, Oro, Disprosio, Holmio, Lutecio, Tulio, Erbio, Iterbio, Neodimio, Praseodimio, Niobio, Tantalio, Torio, Talio, Renio, Sodio, Tantalio, Telurio, Terbio, Talio, Torio, Titanio, Wolframio, Vanadio, Iterbio, Magnesio, Zinc, Calcio, Azufre, Selenio, Cobre, Potasio.<\/span><\/p>\n","protected":false},"featured_media":14462,"template":"","meta":{"ngg_post_thumbnail":0},"product_brand":[],"product_cat":[291],"product_tag":[],"class_list":{"0":"post-14460","1":"product","2":"type-product","3":"status-publish","4":"has-post-thumbnail","6":"product_cat-energy-series","8":"first","9":"instock","10":"shipping-taxable","11":"product-type-simple"},"yoast_head":"<!-- This site is optimized with the Yoast SEO plugin v27.4 - https:\/\/yoast.com\/product\/yoast-seo-wordpress\/ -->\n<title>Microbebio\u00ae Nutrient Activator\u2122 - Microbial fertilizer Organic Fertilizer USA<\/title>\n<meta name=\"robots\" content=\"index, follow, max-snippet:-1, max-image-preview:large, max-video-preview:-1\" \/>\n<link rel=\"canonical\" href=\"https:\/\/www.microbebio.com\/spanish-microbe-fertilizer\/product\/microbebio-nutrient-activator\/\" \/>\n<meta property=\"og:locale\" content=\"en_US\" \/>\n<meta property=\"og:type\" content=\"article\" \/>\n<meta property=\"og:title\" content=\"Microbebio\u00ae Nutrient Activator\u2122 - Microbial fertilizer Organic Fertilizer USA\" \/>\n<meta property=\"og:description\" content=\"Microbebio\u00ae Nutrient Activator\u2122 est\u00e1 formulado con un espectro completo de minerales traza y amino\u00e1cidos que activan y energizan con Hidr\u00f3geno y Ox\u00edgeno, mejorando los ambientes del suelo de manera el\u00e9ctrica, biol\u00f3gica y qu\u00edmica. Est\u00e1 cargado con nuestra tecnolog\u00eda cin\u00e9tica propietaria que funciona a nivel celular, permitiendo la m\u00e1xima germinaci\u00f3n de semillas, mejorando la tasa de actividad enzim\u00e1tica, enriqueciendo la acondicionamiento del suelo y minerales, y proporcionando condiciones \u00f3ptimas para el florecimiento de la microbiolog\u00eda del suelo. Microbebio\u00ae Nutrient Activator\u2122 ayuda en el crecimiento celular y regula la absorci\u00f3n de nutrientes. Protege contra pat\u00f3genos y enfermedades, maximiza el vigor de las plantas y aumenta el rendimiento y la calidad. CONTENIDO ENZIM\u00c1TICO VITAMINAS: Vitamina A, Vitamina B-6, Vitamina B-12, Vitamina C, Vitamina D, Vitamina E, Tiamina, Colina, \u00c1cido f\u00f3lico, Riboflavina, Biotina, \u00c1cido pantot\u00e9nico AMINO\u00c1CIDOS: Alanina, Arginina, \u00c1cido asp\u00e1rtico, Cistina, \u00c1cido glut\u00e1mico, Glicina, Histidina, Isoleucina, L-carnitina, Lisina, Metionina, Fenilalanina, Prolina, Serina, Treonina, Tript\u00f3fano, Tirosina, Valina. 60 MINERALES DIN\u00c1MICOS: Bromuro, Calcio, Fluoruro, Silicio, Nitr\u00f3geno, Selenio, F\u00f3sforo, Yodo, Litio, Cromo, Hierro, Manganeso, Titanio, Rubidio, Cobalto, Cobre, Antimonio, Ars\u00e9nico, Molibdeno, Estroncio, Zinc, N\u00edquel, Wolframio, Germanio, Aluminio, Escandio, Esta\u00f1o, Lantano, Ytrio, Bario, Plata, Uranio, Galio, Circonio, Vanadio, Berilio, Telurio, Bismuto, Hafnio, Terbio, Europio, Gadolinio, Samario, Cerio, Cesio, Oro, Disprosio, Holmio, Lutecio, Tulio, Erbio, Iterbio, Neodimio, Praseodimio, Niobio, Tantalio, Torio, Talio, Renio, Sodio, Tantalio, Telurio, Terbio, Talio, Torio, Titanio, Wolframio, Vanadio, Iterbio, Magnesio, Zinc, Calcio, Azufre, Selenio, Cobre, Potasio.\" \/>\n<meta property=\"og:url\" content=\"https:\/\/www.microbebio.com\/spanish-microbe-fertilizer\/product\/microbebio-nutrient-activator\/\" \/>\n<meta property=\"og:site_name\" content=\"Microbial fertilizer Organic Fertilizer USA\" \/>\n<meta property=\"article:modified_time\" content=\"2025-07-29T20:49:35+00:00\" \/>\n<meta property=\"og:image\" content=\"https:\/\/www.microbebio.com\/spanish-microbe-fertilizer\/wp-content\/uploads\/2022\/10\/MICROBEBIO-NUTRIENT-ACTIVATOR-2-0-1.png\" \/>\n\t<meta property=\"og:image:width\" content=\"1224\" \/>\n\t<meta property=\"og:image:height\" content=\"1440\" \/>\n\t<meta property=\"og:image:type\" content=\"image\/png\" \/>\n<meta name=\"twitter:card\" content=\"summary_large_image\" \/>\n<meta name=\"twitter:label1\" content=\"Est. reading time\" \/>\n\t<meta name=\"twitter:data1\" content=\"1 minute\" \/>\n<script type=\"application\/ld+json\" class=\"yoast-schema-graph\">{\"@context\":\"https:\\\/\\\/schema.org\",\"@graph\":[{\"@type\":\"WebPage\",\"@id\":\"https:\\\/\\\/www.microbebio.com\\\/spanish-microbe-fertilizer\\\/product\\\/microbebio-nutrient-activator\\\/\",\"url\":\"https:\\\/\\\/www.microbebio.com\\\/spanish-microbe-fertilizer\\\/product\\\/microbebio-nutrient-activator\\\/\",\"name\":\"Microbebio\u00ae Nutrient Activator\u2122 - Microbial fertilizer Organic Fertilizer USA\",\"isPartOf\":{\"@id\":\"https:\\\/\\\/www.microbebio.com\\\/spanish-microbe-fertilizer\\\/#website\"},\"primaryImageOfPage\":{\"@id\":\"https:\\\/\\\/www.microbebio.com\\\/spanish-microbe-fertilizer\\\/product\\\/microbebio-nutrient-activator\\\/#primaryimage\"},\"image\":{\"@id\":\"https:\\\/\\\/www.microbebio.com\\\/spanish-microbe-fertilizer\\\/product\\\/microbebio-nutrient-activator\\\/#primaryimage\"},\"thumbnailUrl\":\"https:\\\/\\\/www.microbebio.com\\\/spanish-microbe-fertilizer\\\/wp-content\\\/uploads\\\/2022\\\/10\\\/MICROBEBIO-NUTRIENT-ACTIVATOR-2-0-1.png\",\"datePublished\":\"2022-10-13T20:42:49+00:00\",\"dateModified\":\"2025-07-29T20:49:35+00:00\",\"breadcrumb\":{\"@id\":\"https:\\\/\\\/www.microbebio.com\\\/spanish-microbe-fertilizer\\\/product\\\/microbebio-nutrient-activator\\\/#breadcrumb\"},\"inLanguage\":\"en-US\",\"potentialAction\":[{\"@type\":\"ReadAction\",\"target\":[\"https:\\\/\\\/www.microbebio.com\\\/spanish-microbe-fertilizer\\\/product\\\/microbebio-nutrient-activator\\\/\"]}]},{\"@type\":\"ImageObject\",\"inLanguage\":\"en-US\",\"@id\":\"https:\\\/\\\/www.microbebio.com\\\/spanish-microbe-fertilizer\\\/product\\\/microbebio-nutrient-activator\\\/#primaryimage\",\"url\":\"https:\\\/\\\/www.microbebio.com\\\/spanish-microbe-fertilizer\\\/wp-content\\\/uploads\\\/2022\\\/10\\\/MICROBEBIO-NUTRIENT-ACTIVATOR-2-0-1.png\",\"contentUrl\":\"https:\\\/\\\/www.microbebio.com\\\/spanish-microbe-fertilizer\\\/wp-content\\\/uploads\\\/2022\\\/10\\\/MICROBEBIO-NUTRIENT-ACTIVATOR-2-0-1.png\",\"width\":1224,\"height\":1440,\"caption\":\"Microbebio Nutrient Activator\"},{\"@type\":\"BreadcrumbList\",\"@id\":\"https:\\\/\\\/www.microbebio.com\\\/spanish-microbe-fertilizer\\\/product\\\/microbebio-nutrient-activator\\\/#breadcrumb\",\"itemListElement\":[{\"@type\":\"ListItem\",\"position\":1,\"name\":\"Home\",\"item\":\"https:\\\/\\\/www.microbebio.com\\\/spanish-microbe-fertilizer\\\/\"},{\"@type\":\"ListItem\",\"position\":2,\"name\":\"Shop\",\"item\":\"https:\\\/\\\/www.microbebio.com\\\/spanish-microbe-fertilizer\\\/shop\\\/\"},{\"@type\":\"ListItem\",\"position\":3,\"name\":\"Microbebio\u00ae Nutrient Activator\u2122\"}]},{\"@type\":\"WebSite\",\"@id\":\"https:\\\/\\\/www.microbebio.com\\\/spanish-microbe-fertilizer\\\/#website\",\"url\":\"https:\\\/\\\/www.microbebio.com\\\/spanish-microbe-fertilizer\\\/\",\"name\":\"Microbial fertilizer Organic Fertilizer USA\",\"description\":\"Microbes Fertilizer Nature Phenomenon\",\"potentialAction\":[{\"@type\":\"SearchAction\",\"target\":{\"@type\":\"EntryPoint\",\"urlTemplate\":\"https:\\\/\\\/www.microbebio.com\\\/spanish-microbe-fertilizer\\\/?s={search_term_string}\"},\"query-input\":{\"@type\":\"PropertyValueSpecification\",\"valueRequired\":true,\"valueName\":\"search_term_string\"}}],\"inLanguage\":\"en-US\"}]}<\/script>\n<!-- \/ Yoast SEO plugin. -->","yoast_head_json":{"title":"Microbebio\u00ae Nutrient Activator\u2122 - Microbial fertilizer Organic Fertilizer USA","robots":{"index":"index","follow":"follow","max-snippet":"max-snippet:-1","max-image-preview":"max-image-preview:large","max-video-preview":"max-video-preview:-1"},"canonical":"https:\/\/www.microbebio.com\/spanish-microbe-fertilizer\/product\/microbebio-nutrient-activator\/","og_locale":"en_US","og_type":"article","og_title":"Microbebio\u00ae Nutrient Activator\u2122 - Microbial fertilizer Organic Fertilizer USA","og_description":"Microbebio\u00ae Nutrient Activator\u2122 est\u00e1 formulado con un espectro completo de minerales traza y amino\u00e1cidos que activan y energizan con Hidr\u00f3geno y Ox\u00edgeno, mejorando los ambientes del suelo de manera el\u00e9ctrica, biol\u00f3gica y qu\u00edmica. Est\u00e1 cargado con nuestra tecnolog\u00eda cin\u00e9tica propietaria que funciona a nivel celular, permitiendo la m\u00e1xima germinaci\u00f3n de semillas, mejorando la tasa de actividad enzim\u00e1tica, enriqueciendo la acondicionamiento del suelo y minerales, y proporcionando condiciones \u00f3ptimas para el florecimiento de la microbiolog\u00eda del suelo. Microbebio\u00ae Nutrient Activator\u2122 ayuda en el crecimiento celular y regula la absorci\u00f3n de nutrientes. Protege contra pat\u00f3genos y enfermedades, maximiza el vigor de las plantas y aumenta el rendimiento y la calidad. CONTENIDO ENZIM\u00c1TICO VITAMINAS: Vitamina A, Vitamina B-6, Vitamina B-12, Vitamina C, Vitamina D, Vitamina E, Tiamina, Colina, \u00c1cido f\u00f3lico, Riboflavina, Biotina, \u00c1cido pantot\u00e9nico AMINO\u00c1CIDOS: Alanina, Arginina, \u00c1cido asp\u00e1rtico, Cistina, \u00c1cido glut\u00e1mico, Glicina, Histidina, Isoleucina, L-carnitina, Lisina, Metionina, Fenilalanina, Prolina, Serina, Treonina, Tript\u00f3fano, Tirosina, Valina. 60 MINERALES DIN\u00c1MICOS: Bromuro, Calcio, Fluoruro, Silicio, Nitr\u00f3geno, Selenio, F\u00f3sforo, Yodo, Litio, Cromo, Hierro, Manganeso, Titanio, Rubidio, Cobalto, Cobre, Antimonio, Ars\u00e9nico, Molibdeno, Estroncio, Zinc, N\u00edquel, Wolframio, Germanio, Aluminio, Escandio, Esta\u00f1o, Lantano, Ytrio, Bario, Plata, Uranio, Galio, Circonio, Vanadio, Berilio, Telurio, Bismuto, Hafnio, Terbio, Europio, Gadolinio, Samario, Cerio, Cesio, Oro, Disprosio, Holmio, Lutecio, Tulio, Erbio, Iterbio, Neodimio, Praseodimio, Niobio, Tantalio, Torio, Talio, Renio, Sodio, Tantalio, Telurio, Terbio, Talio, Torio, Titanio, Wolframio, Vanadio, Iterbio, Magnesio, Zinc, Calcio, Azufre, Selenio, Cobre, Potasio.","og_url":"https:\/\/www.microbebio.com\/spanish-microbe-fertilizer\/product\/microbebio-nutrient-activator\/","og_site_name":"Microbial fertilizer Organic Fertilizer USA","article_modified_time":"2025-07-29T20:49:35+00:00","og_image":[{"width":1224,"height":1440,"url":"https:\/\/www.microbebio.com\/spanish-microbe-fertilizer\/wp-content\/uploads\/2022\/10\/MICROBEBIO-NUTRIENT-ACTIVATOR-2-0-1.png","type":"image\/png"}],"twitter_card":"summary_large_image","twitter_misc":{"Est. reading time":"1 minute"},"schema":{"@context":"https:\/\/schema.org","@graph":[{"@type":"WebPage","@id":"https:\/\/www.microbebio.com\/spanish-microbe-fertilizer\/product\/microbebio-nutrient-activator\/","url":"https:\/\/www.microbebio.com\/spanish-microbe-fertilizer\/product\/microbebio-nutrient-activator\/","name":"Microbebio\u00ae Nutrient Activator\u2122 - Microbial fertilizer Organic Fertilizer USA","isPartOf":{"@id":"https:\/\/www.microbebio.com\/spanish-microbe-fertilizer\/#website"},"primaryImageOfPage":{"@id":"https:\/\/www.microbebio.com\/spanish-microbe-fertilizer\/product\/microbebio-nutrient-activator\/#primaryimage"},"image":{"@id":"https:\/\/www.microbebio.com\/spanish-microbe-fertilizer\/product\/microbebio-nutrient-activator\/#primaryimage"},"thumbnailUrl":"https:\/\/www.microbebio.com\/spanish-microbe-fertilizer\/wp-content\/uploads\/2022\/10\/MICROBEBIO-NUTRIENT-ACTIVATOR-2-0-1.png","datePublished":"2022-10-13T20:42:49+00:00","dateModified":"2025-07-29T20:49:35+00:00","breadcrumb":{"@id":"https:\/\/www.microbebio.com\/spanish-microbe-fertilizer\/product\/microbebio-nutrient-activator\/#breadcrumb"},"inLanguage":"en-US","potentialAction":[{"@type":"ReadAction","target":["https:\/\/www.microbebio.com\/spanish-microbe-fertilizer\/product\/microbebio-nutrient-activator\/"]}]},{"@type":"ImageObject","inLanguage":"en-US","@id":"https:\/\/www.microbebio.com\/spanish-microbe-fertilizer\/product\/microbebio-nutrient-activator\/#primaryimage","url":"https:\/\/www.microbebio.com\/spanish-microbe-fertilizer\/wp-content\/uploads\/2022\/10\/MICROBEBIO-NUTRIENT-ACTIVATOR-2-0-1.png","contentUrl":"https:\/\/www.microbebio.com\/spanish-microbe-fertilizer\/wp-content\/uploads\/2022\/10\/MICROBEBIO-NUTRIENT-ACTIVATOR-2-0-1.png","width":1224,"height":1440,"caption":"Microbebio Nutrient Activator"},{"@type":"BreadcrumbList","@id":"https:\/\/www.microbebio.com\/spanish-microbe-fertilizer\/product\/microbebio-nutrient-activator\/#breadcrumb","itemListElement":[{"@type":"ListItem","position":1,"name":"Home","item":"https:\/\/www.microbebio.com\/spanish-microbe-fertilizer\/"},{"@type":"ListItem","position":2,"name":"Shop","item":"https:\/\/www.microbebio.com\/spanish-microbe-fertilizer\/shop\/"},{"@type":"ListItem","position":3,"name":"Microbebio\u00ae Nutrient Activator\u2122"}]},{"@type":"WebSite","@id":"https:\/\/www.microbebio.com\/spanish-microbe-fertilizer\/#website","url":"https:\/\/www.microbebio.com\/spanish-microbe-fertilizer\/","name":"Microbial fertilizer Organic Fertilizer USA","description":"Microbes Fertilizer Nature Phenomenon","potentialAction":[{"@type":"SearchAction","target":{"@type":"EntryPoint","urlTemplate":"https:\/\/www.microbebio.com\/spanish-microbe-fertilizer\/?s={search_term_string}"},"query-input":{"@type":"PropertyValueSpecification","valueRequired":true,"valueName":"search_term_string"}}],"inLanguage":"en-US"}]}},"_links":{"self":[{"href":"https:\/\/www.microbebio.com\/spanish-microbe-fertilizer\/wp-json\/wp\/v2\/product\/14460","targetHints":{"allow":["GET"]}}],"collection":[{"href":"https:\/\/www.microbebio.com\/spanish-microbe-fertilizer\/wp-json\/wp\/v2\/product"}],"about":[{"href":"https:\/\/www.microbebio.com\/spanish-microbe-fertilizer\/wp-json\/wp\/v2\/types\/product"}],"wp:featuredmedia":[{"embeddable":true,"href":"https:\/\/www.microbebio.com\/spanish-microbe-fertilizer\/wp-json\/wp\/v2\/media\/14462"}],"wp:attachment":[{"href":"https:\/\/www.microbebio.com\/spanish-microbe-fertilizer\/wp-json\/wp\/v2\/media?parent=14460"}],"wp:term":[{"taxonomy":"product_brand","embeddable":true,"href":"https:\/\/www.microbebio.com\/spanish-microbe-fertilizer\/wp-json\/wp\/v2\/product_brand?post=14460"},{"taxonomy":"product_cat","embeddable":true,"href":"https:\/\/www.microbebio.com\/spanish-microbe-fertilizer\/wp-json\/wp\/v2\/product_cat?post=14460"},{"taxonomy":"product_tag","embeddable":true,"href":"https:\/\/www.microbebio.com\/spanish-microbe-fertilizer\/wp-json\/wp\/v2\/product_tag?post=14460"}],"curies":[{"name":"wp","href":"https:\/\/api.w.org\/{rel}","templated":true}]}}