{"id":14947,"date":"2022-12-20T17:10:32","date_gmt":"2022-12-21T00:10:32","guid":{"rendered":"https:\/\/www.microbebio.com\/spanish-microbe-fertilizer\/?post_type=product&#038;p=14947"},"modified":"2025-07-29T14:05:38","modified_gmt":"2025-07-29T21:05:38","slug":"microbebio-rhizo-activator-super","status":"publish","type":"product","link":"https:\/\/www.microbebio.com\/spanish-microbe-fertilizer\/product\/microbebio-rhizo-activator-super\/","title":{"rendered":"MICROBEBIO\u00ae RHIZO ACTIVATOR SUPER\u2122"},"content":{"rendered":"","protected":false},"excerpt":{"rendered":"<p data-start=\"0\" data-end=\"997\"><span style=\"color: #000000;\"><strong>MicrobeBio\u00ae Rhizo Activator Super\u2122<\/strong> es un fertilizante granular 100 % natural y org\u00e1nico de liberaci\u00f3n lenta que activa hasta por 365 d\u00edas, energizando con bioenerg\u00eda de Hidr\u00f3geno y Ox\u00edgeno, mejorando el ambiente del suelo de manera el\u00e9ctrica, biol\u00f3gica y sin\u00e9rgica. Est\u00e1 cargado con nuestra tecnolog\u00eda propia de bioenerg\u00eda cu\u00e1ntica cin\u00e9tica que funciona a nivel celular, permitiendo una m\u00e1xima germinaci\u00f3n de semillas, reduciendo la tensi\u00f3n superficial, mejorando la tasa de actividad enzim\u00e1tica, enriqueciendo la acondicionamiento del suelo y minerales, y proporcionando condiciones \u00f3ptimas para que los microorganismos del suelo prosperen. MicrobeBio\u00ae Rhizo Activator Super\u2122 es una herramienta poderosa para mejorar el crecimiento y rendimiento de las plantas. Este producto ayuda a regular la absorci\u00f3n de nutrientes, apoyando el crecimiento y desarrollo celular. Al mejorar la salud del suelo, este producto fomenta un crecimiento vegetal fuerte y saludable que conduce a rendimientos \u00f3ptimos.<\/span><\/p>\n<p data-start=\"999\" data-end=\"1009\"><span style=\"color: #000000;\">Beneficios<\/span><\/p>\n<ul data-start=\"1011\" data-end=\"2067\" data-is-last-node=\"\" data-is-only-node=\"\">\n<li data-start=\"1011\" data-end=\"1046\">\n<p data-start=\"1013\" data-end=\"1046\"><span style=\"color: #000000;\">Fijaci\u00f3n biol\u00f3gica de nitr\u00f3geno<\/span><\/p>\n<\/li>\n<li data-start=\"1047\" data-end=\"1070\">\n<p data-start=\"1049\" data-end=\"1070\"><span style=\"color: #000000;\">Solubiliza fosfatos<\/span><\/p>\n<\/li>\n<li data-start=\"1071\" data-end=\"1096\">\n<p data-start=\"1073\" data-end=\"1096\"><span style=\"color: #000000;\">Moviliza y mineraliza<\/span><\/p>\n<\/li>\n<li data-start=\"1097\" data-end=\"1128\">\n<p data-start=\"1099\" data-end=\"1128\"><span style=\"color: #000000;\">Aumenta ox\u00edgeno e hidr\u00f3geno<\/span><\/p>\n<\/li>\n<li data-start=\"1129\" data-end=\"1153\">\n<p data-start=\"1131\" data-end=\"1153\"><span style=\"color: #000000;\">Produce fitohormonas<\/span><\/p>\n<\/li>\n<li data-start=\"1154\" data-end=\"1183\">\n<p data-start=\"1156\" data-end=\"1183\"><span style=\"color: #000000;\">Equilibra el pH del suelo<\/span><\/p>\n<\/li>\n<li data-start=\"1184\" data-end=\"1251\">\n<p data-start=\"1186\" data-end=\"1251\"><span style=\"color: #000000;\">Incrementa la actividad saprof\u00edtica y la competencia microbiana<\/span><\/p>\n<\/li>\n<li data-start=\"1252\" data-end=\"1289\">\n<p data-start=\"1254\" data-end=\"1289\"><span style=\"color: #000000;\">Mejora el proceso de fotos\u00edntesis<\/span><\/p>\n<\/li>\n<li data-start=\"1290\" data-end=\"1341\">\n<p data-start=\"1292\" data-end=\"1341\"><span style=\"color: #000000;\">Potencia la absorci\u00f3n y captaci\u00f3n de nutrientes<\/span><\/p>\n<\/li>\n<li data-start=\"1342\" data-end=\"1387\">\n<p data-start=\"1344\" data-end=\"1387\"><span style=\"color: #000000;\">Incrementa el rendimiento de los cultivos<\/span><\/p>\n<\/li>\n<li data-start=\"1388\" data-end=\"1432\">\n<p data-start=\"1390\" data-end=\"1432\"><span style=\"color: #000000;\">Mejora la calidad y vigor de las plantas<\/span><\/p>\n<\/li>\n<li data-start=\"1433\" data-end=\"1477\">\n<p data-start=\"1435\" data-end=\"1477\"><span style=\"color: #000000;\">Aumenta la eficiencia en el uso del agua<\/span><\/p>\n<\/li>\n<li data-start=\"1478\" data-end=\"1546\">\n<p data-start=\"1480\" data-end=\"1546\"><span style=\"color: #000000;\">Aumenta la poblaci\u00f3n de microorganismos beneficiosos en el suelo<\/span><\/p>\n<\/li>\n<li data-start=\"1547\" data-end=\"1580\">\n<p data-start=\"1549\" data-end=\"1580\"><span style=\"color: #000000;\">Mejora los ciclos del carbono<\/span><\/p>\n<\/li>\n<li data-start=\"1581\" data-end=\"1623\">\n<p data-start=\"1583\" data-end=\"1623\"><span style=\"color: #000000;\">Reconstruye la capa superior del suelo<\/span><\/p>\n<\/li>\n<li data-start=\"1624\" data-end=\"1794\">\n<p data-start=\"1626\" data-end=\"1794\"><span style=\"color: #000000;\">Apoya el sistema inmunol\u00f3gico natural de la planta y su capacidad para resistir pat\u00f3genos da\u00f1inos de ra\u00edces y plantas, enfermedades y condiciones ambientales extremas<\/span><\/p>\n<\/li>\n<li data-start=\"1795\" data-end=\"1952\">\n<p data-start=\"1797\" data-end=\"1952\"><span style=\"color: #000000;\">Incrementa la masa radicular y protege la superficie de las ra\u00edces contra pat\u00f3genos da\u00f1inos como nematodos par\u00e1sitos, enfermedades, insecticidas y plagas<\/span><\/p>\n<\/li>\n<li data-start=\"1953\" data-end=\"2067\" data-is-last-node=\"\">\n<p data-start=\"1955\" data-end=\"2067\" data-is-last-node=\"\"><span style=\"color: #000000;\">Proporciona nutrientes tempranos que ayudan a que la poblaci\u00f3n microbiana prospere exponencialmente en el suelo.<\/span><\/p>\n<\/li>\n<\/ul>\n","protected":false},"featured_media":14950,"template":"","meta":{"ngg_post_thumbnail":0},"product_brand":[],"product_cat":[353],"product_tag":[],"class_list":{"0":"post-14947","1":"product","2":"type-product","3":"status-publish","4":"has-post-thumbnail","6":"product_cat-root-enhancer","8":"first","9":"instock","10":"shipping-taxable","11":"product-type-simple"},"yoast_head":"<!-- This site is optimized with the Yoast SEO plugin v27.4 - https:\/\/yoast.com\/product\/yoast-seo-wordpress\/ -->\n<title>MICROBEBIO\u00ae RHIZO ACTIVATOR SUPER\u2122 - Microbial fertilizer Organic Fertilizer USA<\/title>\n<meta name=\"robots\" content=\"index, follow, max-snippet:-1, max-image-preview:large, max-video-preview:-1\" \/>\n<link rel=\"canonical\" href=\"https:\/\/www.microbebio.com\/spanish-microbe-fertilizer\/product\/microbebio-rhizo-activator-super\/\" \/>\n<meta property=\"og:locale\" content=\"en_US\" \/>\n<meta property=\"og:type\" content=\"article\" \/>\n<meta property=\"og:title\" content=\"MICROBEBIO\u00ae RHIZO ACTIVATOR SUPER\u2122 - Microbial fertilizer Organic Fertilizer USA\" \/>\n<meta property=\"og:description\" content=\"MicrobeBio\u00ae Rhizo Activator Super\u2122 es un fertilizante granular 100 % natural y org\u00e1nico de liberaci\u00f3n lenta que activa hasta por 365 d\u00edas, energizando con bioenerg\u00eda de Hidr\u00f3geno y Ox\u00edgeno, mejorando el ambiente del suelo de manera el\u00e9ctrica, biol\u00f3gica y sin\u00e9rgica. Est\u00e1 cargado con nuestra tecnolog\u00eda propia de bioenerg\u00eda cu\u00e1ntica cin\u00e9tica que funciona a nivel celular, permitiendo una m\u00e1xima germinaci\u00f3n de semillas, reduciendo la tensi\u00f3n superficial, mejorando la tasa de actividad enzim\u00e1tica, enriqueciendo la acondicionamiento del suelo y minerales, y proporcionando condiciones \u00f3ptimas para que los microorganismos del suelo prosperen. MicrobeBio\u00ae Rhizo Activator Super\u2122 es una herramienta poderosa para mejorar el crecimiento y rendimiento de las plantas. Este producto ayuda a regular la absorci\u00f3n de nutrientes, apoyando el crecimiento y desarrollo celular. Al mejorar la salud del suelo, este producto fomenta un crecimiento vegetal fuerte y saludable que conduce a rendimientos \u00f3ptimos. Beneficios     Fijaci\u00f3n biol\u00f3gica de nitr\u00f3geno    Solubiliza fosfatos    Moviliza y mineraliza    Aumenta ox\u00edgeno e hidr\u00f3geno    Produce fitohormonas    Equilibra el pH del suelo    Incrementa la actividad saprof\u00edtica y la competencia microbiana    Mejora el proceso de fotos\u00edntesis    Potencia la absorci\u00f3n y captaci\u00f3n de nutrientes    Incrementa el rendimiento de los cultivos    Mejora la calidad y vigor de las plantas    Aumenta la eficiencia en el uso del agua    Aumenta la poblaci\u00f3n de microorganismos beneficiosos en el suelo    Mejora los ciclos del carbono    Reconstruye la capa superior del suelo    Apoya el sistema inmunol\u00f3gico natural de la planta y su capacidad para resistir pat\u00f3genos da\u00f1inos de ra\u00edces y plantas, enfermedades y condiciones ambientales extremas    Incrementa la masa radicular y protege la superficie de las ra\u00edces contra pat\u00f3genos da\u00f1inos como nematodos par\u00e1sitos, enfermedades, insecticidas y plagas    Proporciona nutrientes tempranos que ayudan a que la poblaci\u00f3n microbiana prospere exponencialmente en el suelo.\" \/>\n<meta property=\"og:url\" content=\"https:\/\/www.microbebio.com\/spanish-microbe-fertilizer\/product\/microbebio-rhizo-activator-super\/\" \/>\n<meta property=\"og:site_name\" content=\"Microbial fertilizer Organic Fertilizer USA\" \/>\n<meta property=\"article:modified_time\" content=\"2025-07-29T21:05:38+00:00\" \/>\n<meta property=\"og:image\" content=\"https:\/\/www.microbebio.com\/spanish-microbe-fertilizer\/wp-content\/uploads\/2022\/12\/MICROBEBIO-RHIZO-ACTIVATOR-SUPER-1024x1024.png\" \/>\n\t<meta property=\"og:image:width\" content=\"1024\" \/>\n\t<meta property=\"og:image:height\" content=\"1024\" \/>\n\t<meta property=\"og:image:type\" content=\"image\/png\" \/>\n<meta name=\"twitter:card\" content=\"summary_large_image\" \/>\n<meta name=\"twitter:label1\" content=\"Est. reading time\" \/>\n\t<meta name=\"twitter:data1\" content=\"1 minute\" \/>\n<script type=\"application\/ld+json\" class=\"yoast-schema-graph\">{\"@context\":\"https:\\\/\\\/schema.org\",\"@graph\":[{\"@type\":\"WebPage\",\"@id\":\"https:\\\/\\\/www.microbebio.com\\\/spanish-microbe-fertilizer\\\/product\\\/microbebio-rhizo-activator-super\\\/\",\"url\":\"https:\\\/\\\/www.microbebio.com\\\/spanish-microbe-fertilizer\\\/product\\\/microbebio-rhizo-activator-super\\\/\",\"name\":\"MICROBEBIO\u00ae RHIZO ACTIVATOR SUPER\u2122 - Microbial fertilizer Organic Fertilizer USA\",\"isPartOf\":{\"@id\":\"https:\\\/\\\/www.microbebio.com\\\/spanish-microbe-fertilizer\\\/#website\"},\"primaryImageOfPage\":{\"@id\":\"https:\\\/\\\/www.microbebio.com\\\/spanish-microbe-fertilizer\\\/product\\\/microbebio-rhizo-activator-super\\\/#primaryimage\"},\"image\":{\"@id\":\"https:\\\/\\\/www.microbebio.com\\\/spanish-microbe-fertilizer\\\/product\\\/microbebio-rhizo-activator-super\\\/#primaryimage\"},\"thumbnailUrl\":\"https:\\\/\\\/www.microbebio.com\\\/spanish-microbe-fertilizer\\\/wp-content\\\/uploads\\\/2022\\\/12\\\/MICROBEBIO-RHIZO-ACTIVATOR-SUPER.png\",\"datePublished\":\"2022-12-21T00:10:32+00:00\",\"dateModified\":\"2025-07-29T21:05:38+00:00\",\"breadcrumb\":{\"@id\":\"https:\\\/\\\/www.microbebio.com\\\/spanish-microbe-fertilizer\\\/product\\\/microbebio-rhizo-activator-super\\\/#breadcrumb\"},\"inLanguage\":\"en-US\",\"potentialAction\":[{\"@type\":\"ReadAction\",\"target\":[\"https:\\\/\\\/www.microbebio.com\\\/spanish-microbe-fertilizer\\\/product\\\/microbebio-rhizo-activator-super\\\/\"]}]},{\"@type\":\"ImageObject\",\"inLanguage\":\"en-US\",\"@id\":\"https:\\\/\\\/www.microbebio.com\\\/spanish-microbe-fertilizer\\\/product\\\/microbebio-rhizo-activator-super\\\/#primaryimage\",\"url\":\"https:\\\/\\\/www.microbebio.com\\\/spanish-microbe-fertilizer\\\/wp-content\\\/uploads\\\/2022\\\/12\\\/MICROBEBIO-RHIZO-ACTIVATOR-SUPER.png\",\"contentUrl\":\"https:\\\/\\\/www.microbebio.com\\\/spanish-microbe-fertilizer\\\/wp-content\\\/uploads\\\/2022\\\/12\\\/MICROBEBIO-RHIZO-ACTIVATOR-SUPER.png\",\"width\":2000,\"height\":2000,\"caption\":\"MICROBEBIO-RHIZO ACTIVATOR SUPER\"},{\"@type\":\"BreadcrumbList\",\"@id\":\"https:\\\/\\\/www.microbebio.com\\\/spanish-microbe-fertilizer\\\/product\\\/microbebio-rhizo-activator-super\\\/#breadcrumb\",\"itemListElement\":[{\"@type\":\"ListItem\",\"position\":1,\"name\":\"Home\",\"item\":\"https:\\\/\\\/www.microbebio.com\\\/spanish-microbe-fertilizer\\\/\"},{\"@type\":\"ListItem\",\"position\":2,\"name\":\"Shop\",\"item\":\"https:\\\/\\\/www.microbebio.com\\\/spanish-microbe-fertilizer\\\/shop\\\/\"},{\"@type\":\"ListItem\",\"position\":3,\"name\":\"MICROBEBIO\u00ae RHIZO ACTIVATOR SUPER\u2122\"}]},{\"@type\":\"WebSite\",\"@id\":\"https:\\\/\\\/www.microbebio.com\\\/spanish-microbe-fertilizer\\\/#website\",\"url\":\"https:\\\/\\\/www.microbebio.com\\\/spanish-microbe-fertilizer\\\/\",\"name\":\"Microbial fertilizer Organic Fertilizer USA\",\"description\":\"Microbes Fertilizer Nature Phenomenon\",\"potentialAction\":[{\"@type\":\"SearchAction\",\"target\":{\"@type\":\"EntryPoint\",\"urlTemplate\":\"https:\\\/\\\/www.microbebio.com\\\/spanish-microbe-fertilizer\\\/?s={search_term_string}\"},\"query-input\":{\"@type\":\"PropertyValueSpecification\",\"valueRequired\":true,\"valueName\":\"search_term_string\"}}],\"inLanguage\":\"en-US\"}]}<\/script>\n<!-- \/ Yoast SEO plugin. -->","yoast_head_json":{"title":"MICROBEBIO\u00ae RHIZO ACTIVATOR SUPER\u2122 - Microbial fertilizer Organic Fertilizer USA","robots":{"index":"index","follow":"follow","max-snippet":"max-snippet:-1","max-image-preview":"max-image-preview:large","max-video-preview":"max-video-preview:-1"},"canonical":"https:\/\/www.microbebio.com\/spanish-microbe-fertilizer\/product\/microbebio-rhizo-activator-super\/","og_locale":"en_US","og_type":"article","og_title":"MICROBEBIO\u00ae RHIZO ACTIVATOR SUPER\u2122 - Microbial fertilizer Organic Fertilizer USA","og_description":"MicrobeBio\u00ae Rhizo Activator Super\u2122 es un fertilizante granular 100 % natural y org\u00e1nico de liberaci\u00f3n lenta que activa hasta por 365 d\u00edas, energizando con bioenerg\u00eda de Hidr\u00f3geno y Ox\u00edgeno, mejorando el ambiente del suelo de manera el\u00e9ctrica, biol\u00f3gica y sin\u00e9rgica. Est\u00e1 cargado con nuestra tecnolog\u00eda propia de bioenerg\u00eda cu\u00e1ntica cin\u00e9tica que funciona a nivel celular, permitiendo una m\u00e1xima germinaci\u00f3n de semillas, reduciendo la tensi\u00f3n superficial, mejorando la tasa de actividad enzim\u00e1tica, enriqueciendo la acondicionamiento del suelo y minerales, y proporcionando condiciones \u00f3ptimas para que los microorganismos del suelo prosperen. MicrobeBio\u00ae Rhizo Activator Super\u2122 es una herramienta poderosa para mejorar el crecimiento y rendimiento de las plantas. Este producto ayuda a regular la absorci\u00f3n de nutrientes, apoyando el crecimiento y desarrollo celular. Al mejorar la salud del suelo, este producto fomenta un crecimiento vegetal fuerte y saludable que conduce a rendimientos \u00f3ptimos. Beneficios     Fijaci\u00f3n biol\u00f3gica de nitr\u00f3geno    Solubiliza fosfatos    Moviliza y mineraliza    Aumenta ox\u00edgeno e hidr\u00f3geno    Produce fitohormonas    Equilibra el pH del suelo    Incrementa la actividad saprof\u00edtica y la competencia microbiana    Mejora el proceso de fotos\u00edntesis    Potencia la absorci\u00f3n y captaci\u00f3n de nutrientes    Incrementa el rendimiento de los cultivos    Mejora la calidad y vigor de las plantas    Aumenta la eficiencia en el uso del agua    Aumenta la poblaci\u00f3n de microorganismos beneficiosos en el suelo    Mejora los ciclos del carbono    Reconstruye la capa superior del suelo    Apoya el sistema inmunol\u00f3gico natural de la planta y su capacidad para resistir pat\u00f3genos da\u00f1inos de ra\u00edces y plantas, enfermedades y condiciones ambientales extremas    Incrementa la masa radicular y protege la superficie de las ra\u00edces contra pat\u00f3genos da\u00f1inos como nematodos par\u00e1sitos, enfermedades, insecticidas y plagas    Proporciona nutrientes tempranos que ayudan a que la poblaci\u00f3n microbiana prospere exponencialmente en el suelo.","og_url":"https:\/\/www.microbebio.com\/spanish-microbe-fertilizer\/product\/microbebio-rhizo-activator-super\/","og_site_name":"Microbial fertilizer Organic Fertilizer USA","article_modified_time":"2025-07-29T21:05:38+00:00","og_image":[{"width":1024,"height":1024,"url":"https:\/\/www.microbebio.com\/spanish-microbe-fertilizer\/wp-content\/uploads\/2022\/12\/MICROBEBIO-RHIZO-ACTIVATOR-SUPER-1024x1024.png","type":"image\/png"}],"twitter_card":"summary_large_image","twitter_misc":{"Est. reading time":"1 minute"},"schema":{"@context":"https:\/\/schema.org","@graph":[{"@type":"WebPage","@id":"https:\/\/www.microbebio.com\/spanish-microbe-fertilizer\/product\/microbebio-rhizo-activator-super\/","url":"https:\/\/www.microbebio.com\/spanish-microbe-fertilizer\/product\/microbebio-rhizo-activator-super\/","name":"MICROBEBIO\u00ae RHIZO ACTIVATOR SUPER\u2122 - Microbial fertilizer Organic Fertilizer USA","isPartOf":{"@id":"https:\/\/www.microbebio.com\/spanish-microbe-fertilizer\/#website"},"primaryImageOfPage":{"@id":"https:\/\/www.microbebio.com\/spanish-microbe-fertilizer\/product\/microbebio-rhizo-activator-super\/#primaryimage"},"image":{"@id":"https:\/\/www.microbebio.com\/spanish-microbe-fertilizer\/product\/microbebio-rhizo-activator-super\/#primaryimage"},"thumbnailUrl":"https:\/\/www.microbebio.com\/spanish-microbe-fertilizer\/wp-content\/uploads\/2022\/12\/MICROBEBIO-RHIZO-ACTIVATOR-SUPER.png","datePublished":"2022-12-21T00:10:32+00:00","dateModified":"2025-07-29T21:05:38+00:00","breadcrumb":{"@id":"https:\/\/www.microbebio.com\/spanish-microbe-fertilizer\/product\/microbebio-rhizo-activator-super\/#breadcrumb"},"inLanguage":"en-US","potentialAction":[{"@type":"ReadAction","target":["https:\/\/www.microbebio.com\/spanish-microbe-fertilizer\/product\/microbebio-rhizo-activator-super\/"]}]},{"@type":"ImageObject","inLanguage":"en-US","@id":"https:\/\/www.microbebio.com\/spanish-microbe-fertilizer\/product\/microbebio-rhizo-activator-super\/#primaryimage","url":"https:\/\/www.microbebio.com\/spanish-microbe-fertilizer\/wp-content\/uploads\/2022\/12\/MICROBEBIO-RHIZO-ACTIVATOR-SUPER.png","contentUrl":"https:\/\/www.microbebio.com\/spanish-microbe-fertilizer\/wp-content\/uploads\/2022\/12\/MICROBEBIO-RHIZO-ACTIVATOR-SUPER.png","width":2000,"height":2000,"caption":"MICROBEBIO-RHIZO ACTIVATOR SUPER"},{"@type":"BreadcrumbList","@id":"https:\/\/www.microbebio.com\/spanish-microbe-fertilizer\/product\/microbebio-rhizo-activator-super\/#breadcrumb","itemListElement":[{"@type":"ListItem","position":1,"name":"Home","item":"https:\/\/www.microbebio.com\/spanish-microbe-fertilizer\/"},{"@type":"ListItem","position":2,"name":"Shop","item":"https:\/\/www.microbebio.com\/spanish-microbe-fertilizer\/shop\/"},{"@type":"ListItem","position":3,"name":"MICROBEBIO\u00ae RHIZO ACTIVATOR SUPER\u2122"}]},{"@type":"WebSite","@id":"https:\/\/www.microbebio.com\/spanish-microbe-fertilizer\/#website","url":"https:\/\/www.microbebio.com\/spanish-microbe-fertilizer\/","name":"Microbial fertilizer Organic Fertilizer USA","description":"Microbes Fertilizer Nature Phenomenon","potentialAction":[{"@type":"SearchAction","target":{"@type":"EntryPoint","urlTemplate":"https:\/\/www.microbebio.com\/spanish-microbe-fertilizer\/?s={search_term_string}"},"query-input":{"@type":"PropertyValueSpecification","valueRequired":true,"valueName":"search_term_string"}}],"inLanguage":"en-US"}]}},"_links":{"self":[{"href":"https:\/\/www.microbebio.com\/spanish-microbe-fertilizer\/wp-json\/wp\/v2\/product\/14947","targetHints":{"allow":["GET"]}}],"collection":[{"href":"https:\/\/www.microbebio.com\/spanish-microbe-fertilizer\/wp-json\/wp\/v2\/product"}],"about":[{"href":"https:\/\/www.microbebio.com\/spanish-microbe-fertilizer\/wp-json\/wp\/v2\/types\/product"}],"wp:featuredmedia":[{"embeddable":true,"href":"https:\/\/www.microbebio.com\/spanish-microbe-fertilizer\/wp-json\/wp\/v2\/media\/14950"}],"wp:attachment":[{"href":"https:\/\/www.microbebio.com\/spanish-microbe-fertilizer\/wp-json\/wp\/v2\/media?parent=14947"}],"wp:term":[{"taxonomy":"product_brand","embeddable":true,"href":"https:\/\/www.microbebio.com\/spanish-microbe-fertilizer\/wp-json\/wp\/v2\/product_brand?post=14947"},{"taxonomy":"product_cat","embeddable":true,"href":"https:\/\/www.microbebio.com\/spanish-microbe-fertilizer\/wp-json\/wp\/v2\/product_cat?post=14947"},{"taxonomy":"product_tag","embeddable":true,"href":"https:\/\/www.microbebio.com\/spanish-microbe-fertilizer\/wp-json\/wp\/v2\/product_tag?post=14947"}],"curies":[{"name":"wp","href":"https:\/\/api.w.org\/{rel}","templated":true}]}}