{"id":15134,"date":"2023-02-09T14:55:56","date_gmt":"2023-02-09T21:55:56","guid":{"rendered":"https:\/\/www.microbebio.com\/spanish-microbe-fertilizer\/?post_type=product&#038;p=15134"},"modified":"2025-07-29T15:04:53","modified_gmt":"2025-07-29T22:04:53","slug":"microbebio-phenom-or-1-0","status":"publish","type":"product","link":"https:\/\/www.microbebio.com\/spanish-microbe-fertilizer\/product\/microbebio-phenom-or-1-0\/","title":{"rendered":"MICROBEBIO\u00ae Phenom OR 1.0\u2122"},"content":{"rendered":"","protected":false},"excerpt":{"rendered":"<p data-start=\"0\" data-end=\"70\"><span style=\"color: #000000;\"><strong data-start=\"0\" data-end=\"70\">(Recuperaci\u00f3n Mejorada de Petr\u00f3leo Microbiana \u2013 Inyecci\u00f3n en Pozo)<\/strong><\/span><\/p>\n<p data-start=\"72\" data-end=\"690\"><span style=\"color: #000000;\"><strong data-start=\"72\" data-end=\"100\">Microbebio Phenom OR 1.0<\/strong> fue dise\u00f1ado con \u00e9nfasis en el ahorro de costos y el rendimiento. Al utilizar una mezcla patentada de bacterias, el producto asegura que los bloqueos se eliminen de manera m\u00e1s eficiente que los m\u00e9todos tradicionales, como la limpieza qu\u00edmica o el raspado mec\u00e1nico. Esto no solo aumenta la producci\u00f3n al optimizar el flujo, sino que tambi\u00e9n reduce los costos adicionales asociados con la reparaci\u00f3n de tuber\u00edas da\u00f1adas y otros problemas relacionados. Adem\u00e1s, el producto es seguro para su uso en \u00e1reas sensibles debido a su bajo perfil de toxicidad y la falta de impacto ambiental negativo.<\/span><\/p>\n<p data-start=\"692\" data-end=\"1392\" data-is-last-node=\"\" data-is-only-node=\"\"><span style=\"color: #000000;\"><strong data-start=\"692\" data-end=\"720\">Microbebio Phenom OR 1.0<\/strong> es una tecnolog\u00eda revolucionaria de recuperaci\u00f3n de petr\u00f3leo que utiliza biotecnolog\u00eda microbiana para descomponer los aceites y aumentar la producci\u00f3n de reservorios atrapados. Con esta tecnolog\u00eda, los operadores pueden recuperar el acceso a recursos valiosos mientras reducen su impacto ambiental. <strong data-start=\"1021\" data-end=\"1049\">Microbebio Phenom OR 1.0<\/strong> mejora los valores API, la viscosidad y la movilidad del petr\u00f3leo, lo que resulta en una mayor eficiencia de producci\u00f3n y ahorro de costos para los operadores. Adem\u00e1s, la biotecnolog\u00eda microbiana utilizada en este proceso tiene un efecto m\u00ednimo sobre el medio ambiente en comparaci\u00f3n con los tratamientos qu\u00edmicos que podr\u00edan da\u00f1arlo a\u00fan m\u00e1s.<\/span><\/p>\n","protected":false},"featured_media":15135,"template":"","meta":{"ngg_post_thumbnail":0},"product_brand":[],"product_cat":[354],"product_tag":[],"class_list":{"0":"post-15134","1":"product","2":"type-product","3":"status-publish","4":"has-post-thumbnail","6":"product_cat-oil-remidiation","8":"first","9":"instock","10":"shipping-taxable","11":"product-type-simple"},"yoast_head":"<!-- This site is optimized with the Yoast SEO plugin v27.4 - https:\/\/yoast.com\/product\/yoast-seo-wordpress\/ -->\n<title>MICROBEBIO\u00ae Phenom OR 1.0\u2122 - Microbial fertilizer Organic Fertilizer USA<\/title>\n<meta name=\"robots\" content=\"index, follow, max-snippet:-1, max-image-preview:large, max-video-preview:-1\" \/>\n<link rel=\"canonical\" href=\"https:\/\/www.microbebio.com\/spanish-microbe-fertilizer\/product\/microbebio-phenom-or-1-0\/\" \/>\n<meta property=\"og:locale\" content=\"en_US\" \/>\n<meta property=\"og:type\" content=\"article\" \/>\n<meta property=\"og:title\" content=\"MICROBEBIO\u00ae Phenom OR 1.0\u2122 - Microbial fertilizer Organic Fertilizer USA\" \/>\n<meta property=\"og:description\" content=\"(Recuperaci\u00f3n Mejorada de Petr\u00f3leo Microbiana \u2013 Inyecci\u00f3n en Pozo) Microbebio Phenom OR 1.0 fue dise\u00f1ado con \u00e9nfasis en el ahorro de costos y el rendimiento. Al utilizar una mezcla patentada de bacterias, el producto asegura que los bloqueos se eliminen de manera m\u00e1s eficiente que los m\u00e9todos tradicionales, como la limpieza qu\u00edmica o el raspado mec\u00e1nico. Esto no solo aumenta la producci\u00f3n al optimizar el flujo, sino que tambi\u00e9n reduce los costos adicionales asociados con la reparaci\u00f3n de tuber\u00edas da\u00f1adas y otros problemas relacionados. Adem\u00e1s, el producto es seguro para su uso en \u00e1reas sensibles debido a su bajo perfil de toxicidad y la falta de impacto ambiental negativo. Microbebio Phenom OR 1.0 es una tecnolog\u00eda revolucionaria de recuperaci\u00f3n de petr\u00f3leo que utiliza biotecnolog\u00eda microbiana para descomponer los aceites y aumentar la producci\u00f3n de reservorios atrapados. Con esta tecnolog\u00eda, los operadores pueden recuperar el acceso a recursos valiosos mientras reducen su impacto ambiental. Microbebio Phenom OR 1.0 mejora los valores API, la viscosidad y la movilidad del petr\u00f3leo, lo que resulta en una mayor eficiencia de producci\u00f3n y ahorro de costos para los operadores. Adem\u00e1s, la biotecnolog\u00eda microbiana utilizada en este proceso tiene un efecto m\u00ednimo sobre el medio ambiente en comparaci\u00f3n con los tratamientos qu\u00edmicos que podr\u00edan da\u00f1arlo a\u00fan m\u00e1s.\" \/>\n<meta property=\"og:url\" content=\"https:\/\/www.microbebio.com\/spanish-microbe-fertilizer\/product\/microbebio-phenom-or-1-0\/\" \/>\n<meta property=\"og:site_name\" content=\"Microbial fertilizer Organic Fertilizer USA\" \/>\n<meta property=\"article:modified_time\" content=\"2025-07-29T22:04:53+00:00\" \/>\n<meta property=\"og:image\" content=\"https:\/\/www.microbebio.com\/spanish-microbe-fertilizer\/wp-content\/uploads\/2023\/02\/MICROBEBIO-PHENOM-1-3-Label-8.5x11-02-03-23-01.jpg\" \/>\n\t<meta property=\"og:image:width\" content=\"1276\" \/>\n\t<meta property=\"og:image:height\" content=\"1651\" \/>\n\t<meta property=\"og:image:type\" content=\"image\/jpeg\" \/>\n<meta name=\"twitter:card\" content=\"summary_large_image\" \/>\n<meta name=\"twitter:label1\" content=\"Est. reading time\" \/>\n\t<meta name=\"twitter:data1\" content=\"1 minute\" \/>\n<script type=\"application\/ld+json\" class=\"yoast-schema-graph\">{\"@context\":\"https:\\\/\\\/schema.org\",\"@graph\":[{\"@type\":\"WebPage\",\"@id\":\"https:\\\/\\\/www.microbebio.com\\\/spanish-microbe-fertilizer\\\/product\\\/microbebio-phenom-or-1-0\\\/\",\"url\":\"https:\\\/\\\/www.microbebio.com\\\/spanish-microbe-fertilizer\\\/product\\\/microbebio-phenom-or-1-0\\\/\",\"name\":\"MICROBEBIO\u00ae Phenom OR 1.0\u2122 - Microbial fertilizer Organic Fertilizer USA\",\"isPartOf\":{\"@id\":\"https:\\\/\\\/www.microbebio.com\\\/spanish-microbe-fertilizer\\\/#website\"},\"primaryImageOfPage\":{\"@id\":\"https:\\\/\\\/www.microbebio.com\\\/spanish-microbe-fertilizer\\\/product\\\/microbebio-phenom-or-1-0\\\/#primaryimage\"},\"image\":{\"@id\":\"https:\\\/\\\/www.microbebio.com\\\/spanish-microbe-fertilizer\\\/product\\\/microbebio-phenom-or-1-0\\\/#primaryimage\"},\"thumbnailUrl\":\"https:\\\/\\\/www.microbebio.com\\\/spanish-microbe-fertilizer\\\/wp-content\\\/uploads\\\/2023\\\/02\\\/MICROBEBIO-PHENOM-1-3-Label-8.5x11-02-03-23-01.jpg\",\"datePublished\":\"2023-02-09T21:55:56+00:00\",\"dateModified\":\"2025-07-29T22:04:53+00:00\",\"breadcrumb\":{\"@id\":\"https:\\\/\\\/www.microbebio.com\\\/spanish-microbe-fertilizer\\\/product\\\/microbebio-phenom-or-1-0\\\/#breadcrumb\"},\"inLanguage\":\"en-US\",\"potentialAction\":[{\"@type\":\"ReadAction\",\"target\":[\"https:\\\/\\\/www.microbebio.com\\\/spanish-microbe-fertilizer\\\/product\\\/microbebio-phenom-or-1-0\\\/\"]}]},{\"@type\":\"ImageObject\",\"inLanguage\":\"en-US\",\"@id\":\"https:\\\/\\\/www.microbebio.com\\\/spanish-microbe-fertilizer\\\/product\\\/microbebio-phenom-or-1-0\\\/#primaryimage\",\"url\":\"https:\\\/\\\/www.microbebio.com\\\/spanish-microbe-fertilizer\\\/wp-content\\\/uploads\\\/2023\\\/02\\\/MICROBEBIO-PHENOM-1-3-Label-8.5x11-02-03-23-01.jpg\",\"contentUrl\":\"https:\\\/\\\/www.microbebio.com\\\/spanish-microbe-fertilizer\\\/wp-content\\\/uploads\\\/2023\\\/02\\\/MICROBEBIO-PHENOM-1-3-Label-8.5x11-02-03-23-01.jpg\",\"width\":1276,\"height\":1651,\"caption\":\"MICROBEBIO PHENOM OR 1.0\"},{\"@type\":\"BreadcrumbList\",\"@id\":\"https:\\\/\\\/www.microbebio.com\\\/spanish-microbe-fertilizer\\\/product\\\/microbebio-phenom-or-1-0\\\/#breadcrumb\",\"itemListElement\":[{\"@type\":\"ListItem\",\"position\":1,\"name\":\"Home\",\"item\":\"https:\\\/\\\/www.microbebio.com\\\/spanish-microbe-fertilizer\\\/\"},{\"@type\":\"ListItem\",\"position\":2,\"name\":\"Shop\",\"item\":\"https:\\\/\\\/www.microbebio.com\\\/spanish-microbe-fertilizer\\\/shop\\\/\"},{\"@type\":\"ListItem\",\"position\":3,\"name\":\"MICROBEBIO\u00ae Phenom OR 1.0\u2122\"}]},{\"@type\":\"WebSite\",\"@id\":\"https:\\\/\\\/www.microbebio.com\\\/spanish-microbe-fertilizer\\\/#website\",\"url\":\"https:\\\/\\\/www.microbebio.com\\\/spanish-microbe-fertilizer\\\/\",\"name\":\"Microbial fertilizer Organic Fertilizer USA\",\"description\":\"Microbes Fertilizer Nature Phenomenon\",\"potentialAction\":[{\"@type\":\"SearchAction\",\"target\":{\"@type\":\"EntryPoint\",\"urlTemplate\":\"https:\\\/\\\/www.microbebio.com\\\/spanish-microbe-fertilizer\\\/?s={search_term_string}\"},\"query-input\":{\"@type\":\"PropertyValueSpecification\",\"valueRequired\":true,\"valueName\":\"search_term_string\"}}],\"inLanguage\":\"en-US\"}]}<\/script>\n<!-- \/ Yoast SEO plugin. -->","yoast_head_json":{"title":"MICROBEBIO\u00ae Phenom OR 1.0\u2122 - Microbial fertilizer Organic Fertilizer USA","robots":{"index":"index","follow":"follow","max-snippet":"max-snippet:-1","max-image-preview":"max-image-preview:large","max-video-preview":"max-video-preview:-1"},"canonical":"https:\/\/www.microbebio.com\/spanish-microbe-fertilizer\/product\/microbebio-phenom-or-1-0\/","og_locale":"en_US","og_type":"article","og_title":"MICROBEBIO\u00ae Phenom OR 1.0\u2122 - Microbial fertilizer Organic Fertilizer USA","og_description":"(Recuperaci\u00f3n Mejorada de Petr\u00f3leo Microbiana \u2013 Inyecci\u00f3n en Pozo) Microbebio Phenom OR 1.0 fue dise\u00f1ado con \u00e9nfasis en el ahorro de costos y el rendimiento. Al utilizar una mezcla patentada de bacterias, el producto asegura que los bloqueos se eliminen de manera m\u00e1s eficiente que los m\u00e9todos tradicionales, como la limpieza qu\u00edmica o el raspado mec\u00e1nico. Esto no solo aumenta la producci\u00f3n al optimizar el flujo, sino que tambi\u00e9n reduce los costos adicionales asociados con la reparaci\u00f3n de tuber\u00edas da\u00f1adas y otros problemas relacionados. Adem\u00e1s, el producto es seguro para su uso en \u00e1reas sensibles debido a su bajo perfil de toxicidad y la falta de impacto ambiental negativo. Microbebio Phenom OR 1.0 es una tecnolog\u00eda revolucionaria de recuperaci\u00f3n de petr\u00f3leo que utiliza biotecnolog\u00eda microbiana para descomponer los aceites y aumentar la producci\u00f3n de reservorios atrapados. Con esta tecnolog\u00eda, los operadores pueden recuperar el acceso a recursos valiosos mientras reducen su impacto ambiental. Microbebio Phenom OR 1.0 mejora los valores API, la viscosidad y la movilidad del petr\u00f3leo, lo que resulta en una mayor eficiencia de producci\u00f3n y ahorro de costos para los operadores. Adem\u00e1s, la biotecnolog\u00eda microbiana utilizada en este proceso tiene un efecto m\u00ednimo sobre el medio ambiente en comparaci\u00f3n con los tratamientos qu\u00edmicos que podr\u00edan da\u00f1arlo a\u00fan m\u00e1s.","og_url":"https:\/\/www.microbebio.com\/spanish-microbe-fertilizer\/product\/microbebio-phenom-or-1-0\/","og_site_name":"Microbial fertilizer Organic Fertilizer USA","article_modified_time":"2025-07-29T22:04:53+00:00","og_image":[{"width":1276,"height":1651,"url":"https:\/\/www.microbebio.com\/spanish-microbe-fertilizer\/wp-content\/uploads\/2023\/02\/MICROBEBIO-PHENOM-1-3-Label-8.5x11-02-03-23-01.jpg","type":"image\/jpeg"}],"twitter_card":"summary_large_image","twitter_misc":{"Est. reading time":"1 minute"},"schema":{"@context":"https:\/\/schema.org","@graph":[{"@type":"WebPage","@id":"https:\/\/www.microbebio.com\/spanish-microbe-fertilizer\/product\/microbebio-phenom-or-1-0\/","url":"https:\/\/www.microbebio.com\/spanish-microbe-fertilizer\/product\/microbebio-phenom-or-1-0\/","name":"MICROBEBIO\u00ae Phenom OR 1.0\u2122 - Microbial fertilizer Organic Fertilizer USA","isPartOf":{"@id":"https:\/\/www.microbebio.com\/spanish-microbe-fertilizer\/#website"},"primaryImageOfPage":{"@id":"https:\/\/www.microbebio.com\/spanish-microbe-fertilizer\/product\/microbebio-phenom-or-1-0\/#primaryimage"},"image":{"@id":"https:\/\/www.microbebio.com\/spanish-microbe-fertilizer\/product\/microbebio-phenom-or-1-0\/#primaryimage"},"thumbnailUrl":"https:\/\/www.microbebio.com\/spanish-microbe-fertilizer\/wp-content\/uploads\/2023\/02\/MICROBEBIO-PHENOM-1-3-Label-8.5x11-02-03-23-01.jpg","datePublished":"2023-02-09T21:55:56+00:00","dateModified":"2025-07-29T22:04:53+00:00","breadcrumb":{"@id":"https:\/\/www.microbebio.com\/spanish-microbe-fertilizer\/product\/microbebio-phenom-or-1-0\/#breadcrumb"},"inLanguage":"en-US","potentialAction":[{"@type":"ReadAction","target":["https:\/\/www.microbebio.com\/spanish-microbe-fertilizer\/product\/microbebio-phenom-or-1-0\/"]}]},{"@type":"ImageObject","inLanguage":"en-US","@id":"https:\/\/www.microbebio.com\/spanish-microbe-fertilizer\/product\/microbebio-phenom-or-1-0\/#primaryimage","url":"https:\/\/www.microbebio.com\/spanish-microbe-fertilizer\/wp-content\/uploads\/2023\/02\/MICROBEBIO-PHENOM-1-3-Label-8.5x11-02-03-23-01.jpg","contentUrl":"https:\/\/www.microbebio.com\/spanish-microbe-fertilizer\/wp-content\/uploads\/2023\/02\/MICROBEBIO-PHENOM-1-3-Label-8.5x11-02-03-23-01.jpg","width":1276,"height":1651,"caption":"MICROBEBIO PHENOM OR 1.0"},{"@type":"BreadcrumbList","@id":"https:\/\/www.microbebio.com\/spanish-microbe-fertilizer\/product\/microbebio-phenom-or-1-0\/#breadcrumb","itemListElement":[{"@type":"ListItem","position":1,"name":"Home","item":"https:\/\/www.microbebio.com\/spanish-microbe-fertilizer\/"},{"@type":"ListItem","position":2,"name":"Shop","item":"https:\/\/www.microbebio.com\/spanish-microbe-fertilizer\/shop\/"},{"@type":"ListItem","position":3,"name":"MICROBEBIO\u00ae Phenom OR 1.0\u2122"}]},{"@type":"WebSite","@id":"https:\/\/www.microbebio.com\/spanish-microbe-fertilizer\/#website","url":"https:\/\/www.microbebio.com\/spanish-microbe-fertilizer\/","name":"Microbial fertilizer Organic Fertilizer USA","description":"Microbes Fertilizer Nature Phenomenon","potentialAction":[{"@type":"SearchAction","target":{"@type":"EntryPoint","urlTemplate":"https:\/\/www.microbebio.com\/spanish-microbe-fertilizer\/?s={search_term_string}"},"query-input":{"@type":"PropertyValueSpecification","valueRequired":true,"valueName":"search_term_string"}}],"inLanguage":"en-US"}]}},"_links":{"self":[{"href":"https:\/\/www.microbebio.com\/spanish-microbe-fertilizer\/wp-json\/wp\/v2\/product\/15134","targetHints":{"allow":["GET"]}}],"collection":[{"href":"https:\/\/www.microbebio.com\/spanish-microbe-fertilizer\/wp-json\/wp\/v2\/product"}],"about":[{"href":"https:\/\/www.microbebio.com\/spanish-microbe-fertilizer\/wp-json\/wp\/v2\/types\/product"}],"wp:featuredmedia":[{"embeddable":true,"href":"https:\/\/www.microbebio.com\/spanish-microbe-fertilizer\/wp-json\/wp\/v2\/media\/15135"}],"wp:attachment":[{"href":"https:\/\/www.microbebio.com\/spanish-microbe-fertilizer\/wp-json\/wp\/v2\/media?parent=15134"}],"wp:term":[{"taxonomy":"product_brand","embeddable":true,"href":"https:\/\/www.microbebio.com\/spanish-microbe-fertilizer\/wp-json\/wp\/v2\/product_brand?post=15134"},{"taxonomy":"product_cat","embeddable":true,"href":"https:\/\/www.microbebio.com\/spanish-microbe-fertilizer\/wp-json\/wp\/v2\/product_cat?post=15134"},{"taxonomy":"product_tag","embeddable":true,"href":"https:\/\/www.microbebio.com\/spanish-microbe-fertilizer\/wp-json\/wp\/v2\/product_tag?post=15134"}],"curies":[{"name":"wp","href":"https:\/\/api.w.org\/{rel}","templated":true}]}}