{"id":15142,"date":"2023-02-09T14:59:21","date_gmt":"2023-02-09T21:59:21","guid":{"rendered":"https:\/\/www.microbebio.com\/spanish-microbe-fertilizer\/?post_type=product&#038;p=15142"},"modified":"2025-07-29T15:05:20","modified_gmt":"2025-07-29T22:05:20","slug":"microbebio-phenom-or-2-0","status":"publish","type":"product","link":"https:\/\/www.microbebio.com\/spanish-microbe-fertilizer\/product\/microbebio-phenom-or-2-0\/","title":{"rendered":"MICROBEBIO\u00ae Phenom OR 2.0\u2122"},"content":{"rendered":"","protected":false},"excerpt":{"rendered":"<p data-start=\"0\" data-end=\"45\"><span style=\"color: #000000;\"><strong data-start=\"0\" data-end=\"45\">(Control de Corrosi\u00f3n por SRB, H2S y CO2)<\/strong><\/span><\/p>\n<p data-start=\"47\" data-end=\"826\"><span style=\"color: #000000;\"><strong data-start=\"47\" data-end=\"75\">Microbebio Phenom OR 2.0<\/strong> proporciona protecci\u00f3n a largo plazo para la infraestructura de los pozos, con los microbios anti-sulfato controlando los niveles de SRB en el pozo incluso despu\u00e9s del tratamiento. Esta soluci\u00f3n tambi\u00e9n es altamente eficaz en la reducci\u00f3n de las tasas de corrosi\u00f3n e inhibe la acumulaci\u00f3n de residuos en las superficies, mejorando la eficiencia general de la operaci\u00f3n en el campo petrolero. Adem\u00e1s, el producto tiene un bajo impacto ambiental ya que contiene solo ingredientes biodegradables y no requiere costos adicionales de disposici\u00f3n o limpieza. El uso de <strong data-start=\"639\" data-end=\"667\">Microbebio Phenom OR 2.0<\/strong> puede representar un ahorro significativo en costos en comparaci\u00f3n con las soluciones tradicionales de control de SRB, mientras entrega resultados superiores.<\/span><\/p>\n<p data-start=\"828\" data-end=\"1517\" data-is-last-node=\"\" data-is-only-node=\"\"><span style=\"color: #000000;\"><strong data-start=\"828\" data-end=\"856\">Microbebio Phenom OR 2.0<\/strong> ayuda a mantener el control de la corrosi\u00f3n formando una pel\u00edcula protectora biol\u00f3gica en la superficie de las tuber\u00edas. Esta pel\u00edcula es creada por microbios beneficiosos que compiten activamente con otros microorganismos y evitan que causen da\u00f1os en las tuber\u00edas. A trav\u00e9s de este proceso, <strong data-start=\"1149\" data-end=\"1177\">Microbebio Phenom OR 2.0<\/strong> ayuda a restaurar el equilibrio microbiano, manteniendo a los SRB bajo control mientras se mantienen las condiciones \u00f3ptimas en el campo petrolero. Adem\u00e1s, <strong data-start=\"1334\" data-end=\"1362\" data-is-only-node=\"\">Microbebio Phenom OR 2.0<\/strong> ofrece una soluci\u00f3n ecol\u00f3gica para mitigar la corrosi\u00f3n, ya que no depende de productos qu\u00edmicos agresivos o aditivos que podr\u00edan da\u00f1ar el medio ambiente.<\/span><\/p>\n","protected":false},"featured_media":15136,"template":"","meta":{"ngg_post_thumbnail":0},"product_brand":[],"product_cat":[354],"product_tag":[],"class_list":{"0":"post-15142","1":"product","2":"type-product","3":"status-publish","4":"has-post-thumbnail","6":"product_cat-oil-remidiation","8":"first","9":"instock","10":"shipping-taxable","11":"product-type-simple"},"yoast_head":"<!-- This site is optimized with the Yoast SEO plugin v27.4 - https:\/\/yoast.com\/product\/yoast-seo-wordpress\/ -->\n<title>MICROBEBIO\u00ae Phenom OR 2.0\u2122 - Microbial fertilizer Organic Fertilizer USA<\/title>\n<meta name=\"robots\" content=\"index, follow, max-snippet:-1, max-image-preview:large, max-video-preview:-1\" \/>\n<link rel=\"canonical\" href=\"https:\/\/www.microbebio.com\/spanish-microbe-fertilizer\/product\/microbebio-phenom-or-2-0\/\" \/>\n<meta property=\"og:locale\" content=\"en_US\" \/>\n<meta property=\"og:type\" content=\"article\" \/>\n<meta property=\"og:title\" content=\"MICROBEBIO\u00ae Phenom OR 2.0\u2122 - Microbial fertilizer Organic Fertilizer USA\" \/>\n<meta property=\"og:description\" content=\"(Control de Corrosi\u00f3n por SRB, H2S y CO2) Microbebio Phenom OR 2.0 proporciona protecci\u00f3n a largo plazo para la infraestructura de los pozos, con los microbios anti-sulfato controlando los niveles de SRB en el pozo incluso despu\u00e9s del tratamiento. Esta soluci\u00f3n tambi\u00e9n es altamente eficaz en la reducci\u00f3n de las tasas de corrosi\u00f3n e inhibe la acumulaci\u00f3n de residuos en las superficies, mejorando la eficiencia general de la operaci\u00f3n en el campo petrolero. Adem\u00e1s, el producto tiene un bajo impacto ambiental ya que contiene solo ingredientes biodegradables y no requiere costos adicionales de disposici\u00f3n o limpieza. El uso de Microbebio Phenom OR 2.0 puede representar un ahorro significativo en costos en comparaci\u00f3n con las soluciones tradicionales de control de SRB, mientras entrega resultados superiores. Microbebio Phenom OR 2.0 ayuda a mantener el control de la corrosi\u00f3n formando una pel\u00edcula protectora biol\u00f3gica en la superficie de las tuber\u00edas. Esta pel\u00edcula es creada por microbios beneficiosos que compiten activamente con otros microorganismos y evitan que causen da\u00f1os en las tuber\u00edas. A trav\u00e9s de este proceso, Microbebio Phenom OR 2.0 ayuda a restaurar el equilibrio microbiano, manteniendo a los SRB bajo control mientras se mantienen las condiciones \u00f3ptimas en el campo petrolero. Adem\u00e1s, Microbebio Phenom OR 2.0 ofrece una soluci\u00f3n ecol\u00f3gica para mitigar la corrosi\u00f3n, ya que no depende de productos qu\u00edmicos agresivos o aditivos que podr\u00edan da\u00f1ar el medio ambiente.\" \/>\n<meta property=\"og:url\" content=\"https:\/\/www.microbebio.com\/spanish-microbe-fertilizer\/product\/microbebio-phenom-or-2-0\/\" \/>\n<meta property=\"og:site_name\" content=\"Microbial fertilizer Organic Fertilizer USA\" \/>\n<meta property=\"article:modified_time\" content=\"2025-07-29T22:05:20+00:00\" \/>\n<meta property=\"og:image\" content=\"https:\/\/www.microbebio.com\/spanish-microbe-fertilizer\/wp-content\/uploads\/2023\/02\/MICROBEBIO-PHENOM-1-3-Label-8.5x11-02-03-23-02.jpg\" \/>\n\t<meta property=\"og:image:width\" content=\"1276\" \/>\n\t<meta property=\"og:image:height\" content=\"1651\" \/>\n\t<meta property=\"og:image:type\" content=\"image\/jpeg\" \/>\n<meta name=\"twitter:card\" content=\"summary_large_image\" \/>\n<meta name=\"twitter:label1\" content=\"Est. reading time\" \/>\n\t<meta name=\"twitter:data1\" content=\"1 minute\" \/>\n<script type=\"application\/ld+json\" class=\"yoast-schema-graph\">{\"@context\":\"https:\\\/\\\/schema.org\",\"@graph\":[{\"@type\":\"WebPage\",\"@id\":\"https:\\\/\\\/www.microbebio.com\\\/spanish-microbe-fertilizer\\\/product\\\/microbebio-phenom-or-2-0\\\/\",\"url\":\"https:\\\/\\\/www.microbebio.com\\\/spanish-microbe-fertilizer\\\/product\\\/microbebio-phenom-or-2-0\\\/\",\"name\":\"MICROBEBIO\u00ae Phenom OR 2.0\u2122 - Microbial fertilizer Organic Fertilizer USA\",\"isPartOf\":{\"@id\":\"https:\\\/\\\/www.microbebio.com\\\/spanish-microbe-fertilizer\\\/#website\"},\"primaryImageOfPage\":{\"@id\":\"https:\\\/\\\/www.microbebio.com\\\/spanish-microbe-fertilizer\\\/product\\\/microbebio-phenom-or-2-0\\\/#primaryimage\"},\"image\":{\"@id\":\"https:\\\/\\\/www.microbebio.com\\\/spanish-microbe-fertilizer\\\/product\\\/microbebio-phenom-or-2-0\\\/#primaryimage\"},\"thumbnailUrl\":\"https:\\\/\\\/www.microbebio.com\\\/spanish-microbe-fertilizer\\\/wp-content\\\/uploads\\\/2023\\\/02\\\/MICROBEBIO-PHENOM-1-3-Label-8.5x11-02-03-23-02.jpg\",\"datePublished\":\"2023-02-09T21:59:21+00:00\",\"dateModified\":\"2025-07-29T22:05:20+00:00\",\"breadcrumb\":{\"@id\":\"https:\\\/\\\/www.microbebio.com\\\/spanish-microbe-fertilizer\\\/product\\\/microbebio-phenom-or-2-0\\\/#breadcrumb\"},\"inLanguage\":\"en-US\",\"potentialAction\":[{\"@type\":\"ReadAction\",\"target\":[\"https:\\\/\\\/www.microbebio.com\\\/spanish-microbe-fertilizer\\\/product\\\/microbebio-phenom-or-2-0\\\/\"]}]},{\"@type\":\"ImageObject\",\"inLanguage\":\"en-US\",\"@id\":\"https:\\\/\\\/www.microbebio.com\\\/spanish-microbe-fertilizer\\\/product\\\/microbebio-phenom-or-2-0\\\/#primaryimage\",\"url\":\"https:\\\/\\\/www.microbebio.com\\\/spanish-microbe-fertilizer\\\/wp-content\\\/uploads\\\/2023\\\/02\\\/MICROBEBIO-PHENOM-1-3-Label-8.5x11-02-03-23-02.jpg\",\"contentUrl\":\"https:\\\/\\\/www.microbebio.com\\\/spanish-microbe-fertilizer\\\/wp-content\\\/uploads\\\/2023\\\/02\\\/MICROBEBIO-PHENOM-1-3-Label-8.5x11-02-03-23-02.jpg\",\"width\":1276,\"height\":1651,\"caption\":\"MICROBEBIO PHENOM OR 2.0\"},{\"@type\":\"BreadcrumbList\",\"@id\":\"https:\\\/\\\/www.microbebio.com\\\/spanish-microbe-fertilizer\\\/product\\\/microbebio-phenom-or-2-0\\\/#breadcrumb\",\"itemListElement\":[{\"@type\":\"ListItem\",\"position\":1,\"name\":\"Home\",\"item\":\"https:\\\/\\\/www.microbebio.com\\\/spanish-microbe-fertilizer\\\/\"},{\"@type\":\"ListItem\",\"position\":2,\"name\":\"Shop\",\"item\":\"https:\\\/\\\/www.microbebio.com\\\/spanish-microbe-fertilizer\\\/shop\\\/\"},{\"@type\":\"ListItem\",\"position\":3,\"name\":\"MICROBEBIO\u00ae Phenom OR 2.0\u2122\"}]},{\"@type\":\"WebSite\",\"@id\":\"https:\\\/\\\/www.microbebio.com\\\/spanish-microbe-fertilizer\\\/#website\",\"url\":\"https:\\\/\\\/www.microbebio.com\\\/spanish-microbe-fertilizer\\\/\",\"name\":\"Microbial fertilizer Organic Fertilizer USA\",\"description\":\"Microbes Fertilizer Nature Phenomenon\",\"potentialAction\":[{\"@type\":\"SearchAction\",\"target\":{\"@type\":\"EntryPoint\",\"urlTemplate\":\"https:\\\/\\\/www.microbebio.com\\\/spanish-microbe-fertilizer\\\/?s={search_term_string}\"},\"query-input\":{\"@type\":\"PropertyValueSpecification\",\"valueRequired\":true,\"valueName\":\"search_term_string\"}}],\"inLanguage\":\"en-US\"}]}<\/script>\n<!-- \/ Yoast SEO plugin. -->","yoast_head_json":{"title":"MICROBEBIO\u00ae Phenom OR 2.0\u2122 - Microbial fertilizer Organic Fertilizer USA","robots":{"index":"index","follow":"follow","max-snippet":"max-snippet:-1","max-image-preview":"max-image-preview:large","max-video-preview":"max-video-preview:-1"},"canonical":"https:\/\/www.microbebio.com\/spanish-microbe-fertilizer\/product\/microbebio-phenom-or-2-0\/","og_locale":"en_US","og_type":"article","og_title":"MICROBEBIO\u00ae Phenom OR 2.0\u2122 - Microbial fertilizer Organic Fertilizer USA","og_description":"(Control de Corrosi\u00f3n por SRB, H2S y CO2) Microbebio Phenom OR 2.0 proporciona protecci\u00f3n a largo plazo para la infraestructura de los pozos, con los microbios anti-sulfato controlando los niveles de SRB en el pozo incluso despu\u00e9s del tratamiento. Esta soluci\u00f3n tambi\u00e9n es altamente eficaz en la reducci\u00f3n de las tasas de corrosi\u00f3n e inhibe la acumulaci\u00f3n de residuos en las superficies, mejorando la eficiencia general de la operaci\u00f3n en el campo petrolero. Adem\u00e1s, el producto tiene un bajo impacto ambiental ya que contiene solo ingredientes biodegradables y no requiere costos adicionales de disposici\u00f3n o limpieza. El uso de Microbebio Phenom OR 2.0 puede representar un ahorro significativo en costos en comparaci\u00f3n con las soluciones tradicionales de control de SRB, mientras entrega resultados superiores. Microbebio Phenom OR 2.0 ayuda a mantener el control de la corrosi\u00f3n formando una pel\u00edcula protectora biol\u00f3gica en la superficie de las tuber\u00edas. Esta pel\u00edcula es creada por microbios beneficiosos que compiten activamente con otros microorganismos y evitan que causen da\u00f1os en las tuber\u00edas. A trav\u00e9s de este proceso, Microbebio Phenom OR 2.0 ayuda a restaurar el equilibrio microbiano, manteniendo a los SRB bajo control mientras se mantienen las condiciones \u00f3ptimas en el campo petrolero. Adem\u00e1s, Microbebio Phenom OR 2.0 ofrece una soluci\u00f3n ecol\u00f3gica para mitigar la corrosi\u00f3n, ya que no depende de productos qu\u00edmicos agresivos o aditivos que podr\u00edan da\u00f1ar el medio ambiente.","og_url":"https:\/\/www.microbebio.com\/spanish-microbe-fertilizer\/product\/microbebio-phenom-or-2-0\/","og_site_name":"Microbial fertilizer Organic Fertilizer USA","article_modified_time":"2025-07-29T22:05:20+00:00","og_image":[{"width":1276,"height":1651,"url":"https:\/\/www.microbebio.com\/spanish-microbe-fertilizer\/wp-content\/uploads\/2023\/02\/MICROBEBIO-PHENOM-1-3-Label-8.5x11-02-03-23-02.jpg","type":"image\/jpeg"}],"twitter_card":"summary_large_image","twitter_misc":{"Est. reading time":"1 minute"},"schema":{"@context":"https:\/\/schema.org","@graph":[{"@type":"WebPage","@id":"https:\/\/www.microbebio.com\/spanish-microbe-fertilizer\/product\/microbebio-phenom-or-2-0\/","url":"https:\/\/www.microbebio.com\/spanish-microbe-fertilizer\/product\/microbebio-phenom-or-2-0\/","name":"MICROBEBIO\u00ae Phenom OR 2.0\u2122 - Microbial fertilizer Organic Fertilizer USA","isPartOf":{"@id":"https:\/\/www.microbebio.com\/spanish-microbe-fertilizer\/#website"},"primaryImageOfPage":{"@id":"https:\/\/www.microbebio.com\/spanish-microbe-fertilizer\/product\/microbebio-phenom-or-2-0\/#primaryimage"},"image":{"@id":"https:\/\/www.microbebio.com\/spanish-microbe-fertilizer\/product\/microbebio-phenom-or-2-0\/#primaryimage"},"thumbnailUrl":"https:\/\/www.microbebio.com\/spanish-microbe-fertilizer\/wp-content\/uploads\/2023\/02\/MICROBEBIO-PHENOM-1-3-Label-8.5x11-02-03-23-02.jpg","datePublished":"2023-02-09T21:59:21+00:00","dateModified":"2025-07-29T22:05:20+00:00","breadcrumb":{"@id":"https:\/\/www.microbebio.com\/spanish-microbe-fertilizer\/product\/microbebio-phenom-or-2-0\/#breadcrumb"},"inLanguage":"en-US","potentialAction":[{"@type":"ReadAction","target":["https:\/\/www.microbebio.com\/spanish-microbe-fertilizer\/product\/microbebio-phenom-or-2-0\/"]}]},{"@type":"ImageObject","inLanguage":"en-US","@id":"https:\/\/www.microbebio.com\/spanish-microbe-fertilizer\/product\/microbebio-phenom-or-2-0\/#primaryimage","url":"https:\/\/www.microbebio.com\/spanish-microbe-fertilizer\/wp-content\/uploads\/2023\/02\/MICROBEBIO-PHENOM-1-3-Label-8.5x11-02-03-23-02.jpg","contentUrl":"https:\/\/www.microbebio.com\/spanish-microbe-fertilizer\/wp-content\/uploads\/2023\/02\/MICROBEBIO-PHENOM-1-3-Label-8.5x11-02-03-23-02.jpg","width":1276,"height":1651,"caption":"MICROBEBIO PHENOM OR 2.0"},{"@type":"BreadcrumbList","@id":"https:\/\/www.microbebio.com\/spanish-microbe-fertilizer\/product\/microbebio-phenom-or-2-0\/#breadcrumb","itemListElement":[{"@type":"ListItem","position":1,"name":"Home","item":"https:\/\/www.microbebio.com\/spanish-microbe-fertilizer\/"},{"@type":"ListItem","position":2,"name":"Shop","item":"https:\/\/www.microbebio.com\/spanish-microbe-fertilizer\/shop\/"},{"@type":"ListItem","position":3,"name":"MICROBEBIO\u00ae Phenom OR 2.0\u2122"}]},{"@type":"WebSite","@id":"https:\/\/www.microbebio.com\/spanish-microbe-fertilizer\/#website","url":"https:\/\/www.microbebio.com\/spanish-microbe-fertilizer\/","name":"Microbial fertilizer Organic Fertilizer USA","description":"Microbes Fertilizer Nature Phenomenon","potentialAction":[{"@type":"SearchAction","target":{"@type":"EntryPoint","urlTemplate":"https:\/\/www.microbebio.com\/spanish-microbe-fertilizer\/?s={search_term_string}"},"query-input":{"@type":"PropertyValueSpecification","valueRequired":true,"valueName":"search_term_string"}}],"inLanguage":"en-US"}]}},"_links":{"self":[{"href":"https:\/\/www.microbebio.com\/spanish-microbe-fertilizer\/wp-json\/wp\/v2\/product\/15142","targetHints":{"allow":["GET"]}}],"collection":[{"href":"https:\/\/www.microbebio.com\/spanish-microbe-fertilizer\/wp-json\/wp\/v2\/product"}],"about":[{"href":"https:\/\/www.microbebio.com\/spanish-microbe-fertilizer\/wp-json\/wp\/v2\/types\/product"}],"wp:featuredmedia":[{"embeddable":true,"href":"https:\/\/www.microbebio.com\/spanish-microbe-fertilizer\/wp-json\/wp\/v2\/media\/15136"}],"wp:attachment":[{"href":"https:\/\/www.microbebio.com\/spanish-microbe-fertilizer\/wp-json\/wp\/v2\/media?parent=15142"}],"wp:term":[{"taxonomy":"product_brand","embeddable":true,"href":"https:\/\/www.microbebio.com\/spanish-microbe-fertilizer\/wp-json\/wp\/v2\/product_brand?post=15142"},{"taxonomy":"product_cat","embeddable":true,"href":"https:\/\/www.microbebio.com\/spanish-microbe-fertilizer\/wp-json\/wp\/v2\/product_cat?post=15142"},{"taxonomy":"product_tag","embeddable":true,"href":"https:\/\/www.microbebio.com\/spanish-microbe-fertilizer\/wp-json\/wp\/v2\/product_tag?post=15142"}],"curies":[{"name":"wp","href":"https:\/\/api.w.org\/{rel}","templated":true}]}}