{"id":15146,"date":"2023-02-09T15:05:03","date_gmt":"2023-02-09T22:05:03","guid":{"rendered":"https:\/\/www.microbebio.com\/spanish-microbe-fertilizer\/?post_type=product&#038;p=15146"},"modified":"2025-07-29T15:07:47","modified_gmt":"2025-07-29T22:07:47","slug":"microbebio-phenom-or-6-0","status":"publish","type":"product","link":"https:\/\/www.microbebio.com\/spanish-microbe-fertilizer\/product\/microbebio-phenom-or-6-0\/","title":{"rendered":"MICROBEBIO\u00ae Phenom OR 6.0\u2122"},"content":{"rendered":"","protected":false},"excerpt":{"rendered":"<p data-start=\"0\" data-end=\"457\"><span style=\"color: #000000;\"><strong data-start=\"0\" data-end=\"99\">MicrobeBio Phenom OR 6.0 es una soluci\u00f3n revolucionaria y \u00fanica para aplicaciones industriales.<\/strong> Su mezcla exclusiva de microorganismos proporciona una protecci\u00f3n potente contra los iones duros, la formaci\u00f3n de incrustaciones y la deposici\u00f3n. La capacidad de unirse fuertemente a las superficies crea una capa adicional de defensa contra la contaminaci\u00f3n y la corrosi\u00f3n, al mismo tiempo que ofrece una acci\u00f3n preventiva prolongada contra la incrustaci\u00f3n.<\/span><\/p>\n<p data-start=\"459\" data-end=\"783\"><span style=\"color: #000000;\">La eficacia de este producto ha sido probada a trav\u00e9s de investigaciones y pruebas exhaustivas tanto en condiciones de laboratorio como en campo. A trav\u00e9s de sus quelantes, biosurfactantes y preventores de incrustaciones, ofrece un rendimiento excepcional en biocontrol con resultados duraderos que superan a la competencia.<\/span><\/p>\n<p data-start=\"785\" data-end=\"1317\" data-is-last-node=\"\" data-is-only-node=\"\"><span style=\"color: #000000;\">La versatilidad de nuestro producto lo convierte en una opci\u00f3n ideal para diversas industrias a nivel mundial. Ya sea usado en forma l\u00edquida o en polvo, el producto ofrece un rendimiento superior y conveniencia, mientras ayuda a reducir costos y mejorar la eficiencia. Puede ser utilizado en la producci\u00f3n de petr\u00f3leo y gas para aumentar los rendimientos de producci\u00f3n, en el procesamiento de alimentos para asegurar una calidad constante, y en plantas de tratamiento de agua para mantener las operaciones funcionando sin problemas.<\/span><\/p>\n","protected":false},"featured_media":15140,"template":"","meta":{"ngg_post_thumbnail":0},"product_brand":[],"product_cat":[354],"product_tag":[],"class_list":{"0":"post-15146","1":"product","2":"type-product","3":"status-publish","4":"has-post-thumbnail","6":"product_cat-oil-remidiation","8":"first","9":"instock","10":"shipping-taxable","11":"product-type-simple"},"yoast_head":"<!-- This site is optimized with the Yoast SEO plugin v27.4 - https:\/\/yoast.com\/product\/yoast-seo-wordpress\/ -->\n<title>MICROBEBIO\u00ae Phenom OR 6.0\u2122 - Microbial fertilizer Organic Fertilizer USA<\/title>\n<meta name=\"robots\" content=\"index, follow, max-snippet:-1, max-image-preview:large, max-video-preview:-1\" \/>\n<link rel=\"canonical\" href=\"https:\/\/www.microbebio.com\/spanish-microbe-fertilizer\/product\/microbebio-phenom-or-6-0\/\" \/>\n<meta property=\"og:locale\" content=\"en_US\" \/>\n<meta property=\"og:type\" content=\"article\" \/>\n<meta property=\"og:title\" content=\"MICROBEBIO\u00ae Phenom OR 6.0\u2122 - Microbial fertilizer Organic Fertilizer USA\" \/>\n<meta property=\"og:description\" content=\"MicrobeBio Phenom OR 6.0 es una soluci\u00f3n revolucionaria y \u00fanica para aplicaciones industriales. Su mezcla exclusiva de microorganismos proporciona una protecci\u00f3n potente contra los iones duros, la formaci\u00f3n de incrustaciones y la deposici\u00f3n. La capacidad de unirse fuertemente a las superficies crea una capa adicional de defensa contra la contaminaci\u00f3n y la corrosi\u00f3n, al mismo tiempo que ofrece una acci\u00f3n preventiva prolongada contra la incrustaci\u00f3n. La eficacia de este producto ha sido probada a trav\u00e9s de investigaciones y pruebas exhaustivas tanto en condiciones de laboratorio como en campo. A trav\u00e9s de sus quelantes, biosurfactantes y preventores de incrustaciones, ofrece un rendimiento excepcional en biocontrol con resultados duraderos que superan a la competencia. La versatilidad de nuestro producto lo convierte en una opci\u00f3n ideal para diversas industrias a nivel mundial. Ya sea usado en forma l\u00edquida o en polvo, el producto ofrece un rendimiento superior y conveniencia, mientras ayuda a reducir costos y mejorar la eficiencia. Puede ser utilizado en la producci\u00f3n de petr\u00f3leo y gas para aumentar los rendimientos de producci\u00f3n, en el procesamiento de alimentos para asegurar una calidad constante, y en plantas de tratamiento de agua para mantener las operaciones funcionando sin problemas.\" \/>\n<meta property=\"og:url\" content=\"https:\/\/www.microbebio.com\/spanish-microbe-fertilizer\/product\/microbebio-phenom-or-6-0\/\" \/>\n<meta property=\"og:site_name\" content=\"Microbial fertilizer Organic Fertilizer USA\" \/>\n<meta property=\"article:modified_time\" content=\"2025-07-29T22:07:47+00:00\" \/>\n<meta property=\"og:image\" content=\"https:\/\/www.microbebio.com\/spanish-microbe-fertilizer\/wp-content\/uploads\/2023\/02\/MICROBEBIO-PHENOM-4-6-Label-8.5x11-02-03-23-03.jpg\" \/>\n\t<meta property=\"og:image:width\" content=\"1276\" \/>\n\t<meta property=\"og:image:height\" content=\"1651\" \/>\n\t<meta property=\"og:image:type\" content=\"image\/jpeg\" \/>\n<meta name=\"twitter:card\" content=\"summary_large_image\" \/>\n<meta name=\"twitter:label1\" content=\"Est. reading time\" \/>\n\t<meta name=\"twitter:data1\" content=\"1 minute\" \/>\n<script type=\"application\/ld+json\" class=\"yoast-schema-graph\">{\"@context\":\"https:\\\/\\\/schema.org\",\"@graph\":[{\"@type\":\"WebPage\",\"@id\":\"https:\\\/\\\/www.microbebio.com\\\/spanish-microbe-fertilizer\\\/product\\\/microbebio-phenom-or-6-0\\\/\",\"url\":\"https:\\\/\\\/www.microbebio.com\\\/spanish-microbe-fertilizer\\\/product\\\/microbebio-phenom-or-6-0\\\/\",\"name\":\"MICROBEBIO\u00ae Phenom OR 6.0\u2122 - Microbial fertilizer Organic Fertilizer USA\",\"isPartOf\":{\"@id\":\"https:\\\/\\\/www.microbebio.com\\\/spanish-microbe-fertilizer\\\/#website\"},\"primaryImageOfPage\":{\"@id\":\"https:\\\/\\\/www.microbebio.com\\\/spanish-microbe-fertilizer\\\/product\\\/microbebio-phenom-or-6-0\\\/#primaryimage\"},\"image\":{\"@id\":\"https:\\\/\\\/www.microbebio.com\\\/spanish-microbe-fertilizer\\\/product\\\/microbebio-phenom-or-6-0\\\/#primaryimage\"},\"thumbnailUrl\":\"https:\\\/\\\/www.microbebio.com\\\/spanish-microbe-fertilizer\\\/wp-content\\\/uploads\\\/2023\\\/02\\\/MICROBEBIO-PHENOM-4-6-Label-8.5x11-02-03-23-03.jpg\",\"datePublished\":\"2023-02-09T22:05:03+00:00\",\"dateModified\":\"2025-07-29T22:07:47+00:00\",\"breadcrumb\":{\"@id\":\"https:\\\/\\\/www.microbebio.com\\\/spanish-microbe-fertilizer\\\/product\\\/microbebio-phenom-or-6-0\\\/#breadcrumb\"},\"inLanguage\":\"en-US\",\"potentialAction\":[{\"@type\":\"ReadAction\",\"target\":[\"https:\\\/\\\/www.microbebio.com\\\/spanish-microbe-fertilizer\\\/product\\\/microbebio-phenom-or-6-0\\\/\"]}]},{\"@type\":\"ImageObject\",\"inLanguage\":\"en-US\",\"@id\":\"https:\\\/\\\/www.microbebio.com\\\/spanish-microbe-fertilizer\\\/product\\\/microbebio-phenom-or-6-0\\\/#primaryimage\",\"url\":\"https:\\\/\\\/www.microbebio.com\\\/spanish-microbe-fertilizer\\\/wp-content\\\/uploads\\\/2023\\\/02\\\/MICROBEBIO-PHENOM-4-6-Label-8.5x11-02-03-23-03.jpg\",\"contentUrl\":\"https:\\\/\\\/www.microbebio.com\\\/spanish-microbe-fertilizer\\\/wp-content\\\/uploads\\\/2023\\\/02\\\/MICROBEBIO-PHENOM-4-6-Label-8.5x11-02-03-23-03.jpg\",\"width\":1276,\"height\":1651,\"caption\":\"MICROBEBIO PHENOM OR 6.0\"},{\"@type\":\"BreadcrumbList\",\"@id\":\"https:\\\/\\\/www.microbebio.com\\\/spanish-microbe-fertilizer\\\/product\\\/microbebio-phenom-or-6-0\\\/#breadcrumb\",\"itemListElement\":[{\"@type\":\"ListItem\",\"position\":1,\"name\":\"Home\",\"item\":\"https:\\\/\\\/www.microbebio.com\\\/spanish-microbe-fertilizer\\\/\"},{\"@type\":\"ListItem\",\"position\":2,\"name\":\"Shop\",\"item\":\"https:\\\/\\\/www.microbebio.com\\\/spanish-microbe-fertilizer\\\/shop\\\/\"},{\"@type\":\"ListItem\",\"position\":3,\"name\":\"MICROBEBIO\u00ae Phenom OR 6.0\u2122\"}]},{\"@type\":\"WebSite\",\"@id\":\"https:\\\/\\\/www.microbebio.com\\\/spanish-microbe-fertilizer\\\/#website\",\"url\":\"https:\\\/\\\/www.microbebio.com\\\/spanish-microbe-fertilizer\\\/\",\"name\":\"Microbial fertilizer Organic Fertilizer USA\",\"description\":\"Microbes Fertilizer Nature Phenomenon\",\"potentialAction\":[{\"@type\":\"SearchAction\",\"target\":{\"@type\":\"EntryPoint\",\"urlTemplate\":\"https:\\\/\\\/www.microbebio.com\\\/spanish-microbe-fertilizer\\\/?s={search_term_string}\"},\"query-input\":{\"@type\":\"PropertyValueSpecification\",\"valueRequired\":true,\"valueName\":\"search_term_string\"}}],\"inLanguage\":\"en-US\"}]}<\/script>\n<!-- \/ Yoast SEO plugin. -->","yoast_head_json":{"title":"MICROBEBIO\u00ae Phenom OR 6.0\u2122 - Microbial fertilizer Organic Fertilizer USA","robots":{"index":"index","follow":"follow","max-snippet":"max-snippet:-1","max-image-preview":"max-image-preview:large","max-video-preview":"max-video-preview:-1"},"canonical":"https:\/\/www.microbebio.com\/spanish-microbe-fertilizer\/product\/microbebio-phenom-or-6-0\/","og_locale":"en_US","og_type":"article","og_title":"MICROBEBIO\u00ae Phenom OR 6.0\u2122 - Microbial fertilizer Organic Fertilizer USA","og_description":"MicrobeBio Phenom OR 6.0 es una soluci\u00f3n revolucionaria y \u00fanica para aplicaciones industriales. Su mezcla exclusiva de microorganismos proporciona una protecci\u00f3n potente contra los iones duros, la formaci\u00f3n de incrustaciones y la deposici\u00f3n. La capacidad de unirse fuertemente a las superficies crea una capa adicional de defensa contra la contaminaci\u00f3n y la corrosi\u00f3n, al mismo tiempo que ofrece una acci\u00f3n preventiva prolongada contra la incrustaci\u00f3n. La eficacia de este producto ha sido probada a trav\u00e9s de investigaciones y pruebas exhaustivas tanto en condiciones de laboratorio como en campo. A trav\u00e9s de sus quelantes, biosurfactantes y preventores de incrustaciones, ofrece un rendimiento excepcional en biocontrol con resultados duraderos que superan a la competencia. La versatilidad de nuestro producto lo convierte en una opci\u00f3n ideal para diversas industrias a nivel mundial. Ya sea usado en forma l\u00edquida o en polvo, el producto ofrece un rendimiento superior y conveniencia, mientras ayuda a reducir costos y mejorar la eficiencia. Puede ser utilizado en la producci\u00f3n de petr\u00f3leo y gas para aumentar los rendimientos de producci\u00f3n, en el procesamiento de alimentos para asegurar una calidad constante, y en plantas de tratamiento de agua para mantener las operaciones funcionando sin problemas.","og_url":"https:\/\/www.microbebio.com\/spanish-microbe-fertilizer\/product\/microbebio-phenom-or-6-0\/","og_site_name":"Microbial fertilizer Organic Fertilizer USA","article_modified_time":"2025-07-29T22:07:47+00:00","og_image":[{"width":1276,"height":1651,"url":"https:\/\/www.microbebio.com\/spanish-microbe-fertilizer\/wp-content\/uploads\/2023\/02\/MICROBEBIO-PHENOM-4-6-Label-8.5x11-02-03-23-03.jpg","type":"image\/jpeg"}],"twitter_card":"summary_large_image","twitter_misc":{"Est. reading time":"1 minute"},"schema":{"@context":"https:\/\/schema.org","@graph":[{"@type":"WebPage","@id":"https:\/\/www.microbebio.com\/spanish-microbe-fertilizer\/product\/microbebio-phenom-or-6-0\/","url":"https:\/\/www.microbebio.com\/spanish-microbe-fertilizer\/product\/microbebio-phenom-or-6-0\/","name":"MICROBEBIO\u00ae Phenom OR 6.0\u2122 - Microbial fertilizer Organic Fertilizer USA","isPartOf":{"@id":"https:\/\/www.microbebio.com\/spanish-microbe-fertilizer\/#website"},"primaryImageOfPage":{"@id":"https:\/\/www.microbebio.com\/spanish-microbe-fertilizer\/product\/microbebio-phenom-or-6-0\/#primaryimage"},"image":{"@id":"https:\/\/www.microbebio.com\/spanish-microbe-fertilizer\/product\/microbebio-phenom-or-6-0\/#primaryimage"},"thumbnailUrl":"https:\/\/www.microbebio.com\/spanish-microbe-fertilizer\/wp-content\/uploads\/2023\/02\/MICROBEBIO-PHENOM-4-6-Label-8.5x11-02-03-23-03.jpg","datePublished":"2023-02-09T22:05:03+00:00","dateModified":"2025-07-29T22:07:47+00:00","breadcrumb":{"@id":"https:\/\/www.microbebio.com\/spanish-microbe-fertilizer\/product\/microbebio-phenom-or-6-0\/#breadcrumb"},"inLanguage":"en-US","potentialAction":[{"@type":"ReadAction","target":["https:\/\/www.microbebio.com\/spanish-microbe-fertilizer\/product\/microbebio-phenom-or-6-0\/"]}]},{"@type":"ImageObject","inLanguage":"en-US","@id":"https:\/\/www.microbebio.com\/spanish-microbe-fertilizer\/product\/microbebio-phenom-or-6-0\/#primaryimage","url":"https:\/\/www.microbebio.com\/spanish-microbe-fertilizer\/wp-content\/uploads\/2023\/02\/MICROBEBIO-PHENOM-4-6-Label-8.5x11-02-03-23-03.jpg","contentUrl":"https:\/\/www.microbebio.com\/spanish-microbe-fertilizer\/wp-content\/uploads\/2023\/02\/MICROBEBIO-PHENOM-4-6-Label-8.5x11-02-03-23-03.jpg","width":1276,"height":1651,"caption":"MICROBEBIO PHENOM OR 6.0"},{"@type":"BreadcrumbList","@id":"https:\/\/www.microbebio.com\/spanish-microbe-fertilizer\/product\/microbebio-phenom-or-6-0\/#breadcrumb","itemListElement":[{"@type":"ListItem","position":1,"name":"Home","item":"https:\/\/www.microbebio.com\/spanish-microbe-fertilizer\/"},{"@type":"ListItem","position":2,"name":"Shop","item":"https:\/\/www.microbebio.com\/spanish-microbe-fertilizer\/shop\/"},{"@type":"ListItem","position":3,"name":"MICROBEBIO\u00ae Phenom OR 6.0\u2122"}]},{"@type":"WebSite","@id":"https:\/\/www.microbebio.com\/spanish-microbe-fertilizer\/#website","url":"https:\/\/www.microbebio.com\/spanish-microbe-fertilizer\/","name":"Microbial fertilizer Organic Fertilizer USA","description":"Microbes Fertilizer Nature Phenomenon","potentialAction":[{"@type":"SearchAction","target":{"@type":"EntryPoint","urlTemplate":"https:\/\/www.microbebio.com\/spanish-microbe-fertilizer\/?s={search_term_string}"},"query-input":{"@type":"PropertyValueSpecification","valueRequired":true,"valueName":"search_term_string"}}],"inLanguage":"en-US"}]}},"_links":{"self":[{"href":"https:\/\/www.microbebio.com\/spanish-microbe-fertilizer\/wp-json\/wp\/v2\/product\/15146","targetHints":{"allow":["GET"]}}],"collection":[{"href":"https:\/\/www.microbebio.com\/spanish-microbe-fertilizer\/wp-json\/wp\/v2\/product"}],"about":[{"href":"https:\/\/www.microbebio.com\/spanish-microbe-fertilizer\/wp-json\/wp\/v2\/types\/product"}],"wp:featuredmedia":[{"embeddable":true,"href":"https:\/\/www.microbebio.com\/spanish-microbe-fertilizer\/wp-json\/wp\/v2\/media\/15140"}],"wp:attachment":[{"href":"https:\/\/www.microbebio.com\/spanish-microbe-fertilizer\/wp-json\/wp\/v2\/media?parent=15146"}],"wp:term":[{"taxonomy":"product_brand","embeddable":true,"href":"https:\/\/www.microbebio.com\/spanish-microbe-fertilizer\/wp-json\/wp\/v2\/product_brand?post=15146"},{"taxonomy":"product_cat","embeddable":true,"href":"https:\/\/www.microbebio.com\/spanish-microbe-fertilizer\/wp-json\/wp\/v2\/product_cat?post=15146"},{"taxonomy":"product_tag","embeddable":true,"href":"https:\/\/www.microbebio.com\/spanish-microbe-fertilizer\/wp-json\/wp\/v2\/product_tag?post=15146"}],"curies":[{"name":"wp","href":"https:\/\/api.w.org\/{rel}","templated":true}]}}