{"id":15147,"date":"2023-02-09T15:06:42","date_gmt":"2023-02-09T22:06:42","guid":{"rendered":"https:\/\/www.microbebio.com\/spanish-microbe-fertilizer\/?post_type=product&#038;p=15147"},"modified":"2025-07-29T15:08:17","modified_gmt":"2025-07-29T22:08:17","slug":"microbebio-phenom-or-7-0","status":"publish","type":"product","link":"https:\/\/www.microbebio.com\/spanish-microbe-fertilizer\/product\/microbebio-phenom-or-7-0\/","title":{"rendered":"MICROBEBIO\u00ae Phenom OR 7.0\u2122"},"content":{"rendered":"","protected":false},"excerpt":{"rendered":"<p data-start=\"0\" data-end=\"652\"><span style=\"color: #000000;\"><strong data-start=\"0\" data-end=\"211\">Microbebio Phenom OR 7.0 de alta eficiencia est\u00e1 dise\u00f1ado para su uso en todas las \u00e1reas, desde plantas de tratamiento de agua hasta la industria alimentaria y de bebidas, e incluso en instalaciones m\u00e9dicas.<\/strong> Sus poderosas prote\u00ednas son capaces de descomponer las paredes celulares de los microbios da\u00f1inos, elimin\u00e1ndolos eficazmente de superficies y otros objetos sin da\u00f1ar los microorganismos beneficiosos ni causar perjuicios al medio ambiente. Adem\u00e1s, sus propiedades \u00fanicas tambi\u00e9n ayudan a reducir las emisiones t\u00f3xicas de aire y a mantener la atm\u00f3sfera limpia al neutralizar los desinfectantes que se liberan al aire durante el procesamiento.<\/span><\/p>\n<p data-start=\"654\" data-end=\"1493\" data-is-last-node=\"\" data-is-only-node=\"\"><span style=\"color: #000000;\">Microbebio Phenom OR 7.0 est\u00e1 dise\u00f1ado para cumplir con los m\u00e1s altos est\u00e1ndares de seguridad, calidad y rendimiento. Su avanzada tecnolog\u00eda de purificaci\u00f3n l\u00edquida utiliza una combinaci\u00f3n innovadora de procesos de filtraci\u00f3n, oxidaci\u00f3n y desinfecci\u00f3n para eliminar de manera efectiva los microbios de las fuentes de agua. Este proceso de tres pasos da como resultado un entorno seguro para la vida acu\u00e1tica y el uso humano, libre de contaminaci\u00f3n por productos qu\u00edmicos u organismos peligrosos. Adem\u00e1s, sus superiores propiedades antibacterianas ayudan a combatir las bacterias causantes de enfermedades, para que todos puedan disfrutar de fuentes de agua m\u00e1s limpias y saludables. En \u00faltima instancia, Microbebio Phenom OR 7.0 asegura una protecci\u00f3n confiable contra la contaminaci\u00f3n microbiana, creando un entorno m\u00e1s seguro para todos.<\/span><\/p>\n","protected":false},"featured_media":15141,"template":"","meta":{"ngg_post_thumbnail":0},"product_brand":[],"product_cat":[354],"product_tag":[],"class_list":{"0":"post-15147","1":"product","2":"type-product","3":"status-publish","4":"has-post-thumbnail","6":"product_cat-oil-remidiation","8":"first","9":"instock","10":"shipping-taxable","11":"product-type-simple"},"yoast_head":"<!-- This site is optimized with the Yoast SEO plugin v27.4 - https:\/\/yoast.com\/product\/yoast-seo-wordpress\/ -->\n<title>MICROBEBIO\u00ae Phenom OR 7.0\u2122 - Microbial fertilizer Organic Fertilizer USA<\/title>\n<meta name=\"robots\" content=\"index, follow, max-snippet:-1, max-image-preview:large, max-video-preview:-1\" \/>\n<link rel=\"canonical\" href=\"https:\/\/www.microbebio.com\/spanish-microbe-fertilizer\/product\/microbebio-phenom-or-7-0\/\" \/>\n<meta property=\"og:locale\" content=\"en_US\" \/>\n<meta property=\"og:type\" content=\"article\" \/>\n<meta property=\"og:title\" content=\"MICROBEBIO\u00ae Phenom OR 7.0\u2122 - Microbial fertilizer Organic Fertilizer USA\" \/>\n<meta property=\"og:description\" content=\"Microbebio Phenom OR 7.0 de alta eficiencia est\u00e1 dise\u00f1ado para su uso en todas las \u00e1reas, desde plantas de tratamiento de agua hasta la industria alimentaria y de bebidas, e incluso en instalaciones m\u00e9dicas. Sus poderosas prote\u00ednas son capaces de descomponer las paredes celulares de los microbios da\u00f1inos, elimin\u00e1ndolos eficazmente de superficies y otros objetos sin da\u00f1ar los microorganismos beneficiosos ni causar perjuicios al medio ambiente. Adem\u00e1s, sus propiedades \u00fanicas tambi\u00e9n ayudan a reducir las emisiones t\u00f3xicas de aire y a mantener la atm\u00f3sfera limpia al neutralizar los desinfectantes que se liberan al aire durante el procesamiento. Microbebio Phenom OR 7.0 est\u00e1 dise\u00f1ado para cumplir con los m\u00e1s altos est\u00e1ndares de seguridad, calidad y rendimiento. Su avanzada tecnolog\u00eda de purificaci\u00f3n l\u00edquida utiliza una combinaci\u00f3n innovadora de procesos de filtraci\u00f3n, oxidaci\u00f3n y desinfecci\u00f3n para eliminar de manera efectiva los microbios de las fuentes de agua. Este proceso de tres pasos da como resultado un entorno seguro para la vida acu\u00e1tica y el uso humano, libre de contaminaci\u00f3n por productos qu\u00edmicos u organismos peligrosos. Adem\u00e1s, sus superiores propiedades antibacterianas ayudan a combatir las bacterias causantes de enfermedades, para que todos puedan disfrutar de fuentes de agua m\u00e1s limpias y saludables. En \u00faltima instancia, Microbebio Phenom OR 7.0 asegura una protecci\u00f3n confiable contra la contaminaci\u00f3n microbiana, creando un entorno m\u00e1s seguro para todos.\" \/>\n<meta property=\"og:url\" content=\"https:\/\/www.microbebio.com\/spanish-microbe-fertilizer\/product\/microbebio-phenom-or-7-0\/\" \/>\n<meta property=\"og:site_name\" content=\"Microbial fertilizer Organic Fertilizer USA\" \/>\n<meta property=\"article:modified_time\" content=\"2025-07-29T22:08:17+00:00\" \/>\n<meta property=\"og:image\" content=\"https:\/\/www.microbebio.com\/spanish-microbe-fertilizer\/wp-content\/uploads\/2023\/02\/MICROBEBIO-PHENOM-7-9-Label-8.5x11-02-03-23-01.jpg\" \/>\n\t<meta property=\"og:image:width\" content=\"1276\" \/>\n\t<meta property=\"og:image:height\" content=\"1651\" \/>\n\t<meta property=\"og:image:type\" content=\"image\/jpeg\" \/>\n<meta name=\"twitter:card\" content=\"summary_large_image\" \/>\n<meta name=\"twitter:label1\" content=\"Est. reading time\" \/>\n\t<meta name=\"twitter:data1\" content=\"1 minute\" \/>\n<script type=\"application\/ld+json\" class=\"yoast-schema-graph\">{\"@context\":\"https:\\\/\\\/schema.org\",\"@graph\":[{\"@type\":\"WebPage\",\"@id\":\"https:\\\/\\\/www.microbebio.com\\\/spanish-microbe-fertilizer\\\/product\\\/microbebio-phenom-or-7-0\\\/\",\"url\":\"https:\\\/\\\/www.microbebio.com\\\/spanish-microbe-fertilizer\\\/product\\\/microbebio-phenom-or-7-0\\\/\",\"name\":\"MICROBEBIO\u00ae Phenom OR 7.0\u2122 - Microbial fertilizer Organic Fertilizer USA\",\"isPartOf\":{\"@id\":\"https:\\\/\\\/www.microbebio.com\\\/spanish-microbe-fertilizer\\\/#website\"},\"primaryImageOfPage\":{\"@id\":\"https:\\\/\\\/www.microbebio.com\\\/spanish-microbe-fertilizer\\\/product\\\/microbebio-phenom-or-7-0\\\/#primaryimage\"},\"image\":{\"@id\":\"https:\\\/\\\/www.microbebio.com\\\/spanish-microbe-fertilizer\\\/product\\\/microbebio-phenom-or-7-0\\\/#primaryimage\"},\"thumbnailUrl\":\"https:\\\/\\\/www.microbebio.com\\\/spanish-microbe-fertilizer\\\/wp-content\\\/uploads\\\/2023\\\/02\\\/MICROBEBIO-PHENOM-7-9-Label-8.5x11-02-03-23-01.jpg\",\"datePublished\":\"2023-02-09T22:06:42+00:00\",\"dateModified\":\"2025-07-29T22:08:17+00:00\",\"breadcrumb\":{\"@id\":\"https:\\\/\\\/www.microbebio.com\\\/spanish-microbe-fertilizer\\\/product\\\/microbebio-phenom-or-7-0\\\/#breadcrumb\"},\"inLanguage\":\"en-US\",\"potentialAction\":[{\"@type\":\"ReadAction\",\"target\":[\"https:\\\/\\\/www.microbebio.com\\\/spanish-microbe-fertilizer\\\/product\\\/microbebio-phenom-or-7-0\\\/\"]}]},{\"@type\":\"ImageObject\",\"inLanguage\":\"en-US\",\"@id\":\"https:\\\/\\\/www.microbebio.com\\\/spanish-microbe-fertilizer\\\/product\\\/microbebio-phenom-or-7-0\\\/#primaryimage\",\"url\":\"https:\\\/\\\/www.microbebio.com\\\/spanish-microbe-fertilizer\\\/wp-content\\\/uploads\\\/2023\\\/02\\\/MICROBEBIO-PHENOM-7-9-Label-8.5x11-02-03-23-01.jpg\",\"contentUrl\":\"https:\\\/\\\/www.microbebio.com\\\/spanish-microbe-fertilizer\\\/wp-content\\\/uploads\\\/2023\\\/02\\\/MICROBEBIO-PHENOM-7-9-Label-8.5x11-02-03-23-01.jpg\",\"width\":1276,\"height\":1651,\"caption\":\"MICROBEBIO PHENOM OR 7.0\"},{\"@type\":\"BreadcrumbList\",\"@id\":\"https:\\\/\\\/www.microbebio.com\\\/spanish-microbe-fertilizer\\\/product\\\/microbebio-phenom-or-7-0\\\/#breadcrumb\",\"itemListElement\":[{\"@type\":\"ListItem\",\"position\":1,\"name\":\"Home\",\"item\":\"https:\\\/\\\/www.microbebio.com\\\/spanish-microbe-fertilizer\\\/\"},{\"@type\":\"ListItem\",\"position\":2,\"name\":\"Shop\",\"item\":\"https:\\\/\\\/www.microbebio.com\\\/spanish-microbe-fertilizer\\\/shop\\\/\"},{\"@type\":\"ListItem\",\"position\":3,\"name\":\"MICROBEBIO\u00ae Phenom OR 7.0\u2122\"}]},{\"@type\":\"WebSite\",\"@id\":\"https:\\\/\\\/www.microbebio.com\\\/spanish-microbe-fertilizer\\\/#website\",\"url\":\"https:\\\/\\\/www.microbebio.com\\\/spanish-microbe-fertilizer\\\/\",\"name\":\"Microbial fertilizer Organic Fertilizer USA\",\"description\":\"Microbes Fertilizer Nature Phenomenon\",\"potentialAction\":[{\"@type\":\"SearchAction\",\"target\":{\"@type\":\"EntryPoint\",\"urlTemplate\":\"https:\\\/\\\/www.microbebio.com\\\/spanish-microbe-fertilizer\\\/?s={search_term_string}\"},\"query-input\":{\"@type\":\"PropertyValueSpecification\",\"valueRequired\":true,\"valueName\":\"search_term_string\"}}],\"inLanguage\":\"en-US\"}]}<\/script>\n<!-- \/ Yoast SEO plugin. -->","yoast_head_json":{"title":"MICROBEBIO\u00ae Phenom OR 7.0\u2122 - Microbial fertilizer Organic Fertilizer USA","robots":{"index":"index","follow":"follow","max-snippet":"max-snippet:-1","max-image-preview":"max-image-preview:large","max-video-preview":"max-video-preview:-1"},"canonical":"https:\/\/www.microbebio.com\/spanish-microbe-fertilizer\/product\/microbebio-phenom-or-7-0\/","og_locale":"en_US","og_type":"article","og_title":"MICROBEBIO\u00ae Phenom OR 7.0\u2122 - Microbial fertilizer Organic Fertilizer USA","og_description":"Microbebio Phenom OR 7.0 de alta eficiencia est\u00e1 dise\u00f1ado para su uso en todas las \u00e1reas, desde plantas de tratamiento de agua hasta la industria alimentaria y de bebidas, e incluso en instalaciones m\u00e9dicas. Sus poderosas prote\u00ednas son capaces de descomponer las paredes celulares de los microbios da\u00f1inos, elimin\u00e1ndolos eficazmente de superficies y otros objetos sin da\u00f1ar los microorganismos beneficiosos ni causar perjuicios al medio ambiente. Adem\u00e1s, sus propiedades \u00fanicas tambi\u00e9n ayudan a reducir las emisiones t\u00f3xicas de aire y a mantener la atm\u00f3sfera limpia al neutralizar los desinfectantes que se liberan al aire durante el procesamiento. Microbebio Phenom OR 7.0 est\u00e1 dise\u00f1ado para cumplir con los m\u00e1s altos est\u00e1ndares de seguridad, calidad y rendimiento. Su avanzada tecnolog\u00eda de purificaci\u00f3n l\u00edquida utiliza una combinaci\u00f3n innovadora de procesos de filtraci\u00f3n, oxidaci\u00f3n y desinfecci\u00f3n para eliminar de manera efectiva los microbios de las fuentes de agua. Este proceso de tres pasos da como resultado un entorno seguro para la vida acu\u00e1tica y el uso humano, libre de contaminaci\u00f3n por productos qu\u00edmicos u organismos peligrosos. Adem\u00e1s, sus superiores propiedades antibacterianas ayudan a combatir las bacterias causantes de enfermedades, para que todos puedan disfrutar de fuentes de agua m\u00e1s limpias y saludables. En \u00faltima instancia, Microbebio Phenom OR 7.0 asegura una protecci\u00f3n confiable contra la contaminaci\u00f3n microbiana, creando un entorno m\u00e1s seguro para todos.","og_url":"https:\/\/www.microbebio.com\/spanish-microbe-fertilizer\/product\/microbebio-phenom-or-7-0\/","og_site_name":"Microbial fertilizer Organic Fertilizer USA","article_modified_time":"2025-07-29T22:08:17+00:00","og_image":[{"width":1276,"height":1651,"url":"https:\/\/www.microbebio.com\/spanish-microbe-fertilizer\/wp-content\/uploads\/2023\/02\/MICROBEBIO-PHENOM-7-9-Label-8.5x11-02-03-23-01.jpg","type":"image\/jpeg"}],"twitter_card":"summary_large_image","twitter_misc":{"Est. reading time":"1 minute"},"schema":{"@context":"https:\/\/schema.org","@graph":[{"@type":"WebPage","@id":"https:\/\/www.microbebio.com\/spanish-microbe-fertilizer\/product\/microbebio-phenom-or-7-0\/","url":"https:\/\/www.microbebio.com\/spanish-microbe-fertilizer\/product\/microbebio-phenom-or-7-0\/","name":"MICROBEBIO\u00ae Phenom OR 7.0\u2122 - Microbial fertilizer Organic Fertilizer USA","isPartOf":{"@id":"https:\/\/www.microbebio.com\/spanish-microbe-fertilizer\/#website"},"primaryImageOfPage":{"@id":"https:\/\/www.microbebio.com\/spanish-microbe-fertilizer\/product\/microbebio-phenom-or-7-0\/#primaryimage"},"image":{"@id":"https:\/\/www.microbebio.com\/spanish-microbe-fertilizer\/product\/microbebio-phenom-or-7-0\/#primaryimage"},"thumbnailUrl":"https:\/\/www.microbebio.com\/spanish-microbe-fertilizer\/wp-content\/uploads\/2023\/02\/MICROBEBIO-PHENOM-7-9-Label-8.5x11-02-03-23-01.jpg","datePublished":"2023-02-09T22:06:42+00:00","dateModified":"2025-07-29T22:08:17+00:00","breadcrumb":{"@id":"https:\/\/www.microbebio.com\/spanish-microbe-fertilizer\/product\/microbebio-phenom-or-7-0\/#breadcrumb"},"inLanguage":"en-US","potentialAction":[{"@type":"ReadAction","target":["https:\/\/www.microbebio.com\/spanish-microbe-fertilizer\/product\/microbebio-phenom-or-7-0\/"]}]},{"@type":"ImageObject","inLanguage":"en-US","@id":"https:\/\/www.microbebio.com\/spanish-microbe-fertilizer\/product\/microbebio-phenom-or-7-0\/#primaryimage","url":"https:\/\/www.microbebio.com\/spanish-microbe-fertilizer\/wp-content\/uploads\/2023\/02\/MICROBEBIO-PHENOM-7-9-Label-8.5x11-02-03-23-01.jpg","contentUrl":"https:\/\/www.microbebio.com\/spanish-microbe-fertilizer\/wp-content\/uploads\/2023\/02\/MICROBEBIO-PHENOM-7-9-Label-8.5x11-02-03-23-01.jpg","width":1276,"height":1651,"caption":"MICROBEBIO PHENOM OR 7.0"},{"@type":"BreadcrumbList","@id":"https:\/\/www.microbebio.com\/spanish-microbe-fertilizer\/product\/microbebio-phenom-or-7-0\/#breadcrumb","itemListElement":[{"@type":"ListItem","position":1,"name":"Home","item":"https:\/\/www.microbebio.com\/spanish-microbe-fertilizer\/"},{"@type":"ListItem","position":2,"name":"Shop","item":"https:\/\/www.microbebio.com\/spanish-microbe-fertilizer\/shop\/"},{"@type":"ListItem","position":3,"name":"MICROBEBIO\u00ae Phenom OR 7.0\u2122"}]},{"@type":"WebSite","@id":"https:\/\/www.microbebio.com\/spanish-microbe-fertilizer\/#website","url":"https:\/\/www.microbebio.com\/spanish-microbe-fertilizer\/","name":"Microbial fertilizer Organic Fertilizer USA","description":"Microbes Fertilizer Nature Phenomenon","potentialAction":[{"@type":"SearchAction","target":{"@type":"EntryPoint","urlTemplate":"https:\/\/www.microbebio.com\/spanish-microbe-fertilizer\/?s={search_term_string}"},"query-input":{"@type":"PropertyValueSpecification","valueRequired":true,"valueName":"search_term_string"}}],"inLanguage":"en-US"}]}},"_links":{"self":[{"href":"https:\/\/www.microbebio.com\/spanish-microbe-fertilizer\/wp-json\/wp\/v2\/product\/15147","targetHints":{"allow":["GET"]}}],"collection":[{"href":"https:\/\/www.microbebio.com\/spanish-microbe-fertilizer\/wp-json\/wp\/v2\/product"}],"about":[{"href":"https:\/\/www.microbebio.com\/spanish-microbe-fertilizer\/wp-json\/wp\/v2\/types\/product"}],"wp:featuredmedia":[{"embeddable":true,"href":"https:\/\/www.microbebio.com\/spanish-microbe-fertilizer\/wp-json\/wp\/v2\/media\/15141"}],"wp:attachment":[{"href":"https:\/\/www.microbebio.com\/spanish-microbe-fertilizer\/wp-json\/wp\/v2\/media?parent=15147"}],"wp:term":[{"taxonomy":"product_brand","embeddable":true,"href":"https:\/\/www.microbebio.com\/spanish-microbe-fertilizer\/wp-json\/wp\/v2\/product_brand?post=15147"},{"taxonomy":"product_cat","embeddable":true,"href":"https:\/\/www.microbebio.com\/spanish-microbe-fertilizer\/wp-json\/wp\/v2\/product_cat?post=15147"},{"taxonomy":"product_tag","embeddable":true,"href":"https:\/\/www.microbebio.com\/spanish-microbe-fertilizer\/wp-json\/wp\/v2\/product_tag?post=15147"}],"curies":[{"name":"wp","href":"https:\/\/api.w.org\/{rel}","templated":true}]}}