{"id":15166,"date":"2023-02-09T15:42:46","date_gmt":"2023-02-09T22:42:46","guid":{"rendered":"https:\/\/www.microbebio.com\/spanish-microbe-fertilizer\/?post_type=product&#038;p=15166"},"modified":"2025-07-29T15:01:58","modified_gmt":"2025-07-29T22:01:58","slug":"microbebio-phenom-soybean","status":"publish","type":"product","link":"https:\/\/www.microbebio.com\/spanish-microbe-fertilizer\/product\/microbebio-phenom-soybean\/","title":{"rendered":"MICROBEBIO\u00ae Phenom Soybean\u2122"},"content":{"rendered":"","protected":false},"excerpt":{"rendered":"<p data-start=\"0\" data-end=\"890\"><span style=\"color: #000000;\"><strong data-start=\"0\" data-end=\"29\">Microbebio Phenom SOYBEAN<\/strong> es una forma \u00fanica y eficaz de mejorar el crecimiento de los cultivos de soja. Contiene una combinaci\u00f3n exclusiva de cepas microbianas que trabajan sin\u00e9rgicamente para mejorar la absorci\u00f3n de nitr\u00f3geno, promover la salud del suelo y, en \u00faltima instancia, aumentar los rendimientos de los cultivos. Los microbios en el producto interact\u00faan entre s\u00ed para proporcionar nutrientes como nitr\u00f3geno y f\u00f3sforo, adem\u00e1s de ayudar a descomponer la materia org\u00e1nica para mejorar la actividad biol\u00f3gica en el suelo. Esto ayuda a crear un ambiente ideal para un crecimiento robusto de las ra\u00edces y una mayor disponibilidad de nutrientes, lo que resulta en plantas m\u00e1s saludables y cosechas m\u00e1s grandes. A trav\u00e9s de <strong data-start=\"731\" data-end=\"760\" data-is-only-node=\"\">Microbebio Phenom SOYBEAN<\/strong>, los agricultores pueden asegurarse de que sus sojas est\u00e9n recibiendo los nutrientes que necesitan para una productividad m\u00e1xima.<\/span><\/p>\n<p data-start=\"892\" data-end=\"1693\" data-is-last-node=\"\" data-is-only-node=\"\"><span style=\"color: #000000;\"><strong data-start=\"892\" data-end=\"921\">Microbebio Phenom SOYBEAN<\/strong> es una soluci\u00f3n innovadora que mejora las capacidades de fijaci\u00f3n de nitr\u00f3geno de la soja. Ayuda a los agricultores a aumentar sus rendimientos sin a\u00f1adir m\u00e1s fertilizantes ni depender de insumos qu\u00edmicos, los cuales pueden tener un impacto negativo en el medio ambiente. El producto contiene una mezcla \u00fanica de elementos microbianos endof\u00edticos beneficiosos que mejoran la absorci\u00f3n y uptake de nutrientes en la planta. Esto proporciona a las plantas de soja los nutrientes necesarios para prosperar, mientras que tambi\u00e9n reduce las p\u00e9rdidas debido a la lixiviaci\u00f3n y escorrent\u00eda. Con <strong data-start=\"1509\" data-end=\"1538\" data-is-only-node=\"\">Microbebio Phenom SOYBEAN<\/strong>, los agricultores pueden estar tranquilos sabiendo que est\u00e1n produciendo sojas de mayor calidad que mejoran sus ganancias, con la sostenibilidad en mente.<\/span><\/p>\n","protected":false},"featured_media":15159,"template":"","meta":{"ngg_post_thumbnail":0},"product_brand":[],"product_cat":[357],"product_tag":[],"class_list":{"0":"post-15166","1":"product","2":"type-product","3":"status-publish","4":"has-post-thumbnail","6":"product_cat-specialty-formula","8":"first","9":"instock","10":"shipping-taxable","11":"product-type-simple"},"yoast_head":"<!-- This site is optimized with the Yoast SEO plugin v27.4 - https:\/\/yoast.com\/product\/yoast-seo-wordpress\/ -->\n<title>MICROBEBIO\u00ae Phenom Soybean\u2122 - Microbial fertilizer Organic Fertilizer USA<\/title>\n<meta name=\"robots\" content=\"index, follow, max-snippet:-1, max-image-preview:large, max-video-preview:-1\" \/>\n<link rel=\"canonical\" href=\"https:\/\/www.microbebio.com\/spanish-microbe-fertilizer\/product\/microbebio-phenom-soybean\/\" \/>\n<meta property=\"og:locale\" content=\"en_US\" \/>\n<meta property=\"og:type\" content=\"article\" \/>\n<meta property=\"og:title\" content=\"MICROBEBIO\u00ae Phenom Soybean\u2122 - Microbial fertilizer Organic Fertilizer USA\" \/>\n<meta property=\"og:description\" content=\"Microbebio Phenom SOYBEAN es una forma \u00fanica y eficaz de mejorar el crecimiento de los cultivos de soja. Contiene una combinaci\u00f3n exclusiva de cepas microbianas que trabajan sin\u00e9rgicamente para mejorar la absorci\u00f3n de nitr\u00f3geno, promover la salud del suelo y, en \u00faltima instancia, aumentar los rendimientos de los cultivos. Los microbios en el producto interact\u00faan entre s\u00ed para proporcionar nutrientes como nitr\u00f3geno y f\u00f3sforo, adem\u00e1s de ayudar a descomponer la materia org\u00e1nica para mejorar la actividad biol\u00f3gica en el suelo. Esto ayuda a crear un ambiente ideal para un crecimiento robusto de las ra\u00edces y una mayor disponibilidad de nutrientes, lo que resulta en plantas m\u00e1s saludables y cosechas m\u00e1s grandes. A trav\u00e9s de Microbebio Phenom SOYBEAN, los agricultores pueden asegurarse de que sus sojas est\u00e9n recibiendo los nutrientes que necesitan para una productividad m\u00e1xima. Microbebio Phenom SOYBEAN es una soluci\u00f3n innovadora que mejora las capacidades de fijaci\u00f3n de nitr\u00f3geno de la soja. Ayuda a los agricultores a aumentar sus rendimientos sin a\u00f1adir m\u00e1s fertilizantes ni depender de insumos qu\u00edmicos, los cuales pueden tener un impacto negativo en el medio ambiente. El producto contiene una mezcla \u00fanica de elementos microbianos endof\u00edticos beneficiosos que mejoran la absorci\u00f3n y uptake de nutrientes en la planta. Esto proporciona a las plantas de soja los nutrientes necesarios para prosperar, mientras que tambi\u00e9n reduce las p\u00e9rdidas debido a la lixiviaci\u00f3n y escorrent\u00eda. Con Microbebio Phenom SOYBEAN, los agricultores pueden estar tranquilos sabiendo que est\u00e1n produciendo sojas de mayor calidad que mejoran sus ganancias, con la sostenibilidad en mente.\" \/>\n<meta property=\"og:url\" content=\"https:\/\/www.microbebio.com\/spanish-microbe-fertilizer\/product\/microbebio-phenom-soybean\/\" \/>\n<meta property=\"og:site_name\" content=\"Microbial fertilizer Organic Fertilizer USA\" \/>\n<meta property=\"article:modified_time\" content=\"2025-07-29T22:01:58+00:00\" \/>\n<meta property=\"og:image\" content=\"https:\/\/www.microbebio.com\/spanish-microbe-fertilizer\/wp-content\/uploads\/2023\/02\/MICROBEBIO-PHENOM-SPECICLTY-FORMULA-SOYBEAN-BANANA-VEGETABLES-Label-8.5x11-02-08-23-01.jpg\" \/>\n\t<meta property=\"og:image:width\" content=\"1313\" \/>\n\t<meta property=\"og:image:height\" content=\"1689\" \/>\n\t<meta property=\"og:image:type\" content=\"image\/jpeg\" \/>\n<meta name=\"twitter:card\" content=\"summary_large_image\" \/>\n<meta name=\"twitter:label1\" content=\"Est. reading time\" \/>\n\t<meta name=\"twitter:data1\" content=\"1 minute\" \/>\n<script type=\"application\/ld+json\" class=\"yoast-schema-graph\">{\"@context\":\"https:\\\/\\\/schema.org\",\"@graph\":[{\"@type\":\"WebPage\",\"@id\":\"https:\\\/\\\/www.microbebio.com\\\/spanish-microbe-fertilizer\\\/product\\\/microbebio-phenom-soybean\\\/\",\"url\":\"https:\\\/\\\/www.microbebio.com\\\/spanish-microbe-fertilizer\\\/product\\\/microbebio-phenom-soybean\\\/\",\"name\":\"MICROBEBIO\u00ae Phenom Soybean\u2122 - Microbial fertilizer Organic Fertilizer USA\",\"isPartOf\":{\"@id\":\"https:\\\/\\\/www.microbebio.com\\\/spanish-microbe-fertilizer\\\/#website\"},\"primaryImageOfPage\":{\"@id\":\"https:\\\/\\\/www.microbebio.com\\\/spanish-microbe-fertilizer\\\/product\\\/microbebio-phenom-soybean\\\/#primaryimage\"},\"image\":{\"@id\":\"https:\\\/\\\/www.microbebio.com\\\/spanish-microbe-fertilizer\\\/product\\\/microbebio-phenom-soybean\\\/#primaryimage\"},\"thumbnailUrl\":\"https:\\\/\\\/www.microbebio.com\\\/spanish-microbe-fertilizer\\\/wp-content\\\/uploads\\\/2023\\\/02\\\/MICROBEBIO-PHENOM-SPECICLTY-FORMULA-SOYBEAN-BANANA-VEGETABLES-Label-8.5x11-02-08-23-01.jpg\",\"datePublished\":\"2023-02-09T22:42:46+00:00\",\"dateModified\":\"2025-07-29T22:01:58+00:00\",\"breadcrumb\":{\"@id\":\"https:\\\/\\\/www.microbebio.com\\\/spanish-microbe-fertilizer\\\/product\\\/microbebio-phenom-soybean\\\/#breadcrumb\"},\"inLanguage\":\"en-US\",\"potentialAction\":[{\"@type\":\"ReadAction\",\"target\":[\"https:\\\/\\\/www.microbebio.com\\\/spanish-microbe-fertilizer\\\/product\\\/microbebio-phenom-soybean\\\/\"]}]},{\"@type\":\"ImageObject\",\"inLanguage\":\"en-US\",\"@id\":\"https:\\\/\\\/www.microbebio.com\\\/spanish-microbe-fertilizer\\\/product\\\/microbebio-phenom-soybean\\\/#primaryimage\",\"url\":\"https:\\\/\\\/www.microbebio.com\\\/spanish-microbe-fertilizer\\\/wp-content\\\/uploads\\\/2023\\\/02\\\/MICROBEBIO-PHENOM-SPECICLTY-FORMULA-SOYBEAN-BANANA-VEGETABLES-Label-8.5x11-02-08-23-01.jpg\",\"contentUrl\":\"https:\\\/\\\/www.microbebio.com\\\/spanish-microbe-fertilizer\\\/wp-content\\\/uploads\\\/2023\\\/02\\\/MICROBEBIO-PHENOM-SPECICLTY-FORMULA-SOYBEAN-BANANA-VEGETABLES-Label-8.5x11-02-08-23-01.jpg\",\"width\":1313,\"height\":1689},{\"@type\":\"BreadcrumbList\",\"@id\":\"https:\\\/\\\/www.microbebio.com\\\/spanish-microbe-fertilizer\\\/product\\\/microbebio-phenom-soybean\\\/#breadcrumb\",\"itemListElement\":[{\"@type\":\"ListItem\",\"position\":1,\"name\":\"Home\",\"item\":\"https:\\\/\\\/www.microbebio.com\\\/spanish-microbe-fertilizer\\\/\"},{\"@type\":\"ListItem\",\"position\":2,\"name\":\"Shop\",\"item\":\"https:\\\/\\\/www.microbebio.com\\\/spanish-microbe-fertilizer\\\/shop\\\/\"},{\"@type\":\"ListItem\",\"position\":3,\"name\":\"MICROBEBIO\u00ae Phenom Soybean\u2122\"}]},{\"@type\":\"WebSite\",\"@id\":\"https:\\\/\\\/www.microbebio.com\\\/spanish-microbe-fertilizer\\\/#website\",\"url\":\"https:\\\/\\\/www.microbebio.com\\\/spanish-microbe-fertilizer\\\/\",\"name\":\"Microbial fertilizer Organic Fertilizer USA\",\"description\":\"Microbes Fertilizer Nature Phenomenon\",\"potentialAction\":[{\"@type\":\"SearchAction\",\"target\":{\"@type\":\"EntryPoint\",\"urlTemplate\":\"https:\\\/\\\/www.microbebio.com\\\/spanish-microbe-fertilizer\\\/?s={search_term_string}\"},\"query-input\":{\"@type\":\"PropertyValueSpecification\",\"valueRequired\":true,\"valueName\":\"search_term_string\"}}],\"inLanguage\":\"en-US\"}]}<\/script>\n<!-- \/ Yoast SEO plugin. -->","yoast_head_json":{"title":"MICROBEBIO\u00ae Phenom Soybean\u2122 - Microbial fertilizer Organic Fertilizer USA","robots":{"index":"index","follow":"follow","max-snippet":"max-snippet:-1","max-image-preview":"max-image-preview:large","max-video-preview":"max-video-preview:-1"},"canonical":"https:\/\/www.microbebio.com\/spanish-microbe-fertilizer\/product\/microbebio-phenom-soybean\/","og_locale":"en_US","og_type":"article","og_title":"MICROBEBIO\u00ae Phenom Soybean\u2122 - Microbial fertilizer Organic Fertilizer USA","og_description":"Microbebio Phenom SOYBEAN es una forma \u00fanica y eficaz de mejorar el crecimiento de los cultivos de soja. Contiene una combinaci\u00f3n exclusiva de cepas microbianas que trabajan sin\u00e9rgicamente para mejorar la absorci\u00f3n de nitr\u00f3geno, promover la salud del suelo y, en \u00faltima instancia, aumentar los rendimientos de los cultivos. Los microbios en el producto interact\u00faan entre s\u00ed para proporcionar nutrientes como nitr\u00f3geno y f\u00f3sforo, adem\u00e1s de ayudar a descomponer la materia org\u00e1nica para mejorar la actividad biol\u00f3gica en el suelo. Esto ayuda a crear un ambiente ideal para un crecimiento robusto de las ra\u00edces y una mayor disponibilidad de nutrientes, lo que resulta en plantas m\u00e1s saludables y cosechas m\u00e1s grandes. A trav\u00e9s de Microbebio Phenom SOYBEAN, los agricultores pueden asegurarse de que sus sojas est\u00e9n recibiendo los nutrientes que necesitan para una productividad m\u00e1xima. Microbebio Phenom SOYBEAN es una soluci\u00f3n innovadora que mejora las capacidades de fijaci\u00f3n de nitr\u00f3geno de la soja. Ayuda a los agricultores a aumentar sus rendimientos sin a\u00f1adir m\u00e1s fertilizantes ni depender de insumos qu\u00edmicos, los cuales pueden tener un impacto negativo en el medio ambiente. El producto contiene una mezcla \u00fanica de elementos microbianos endof\u00edticos beneficiosos que mejoran la absorci\u00f3n y uptake de nutrientes en la planta. Esto proporciona a las plantas de soja los nutrientes necesarios para prosperar, mientras que tambi\u00e9n reduce las p\u00e9rdidas debido a la lixiviaci\u00f3n y escorrent\u00eda. Con Microbebio Phenom SOYBEAN, los agricultores pueden estar tranquilos sabiendo que est\u00e1n produciendo sojas de mayor calidad que mejoran sus ganancias, con la sostenibilidad en mente.","og_url":"https:\/\/www.microbebio.com\/spanish-microbe-fertilizer\/product\/microbebio-phenom-soybean\/","og_site_name":"Microbial fertilizer Organic Fertilizer USA","article_modified_time":"2025-07-29T22:01:58+00:00","og_image":[{"width":1313,"height":1689,"url":"https:\/\/www.microbebio.com\/spanish-microbe-fertilizer\/wp-content\/uploads\/2023\/02\/MICROBEBIO-PHENOM-SPECICLTY-FORMULA-SOYBEAN-BANANA-VEGETABLES-Label-8.5x11-02-08-23-01.jpg","type":"image\/jpeg"}],"twitter_card":"summary_large_image","twitter_misc":{"Est. reading time":"1 minute"},"schema":{"@context":"https:\/\/schema.org","@graph":[{"@type":"WebPage","@id":"https:\/\/www.microbebio.com\/spanish-microbe-fertilizer\/product\/microbebio-phenom-soybean\/","url":"https:\/\/www.microbebio.com\/spanish-microbe-fertilizer\/product\/microbebio-phenom-soybean\/","name":"MICROBEBIO\u00ae Phenom Soybean\u2122 - Microbial fertilizer Organic Fertilizer USA","isPartOf":{"@id":"https:\/\/www.microbebio.com\/spanish-microbe-fertilizer\/#website"},"primaryImageOfPage":{"@id":"https:\/\/www.microbebio.com\/spanish-microbe-fertilizer\/product\/microbebio-phenom-soybean\/#primaryimage"},"image":{"@id":"https:\/\/www.microbebio.com\/spanish-microbe-fertilizer\/product\/microbebio-phenom-soybean\/#primaryimage"},"thumbnailUrl":"https:\/\/www.microbebio.com\/spanish-microbe-fertilizer\/wp-content\/uploads\/2023\/02\/MICROBEBIO-PHENOM-SPECICLTY-FORMULA-SOYBEAN-BANANA-VEGETABLES-Label-8.5x11-02-08-23-01.jpg","datePublished":"2023-02-09T22:42:46+00:00","dateModified":"2025-07-29T22:01:58+00:00","breadcrumb":{"@id":"https:\/\/www.microbebio.com\/spanish-microbe-fertilizer\/product\/microbebio-phenom-soybean\/#breadcrumb"},"inLanguage":"en-US","potentialAction":[{"@type":"ReadAction","target":["https:\/\/www.microbebio.com\/spanish-microbe-fertilizer\/product\/microbebio-phenom-soybean\/"]}]},{"@type":"ImageObject","inLanguage":"en-US","@id":"https:\/\/www.microbebio.com\/spanish-microbe-fertilizer\/product\/microbebio-phenom-soybean\/#primaryimage","url":"https:\/\/www.microbebio.com\/spanish-microbe-fertilizer\/wp-content\/uploads\/2023\/02\/MICROBEBIO-PHENOM-SPECICLTY-FORMULA-SOYBEAN-BANANA-VEGETABLES-Label-8.5x11-02-08-23-01.jpg","contentUrl":"https:\/\/www.microbebio.com\/spanish-microbe-fertilizer\/wp-content\/uploads\/2023\/02\/MICROBEBIO-PHENOM-SPECICLTY-FORMULA-SOYBEAN-BANANA-VEGETABLES-Label-8.5x11-02-08-23-01.jpg","width":1313,"height":1689},{"@type":"BreadcrumbList","@id":"https:\/\/www.microbebio.com\/spanish-microbe-fertilizer\/product\/microbebio-phenom-soybean\/#breadcrumb","itemListElement":[{"@type":"ListItem","position":1,"name":"Home","item":"https:\/\/www.microbebio.com\/spanish-microbe-fertilizer\/"},{"@type":"ListItem","position":2,"name":"Shop","item":"https:\/\/www.microbebio.com\/spanish-microbe-fertilizer\/shop\/"},{"@type":"ListItem","position":3,"name":"MICROBEBIO\u00ae Phenom Soybean\u2122"}]},{"@type":"WebSite","@id":"https:\/\/www.microbebio.com\/spanish-microbe-fertilizer\/#website","url":"https:\/\/www.microbebio.com\/spanish-microbe-fertilizer\/","name":"Microbial fertilizer Organic Fertilizer USA","description":"Microbes Fertilizer Nature Phenomenon","potentialAction":[{"@type":"SearchAction","target":{"@type":"EntryPoint","urlTemplate":"https:\/\/www.microbebio.com\/spanish-microbe-fertilizer\/?s={search_term_string}"},"query-input":{"@type":"PropertyValueSpecification","valueRequired":true,"valueName":"search_term_string"}}],"inLanguage":"en-US"}]}},"_links":{"self":[{"href":"https:\/\/www.microbebio.com\/spanish-microbe-fertilizer\/wp-json\/wp\/v2\/product\/15166","targetHints":{"allow":["GET"]}}],"collection":[{"href":"https:\/\/www.microbebio.com\/spanish-microbe-fertilizer\/wp-json\/wp\/v2\/product"}],"about":[{"href":"https:\/\/www.microbebio.com\/spanish-microbe-fertilizer\/wp-json\/wp\/v2\/types\/product"}],"wp:featuredmedia":[{"embeddable":true,"href":"https:\/\/www.microbebio.com\/spanish-microbe-fertilizer\/wp-json\/wp\/v2\/media\/15159"}],"wp:attachment":[{"href":"https:\/\/www.microbebio.com\/spanish-microbe-fertilizer\/wp-json\/wp\/v2\/media?parent=15166"}],"wp:term":[{"taxonomy":"product_brand","embeddable":true,"href":"https:\/\/www.microbebio.com\/spanish-microbe-fertilizer\/wp-json\/wp\/v2\/product_brand?post=15166"},{"taxonomy":"product_cat","embeddable":true,"href":"https:\/\/www.microbebio.com\/spanish-microbe-fertilizer\/wp-json\/wp\/v2\/product_cat?post=15166"},{"taxonomy":"product_tag","embeddable":true,"href":"https:\/\/www.microbebio.com\/spanish-microbe-fertilizer\/wp-json\/wp\/v2\/product_tag?post=15166"}],"curies":[{"name":"wp","href":"https:\/\/api.w.org\/{rel}","templated":true}]}}