{"id":15167,"date":"2023-02-09T16:16:13","date_gmt":"2023-02-09T23:16:13","guid":{"rendered":"https:\/\/www.microbebio.com\/spanish-microbe-fertilizer\/?post_type=product&#038;p=15167"},"modified":"2025-07-29T15:02:28","modified_gmt":"2025-07-29T22:02:28","slug":"microbebio-phenom-bananas","status":"publish","type":"product","link":"https:\/\/www.microbebio.com\/spanish-microbe-fertilizer\/product\/microbebio-phenom-bananas\/","title":{"rendered":"MICROBEBIO\u00ae Phenom Bananas\u2122"},"content":{"rendered":"","protected":false},"excerpt":{"rendered":"<p data-start=\"0\" data-end=\"993\"><span style=\"color: #000000;\"><strong data-start=\"0\" data-end=\"31\">MICROBEBIO\u00ae Phenom Bananas\u2122<\/strong> est\u00e1 dise\u00f1ado para proporcionar a los agricultores de <strong data-start=\"86\" data-end=\"97\" data-is-only-node=\"\">BANANOS<\/strong> una forma confiable y rentable de aumentar los rendimientos de los cultivos. Ha sido formulado cient\u00edficamente utilizando una mezcla exclusiva de microbios beneficiosos que trabajan en sinergia para promover la salud del suelo y la disponibilidad de nutrientes. Este producto se puede agregar directamente al suelo durante la siembra o como parte de una rutina regular de mantenimiento de los cultivos. Los microbios ayudan a mejorar la absorci\u00f3n de nitr\u00f3geno, descomponer la materia org\u00e1nica para mejorar la actividad biol\u00f3gica en el suelo y crear un entorno ideal para el crecimiento de las ra\u00edces y la disponibilidad de nutrientes. Como resultado, se producen plantas m\u00e1s saludables que finalmente conducen a un mayor rendimiento general de la cosecha. Con <strong data-start=\"858\" data-end=\"889\">MICROBEBIO\u00ae Phenom Bananas\u2122<\/strong>, los agricultores pueden estar tranquilos sabiendo que sus cultivos recibir\u00e1n el mejor cuidado posible.<\/span><\/p>\n<p data-start=\"995\" data-end=\"1776\" data-is-last-node=\"\" data-is-only-node=\"\"><span style=\"color: #000000;\"><strong data-start=\"995\" data-end=\"1026\">MICROBEBIO\u00ae Phenom Bananas\u2122<\/strong> es una soluci\u00f3n revolucionaria para los agricultores de <strong data-start=\"1083\" data-end=\"1094\" data-is-only-node=\"\">BANANOS<\/strong>. Este producto ayuda a aumentar los rendimientos sin el uso de fertilizantes adicionales o productos qu\u00edmicos, los cuales pueden ser perjudiciales para el medio ambiente. Contiene una mezcla exclusiva de microbios endof\u00edticos beneficiosos que ayudan a las plantas a absorber m\u00e1s nutrientes de su entorno y a llevarlos a sus c\u00e9lulas de manera m\u00e1s eficiente. Al hacerlo, reduce las p\u00e9rdidas debidas a la lixiviaci\u00f3n y escorrent\u00eda, proporcionando a las plantas de <strong data-start=\"1556\" data-end=\"1566\">BANANO<\/strong> toda la nutrici\u00f3n que necesitan para alcanzar su m\u00e1ximo potencial. Con este innovador producto, los agricultores pueden obtener a\u00fan mayores recompensas mientras tambi\u00e9n hacen su parte para proteger el planeta.<\/span><\/p>\n","protected":false},"featured_media":15160,"template":"","meta":{"ngg_post_thumbnail":0},"product_brand":[],"product_cat":[357],"product_tag":[],"class_list":{"0":"post-15167","1":"product","2":"type-product","3":"status-publish","4":"has-post-thumbnail","6":"product_cat-specialty-formula","8":"first","9":"instock","10":"shipping-taxable","11":"product-type-simple"},"yoast_head":"<!-- This site is optimized with the Yoast SEO plugin v27.4 - https:\/\/yoast.com\/product\/yoast-seo-wordpress\/ -->\n<title>MICROBEBIO\u00ae Phenom Bananas\u2122 - Microbial fertilizer Organic Fertilizer USA<\/title>\n<meta name=\"robots\" content=\"index, follow, max-snippet:-1, max-image-preview:large, max-video-preview:-1\" \/>\n<link rel=\"canonical\" href=\"https:\/\/www.microbebio.com\/spanish-microbe-fertilizer\/product\/microbebio-phenom-bananas\/\" \/>\n<meta property=\"og:locale\" content=\"en_US\" \/>\n<meta property=\"og:type\" content=\"article\" \/>\n<meta property=\"og:title\" content=\"MICROBEBIO\u00ae Phenom Bananas\u2122 - Microbial fertilizer Organic Fertilizer USA\" \/>\n<meta property=\"og:description\" content=\"MICROBEBIO\u00ae Phenom Bananas\u2122 est\u00e1 dise\u00f1ado para proporcionar a los agricultores de BANANOS una forma confiable y rentable de aumentar los rendimientos de los cultivos. Ha sido formulado cient\u00edficamente utilizando una mezcla exclusiva de microbios beneficiosos que trabajan en sinergia para promover la salud del suelo y la disponibilidad de nutrientes. Este producto se puede agregar directamente al suelo durante la siembra o como parte de una rutina regular de mantenimiento de los cultivos. Los microbios ayudan a mejorar la absorci\u00f3n de nitr\u00f3geno, descomponer la materia org\u00e1nica para mejorar la actividad biol\u00f3gica en el suelo y crear un entorno ideal para el crecimiento de las ra\u00edces y la disponibilidad de nutrientes. Como resultado, se producen plantas m\u00e1s saludables que finalmente conducen a un mayor rendimiento general de la cosecha. Con MICROBEBIO\u00ae Phenom Bananas\u2122, los agricultores pueden estar tranquilos sabiendo que sus cultivos recibir\u00e1n el mejor cuidado posible. MICROBEBIO\u00ae Phenom Bananas\u2122 es una soluci\u00f3n revolucionaria para los agricultores de BANANOS. Este producto ayuda a aumentar los rendimientos sin el uso de fertilizantes adicionales o productos qu\u00edmicos, los cuales pueden ser perjudiciales para el medio ambiente. Contiene una mezcla exclusiva de microbios endof\u00edticos beneficiosos que ayudan a las plantas a absorber m\u00e1s nutrientes de su entorno y a llevarlos a sus c\u00e9lulas de manera m\u00e1s eficiente. Al hacerlo, reduce las p\u00e9rdidas debidas a la lixiviaci\u00f3n y escorrent\u00eda, proporcionando a las plantas de BANANO toda la nutrici\u00f3n que necesitan para alcanzar su m\u00e1ximo potencial. Con este innovador producto, los agricultores pueden obtener a\u00fan mayores recompensas mientras tambi\u00e9n hacen su parte para proteger el planeta.\" \/>\n<meta property=\"og:url\" content=\"https:\/\/www.microbebio.com\/spanish-microbe-fertilizer\/product\/microbebio-phenom-bananas\/\" \/>\n<meta property=\"og:site_name\" content=\"Microbial fertilizer Organic Fertilizer USA\" \/>\n<meta property=\"article:modified_time\" content=\"2025-07-29T22:02:28+00:00\" \/>\n<meta property=\"og:image\" content=\"https:\/\/www.microbebio.com\/spanish-microbe-fertilizer\/wp-content\/uploads\/2023\/02\/MICROBEBIO-PHENOM-SPECICLTY-FORMULA-SOYBEAN-BANANA-VEGETABLES-Label-8.5x11-02-08-23-02.jpg\" \/>\n\t<meta property=\"og:image:width\" content=\"1313\" \/>\n\t<meta property=\"og:image:height\" content=\"1689\" \/>\n\t<meta property=\"og:image:type\" content=\"image\/jpeg\" \/>\n<meta name=\"twitter:card\" content=\"summary_large_image\" \/>\n<meta name=\"twitter:label1\" content=\"Est. reading time\" \/>\n\t<meta name=\"twitter:data1\" content=\"1 minute\" \/>\n<script type=\"application\/ld+json\" class=\"yoast-schema-graph\">{\"@context\":\"https:\\\/\\\/schema.org\",\"@graph\":[{\"@type\":\"WebPage\",\"@id\":\"https:\\\/\\\/www.microbebio.com\\\/spanish-microbe-fertilizer\\\/product\\\/microbebio-phenom-bananas\\\/\",\"url\":\"https:\\\/\\\/www.microbebio.com\\\/spanish-microbe-fertilizer\\\/product\\\/microbebio-phenom-bananas\\\/\",\"name\":\"MICROBEBIO\u00ae Phenom Bananas\u2122 - Microbial fertilizer Organic Fertilizer USA\",\"isPartOf\":{\"@id\":\"https:\\\/\\\/www.microbebio.com\\\/spanish-microbe-fertilizer\\\/#website\"},\"primaryImageOfPage\":{\"@id\":\"https:\\\/\\\/www.microbebio.com\\\/spanish-microbe-fertilizer\\\/product\\\/microbebio-phenom-bananas\\\/#primaryimage\"},\"image\":{\"@id\":\"https:\\\/\\\/www.microbebio.com\\\/spanish-microbe-fertilizer\\\/product\\\/microbebio-phenom-bananas\\\/#primaryimage\"},\"thumbnailUrl\":\"https:\\\/\\\/www.microbebio.com\\\/spanish-microbe-fertilizer\\\/wp-content\\\/uploads\\\/2023\\\/02\\\/MICROBEBIO-PHENOM-SPECICLTY-FORMULA-SOYBEAN-BANANA-VEGETABLES-Label-8.5x11-02-08-23-02.jpg\",\"datePublished\":\"2023-02-09T23:16:13+00:00\",\"dateModified\":\"2025-07-29T22:02:28+00:00\",\"breadcrumb\":{\"@id\":\"https:\\\/\\\/www.microbebio.com\\\/spanish-microbe-fertilizer\\\/product\\\/microbebio-phenom-bananas\\\/#breadcrumb\"},\"inLanguage\":\"en-US\",\"potentialAction\":[{\"@type\":\"ReadAction\",\"target\":[\"https:\\\/\\\/www.microbebio.com\\\/spanish-microbe-fertilizer\\\/product\\\/microbebio-phenom-bananas\\\/\"]}]},{\"@type\":\"ImageObject\",\"inLanguage\":\"en-US\",\"@id\":\"https:\\\/\\\/www.microbebio.com\\\/spanish-microbe-fertilizer\\\/product\\\/microbebio-phenom-bananas\\\/#primaryimage\",\"url\":\"https:\\\/\\\/www.microbebio.com\\\/spanish-microbe-fertilizer\\\/wp-content\\\/uploads\\\/2023\\\/02\\\/MICROBEBIO-PHENOM-SPECICLTY-FORMULA-SOYBEAN-BANANA-VEGETABLES-Label-8.5x11-02-08-23-02.jpg\",\"contentUrl\":\"https:\\\/\\\/www.microbebio.com\\\/spanish-microbe-fertilizer\\\/wp-content\\\/uploads\\\/2023\\\/02\\\/MICROBEBIO-PHENOM-SPECICLTY-FORMULA-SOYBEAN-BANANA-VEGETABLES-Label-8.5x11-02-08-23-02.jpg\",\"width\":1313,\"height\":1689,\"caption\":\"MICROBEBIO PHENOM Bananas\"},{\"@type\":\"BreadcrumbList\",\"@id\":\"https:\\\/\\\/www.microbebio.com\\\/spanish-microbe-fertilizer\\\/product\\\/microbebio-phenom-bananas\\\/#breadcrumb\",\"itemListElement\":[{\"@type\":\"ListItem\",\"position\":1,\"name\":\"Home\",\"item\":\"https:\\\/\\\/www.microbebio.com\\\/spanish-microbe-fertilizer\\\/\"},{\"@type\":\"ListItem\",\"position\":2,\"name\":\"Shop\",\"item\":\"https:\\\/\\\/www.microbebio.com\\\/spanish-microbe-fertilizer\\\/shop\\\/\"},{\"@type\":\"ListItem\",\"position\":3,\"name\":\"MICROBEBIO\u00ae Phenom Bananas\u2122\"}]},{\"@type\":\"WebSite\",\"@id\":\"https:\\\/\\\/www.microbebio.com\\\/spanish-microbe-fertilizer\\\/#website\",\"url\":\"https:\\\/\\\/www.microbebio.com\\\/spanish-microbe-fertilizer\\\/\",\"name\":\"Microbial fertilizer Organic Fertilizer USA\",\"description\":\"Microbes Fertilizer Nature Phenomenon\",\"potentialAction\":[{\"@type\":\"SearchAction\",\"target\":{\"@type\":\"EntryPoint\",\"urlTemplate\":\"https:\\\/\\\/www.microbebio.com\\\/spanish-microbe-fertilizer\\\/?s={search_term_string}\"},\"query-input\":{\"@type\":\"PropertyValueSpecification\",\"valueRequired\":true,\"valueName\":\"search_term_string\"}}],\"inLanguage\":\"en-US\"}]}<\/script>\n<!-- \/ Yoast SEO plugin. -->","yoast_head_json":{"title":"MICROBEBIO\u00ae Phenom Bananas\u2122 - Microbial fertilizer Organic Fertilizer USA","robots":{"index":"index","follow":"follow","max-snippet":"max-snippet:-1","max-image-preview":"max-image-preview:large","max-video-preview":"max-video-preview:-1"},"canonical":"https:\/\/www.microbebio.com\/spanish-microbe-fertilizer\/product\/microbebio-phenom-bananas\/","og_locale":"en_US","og_type":"article","og_title":"MICROBEBIO\u00ae Phenom Bananas\u2122 - Microbial fertilizer Organic Fertilizer USA","og_description":"MICROBEBIO\u00ae Phenom Bananas\u2122 est\u00e1 dise\u00f1ado para proporcionar a los agricultores de BANANOS una forma confiable y rentable de aumentar los rendimientos de los cultivos. Ha sido formulado cient\u00edficamente utilizando una mezcla exclusiva de microbios beneficiosos que trabajan en sinergia para promover la salud del suelo y la disponibilidad de nutrientes. Este producto se puede agregar directamente al suelo durante la siembra o como parte de una rutina regular de mantenimiento de los cultivos. Los microbios ayudan a mejorar la absorci\u00f3n de nitr\u00f3geno, descomponer la materia org\u00e1nica para mejorar la actividad biol\u00f3gica en el suelo y crear un entorno ideal para el crecimiento de las ra\u00edces y la disponibilidad de nutrientes. Como resultado, se producen plantas m\u00e1s saludables que finalmente conducen a un mayor rendimiento general de la cosecha. Con MICROBEBIO\u00ae Phenom Bananas\u2122, los agricultores pueden estar tranquilos sabiendo que sus cultivos recibir\u00e1n el mejor cuidado posible. MICROBEBIO\u00ae Phenom Bananas\u2122 es una soluci\u00f3n revolucionaria para los agricultores de BANANOS. Este producto ayuda a aumentar los rendimientos sin el uso de fertilizantes adicionales o productos qu\u00edmicos, los cuales pueden ser perjudiciales para el medio ambiente. Contiene una mezcla exclusiva de microbios endof\u00edticos beneficiosos que ayudan a las plantas a absorber m\u00e1s nutrientes de su entorno y a llevarlos a sus c\u00e9lulas de manera m\u00e1s eficiente. Al hacerlo, reduce las p\u00e9rdidas debidas a la lixiviaci\u00f3n y escorrent\u00eda, proporcionando a las plantas de BANANO toda la nutrici\u00f3n que necesitan para alcanzar su m\u00e1ximo potencial. Con este innovador producto, los agricultores pueden obtener a\u00fan mayores recompensas mientras tambi\u00e9n hacen su parte para proteger el planeta.","og_url":"https:\/\/www.microbebio.com\/spanish-microbe-fertilizer\/product\/microbebio-phenom-bananas\/","og_site_name":"Microbial fertilizer Organic Fertilizer USA","article_modified_time":"2025-07-29T22:02:28+00:00","og_image":[{"width":1313,"height":1689,"url":"https:\/\/www.microbebio.com\/spanish-microbe-fertilizer\/wp-content\/uploads\/2023\/02\/MICROBEBIO-PHENOM-SPECICLTY-FORMULA-SOYBEAN-BANANA-VEGETABLES-Label-8.5x11-02-08-23-02.jpg","type":"image\/jpeg"}],"twitter_card":"summary_large_image","twitter_misc":{"Est. reading time":"1 minute"},"schema":{"@context":"https:\/\/schema.org","@graph":[{"@type":"WebPage","@id":"https:\/\/www.microbebio.com\/spanish-microbe-fertilizer\/product\/microbebio-phenom-bananas\/","url":"https:\/\/www.microbebio.com\/spanish-microbe-fertilizer\/product\/microbebio-phenom-bananas\/","name":"MICROBEBIO\u00ae Phenom Bananas\u2122 - Microbial fertilizer Organic Fertilizer USA","isPartOf":{"@id":"https:\/\/www.microbebio.com\/spanish-microbe-fertilizer\/#website"},"primaryImageOfPage":{"@id":"https:\/\/www.microbebio.com\/spanish-microbe-fertilizer\/product\/microbebio-phenom-bananas\/#primaryimage"},"image":{"@id":"https:\/\/www.microbebio.com\/spanish-microbe-fertilizer\/product\/microbebio-phenom-bananas\/#primaryimage"},"thumbnailUrl":"https:\/\/www.microbebio.com\/spanish-microbe-fertilizer\/wp-content\/uploads\/2023\/02\/MICROBEBIO-PHENOM-SPECICLTY-FORMULA-SOYBEAN-BANANA-VEGETABLES-Label-8.5x11-02-08-23-02.jpg","datePublished":"2023-02-09T23:16:13+00:00","dateModified":"2025-07-29T22:02:28+00:00","breadcrumb":{"@id":"https:\/\/www.microbebio.com\/spanish-microbe-fertilizer\/product\/microbebio-phenom-bananas\/#breadcrumb"},"inLanguage":"en-US","potentialAction":[{"@type":"ReadAction","target":["https:\/\/www.microbebio.com\/spanish-microbe-fertilizer\/product\/microbebio-phenom-bananas\/"]}]},{"@type":"ImageObject","inLanguage":"en-US","@id":"https:\/\/www.microbebio.com\/spanish-microbe-fertilizer\/product\/microbebio-phenom-bananas\/#primaryimage","url":"https:\/\/www.microbebio.com\/spanish-microbe-fertilizer\/wp-content\/uploads\/2023\/02\/MICROBEBIO-PHENOM-SPECICLTY-FORMULA-SOYBEAN-BANANA-VEGETABLES-Label-8.5x11-02-08-23-02.jpg","contentUrl":"https:\/\/www.microbebio.com\/spanish-microbe-fertilizer\/wp-content\/uploads\/2023\/02\/MICROBEBIO-PHENOM-SPECICLTY-FORMULA-SOYBEAN-BANANA-VEGETABLES-Label-8.5x11-02-08-23-02.jpg","width":1313,"height":1689,"caption":"MICROBEBIO PHENOM Bananas"},{"@type":"BreadcrumbList","@id":"https:\/\/www.microbebio.com\/spanish-microbe-fertilizer\/product\/microbebio-phenom-bananas\/#breadcrumb","itemListElement":[{"@type":"ListItem","position":1,"name":"Home","item":"https:\/\/www.microbebio.com\/spanish-microbe-fertilizer\/"},{"@type":"ListItem","position":2,"name":"Shop","item":"https:\/\/www.microbebio.com\/spanish-microbe-fertilizer\/shop\/"},{"@type":"ListItem","position":3,"name":"MICROBEBIO\u00ae Phenom Bananas\u2122"}]},{"@type":"WebSite","@id":"https:\/\/www.microbebio.com\/spanish-microbe-fertilizer\/#website","url":"https:\/\/www.microbebio.com\/spanish-microbe-fertilizer\/","name":"Microbial fertilizer Organic Fertilizer USA","description":"Microbes Fertilizer Nature Phenomenon","potentialAction":[{"@type":"SearchAction","target":{"@type":"EntryPoint","urlTemplate":"https:\/\/www.microbebio.com\/spanish-microbe-fertilizer\/?s={search_term_string}"},"query-input":{"@type":"PropertyValueSpecification","valueRequired":true,"valueName":"search_term_string"}}],"inLanguage":"en-US"}]}},"_links":{"self":[{"href":"https:\/\/www.microbebio.com\/spanish-microbe-fertilizer\/wp-json\/wp\/v2\/product\/15167","targetHints":{"allow":["GET"]}}],"collection":[{"href":"https:\/\/www.microbebio.com\/spanish-microbe-fertilizer\/wp-json\/wp\/v2\/product"}],"about":[{"href":"https:\/\/www.microbebio.com\/spanish-microbe-fertilizer\/wp-json\/wp\/v2\/types\/product"}],"wp:featuredmedia":[{"embeddable":true,"href":"https:\/\/www.microbebio.com\/spanish-microbe-fertilizer\/wp-json\/wp\/v2\/media\/15160"}],"wp:attachment":[{"href":"https:\/\/www.microbebio.com\/spanish-microbe-fertilizer\/wp-json\/wp\/v2\/media?parent=15167"}],"wp:term":[{"taxonomy":"product_brand","embeddable":true,"href":"https:\/\/www.microbebio.com\/spanish-microbe-fertilizer\/wp-json\/wp\/v2\/product_brand?post=15167"},{"taxonomy":"product_cat","embeddable":true,"href":"https:\/\/www.microbebio.com\/spanish-microbe-fertilizer\/wp-json\/wp\/v2\/product_cat?post=15167"},{"taxonomy":"product_tag","embeddable":true,"href":"https:\/\/www.microbebio.com\/spanish-microbe-fertilizer\/wp-json\/wp\/v2\/product_tag?post=15167"}],"curies":[{"name":"wp","href":"https:\/\/api.w.org\/{rel}","templated":true}]}}