{"id":15168,"date":"2023-02-09T15:47:20","date_gmt":"2023-02-09T22:47:20","guid":{"rendered":"https:\/\/www.microbebio.com\/spanish-microbe-fertilizer\/?post_type=product&#038;p=15168"},"modified":"2025-07-29T15:03:13","modified_gmt":"2025-07-29T22:03:13","slug":"microbebio-phenom-vegetables","status":"publish","type":"product","link":"https:\/\/www.microbebio.com\/spanish-microbe-fertilizer\/product\/microbebio-phenom-vegetables\/","title":{"rendered":"MICROBEBIO\u00ae Phenom Vegetables\u2122"},"content":{"rendered":"","protected":false},"excerpt":{"rendered":"<p data-start=\"0\" data-end=\"916\"><span style=\"color: #000000;\"><strong data-start=\"0\" data-end=\"34\">Microbebio\u00ae Phenom Vegetables\u2122<\/strong> es una herramienta importante para los agricultores de <strong data-start=\"90\" data-end=\"104\">HORTALIZAS<\/strong> que buscan maximizar sus rendimientos. Con una sola aplicaci\u00f3n, puede mejorar el crecimiento de las ra\u00edces, promover la absorci\u00f3n de nitr\u00f3geno y proporcionar la disponibilidad de nutrientes esenciales. Los microbios en la mezcla ayudan a descomponer la materia org\u00e1nica en el suelo, creando un ambiente ideal para la salud de las plantas. Esta soluci\u00f3n rentable permite a los agricultores gestionar mejor sus cultivos y aumentar el rendimiento general de sus campos, mientras tambi\u00e9n reduce los costos laborales asociados con el mantenimiento de los cultivos. Ya sea como parte de una rutina regular de mantenimiento o aplicado directamente durante la siembra, <strong data-start=\"766\" data-end=\"800\" data-is-only-node=\"\">Microbebio\u00ae Phenom Vegetables\u2122<\/strong> ofrece resultados confiables cuando se trata de maximizar los rendimientos para los agricultores de <strong data-start=\"901\" data-end=\"915\">HORTALIZAS<\/strong>.<\/span><\/p>\n<p data-start=\"918\" data-end=\"1684\"><span style=\"color: #000000;\"><strong data-start=\"918\" data-end=\"952\">Microbebio\u00ae Phenom Vegetables\u2122<\/strong> es una herramienta importante para las pr\u00e1cticas agr\u00edcolas sostenibles. Se ha demostrado que aumenta los rendimientos y reduce la necesidad de fertilizantes, lo que resulta en un menor impacto ambiental. Los microbios endof\u00edticos beneficiosos presentes en el producto proporcionan nutrientes esenciales a la planta, permiti\u00e9ndole crecer m\u00e1s r\u00e1pido con mejores capacidades de absorci\u00f3n de nutrientes. Estos microbios tambi\u00e9n reducen las p\u00e9rdidas debido a la lixiviaci\u00f3n y escorrent\u00eda, convirti\u00e9ndolo en una forma eficiente de gestionar la fertilidad del suelo mientras se protegen los recursos naturales. Adem\u00e1s, esta soluci\u00f3n innovadora es altamente rentable en comparaci\u00f3n con los fertilizantes tradicionales y productos qu\u00edmicos.<\/span><\/p>\n<p data-start=\"1686\" data-end=\"1851\" data-is-last-node=\"\" data-is-only-node=\"\"><span style=\"color: #000000;\">Este producto revolucionario ofrece a los agricultores una manera sencilla pero poderosa de aumentar sus rendimientos sin comprometer la sostenibilidad o la calidad.<\/span><\/p>\n","protected":false},"featured_media":15161,"template":"","meta":{"ngg_post_thumbnail":0},"product_brand":[],"product_cat":[357],"product_tag":[],"class_list":{"0":"post-15168","1":"product","2":"type-product","3":"status-publish","4":"has-post-thumbnail","6":"product_cat-specialty-formula","8":"first","9":"instock","10":"shipping-taxable","11":"product-type-simple"},"yoast_head":"<!-- This site is optimized with the Yoast SEO plugin v27.4 - https:\/\/yoast.com\/product\/yoast-seo-wordpress\/ -->\n<title>MICROBEBIO\u00ae Phenom Vegetables\u2122 - Microbial fertilizer Organic Fertilizer USA<\/title>\n<meta name=\"robots\" content=\"index, follow, max-snippet:-1, max-image-preview:large, max-video-preview:-1\" \/>\n<link rel=\"canonical\" href=\"https:\/\/www.microbebio.com\/spanish-microbe-fertilizer\/product\/microbebio-phenom-vegetables\/\" \/>\n<meta property=\"og:locale\" content=\"en_US\" \/>\n<meta property=\"og:type\" content=\"article\" \/>\n<meta property=\"og:title\" content=\"MICROBEBIO\u00ae Phenom Vegetables\u2122 - Microbial fertilizer Organic Fertilizer USA\" \/>\n<meta property=\"og:description\" content=\"Microbebio\u00ae Phenom Vegetables\u2122 es una herramienta importante para los agricultores de HORTALIZAS que buscan maximizar sus rendimientos. Con una sola aplicaci\u00f3n, puede mejorar el crecimiento de las ra\u00edces, promover la absorci\u00f3n de nitr\u00f3geno y proporcionar la disponibilidad de nutrientes esenciales. Los microbios en la mezcla ayudan a descomponer la materia org\u00e1nica en el suelo, creando un ambiente ideal para la salud de las plantas. Esta soluci\u00f3n rentable permite a los agricultores gestionar mejor sus cultivos y aumentar el rendimiento general de sus campos, mientras tambi\u00e9n reduce los costos laborales asociados con el mantenimiento de los cultivos. Ya sea como parte de una rutina regular de mantenimiento o aplicado directamente durante la siembra, Microbebio\u00ae Phenom Vegetables\u2122 ofrece resultados confiables cuando se trata de maximizar los rendimientos para los agricultores de HORTALIZAS. Microbebio\u00ae Phenom Vegetables\u2122 es una herramienta importante para las pr\u00e1cticas agr\u00edcolas sostenibles. Se ha demostrado que aumenta los rendimientos y reduce la necesidad de fertilizantes, lo que resulta en un menor impacto ambiental. Los microbios endof\u00edticos beneficiosos presentes en el producto proporcionan nutrientes esenciales a la planta, permiti\u00e9ndole crecer m\u00e1s r\u00e1pido con mejores capacidades de absorci\u00f3n de nutrientes. Estos microbios tambi\u00e9n reducen las p\u00e9rdidas debido a la lixiviaci\u00f3n y escorrent\u00eda, convirti\u00e9ndolo en una forma eficiente de gestionar la fertilidad del suelo mientras se protegen los recursos naturales. Adem\u00e1s, esta soluci\u00f3n innovadora es altamente rentable en comparaci\u00f3n con los fertilizantes tradicionales y productos qu\u00edmicos. Este producto revolucionario ofrece a los agricultores una manera sencilla pero poderosa de aumentar sus rendimientos sin comprometer la sostenibilidad o la calidad.\" \/>\n<meta property=\"og:url\" content=\"https:\/\/www.microbebio.com\/spanish-microbe-fertilizer\/product\/microbebio-phenom-vegetables\/\" \/>\n<meta property=\"og:site_name\" content=\"Microbial fertilizer Organic Fertilizer USA\" \/>\n<meta property=\"article:modified_time\" content=\"2025-07-29T22:03:13+00:00\" \/>\n<meta property=\"og:image\" content=\"https:\/\/www.microbebio.com\/spanish-microbe-fertilizer\/wp-content\/uploads\/2023\/02\/MICROBEBIO-PHENOM-SPECICLTY-FORMULA-SOYBEAN-BANANA-VEGETABLES-Label-8.5x11-02-08-23-03.jpg\" \/>\n\t<meta property=\"og:image:width\" content=\"1314\" \/>\n\t<meta property=\"og:image:height\" content=\"1689\" \/>\n\t<meta property=\"og:image:type\" content=\"image\/jpeg\" \/>\n<meta name=\"twitter:card\" content=\"summary_large_image\" \/>\n<meta name=\"twitter:label1\" content=\"Est. reading time\" \/>\n\t<meta name=\"twitter:data1\" content=\"1 minute\" \/>\n<script type=\"application\/ld+json\" class=\"yoast-schema-graph\">{\"@context\":\"https:\\\/\\\/schema.org\",\"@graph\":[{\"@type\":\"WebPage\",\"@id\":\"https:\\\/\\\/www.microbebio.com\\\/spanish-microbe-fertilizer\\\/product\\\/microbebio-phenom-vegetables\\\/\",\"url\":\"https:\\\/\\\/www.microbebio.com\\\/spanish-microbe-fertilizer\\\/product\\\/microbebio-phenom-vegetables\\\/\",\"name\":\"MICROBEBIO\u00ae Phenom Vegetables\u2122 - Microbial fertilizer Organic Fertilizer USA\",\"isPartOf\":{\"@id\":\"https:\\\/\\\/www.microbebio.com\\\/spanish-microbe-fertilizer\\\/#website\"},\"primaryImageOfPage\":{\"@id\":\"https:\\\/\\\/www.microbebio.com\\\/spanish-microbe-fertilizer\\\/product\\\/microbebio-phenom-vegetables\\\/#primaryimage\"},\"image\":{\"@id\":\"https:\\\/\\\/www.microbebio.com\\\/spanish-microbe-fertilizer\\\/product\\\/microbebio-phenom-vegetables\\\/#primaryimage\"},\"thumbnailUrl\":\"https:\\\/\\\/www.microbebio.com\\\/spanish-microbe-fertilizer\\\/wp-content\\\/uploads\\\/2023\\\/02\\\/MICROBEBIO-PHENOM-SPECICLTY-FORMULA-SOYBEAN-BANANA-VEGETABLES-Label-8.5x11-02-08-23-03.jpg\",\"datePublished\":\"2023-02-09T22:47:20+00:00\",\"dateModified\":\"2025-07-29T22:03:13+00:00\",\"breadcrumb\":{\"@id\":\"https:\\\/\\\/www.microbebio.com\\\/spanish-microbe-fertilizer\\\/product\\\/microbebio-phenom-vegetables\\\/#breadcrumb\"},\"inLanguage\":\"en-US\",\"potentialAction\":[{\"@type\":\"ReadAction\",\"target\":[\"https:\\\/\\\/www.microbebio.com\\\/spanish-microbe-fertilizer\\\/product\\\/microbebio-phenom-vegetables\\\/\"]}]},{\"@type\":\"ImageObject\",\"inLanguage\":\"en-US\",\"@id\":\"https:\\\/\\\/www.microbebio.com\\\/spanish-microbe-fertilizer\\\/product\\\/microbebio-phenom-vegetables\\\/#primaryimage\",\"url\":\"https:\\\/\\\/www.microbebio.com\\\/spanish-microbe-fertilizer\\\/wp-content\\\/uploads\\\/2023\\\/02\\\/MICROBEBIO-PHENOM-SPECICLTY-FORMULA-SOYBEAN-BANANA-VEGETABLES-Label-8.5x11-02-08-23-03.jpg\",\"contentUrl\":\"https:\\\/\\\/www.microbebio.com\\\/spanish-microbe-fertilizer\\\/wp-content\\\/uploads\\\/2023\\\/02\\\/MICROBEBIO-PHENOM-SPECICLTY-FORMULA-SOYBEAN-BANANA-VEGETABLES-Label-8.5x11-02-08-23-03.jpg\",\"width\":1314,\"height\":1689,\"caption\":\"Microbebio\u00ae Phenom Vegetables\u2122\"},{\"@type\":\"BreadcrumbList\",\"@id\":\"https:\\\/\\\/www.microbebio.com\\\/spanish-microbe-fertilizer\\\/product\\\/microbebio-phenom-vegetables\\\/#breadcrumb\",\"itemListElement\":[{\"@type\":\"ListItem\",\"position\":1,\"name\":\"Home\",\"item\":\"https:\\\/\\\/www.microbebio.com\\\/spanish-microbe-fertilizer\\\/\"},{\"@type\":\"ListItem\",\"position\":2,\"name\":\"Shop\",\"item\":\"https:\\\/\\\/www.microbebio.com\\\/spanish-microbe-fertilizer\\\/shop\\\/\"},{\"@type\":\"ListItem\",\"position\":3,\"name\":\"MICROBEBIO\u00ae Phenom Vegetables\u2122\"}]},{\"@type\":\"WebSite\",\"@id\":\"https:\\\/\\\/www.microbebio.com\\\/spanish-microbe-fertilizer\\\/#website\",\"url\":\"https:\\\/\\\/www.microbebio.com\\\/spanish-microbe-fertilizer\\\/\",\"name\":\"Microbial fertilizer Organic Fertilizer USA\",\"description\":\"Microbes Fertilizer Nature Phenomenon\",\"potentialAction\":[{\"@type\":\"SearchAction\",\"target\":{\"@type\":\"EntryPoint\",\"urlTemplate\":\"https:\\\/\\\/www.microbebio.com\\\/spanish-microbe-fertilizer\\\/?s={search_term_string}\"},\"query-input\":{\"@type\":\"PropertyValueSpecification\",\"valueRequired\":true,\"valueName\":\"search_term_string\"}}],\"inLanguage\":\"en-US\"}]}<\/script>\n<!-- \/ Yoast SEO plugin. -->","yoast_head_json":{"title":"MICROBEBIO\u00ae Phenom Vegetables\u2122 - Microbial fertilizer Organic Fertilizer USA","robots":{"index":"index","follow":"follow","max-snippet":"max-snippet:-1","max-image-preview":"max-image-preview:large","max-video-preview":"max-video-preview:-1"},"canonical":"https:\/\/www.microbebio.com\/spanish-microbe-fertilizer\/product\/microbebio-phenom-vegetables\/","og_locale":"en_US","og_type":"article","og_title":"MICROBEBIO\u00ae Phenom Vegetables\u2122 - Microbial fertilizer Organic Fertilizer USA","og_description":"Microbebio\u00ae Phenom Vegetables\u2122 es una herramienta importante para los agricultores de HORTALIZAS que buscan maximizar sus rendimientos. Con una sola aplicaci\u00f3n, puede mejorar el crecimiento de las ra\u00edces, promover la absorci\u00f3n de nitr\u00f3geno y proporcionar la disponibilidad de nutrientes esenciales. Los microbios en la mezcla ayudan a descomponer la materia org\u00e1nica en el suelo, creando un ambiente ideal para la salud de las plantas. Esta soluci\u00f3n rentable permite a los agricultores gestionar mejor sus cultivos y aumentar el rendimiento general de sus campos, mientras tambi\u00e9n reduce los costos laborales asociados con el mantenimiento de los cultivos. Ya sea como parte de una rutina regular de mantenimiento o aplicado directamente durante la siembra, Microbebio\u00ae Phenom Vegetables\u2122 ofrece resultados confiables cuando se trata de maximizar los rendimientos para los agricultores de HORTALIZAS. Microbebio\u00ae Phenom Vegetables\u2122 es una herramienta importante para las pr\u00e1cticas agr\u00edcolas sostenibles. Se ha demostrado que aumenta los rendimientos y reduce la necesidad de fertilizantes, lo que resulta en un menor impacto ambiental. Los microbios endof\u00edticos beneficiosos presentes en el producto proporcionan nutrientes esenciales a la planta, permiti\u00e9ndole crecer m\u00e1s r\u00e1pido con mejores capacidades de absorci\u00f3n de nutrientes. Estos microbios tambi\u00e9n reducen las p\u00e9rdidas debido a la lixiviaci\u00f3n y escorrent\u00eda, convirti\u00e9ndolo en una forma eficiente de gestionar la fertilidad del suelo mientras se protegen los recursos naturales. Adem\u00e1s, esta soluci\u00f3n innovadora es altamente rentable en comparaci\u00f3n con los fertilizantes tradicionales y productos qu\u00edmicos. Este producto revolucionario ofrece a los agricultores una manera sencilla pero poderosa de aumentar sus rendimientos sin comprometer la sostenibilidad o la calidad.","og_url":"https:\/\/www.microbebio.com\/spanish-microbe-fertilizer\/product\/microbebio-phenom-vegetables\/","og_site_name":"Microbial fertilizer Organic Fertilizer USA","article_modified_time":"2025-07-29T22:03:13+00:00","og_image":[{"width":1314,"height":1689,"url":"https:\/\/www.microbebio.com\/spanish-microbe-fertilizer\/wp-content\/uploads\/2023\/02\/MICROBEBIO-PHENOM-SPECICLTY-FORMULA-SOYBEAN-BANANA-VEGETABLES-Label-8.5x11-02-08-23-03.jpg","type":"image\/jpeg"}],"twitter_card":"summary_large_image","twitter_misc":{"Est. reading time":"1 minute"},"schema":{"@context":"https:\/\/schema.org","@graph":[{"@type":"WebPage","@id":"https:\/\/www.microbebio.com\/spanish-microbe-fertilizer\/product\/microbebio-phenom-vegetables\/","url":"https:\/\/www.microbebio.com\/spanish-microbe-fertilizer\/product\/microbebio-phenom-vegetables\/","name":"MICROBEBIO\u00ae Phenom Vegetables\u2122 - Microbial fertilizer Organic Fertilizer USA","isPartOf":{"@id":"https:\/\/www.microbebio.com\/spanish-microbe-fertilizer\/#website"},"primaryImageOfPage":{"@id":"https:\/\/www.microbebio.com\/spanish-microbe-fertilizer\/product\/microbebio-phenom-vegetables\/#primaryimage"},"image":{"@id":"https:\/\/www.microbebio.com\/spanish-microbe-fertilizer\/product\/microbebio-phenom-vegetables\/#primaryimage"},"thumbnailUrl":"https:\/\/www.microbebio.com\/spanish-microbe-fertilizer\/wp-content\/uploads\/2023\/02\/MICROBEBIO-PHENOM-SPECICLTY-FORMULA-SOYBEAN-BANANA-VEGETABLES-Label-8.5x11-02-08-23-03.jpg","datePublished":"2023-02-09T22:47:20+00:00","dateModified":"2025-07-29T22:03:13+00:00","breadcrumb":{"@id":"https:\/\/www.microbebio.com\/spanish-microbe-fertilizer\/product\/microbebio-phenom-vegetables\/#breadcrumb"},"inLanguage":"en-US","potentialAction":[{"@type":"ReadAction","target":["https:\/\/www.microbebio.com\/spanish-microbe-fertilizer\/product\/microbebio-phenom-vegetables\/"]}]},{"@type":"ImageObject","inLanguage":"en-US","@id":"https:\/\/www.microbebio.com\/spanish-microbe-fertilizer\/product\/microbebio-phenom-vegetables\/#primaryimage","url":"https:\/\/www.microbebio.com\/spanish-microbe-fertilizer\/wp-content\/uploads\/2023\/02\/MICROBEBIO-PHENOM-SPECICLTY-FORMULA-SOYBEAN-BANANA-VEGETABLES-Label-8.5x11-02-08-23-03.jpg","contentUrl":"https:\/\/www.microbebio.com\/spanish-microbe-fertilizer\/wp-content\/uploads\/2023\/02\/MICROBEBIO-PHENOM-SPECICLTY-FORMULA-SOYBEAN-BANANA-VEGETABLES-Label-8.5x11-02-08-23-03.jpg","width":1314,"height":1689,"caption":"Microbebio\u00ae Phenom Vegetables\u2122"},{"@type":"BreadcrumbList","@id":"https:\/\/www.microbebio.com\/spanish-microbe-fertilizer\/product\/microbebio-phenom-vegetables\/#breadcrumb","itemListElement":[{"@type":"ListItem","position":1,"name":"Home","item":"https:\/\/www.microbebio.com\/spanish-microbe-fertilizer\/"},{"@type":"ListItem","position":2,"name":"Shop","item":"https:\/\/www.microbebio.com\/spanish-microbe-fertilizer\/shop\/"},{"@type":"ListItem","position":3,"name":"MICROBEBIO\u00ae Phenom Vegetables\u2122"}]},{"@type":"WebSite","@id":"https:\/\/www.microbebio.com\/spanish-microbe-fertilizer\/#website","url":"https:\/\/www.microbebio.com\/spanish-microbe-fertilizer\/","name":"Microbial fertilizer Organic Fertilizer USA","description":"Microbes Fertilizer Nature Phenomenon","potentialAction":[{"@type":"SearchAction","target":{"@type":"EntryPoint","urlTemplate":"https:\/\/www.microbebio.com\/spanish-microbe-fertilizer\/?s={search_term_string}"},"query-input":{"@type":"PropertyValueSpecification","valueRequired":true,"valueName":"search_term_string"}}],"inLanguage":"en-US"}]}},"_links":{"self":[{"href":"https:\/\/www.microbebio.com\/spanish-microbe-fertilizer\/wp-json\/wp\/v2\/product\/15168","targetHints":{"allow":["GET"]}}],"collection":[{"href":"https:\/\/www.microbebio.com\/spanish-microbe-fertilizer\/wp-json\/wp\/v2\/product"}],"about":[{"href":"https:\/\/www.microbebio.com\/spanish-microbe-fertilizer\/wp-json\/wp\/v2\/types\/product"}],"wp:featuredmedia":[{"embeddable":true,"href":"https:\/\/www.microbebio.com\/spanish-microbe-fertilizer\/wp-json\/wp\/v2\/media\/15161"}],"wp:attachment":[{"href":"https:\/\/www.microbebio.com\/spanish-microbe-fertilizer\/wp-json\/wp\/v2\/media?parent=15168"}],"wp:term":[{"taxonomy":"product_brand","embeddable":true,"href":"https:\/\/www.microbebio.com\/spanish-microbe-fertilizer\/wp-json\/wp\/v2\/product_brand?post=15168"},{"taxonomy":"product_cat","embeddable":true,"href":"https:\/\/www.microbebio.com\/spanish-microbe-fertilizer\/wp-json\/wp\/v2\/product_cat?post=15168"},{"taxonomy":"product_tag","embeddable":true,"href":"https:\/\/www.microbebio.com\/spanish-microbe-fertilizer\/wp-json\/wp\/v2\/product_tag?post=15168"}],"curies":[{"name":"wp","href":"https:\/\/api.w.org\/{rel}","templated":true}]}}