{"id":15169,"date":"2023-02-09T15:50:44","date_gmt":"2023-02-09T22:50:44","guid":{"rendered":"https:\/\/www.microbebio.com\/spanish-microbe-fertilizer\/?post_type=product&#038;p=15169"},"modified":"2025-07-29T14:59:22","modified_gmt":"2025-07-29T21:59:22","slug":"microbebio-phenom-corn","status":"publish","type":"product","link":"https:\/\/www.microbebio.com\/spanish-microbe-fertilizer\/product\/microbebio-phenom-corn\/","title":{"rendered":"MICROBEBIO\u00ae Phenom Corn\u2122"},"content":{"rendered":"","protected":false},"excerpt":{"rendered":"<p data-start=\"0\" data-end=\"597\"><span style=\"color: #000000;\"><strong data-start=\"0\" data-end=\"28\">MICROBEBIO\u00ae Phenom Corn\u2122<\/strong> est\u00e1 dise\u00f1ado para ayudar a los agricultores a aprovechar al m\u00e1ximo sus cultivos de ma\u00edz. Su f\u00f3rmula avanzada ayuda a maximizar los rendimientos de los cultivos al mejorar la absorci\u00f3n de nutrientes esenciales como Nitr\u00f3geno (N), F\u00f3sforo (P) y Potasio (K). Con su ayuda, las plantas podr\u00e1n absorber m\u00e1s luz solar y agua, lo que resultar\u00e1 en mazorcas de ma\u00edz con mayores rendimientos. Adem\u00e1s, este revolucionario producto microbiano ofrece beneficios adicionales como el mejor desarrollo de las ra\u00edces, mayor tolerancia al estr\u00e9s y una mayor resistencia a enfermedades.<\/span><\/p>\n<p data-start=\"599\" data-end=\"1333\" data-is-last-node=\"\" data-is-only-node=\"\"><span style=\"color: #000000;\">En \u00faltima instancia, <strong data-start=\"620\" data-end=\"648\">MICROBEBIO\u00ae Phenom Corn\u2122<\/strong> es una soluci\u00f3n ideal para lograr el m\u00e1ximo potencial de rendimiento de tus cultivos de ma\u00edz. <strong data-start=\"743\" data-end=\"771\">MICROBEBIO\u00ae Phenom Corn\u2122<\/strong> es una f\u00f3rmula \u00fanica y revolucionaria desarrollada espec\u00edficamente para cultivos de ma\u00edz. Contiene nutrientes esenciales, promotores de crecimiento, as\u00ed como microorganismos beneficiosos que ayudan a reducir la compactaci\u00f3n del suelo y mejorar la penetraci\u00f3n de las ra\u00edces. Esta combinaci\u00f3n de ingredientes trabaja en conjunto para proporcionar a tu ma\u00edz el m\u00e1ximo potencial de crecimiento temporada tras temporada. Con el uso regular de <strong data-start=\"1210\" data-end=\"1238\">MICROBEBIO\u00ae Phenom Corn\u2122<\/strong>, puedes asegurarte de que tus cultivos de ma\u00edz sean m\u00e1s saludables y productivos a\u00f1o tras a\u00f1o.<\/span><\/p>\n","protected":false},"featured_media":15163,"template":"","meta":{"ngg_post_thumbnail":0},"product_brand":[],"product_cat":[357],"product_tag":[],"class_list":{"0":"post-15169","1":"product","2":"type-product","3":"status-publish","4":"has-post-thumbnail","6":"product_cat-specialty-formula","8":"first","9":"instock","10":"shipping-taxable","11":"product-type-simple"},"yoast_head":"<!-- This site is optimized with the Yoast SEO plugin v27.4 - https:\/\/yoast.com\/product\/yoast-seo-wordpress\/ -->\n<title>MICROBEBIO\u00ae Phenom Corn\u2122 - Microbial fertilizer Organic Fertilizer USA<\/title>\n<meta name=\"robots\" content=\"index, follow, max-snippet:-1, max-image-preview:large, max-video-preview:-1\" \/>\n<link rel=\"canonical\" href=\"https:\/\/www.microbebio.com\/spanish-microbe-fertilizer\/product\/microbebio-phenom-corn\/\" \/>\n<meta property=\"og:locale\" content=\"en_US\" \/>\n<meta property=\"og:type\" content=\"article\" \/>\n<meta property=\"og:title\" content=\"MICROBEBIO\u00ae Phenom Corn\u2122 - Microbial fertilizer Organic Fertilizer USA\" \/>\n<meta property=\"og:description\" content=\"MICROBEBIO\u00ae Phenom Corn\u2122 est\u00e1 dise\u00f1ado para ayudar a los agricultores a aprovechar al m\u00e1ximo sus cultivos de ma\u00edz. Su f\u00f3rmula avanzada ayuda a maximizar los rendimientos de los cultivos al mejorar la absorci\u00f3n de nutrientes esenciales como Nitr\u00f3geno (N), F\u00f3sforo (P) y Potasio (K). Con su ayuda, las plantas podr\u00e1n absorber m\u00e1s luz solar y agua, lo que resultar\u00e1 en mazorcas de ma\u00edz con mayores rendimientos. Adem\u00e1s, este revolucionario producto microbiano ofrece beneficios adicionales como el mejor desarrollo de las ra\u00edces, mayor tolerancia al estr\u00e9s y una mayor resistencia a enfermedades. En \u00faltima instancia, MICROBEBIO\u00ae Phenom Corn\u2122 es una soluci\u00f3n ideal para lograr el m\u00e1ximo potencial de rendimiento de tus cultivos de ma\u00edz. MICROBEBIO\u00ae Phenom Corn\u2122 es una f\u00f3rmula \u00fanica y revolucionaria desarrollada espec\u00edficamente para cultivos de ma\u00edz. Contiene nutrientes esenciales, promotores de crecimiento, as\u00ed como microorganismos beneficiosos que ayudan a reducir la compactaci\u00f3n del suelo y mejorar la penetraci\u00f3n de las ra\u00edces. Esta combinaci\u00f3n de ingredientes trabaja en conjunto para proporcionar a tu ma\u00edz el m\u00e1ximo potencial de crecimiento temporada tras temporada. Con el uso regular de MICROBEBIO\u00ae Phenom Corn\u2122, puedes asegurarte de que tus cultivos de ma\u00edz sean m\u00e1s saludables y productivos a\u00f1o tras a\u00f1o.\" \/>\n<meta property=\"og:url\" content=\"https:\/\/www.microbebio.com\/spanish-microbe-fertilizer\/product\/microbebio-phenom-corn\/\" \/>\n<meta property=\"og:site_name\" content=\"Microbial fertilizer Organic Fertilizer USA\" \/>\n<meta property=\"article:modified_time\" content=\"2025-07-29T21:59:22+00:00\" \/>\n<meta property=\"og:image\" content=\"https:\/\/www.microbebio.com\/spanish-microbe-fertilizer\/wp-content\/uploads\/2023\/02\/MICROBEBIO-PHENOM-SPECICLY-FORMULA-CORN-SUGARCANE-COFFEE-Label-8.5x11-02-08-23-01.jpg\" \/>\n\t<meta property=\"og:image:width\" content=\"1313\" \/>\n\t<meta property=\"og:image:height\" content=\"1689\" \/>\n\t<meta property=\"og:image:type\" content=\"image\/jpeg\" \/>\n<meta name=\"twitter:card\" content=\"summary_large_image\" \/>\n<meta name=\"twitter:label1\" content=\"Est. reading time\" \/>\n\t<meta name=\"twitter:data1\" content=\"1 minute\" \/>\n<script type=\"application\/ld+json\" class=\"yoast-schema-graph\">{\"@context\":\"https:\\\/\\\/schema.org\",\"@graph\":[{\"@type\":\"WebPage\",\"@id\":\"https:\\\/\\\/www.microbebio.com\\\/spanish-microbe-fertilizer\\\/product\\\/microbebio-phenom-corn\\\/\",\"url\":\"https:\\\/\\\/www.microbebio.com\\\/spanish-microbe-fertilizer\\\/product\\\/microbebio-phenom-corn\\\/\",\"name\":\"MICROBEBIO\u00ae Phenom Corn\u2122 - Microbial fertilizer Organic Fertilizer USA\",\"isPartOf\":{\"@id\":\"https:\\\/\\\/www.microbebio.com\\\/spanish-microbe-fertilizer\\\/#website\"},\"primaryImageOfPage\":{\"@id\":\"https:\\\/\\\/www.microbebio.com\\\/spanish-microbe-fertilizer\\\/product\\\/microbebio-phenom-corn\\\/#primaryimage\"},\"image\":{\"@id\":\"https:\\\/\\\/www.microbebio.com\\\/spanish-microbe-fertilizer\\\/product\\\/microbebio-phenom-corn\\\/#primaryimage\"},\"thumbnailUrl\":\"https:\\\/\\\/www.microbebio.com\\\/spanish-microbe-fertilizer\\\/wp-content\\\/uploads\\\/2023\\\/02\\\/MICROBEBIO-PHENOM-SPECICLY-FORMULA-CORN-SUGARCANE-COFFEE-Label-8.5x11-02-08-23-01.jpg\",\"datePublished\":\"2023-02-09T22:50:44+00:00\",\"dateModified\":\"2025-07-29T21:59:22+00:00\",\"breadcrumb\":{\"@id\":\"https:\\\/\\\/www.microbebio.com\\\/spanish-microbe-fertilizer\\\/product\\\/microbebio-phenom-corn\\\/#breadcrumb\"},\"inLanguage\":\"en-US\",\"potentialAction\":[{\"@type\":\"ReadAction\",\"target\":[\"https:\\\/\\\/www.microbebio.com\\\/spanish-microbe-fertilizer\\\/product\\\/microbebio-phenom-corn\\\/\"]}]},{\"@type\":\"ImageObject\",\"inLanguage\":\"en-US\",\"@id\":\"https:\\\/\\\/www.microbebio.com\\\/spanish-microbe-fertilizer\\\/product\\\/microbebio-phenom-corn\\\/#primaryimage\",\"url\":\"https:\\\/\\\/www.microbebio.com\\\/spanish-microbe-fertilizer\\\/wp-content\\\/uploads\\\/2023\\\/02\\\/MICROBEBIO-PHENOM-SPECICLY-FORMULA-CORN-SUGARCANE-COFFEE-Label-8.5x11-02-08-23-01.jpg\",\"contentUrl\":\"https:\\\/\\\/www.microbebio.com\\\/spanish-microbe-fertilizer\\\/wp-content\\\/uploads\\\/2023\\\/02\\\/MICROBEBIO-PHENOM-SPECICLY-FORMULA-CORN-SUGARCANE-COFFEE-Label-8.5x11-02-08-23-01.jpg\",\"width\":1313,\"height\":1689,\"caption\":\"MICROBEBIO\u00ae Phenom Corn\u2122\"},{\"@type\":\"BreadcrumbList\",\"@id\":\"https:\\\/\\\/www.microbebio.com\\\/spanish-microbe-fertilizer\\\/product\\\/microbebio-phenom-corn\\\/#breadcrumb\",\"itemListElement\":[{\"@type\":\"ListItem\",\"position\":1,\"name\":\"Home\",\"item\":\"https:\\\/\\\/www.microbebio.com\\\/spanish-microbe-fertilizer\\\/\"},{\"@type\":\"ListItem\",\"position\":2,\"name\":\"Shop\",\"item\":\"https:\\\/\\\/www.microbebio.com\\\/spanish-microbe-fertilizer\\\/shop\\\/\"},{\"@type\":\"ListItem\",\"position\":3,\"name\":\"MICROBEBIO\u00ae Phenom Corn\u2122\"}]},{\"@type\":\"WebSite\",\"@id\":\"https:\\\/\\\/www.microbebio.com\\\/spanish-microbe-fertilizer\\\/#website\",\"url\":\"https:\\\/\\\/www.microbebio.com\\\/spanish-microbe-fertilizer\\\/\",\"name\":\"Microbial fertilizer Organic Fertilizer USA\",\"description\":\"Microbes Fertilizer Nature Phenomenon\",\"potentialAction\":[{\"@type\":\"SearchAction\",\"target\":{\"@type\":\"EntryPoint\",\"urlTemplate\":\"https:\\\/\\\/www.microbebio.com\\\/spanish-microbe-fertilizer\\\/?s={search_term_string}\"},\"query-input\":{\"@type\":\"PropertyValueSpecification\",\"valueRequired\":true,\"valueName\":\"search_term_string\"}}],\"inLanguage\":\"en-US\"}]}<\/script>\n<!-- \/ Yoast SEO plugin. -->","yoast_head_json":{"title":"MICROBEBIO\u00ae Phenom Corn\u2122 - Microbial fertilizer Organic Fertilizer USA","robots":{"index":"index","follow":"follow","max-snippet":"max-snippet:-1","max-image-preview":"max-image-preview:large","max-video-preview":"max-video-preview:-1"},"canonical":"https:\/\/www.microbebio.com\/spanish-microbe-fertilizer\/product\/microbebio-phenom-corn\/","og_locale":"en_US","og_type":"article","og_title":"MICROBEBIO\u00ae Phenom Corn\u2122 - Microbial fertilizer Organic Fertilizer USA","og_description":"MICROBEBIO\u00ae Phenom Corn\u2122 est\u00e1 dise\u00f1ado para ayudar a los agricultores a aprovechar al m\u00e1ximo sus cultivos de ma\u00edz. Su f\u00f3rmula avanzada ayuda a maximizar los rendimientos de los cultivos al mejorar la absorci\u00f3n de nutrientes esenciales como Nitr\u00f3geno (N), F\u00f3sforo (P) y Potasio (K). Con su ayuda, las plantas podr\u00e1n absorber m\u00e1s luz solar y agua, lo que resultar\u00e1 en mazorcas de ma\u00edz con mayores rendimientos. Adem\u00e1s, este revolucionario producto microbiano ofrece beneficios adicionales como el mejor desarrollo de las ra\u00edces, mayor tolerancia al estr\u00e9s y una mayor resistencia a enfermedades. En \u00faltima instancia, MICROBEBIO\u00ae Phenom Corn\u2122 es una soluci\u00f3n ideal para lograr el m\u00e1ximo potencial de rendimiento de tus cultivos de ma\u00edz. MICROBEBIO\u00ae Phenom Corn\u2122 es una f\u00f3rmula \u00fanica y revolucionaria desarrollada espec\u00edficamente para cultivos de ma\u00edz. Contiene nutrientes esenciales, promotores de crecimiento, as\u00ed como microorganismos beneficiosos que ayudan a reducir la compactaci\u00f3n del suelo y mejorar la penetraci\u00f3n de las ra\u00edces. Esta combinaci\u00f3n de ingredientes trabaja en conjunto para proporcionar a tu ma\u00edz el m\u00e1ximo potencial de crecimiento temporada tras temporada. Con el uso regular de MICROBEBIO\u00ae Phenom Corn\u2122, puedes asegurarte de que tus cultivos de ma\u00edz sean m\u00e1s saludables y productivos a\u00f1o tras a\u00f1o.","og_url":"https:\/\/www.microbebio.com\/spanish-microbe-fertilizer\/product\/microbebio-phenom-corn\/","og_site_name":"Microbial fertilizer Organic Fertilizer USA","article_modified_time":"2025-07-29T21:59:22+00:00","og_image":[{"width":1313,"height":1689,"url":"https:\/\/www.microbebio.com\/spanish-microbe-fertilizer\/wp-content\/uploads\/2023\/02\/MICROBEBIO-PHENOM-SPECICLY-FORMULA-CORN-SUGARCANE-COFFEE-Label-8.5x11-02-08-23-01.jpg","type":"image\/jpeg"}],"twitter_card":"summary_large_image","twitter_misc":{"Est. reading time":"1 minute"},"schema":{"@context":"https:\/\/schema.org","@graph":[{"@type":"WebPage","@id":"https:\/\/www.microbebio.com\/spanish-microbe-fertilizer\/product\/microbebio-phenom-corn\/","url":"https:\/\/www.microbebio.com\/spanish-microbe-fertilizer\/product\/microbebio-phenom-corn\/","name":"MICROBEBIO\u00ae Phenom Corn\u2122 - Microbial fertilizer Organic Fertilizer USA","isPartOf":{"@id":"https:\/\/www.microbebio.com\/spanish-microbe-fertilizer\/#website"},"primaryImageOfPage":{"@id":"https:\/\/www.microbebio.com\/spanish-microbe-fertilizer\/product\/microbebio-phenom-corn\/#primaryimage"},"image":{"@id":"https:\/\/www.microbebio.com\/spanish-microbe-fertilizer\/product\/microbebio-phenom-corn\/#primaryimage"},"thumbnailUrl":"https:\/\/www.microbebio.com\/spanish-microbe-fertilizer\/wp-content\/uploads\/2023\/02\/MICROBEBIO-PHENOM-SPECICLY-FORMULA-CORN-SUGARCANE-COFFEE-Label-8.5x11-02-08-23-01.jpg","datePublished":"2023-02-09T22:50:44+00:00","dateModified":"2025-07-29T21:59:22+00:00","breadcrumb":{"@id":"https:\/\/www.microbebio.com\/spanish-microbe-fertilizer\/product\/microbebio-phenom-corn\/#breadcrumb"},"inLanguage":"en-US","potentialAction":[{"@type":"ReadAction","target":["https:\/\/www.microbebio.com\/spanish-microbe-fertilizer\/product\/microbebio-phenom-corn\/"]}]},{"@type":"ImageObject","inLanguage":"en-US","@id":"https:\/\/www.microbebio.com\/spanish-microbe-fertilizer\/product\/microbebio-phenom-corn\/#primaryimage","url":"https:\/\/www.microbebio.com\/spanish-microbe-fertilizer\/wp-content\/uploads\/2023\/02\/MICROBEBIO-PHENOM-SPECICLY-FORMULA-CORN-SUGARCANE-COFFEE-Label-8.5x11-02-08-23-01.jpg","contentUrl":"https:\/\/www.microbebio.com\/spanish-microbe-fertilizer\/wp-content\/uploads\/2023\/02\/MICROBEBIO-PHENOM-SPECICLY-FORMULA-CORN-SUGARCANE-COFFEE-Label-8.5x11-02-08-23-01.jpg","width":1313,"height":1689,"caption":"MICROBEBIO\u00ae Phenom Corn\u2122"},{"@type":"BreadcrumbList","@id":"https:\/\/www.microbebio.com\/spanish-microbe-fertilizer\/product\/microbebio-phenom-corn\/#breadcrumb","itemListElement":[{"@type":"ListItem","position":1,"name":"Home","item":"https:\/\/www.microbebio.com\/spanish-microbe-fertilizer\/"},{"@type":"ListItem","position":2,"name":"Shop","item":"https:\/\/www.microbebio.com\/spanish-microbe-fertilizer\/shop\/"},{"@type":"ListItem","position":3,"name":"MICROBEBIO\u00ae Phenom Corn\u2122"}]},{"@type":"WebSite","@id":"https:\/\/www.microbebio.com\/spanish-microbe-fertilizer\/#website","url":"https:\/\/www.microbebio.com\/spanish-microbe-fertilizer\/","name":"Microbial fertilizer Organic Fertilizer USA","description":"Microbes Fertilizer Nature Phenomenon","potentialAction":[{"@type":"SearchAction","target":{"@type":"EntryPoint","urlTemplate":"https:\/\/www.microbebio.com\/spanish-microbe-fertilizer\/?s={search_term_string}"},"query-input":{"@type":"PropertyValueSpecification","valueRequired":true,"valueName":"search_term_string"}}],"inLanguage":"en-US"}]}},"_links":{"self":[{"href":"https:\/\/www.microbebio.com\/spanish-microbe-fertilizer\/wp-json\/wp\/v2\/product\/15169","targetHints":{"allow":["GET"]}}],"collection":[{"href":"https:\/\/www.microbebio.com\/spanish-microbe-fertilizer\/wp-json\/wp\/v2\/product"}],"about":[{"href":"https:\/\/www.microbebio.com\/spanish-microbe-fertilizer\/wp-json\/wp\/v2\/types\/product"}],"wp:featuredmedia":[{"embeddable":true,"href":"https:\/\/www.microbebio.com\/spanish-microbe-fertilizer\/wp-json\/wp\/v2\/media\/15163"}],"wp:attachment":[{"href":"https:\/\/www.microbebio.com\/spanish-microbe-fertilizer\/wp-json\/wp\/v2\/media?parent=15169"}],"wp:term":[{"taxonomy":"product_brand","embeddable":true,"href":"https:\/\/www.microbebio.com\/spanish-microbe-fertilizer\/wp-json\/wp\/v2\/product_brand?post=15169"},{"taxonomy":"product_cat","embeddable":true,"href":"https:\/\/www.microbebio.com\/spanish-microbe-fertilizer\/wp-json\/wp\/v2\/product_cat?post=15169"},{"taxonomy":"product_tag","embeddable":true,"href":"https:\/\/www.microbebio.com\/spanish-microbe-fertilizer\/wp-json\/wp\/v2\/product_tag?post=15169"}],"curies":[{"name":"wp","href":"https:\/\/api.w.org\/{rel}","templated":true}]}}