{"id":15170,"date":"2023-02-09T15:52:01","date_gmt":"2023-02-09T22:52:01","guid":{"rendered":"https:\/\/www.microbebio.com\/spanish-microbe-fertilizer\/?post_type=product&#038;p=15170"},"modified":"2025-07-29T14:58:49","modified_gmt":"2025-07-29T21:58:49","slug":"microbebio-phenom-sugarcane","status":"publish","type":"product","link":"https:\/\/www.microbebio.com\/spanish-microbe-fertilizer\/product\/microbebio-phenom-sugarcane\/","title":{"rendered":"MICROBEBIO\u00ae Phenom Sugarcane\u2122"},"content":{"rendered":"","protected":false},"excerpt":{"rendered":"<p data-start=\"0\" data-end=\"716\"><span style=\"color: #000000;\"><strong data-start=\"0\" data-end=\"33\">MICROBEBIO\u00ae Phenom Sugarcane\u2122<\/strong> ha sido dise\u00f1ado para satisfacer las necesidades espec\u00edficas de los agricultores de ca\u00f1a de az\u00facar, proporcionando una soluci\u00f3n innovadora para maximizar los rendimientos de los cultivos. Nuestra f\u00f3rmula avanzada ha demostrado aumentar la absorci\u00f3n de nutrientes, mejorar el desarrollo de las ra\u00edces y aumentar la tolerancia al estr\u00e9s de las plantas. Esto da como resultado ca\u00f1as de az\u00facar con mayores rendimientos, mayor resistencia a enfermedades y una temporada de cosecha m\u00e1s saludable en general. Con <strong data-start=\"540\" data-end=\"573\" data-is-only-node=\"\">MICROBEBIO\u00ae Phenom Sugarcane\u2122<\/strong>, puedes estar seguro de que tus cultivos est\u00e1n recibiendo los nutrientes esenciales que necesitan para un crecimiento y productividad \u00f3ptimos.<\/span><\/p>\n<p data-start=\"718\" data-end=\"1399\" data-is-last-node=\"\" data-is-only-node=\"\"><span style=\"color: #000000;\"><strong data-start=\"718\" data-end=\"751\">MICROBEBIO\u00ae Phenom Sugarcane\u2122<\/strong> ha sido dise\u00f1ado para proporcionar a los agricultores de ca\u00f1a de az\u00facar el m\u00e1ximo potencial de rendimiento. Utiliza el poder de los microorganismos beneficiosos y los nutrientes esenciales para reducir la compactaci\u00f3n del suelo, mejorar la penetraci\u00f3n de las ra\u00edces y promover un crecimiento saludable en tu cultivo. Su formulaci\u00f3n \u00fanica contiene una variedad de ingredientes poderosos que trabajan juntos para ofrecer resultados \u00f3ptimos. Con <strong data-start=\"1195\" data-end=\"1228\" data-is-only-node=\"\">MICROBEBIO\u00ae Phenom Sugarcane\u2122<\/strong>, puedes estar tranquilo sabiendo que tus cultivos de ca\u00f1a de az\u00facar est\u00e1n recibiendo la mejor nutrici\u00f3n disponible para un crecimiento y potencial de rendimiento m\u00e1ximos.<\/span><\/p>\n","protected":false},"featured_media":15164,"template":"","meta":{"ngg_post_thumbnail":0},"product_brand":[],"product_cat":[357],"product_tag":[],"class_list":{"0":"post-15170","1":"product","2":"type-product","3":"status-publish","4":"has-post-thumbnail","6":"product_cat-specialty-formula","8":"first","9":"instock","10":"shipping-taxable","11":"product-type-simple"},"yoast_head":"<!-- This site is optimized with the Yoast SEO plugin v27.4 - https:\/\/yoast.com\/product\/yoast-seo-wordpress\/ -->\n<title>MICROBEBIO\u00ae Phenom Sugarcane\u2122 - Microbial fertilizer Organic Fertilizer USA<\/title>\n<meta name=\"robots\" content=\"index, follow, max-snippet:-1, max-image-preview:large, max-video-preview:-1\" \/>\n<link rel=\"canonical\" href=\"https:\/\/www.microbebio.com\/spanish-microbe-fertilizer\/product\/microbebio-phenom-sugarcane\/\" \/>\n<meta property=\"og:locale\" content=\"en_US\" \/>\n<meta property=\"og:type\" content=\"article\" \/>\n<meta property=\"og:title\" content=\"MICROBEBIO\u00ae Phenom Sugarcane\u2122 - Microbial fertilizer Organic Fertilizer USA\" \/>\n<meta property=\"og:description\" content=\"MICROBEBIO\u00ae Phenom Sugarcane\u2122 ha sido dise\u00f1ado para satisfacer las necesidades espec\u00edficas de los agricultores de ca\u00f1a de az\u00facar, proporcionando una soluci\u00f3n innovadora para maximizar los rendimientos de los cultivos. Nuestra f\u00f3rmula avanzada ha demostrado aumentar la absorci\u00f3n de nutrientes, mejorar el desarrollo de las ra\u00edces y aumentar la tolerancia al estr\u00e9s de las plantas. Esto da como resultado ca\u00f1as de az\u00facar con mayores rendimientos, mayor resistencia a enfermedades y una temporada de cosecha m\u00e1s saludable en general. Con MICROBEBIO\u00ae Phenom Sugarcane\u2122, puedes estar seguro de que tus cultivos est\u00e1n recibiendo los nutrientes esenciales que necesitan para un crecimiento y productividad \u00f3ptimos. MICROBEBIO\u00ae Phenom Sugarcane\u2122 ha sido dise\u00f1ado para proporcionar a los agricultores de ca\u00f1a de az\u00facar el m\u00e1ximo potencial de rendimiento. Utiliza el poder de los microorganismos beneficiosos y los nutrientes esenciales para reducir la compactaci\u00f3n del suelo, mejorar la penetraci\u00f3n de las ra\u00edces y promover un crecimiento saludable en tu cultivo. Su formulaci\u00f3n \u00fanica contiene una variedad de ingredientes poderosos que trabajan juntos para ofrecer resultados \u00f3ptimos. Con MICROBEBIO\u00ae Phenom Sugarcane\u2122, puedes estar tranquilo sabiendo que tus cultivos de ca\u00f1a de az\u00facar est\u00e1n recibiendo la mejor nutrici\u00f3n disponible para un crecimiento y potencial de rendimiento m\u00e1ximos.\" \/>\n<meta property=\"og:url\" content=\"https:\/\/www.microbebio.com\/spanish-microbe-fertilizer\/product\/microbebio-phenom-sugarcane\/\" \/>\n<meta property=\"og:site_name\" content=\"Microbial fertilizer Organic Fertilizer USA\" \/>\n<meta property=\"article:modified_time\" content=\"2025-07-29T21:58:49+00:00\" \/>\n<meta property=\"og:image\" content=\"https:\/\/www.microbebio.com\/spanish-microbe-fertilizer\/wp-content\/uploads\/2023\/02\/MICROBEBIO-PHENOM-SPECICLY-FORMULA-CORN-SUGARCANE-COFFEE-Label-8.5x11-02-08-23-02.jpg\" \/>\n\t<meta property=\"og:image:width\" content=\"1313\" \/>\n\t<meta property=\"og:image:height\" content=\"1689\" \/>\n\t<meta property=\"og:image:type\" content=\"image\/jpeg\" \/>\n<meta name=\"twitter:card\" content=\"summary_large_image\" \/>\n<meta name=\"twitter:label1\" content=\"Est. reading time\" \/>\n\t<meta name=\"twitter:data1\" content=\"1 minute\" \/>\n<script type=\"application\/ld+json\" class=\"yoast-schema-graph\">{\"@context\":\"https:\\\/\\\/schema.org\",\"@graph\":[{\"@type\":\"WebPage\",\"@id\":\"https:\\\/\\\/www.microbebio.com\\\/spanish-microbe-fertilizer\\\/product\\\/microbebio-phenom-sugarcane\\\/\",\"url\":\"https:\\\/\\\/www.microbebio.com\\\/spanish-microbe-fertilizer\\\/product\\\/microbebio-phenom-sugarcane\\\/\",\"name\":\"MICROBEBIO\u00ae Phenom Sugarcane\u2122 - Microbial fertilizer Organic Fertilizer USA\",\"isPartOf\":{\"@id\":\"https:\\\/\\\/www.microbebio.com\\\/spanish-microbe-fertilizer\\\/#website\"},\"primaryImageOfPage\":{\"@id\":\"https:\\\/\\\/www.microbebio.com\\\/spanish-microbe-fertilizer\\\/product\\\/microbebio-phenom-sugarcane\\\/#primaryimage\"},\"image\":{\"@id\":\"https:\\\/\\\/www.microbebio.com\\\/spanish-microbe-fertilizer\\\/product\\\/microbebio-phenom-sugarcane\\\/#primaryimage\"},\"thumbnailUrl\":\"https:\\\/\\\/www.microbebio.com\\\/spanish-microbe-fertilizer\\\/wp-content\\\/uploads\\\/2023\\\/02\\\/MICROBEBIO-PHENOM-SPECICLY-FORMULA-CORN-SUGARCANE-COFFEE-Label-8.5x11-02-08-23-02.jpg\",\"datePublished\":\"2023-02-09T22:52:01+00:00\",\"dateModified\":\"2025-07-29T21:58:49+00:00\",\"breadcrumb\":{\"@id\":\"https:\\\/\\\/www.microbebio.com\\\/spanish-microbe-fertilizer\\\/product\\\/microbebio-phenom-sugarcane\\\/#breadcrumb\"},\"inLanguage\":\"en-US\",\"potentialAction\":[{\"@type\":\"ReadAction\",\"target\":[\"https:\\\/\\\/www.microbebio.com\\\/spanish-microbe-fertilizer\\\/product\\\/microbebio-phenom-sugarcane\\\/\"]}]},{\"@type\":\"ImageObject\",\"inLanguage\":\"en-US\",\"@id\":\"https:\\\/\\\/www.microbebio.com\\\/spanish-microbe-fertilizer\\\/product\\\/microbebio-phenom-sugarcane\\\/#primaryimage\",\"url\":\"https:\\\/\\\/www.microbebio.com\\\/spanish-microbe-fertilizer\\\/wp-content\\\/uploads\\\/2023\\\/02\\\/MICROBEBIO-PHENOM-SPECICLY-FORMULA-CORN-SUGARCANE-COFFEE-Label-8.5x11-02-08-23-02.jpg\",\"contentUrl\":\"https:\\\/\\\/www.microbebio.com\\\/spanish-microbe-fertilizer\\\/wp-content\\\/uploads\\\/2023\\\/02\\\/MICROBEBIO-PHENOM-SPECICLY-FORMULA-CORN-SUGARCANE-COFFEE-Label-8.5x11-02-08-23-02.jpg\",\"width\":1313,\"height\":1689},{\"@type\":\"BreadcrumbList\",\"@id\":\"https:\\\/\\\/www.microbebio.com\\\/spanish-microbe-fertilizer\\\/product\\\/microbebio-phenom-sugarcane\\\/#breadcrumb\",\"itemListElement\":[{\"@type\":\"ListItem\",\"position\":1,\"name\":\"Home\",\"item\":\"https:\\\/\\\/www.microbebio.com\\\/spanish-microbe-fertilizer\\\/\"},{\"@type\":\"ListItem\",\"position\":2,\"name\":\"Shop\",\"item\":\"https:\\\/\\\/www.microbebio.com\\\/spanish-microbe-fertilizer\\\/shop\\\/\"},{\"@type\":\"ListItem\",\"position\":3,\"name\":\"MICROBEBIO\u00ae Phenom Sugarcane\u2122\"}]},{\"@type\":\"WebSite\",\"@id\":\"https:\\\/\\\/www.microbebio.com\\\/spanish-microbe-fertilizer\\\/#website\",\"url\":\"https:\\\/\\\/www.microbebio.com\\\/spanish-microbe-fertilizer\\\/\",\"name\":\"Microbial fertilizer Organic Fertilizer USA\",\"description\":\"Microbes Fertilizer Nature Phenomenon\",\"potentialAction\":[{\"@type\":\"SearchAction\",\"target\":{\"@type\":\"EntryPoint\",\"urlTemplate\":\"https:\\\/\\\/www.microbebio.com\\\/spanish-microbe-fertilizer\\\/?s={search_term_string}\"},\"query-input\":{\"@type\":\"PropertyValueSpecification\",\"valueRequired\":true,\"valueName\":\"search_term_string\"}}],\"inLanguage\":\"en-US\"}]}<\/script>\n<!-- \/ Yoast SEO plugin. -->","yoast_head_json":{"title":"MICROBEBIO\u00ae Phenom Sugarcane\u2122 - Microbial fertilizer Organic Fertilizer USA","robots":{"index":"index","follow":"follow","max-snippet":"max-snippet:-1","max-image-preview":"max-image-preview:large","max-video-preview":"max-video-preview:-1"},"canonical":"https:\/\/www.microbebio.com\/spanish-microbe-fertilizer\/product\/microbebio-phenom-sugarcane\/","og_locale":"en_US","og_type":"article","og_title":"MICROBEBIO\u00ae Phenom Sugarcane\u2122 - Microbial fertilizer Organic Fertilizer USA","og_description":"MICROBEBIO\u00ae Phenom Sugarcane\u2122 ha sido dise\u00f1ado para satisfacer las necesidades espec\u00edficas de los agricultores de ca\u00f1a de az\u00facar, proporcionando una soluci\u00f3n innovadora para maximizar los rendimientos de los cultivos. Nuestra f\u00f3rmula avanzada ha demostrado aumentar la absorci\u00f3n de nutrientes, mejorar el desarrollo de las ra\u00edces y aumentar la tolerancia al estr\u00e9s de las plantas. Esto da como resultado ca\u00f1as de az\u00facar con mayores rendimientos, mayor resistencia a enfermedades y una temporada de cosecha m\u00e1s saludable en general. Con MICROBEBIO\u00ae Phenom Sugarcane\u2122, puedes estar seguro de que tus cultivos est\u00e1n recibiendo los nutrientes esenciales que necesitan para un crecimiento y productividad \u00f3ptimos. MICROBEBIO\u00ae Phenom Sugarcane\u2122 ha sido dise\u00f1ado para proporcionar a los agricultores de ca\u00f1a de az\u00facar el m\u00e1ximo potencial de rendimiento. Utiliza el poder de los microorganismos beneficiosos y los nutrientes esenciales para reducir la compactaci\u00f3n del suelo, mejorar la penetraci\u00f3n de las ra\u00edces y promover un crecimiento saludable en tu cultivo. Su formulaci\u00f3n \u00fanica contiene una variedad de ingredientes poderosos que trabajan juntos para ofrecer resultados \u00f3ptimos. Con MICROBEBIO\u00ae Phenom Sugarcane\u2122, puedes estar tranquilo sabiendo que tus cultivos de ca\u00f1a de az\u00facar est\u00e1n recibiendo la mejor nutrici\u00f3n disponible para un crecimiento y potencial de rendimiento m\u00e1ximos.","og_url":"https:\/\/www.microbebio.com\/spanish-microbe-fertilizer\/product\/microbebio-phenom-sugarcane\/","og_site_name":"Microbial fertilizer Organic Fertilizer USA","article_modified_time":"2025-07-29T21:58:49+00:00","og_image":[{"width":1313,"height":1689,"url":"https:\/\/www.microbebio.com\/spanish-microbe-fertilizer\/wp-content\/uploads\/2023\/02\/MICROBEBIO-PHENOM-SPECICLY-FORMULA-CORN-SUGARCANE-COFFEE-Label-8.5x11-02-08-23-02.jpg","type":"image\/jpeg"}],"twitter_card":"summary_large_image","twitter_misc":{"Est. reading time":"1 minute"},"schema":{"@context":"https:\/\/schema.org","@graph":[{"@type":"WebPage","@id":"https:\/\/www.microbebio.com\/spanish-microbe-fertilizer\/product\/microbebio-phenom-sugarcane\/","url":"https:\/\/www.microbebio.com\/spanish-microbe-fertilizer\/product\/microbebio-phenom-sugarcane\/","name":"MICROBEBIO\u00ae Phenom Sugarcane\u2122 - Microbial fertilizer Organic Fertilizer USA","isPartOf":{"@id":"https:\/\/www.microbebio.com\/spanish-microbe-fertilizer\/#website"},"primaryImageOfPage":{"@id":"https:\/\/www.microbebio.com\/spanish-microbe-fertilizer\/product\/microbebio-phenom-sugarcane\/#primaryimage"},"image":{"@id":"https:\/\/www.microbebio.com\/spanish-microbe-fertilizer\/product\/microbebio-phenom-sugarcane\/#primaryimage"},"thumbnailUrl":"https:\/\/www.microbebio.com\/spanish-microbe-fertilizer\/wp-content\/uploads\/2023\/02\/MICROBEBIO-PHENOM-SPECICLY-FORMULA-CORN-SUGARCANE-COFFEE-Label-8.5x11-02-08-23-02.jpg","datePublished":"2023-02-09T22:52:01+00:00","dateModified":"2025-07-29T21:58:49+00:00","breadcrumb":{"@id":"https:\/\/www.microbebio.com\/spanish-microbe-fertilizer\/product\/microbebio-phenom-sugarcane\/#breadcrumb"},"inLanguage":"en-US","potentialAction":[{"@type":"ReadAction","target":["https:\/\/www.microbebio.com\/spanish-microbe-fertilizer\/product\/microbebio-phenom-sugarcane\/"]}]},{"@type":"ImageObject","inLanguage":"en-US","@id":"https:\/\/www.microbebio.com\/spanish-microbe-fertilizer\/product\/microbebio-phenom-sugarcane\/#primaryimage","url":"https:\/\/www.microbebio.com\/spanish-microbe-fertilizer\/wp-content\/uploads\/2023\/02\/MICROBEBIO-PHENOM-SPECICLY-FORMULA-CORN-SUGARCANE-COFFEE-Label-8.5x11-02-08-23-02.jpg","contentUrl":"https:\/\/www.microbebio.com\/spanish-microbe-fertilizer\/wp-content\/uploads\/2023\/02\/MICROBEBIO-PHENOM-SPECICLY-FORMULA-CORN-SUGARCANE-COFFEE-Label-8.5x11-02-08-23-02.jpg","width":1313,"height":1689},{"@type":"BreadcrumbList","@id":"https:\/\/www.microbebio.com\/spanish-microbe-fertilizer\/product\/microbebio-phenom-sugarcane\/#breadcrumb","itemListElement":[{"@type":"ListItem","position":1,"name":"Home","item":"https:\/\/www.microbebio.com\/spanish-microbe-fertilizer\/"},{"@type":"ListItem","position":2,"name":"Shop","item":"https:\/\/www.microbebio.com\/spanish-microbe-fertilizer\/shop\/"},{"@type":"ListItem","position":3,"name":"MICROBEBIO\u00ae Phenom Sugarcane\u2122"}]},{"@type":"WebSite","@id":"https:\/\/www.microbebio.com\/spanish-microbe-fertilizer\/#website","url":"https:\/\/www.microbebio.com\/spanish-microbe-fertilizer\/","name":"Microbial fertilizer Organic Fertilizer USA","description":"Microbes Fertilizer Nature Phenomenon","potentialAction":[{"@type":"SearchAction","target":{"@type":"EntryPoint","urlTemplate":"https:\/\/www.microbebio.com\/spanish-microbe-fertilizer\/?s={search_term_string}"},"query-input":{"@type":"PropertyValueSpecification","valueRequired":true,"valueName":"search_term_string"}}],"inLanguage":"en-US"}]}},"_links":{"self":[{"href":"https:\/\/www.microbebio.com\/spanish-microbe-fertilizer\/wp-json\/wp\/v2\/product\/15170","targetHints":{"allow":["GET"]}}],"collection":[{"href":"https:\/\/www.microbebio.com\/spanish-microbe-fertilizer\/wp-json\/wp\/v2\/product"}],"about":[{"href":"https:\/\/www.microbebio.com\/spanish-microbe-fertilizer\/wp-json\/wp\/v2\/types\/product"}],"wp:featuredmedia":[{"embeddable":true,"href":"https:\/\/www.microbebio.com\/spanish-microbe-fertilizer\/wp-json\/wp\/v2\/media\/15164"}],"wp:attachment":[{"href":"https:\/\/www.microbebio.com\/spanish-microbe-fertilizer\/wp-json\/wp\/v2\/media?parent=15170"}],"wp:term":[{"taxonomy":"product_brand","embeddable":true,"href":"https:\/\/www.microbebio.com\/spanish-microbe-fertilizer\/wp-json\/wp\/v2\/product_brand?post=15170"},{"taxonomy":"product_cat","embeddable":true,"href":"https:\/\/www.microbebio.com\/spanish-microbe-fertilizer\/wp-json\/wp\/v2\/product_cat?post=15170"},{"taxonomy":"product_tag","embeddable":true,"href":"https:\/\/www.microbebio.com\/spanish-microbe-fertilizer\/wp-json\/wp\/v2\/product_tag?post=15170"}],"curies":[{"name":"wp","href":"https:\/\/api.w.org\/{rel}","templated":true}]}}