{"id":15171,"date":"2023-02-09T15:54:19","date_gmt":"2023-02-09T22:54:19","guid":{"rendered":"https:\/\/www.microbebio.com\/spanish-microbe-fertilizer\/?post_type=product&#038;p=15171"},"modified":"2025-07-29T14:58:21","modified_gmt":"2025-07-29T21:58:21","slug":"microbebio-phenom-coffee","status":"publish","type":"product","link":"https:\/\/www.microbebio.com\/spanish-microbe-fertilizer\/product\/microbebio-phenom-coffee\/","title":{"rendered":"MICROBEBIO\u00ae Phenom Coffee\u2122"},"content":{"rendered":"","protected":false},"excerpt":{"rendered":"<p data-start=\"0\" data-end=\"580\"><span style=\"color: #000000;\"><strong data-start=\"0\" data-end=\"30\">MICROBEBIO\u00ae Phenom Coffee\u2122<\/strong> es la opci\u00f3n ideal para los agricultores que buscan maximizar los rendimientos de sus cultivos de caf\u00e9. Su f\u00f3rmula \u00fanica fomenta una absorci\u00f3n eficiente de nutrientes, ayudando a las plantas a absorber m\u00e1s luz solar y agua para producir m\u00e1s granos de caf\u00e9. Adem\u00e1s, tambi\u00e9n puede proporcionar otros beneficios como un mejor desarrollo de las ra\u00edces, mayor tolerancia al estr\u00e9s y una resistencia mejorada a las enfermedades. Con estas ventajas en mente, <strong data-start=\"483\" data-end=\"513\" data-is-only-node=\"\">MICROBEBIO\u00ae Phenom Coffee\u2122<\/strong> es perfecto para sacar el m\u00e1ximo provecho de tus cultivos de caf\u00e9.<\/span><\/p>\n<p data-start=\"582\" data-end=\"1120\" data-is-last-node=\"\" data-is-only-node=\"\"><span style=\"color: #000000;\">Cuando se trata de alcanzar el m\u00e1ximo potencial de rendimiento de tus cultivos de CAF\u00c9, <strong data-start=\"670\" data-end=\"700\">MICROBEBIO\u00ae Phenom Coffee\u2122<\/strong> es la soluci\u00f3n ideal. Esta f\u00f3rmula \u00fanica y revolucionaria fue desarrollada espec\u00edficamente para los cultivos de CAF\u00c9 e incluye nutrientes esenciales, promotores de crecimiento y microorganismos beneficiosos que ayudan a reducir la compactaci\u00f3n del suelo y mejorar la penetraci\u00f3n de las ra\u00edces. Al usar este producto, puedes estar seguro de que tu CAF\u00c9 tendr\u00e1 el m\u00e1ximo potencial de crecimiento temporada tras temporada.<\/span><\/p>\n","protected":false},"featured_media":15165,"template":"","meta":{"ngg_post_thumbnail":0},"product_brand":[],"product_cat":[357],"product_tag":[],"class_list":{"0":"post-15171","1":"product","2":"type-product","3":"status-publish","4":"has-post-thumbnail","6":"product_cat-specialty-formula","8":"first","9":"instock","10":"shipping-taxable","11":"product-type-simple"},"yoast_head":"<!-- This site is optimized with the Yoast SEO plugin v27.4 - https:\/\/yoast.com\/product\/yoast-seo-wordpress\/ -->\n<title>MICROBEBIO\u00ae Phenom Coffee\u2122 - Microbial fertilizer Organic Fertilizer USA<\/title>\n<meta name=\"robots\" content=\"index, follow, max-snippet:-1, max-image-preview:large, max-video-preview:-1\" \/>\n<link rel=\"canonical\" href=\"https:\/\/www.microbebio.com\/spanish-microbe-fertilizer\/product\/microbebio-phenom-coffee\/\" \/>\n<meta property=\"og:locale\" content=\"en_US\" \/>\n<meta property=\"og:type\" content=\"article\" \/>\n<meta property=\"og:title\" content=\"MICROBEBIO\u00ae Phenom Coffee\u2122 - Microbial fertilizer Organic Fertilizer USA\" \/>\n<meta property=\"og:description\" content=\"MICROBEBIO\u00ae Phenom Coffee\u2122 es la opci\u00f3n ideal para los agricultores que buscan maximizar los rendimientos de sus cultivos de caf\u00e9. Su f\u00f3rmula \u00fanica fomenta una absorci\u00f3n eficiente de nutrientes, ayudando a las plantas a absorber m\u00e1s luz solar y agua para producir m\u00e1s granos de caf\u00e9. Adem\u00e1s, tambi\u00e9n puede proporcionar otros beneficios como un mejor desarrollo de las ra\u00edces, mayor tolerancia al estr\u00e9s y una resistencia mejorada a las enfermedades. Con estas ventajas en mente, MICROBEBIO\u00ae Phenom Coffee\u2122 es perfecto para sacar el m\u00e1ximo provecho de tus cultivos de caf\u00e9. Cuando se trata de alcanzar el m\u00e1ximo potencial de rendimiento de tus cultivos de CAF\u00c9, MICROBEBIO\u00ae Phenom Coffee\u2122 es la soluci\u00f3n ideal. Esta f\u00f3rmula \u00fanica y revolucionaria fue desarrollada espec\u00edficamente para los cultivos de CAF\u00c9 e incluye nutrientes esenciales, promotores de crecimiento y microorganismos beneficiosos que ayudan a reducir la compactaci\u00f3n del suelo y mejorar la penetraci\u00f3n de las ra\u00edces. Al usar este producto, puedes estar seguro de que tu CAF\u00c9 tendr\u00e1 el m\u00e1ximo potencial de crecimiento temporada tras temporada.\" \/>\n<meta property=\"og:url\" content=\"https:\/\/www.microbebio.com\/spanish-microbe-fertilizer\/product\/microbebio-phenom-coffee\/\" \/>\n<meta property=\"og:site_name\" content=\"Microbial fertilizer Organic Fertilizer USA\" \/>\n<meta property=\"article:modified_time\" content=\"2025-07-29T21:58:21+00:00\" \/>\n<meta property=\"og:image\" content=\"https:\/\/www.microbebio.com\/spanish-microbe-fertilizer\/wp-content\/uploads\/2023\/02\/MICROBEBIO-PHENOM-SPECICLY-FORMULA-CORN-SUGARCANE-COFFEE-Label-8.5x11-02-08-23-03.jpg\" \/>\n\t<meta property=\"og:image:width\" content=\"1314\" \/>\n\t<meta property=\"og:image:height\" content=\"1689\" \/>\n\t<meta property=\"og:image:type\" content=\"image\/jpeg\" \/>\n<meta name=\"twitter:card\" content=\"summary_large_image\" \/>\n<meta name=\"twitter:label1\" content=\"Est. reading time\" \/>\n\t<meta name=\"twitter:data1\" content=\"1 minute\" \/>\n<script type=\"application\/ld+json\" class=\"yoast-schema-graph\">{\"@context\":\"https:\\\/\\\/schema.org\",\"@graph\":[{\"@type\":\"WebPage\",\"@id\":\"https:\\\/\\\/www.microbebio.com\\\/spanish-microbe-fertilizer\\\/product\\\/microbebio-phenom-coffee\\\/\",\"url\":\"https:\\\/\\\/www.microbebio.com\\\/spanish-microbe-fertilizer\\\/product\\\/microbebio-phenom-coffee\\\/\",\"name\":\"MICROBEBIO\u00ae Phenom Coffee\u2122 - Microbial fertilizer Organic Fertilizer USA\",\"isPartOf\":{\"@id\":\"https:\\\/\\\/www.microbebio.com\\\/spanish-microbe-fertilizer\\\/#website\"},\"primaryImageOfPage\":{\"@id\":\"https:\\\/\\\/www.microbebio.com\\\/spanish-microbe-fertilizer\\\/product\\\/microbebio-phenom-coffee\\\/#primaryimage\"},\"image\":{\"@id\":\"https:\\\/\\\/www.microbebio.com\\\/spanish-microbe-fertilizer\\\/product\\\/microbebio-phenom-coffee\\\/#primaryimage\"},\"thumbnailUrl\":\"https:\\\/\\\/www.microbebio.com\\\/spanish-microbe-fertilizer\\\/wp-content\\\/uploads\\\/2023\\\/02\\\/MICROBEBIO-PHENOM-SPECICLY-FORMULA-CORN-SUGARCANE-COFFEE-Label-8.5x11-02-08-23-03.jpg\",\"datePublished\":\"2023-02-09T22:54:19+00:00\",\"dateModified\":\"2025-07-29T21:58:21+00:00\",\"breadcrumb\":{\"@id\":\"https:\\\/\\\/www.microbebio.com\\\/spanish-microbe-fertilizer\\\/product\\\/microbebio-phenom-coffee\\\/#breadcrumb\"},\"inLanguage\":\"en-US\",\"potentialAction\":[{\"@type\":\"ReadAction\",\"target\":[\"https:\\\/\\\/www.microbebio.com\\\/spanish-microbe-fertilizer\\\/product\\\/microbebio-phenom-coffee\\\/\"]}]},{\"@type\":\"ImageObject\",\"inLanguage\":\"en-US\",\"@id\":\"https:\\\/\\\/www.microbebio.com\\\/spanish-microbe-fertilizer\\\/product\\\/microbebio-phenom-coffee\\\/#primaryimage\",\"url\":\"https:\\\/\\\/www.microbebio.com\\\/spanish-microbe-fertilizer\\\/wp-content\\\/uploads\\\/2023\\\/02\\\/MICROBEBIO-PHENOM-SPECICLY-FORMULA-CORN-SUGARCANE-COFFEE-Label-8.5x11-02-08-23-03.jpg\",\"contentUrl\":\"https:\\\/\\\/www.microbebio.com\\\/spanish-microbe-fertilizer\\\/wp-content\\\/uploads\\\/2023\\\/02\\\/MICROBEBIO-PHENOM-SPECICLY-FORMULA-CORN-SUGARCANE-COFFEE-Label-8.5x11-02-08-23-03.jpg\",\"width\":1314,\"height\":1689,\"caption\":\"MICROBEBIO\u00ae Phenom Coffee\u2122\"},{\"@type\":\"BreadcrumbList\",\"@id\":\"https:\\\/\\\/www.microbebio.com\\\/spanish-microbe-fertilizer\\\/product\\\/microbebio-phenom-coffee\\\/#breadcrumb\",\"itemListElement\":[{\"@type\":\"ListItem\",\"position\":1,\"name\":\"Home\",\"item\":\"https:\\\/\\\/www.microbebio.com\\\/spanish-microbe-fertilizer\\\/\"},{\"@type\":\"ListItem\",\"position\":2,\"name\":\"Shop\",\"item\":\"https:\\\/\\\/www.microbebio.com\\\/spanish-microbe-fertilizer\\\/shop\\\/\"},{\"@type\":\"ListItem\",\"position\":3,\"name\":\"MICROBEBIO\u00ae Phenom Coffee\u2122\"}]},{\"@type\":\"WebSite\",\"@id\":\"https:\\\/\\\/www.microbebio.com\\\/spanish-microbe-fertilizer\\\/#website\",\"url\":\"https:\\\/\\\/www.microbebio.com\\\/spanish-microbe-fertilizer\\\/\",\"name\":\"Microbial fertilizer Organic Fertilizer USA\",\"description\":\"Microbes Fertilizer Nature Phenomenon\",\"potentialAction\":[{\"@type\":\"SearchAction\",\"target\":{\"@type\":\"EntryPoint\",\"urlTemplate\":\"https:\\\/\\\/www.microbebio.com\\\/spanish-microbe-fertilizer\\\/?s={search_term_string}\"},\"query-input\":{\"@type\":\"PropertyValueSpecification\",\"valueRequired\":true,\"valueName\":\"search_term_string\"}}],\"inLanguage\":\"en-US\"}]}<\/script>\n<!-- \/ Yoast SEO plugin. -->","yoast_head_json":{"title":"MICROBEBIO\u00ae Phenom Coffee\u2122 - Microbial fertilizer Organic Fertilizer USA","robots":{"index":"index","follow":"follow","max-snippet":"max-snippet:-1","max-image-preview":"max-image-preview:large","max-video-preview":"max-video-preview:-1"},"canonical":"https:\/\/www.microbebio.com\/spanish-microbe-fertilizer\/product\/microbebio-phenom-coffee\/","og_locale":"en_US","og_type":"article","og_title":"MICROBEBIO\u00ae Phenom Coffee\u2122 - Microbial fertilizer Organic Fertilizer USA","og_description":"MICROBEBIO\u00ae Phenom Coffee\u2122 es la opci\u00f3n ideal para los agricultores que buscan maximizar los rendimientos de sus cultivos de caf\u00e9. Su f\u00f3rmula \u00fanica fomenta una absorci\u00f3n eficiente de nutrientes, ayudando a las plantas a absorber m\u00e1s luz solar y agua para producir m\u00e1s granos de caf\u00e9. Adem\u00e1s, tambi\u00e9n puede proporcionar otros beneficios como un mejor desarrollo de las ra\u00edces, mayor tolerancia al estr\u00e9s y una resistencia mejorada a las enfermedades. Con estas ventajas en mente, MICROBEBIO\u00ae Phenom Coffee\u2122 es perfecto para sacar el m\u00e1ximo provecho de tus cultivos de caf\u00e9. Cuando se trata de alcanzar el m\u00e1ximo potencial de rendimiento de tus cultivos de CAF\u00c9, MICROBEBIO\u00ae Phenom Coffee\u2122 es la soluci\u00f3n ideal. Esta f\u00f3rmula \u00fanica y revolucionaria fue desarrollada espec\u00edficamente para los cultivos de CAF\u00c9 e incluye nutrientes esenciales, promotores de crecimiento y microorganismos beneficiosos que ayudan a reducir la compactaci\u00f3n del suelo y mejorar la penetraci\u00f3n de las ra\u00edces. Al usar este producto, puedes estar seguro de que tu CAF\u00c9 tendr\u00e1 el m\u00e1ximo potencial de crecimiento temporada tras temporada.","og_url":"https:\/\/www.microbebio.com\/spanish-microbe-fertilizer\/product\/microbebio-phenom-coffee\/","og_site_name":"Microbial fertilizer Organic Fertilizer USA","article_modified_time":"2025-07-29T21:58:21+00:00","og_image":[{"width":1314,"height":1689,"url":"https:\/\/www.microbebio.com\/spanish-microbe-fertilizer\/wp-content\/uploads\/2023\/02\/MICROBEBIO-PHENOM-SPECICLY-FORMULA-CORN-SUGARCANE-COFFEE-Label-8.5x11-02-08-23-03.jpg","type":"image\/jpeg"}],"twitter_card":"summary_large_image","twitter_misc":{"Est. reading time":"1 minute"},"schema":{"@context":"https:\/\/schema.org","@graph":[{"@type":"WebPage","@id":"https:\/\/www.microbebio.com\/spanish-microbe-fertilizer\/product\/microbebio-phenom-coffee\/","url":"https:\/\/www.microbebio.com\/spanish-microbe-fertilizer\/product\/microbebio-phenom-coffee\/","name":"MICROBEBIO\u00ae Phenom Coffee\u2122 - Microbial fertilizer Organic Fertilizer USA","isPartOf":{"@id":"https:\/\/www.microbebio.com\/spanish-microbe-fertilizer\/#website"},"primaryImageOfPage":{"@id":"https:\/\/www.microbebio.com\/spanish-microbe-fertilizer\/product\/microbebio-phenom-coffee\/#primaryimage"},"image":{"@id":"https:\/\/www.microbebio.com\/spanish-microbe-fertilizer\/product\/microbebio-phenom-coffee\/#primaryimage"},"thumbnailUrl":"https:\/\/www.microbebio.com\/spanish-microbe-fertilizer\/wp-content\/uploads\/2023\/02\/MICROBEBIO-PHENOM-SPECICLY-FORMULA-CORN-SUGARCANE-COFFEE-Label-8.5x11-02-08-23-03.jpg","datePublished":"2023-02-09T22:54:19+00:00","dateModified":"2025-07-29T21:58:21+00:00","breadcrumb":{"@id":"https:\/\/www.microbebio.com\/spanish-microbe-fertilizer\/product\/microbebio-phenom-coffee\/#breadcrumb"},"inLanguage":"en-US","potentialAction":[{"@type":"ReadAction","target":["https:\/\/www.microbebio.com\/spanish-microbe-fertilizer\/product\/microbebio-phenom-coffee\/"]}]},{"@type":"ImageObject","inLanguage":"en-US","@id":"https:\/\/www.microbebio.com\/spanish-microbe-fertilizer\/product\/microbebio-phenom-coffee\/#primaryimage","url":"https:\/\/www.microbebio.com\/spanish-microbe-fertilizer\/wp-content\/uploads\/2023\/02\/MICROBEBIO-PHENOM-SPECICLY-FORMULA-CORN-SUGARCANE-COFFEE-Label-8.5x11-02-08-23-03.jpg","contentUrl":"https:\/\/www.microbebio.com\/spanish-microbe-fertilizer\/wp-content\/uploads\/2023\/02\/MICROBEBIO-PHENOM-SPECICLY-FORMULA-CORN-SUGARCANE-COFFEE-Label-8.5x11-02-08-23-03.jpg","width":1314,"height":1689,"caption":"MICROBEBIO\u00ae Phenom Coffee\u2122"},{"@type":"BreadcrumbList","@id":"https:\/\/www.microbebio.com\/spanish-microbe-fertilizer\/product\/microbebio-phenom-coffee\/#breadcrumb","itemListElement":[{"@type":"ListItem","position":1,"name":"Home","item":"https:\/\/www.microbebio.com\/spanish-microbe-fertilizer\/"},{"@type":"ListItem","position":2,"name":"Shop","item":"https:\/\/www.microbebio.com\/spanish-microbe-fertilizer\/shop\/"},{"@type":"ListItem","position":3,"name":"MICROBEBIO\u00ae Phenom Coffee\u2122"}]},{"@type":"WebSite","@id":"https:\/\/www.microbebio.com\/spanish-microbe-fertilizer\/#website","url":"https:\/\/www.microbebio.com\/spanish-microbe-fertilizer\/","name":"Microbial fertilizer Organic Fertilizer USA","description":"Microbes Fertilizer Nature Phenomenon","potentialAction":[{"@type":"SearchAction","target":{"@type":"EntryPoint","urlTemplate":"https:\/\/www.microbebio.com\/spanish-microbe-fertilizer\/?s={search_term_string}"},"query-input":{"@type":"PropertyValueSpecification","valueRequired":true,"valueName":"search_term_string"}}],"inLanguage":"en-US"}]}},"_links":{"self":[{"href":"https:\/\/www.microbebio.com\/spanish-microbe-fertilizer\/wp-json\/wp\/v2\/product\/15171","targetHints":{"allow":["GET"]}}],"collection":[{"href":"https:\/\/www.microbebio.com\/spanish-microbe-fertilizer\/wp-json\/wp\/v2\/product"}],"about":[{"href":"https:\/\/www.microbebio.com\/spanish-microbe-fertilizer\/wp-json\/wp\/v2\/types\/product"}],"wp:featuredmedia":[{"embeddable":true,"href":"https:\/\/www.microbebio.com\/spanish-microbe-fertilizer\/wp-json\/wp\/v2\/media\/15165"}],"wp:attachment":[{"href":"https:\/\/www.microbebio.com\/spanish-microbe-fertilizer\/wp-json\/wp\/v2\/media?parent=15171"}],"wp:term":[{"taxonomy":"product_brand","embeddable":true,"href":"https:\/\/www.microbebio.com\/spanish-microbe-fertilizer\/wp-json\/wp\/v2\/product_brand?post=15171"},{"taxonomy":"product_cat","embeddable":true,"href":"https:\/\/www.microbebio.com\/spanish-microbe-fertilizer\/wp-json\/wp\/v2\/product_cat?post=15171"},{"taxonomy":"product_tag","embeddable":true,"href":"https:\/\/www.microbebio.com\/spanish-microbe-fertilizer\/wp-json\/wp\/v2\/product_tag?post=15171"}],"curies":[{"name":"wp","href":"https:\/\/api.w.org\/{rel}","templated":true}]}}