{"id":15201,"date":"2023-02-10T18:58:53","date_gmt":"2023-02-11T01:58:53","guid":{"rendered":"https:\/\/www.microbebio.com\/spanish-microbe-fertilizer\/?post_type=product&#038;p=15201"},"modified":"2025-07-29T13:53:40","modified_gmt":"2025-07-29T20:53:40","slug":"microbebio-nature-vigor-3","status":"publish","type":"product","link":"https:\/\/www.microbebio.com\/spanish-microbe-fertilizer\/product\/microbebio-nature-vigor-3\/","title":{"rendered":"MicrobeBio\u00ae Nature Vigor\u2122"},"content":{"rendered":"","protected":false},"excerpt":{"rendered":"<p data-start=\"51\" data-end=\"675\"><span style=\"color: #000000;\"><strong data-start=\"51\" data-end=\"80\">MicrobeBio\u00ae Nature Vigor\u2122<\/strong> es un enmienda revolucionaria para el suelo, 100% natural, dise\u00f1ada para mejorar la calidad de tu tierra. Este producto contiene numerosos compuestos beneficiosos, incluyendo microorganismos, bacterias y mol\u00e9culas de carbono activo. Fue creado espec\u00edficamente para usos agr\u00edcolas, hort\u00edcolas y comerciales; sin embargo, tambi\u00e9n puede ser utilizado para el cuidado de jardines dom\u00e9sticos. La mezcla \u00fanica de estos materiales org\u00e1nicos ayuda a descomponer la materia org\u00e1nica en el suelo mientras libera nutrientes de carbono atrapados para que est\u00e9n disponibles para la absorci\u00f3n de las plantas.<\/span><\/p>\n<p data-start=\"677\" data-end=\"1343\"><span style=\"color: #000000;\"><strong>MicrobeBio\u00ae Nature Vigor\u2122<\/strong> no solo proporciona una abundancia de minerales esenciales, sino que tambi\u00e9n estimula la microbiolog\u00eda existente en el suelo al introducir muchas especies de bacterias beneficiosas, lo que energiza a\u00fan m\u00e1s el crecimiento vegetal con el uso continuo. Como resultado, este bioestimulante o probi\u00f3tico incrementa significativamente los rendimientos de los cultivos sin los impactos ambientales negativos asociados con los fertilizantes qu\u00edmicos u otros productos sint\u00e9ticos disponibles en el mercado hoy en d\u00eda. Con <strong>MicrobeBio\u00ae Nature Vigor\u2122<\/strong> obtienes resultados m\u00e1ximos con un esfuerzo m\u00ednimo, asegurando cultivos saludables en cada temporada.<\/span><\/p>\n<p data-start=\"1350\" data-end=\"1365\">&nbsp;<\/p>\n<p data-start=\"1350\" data-end=\"1365\"><span style=\"color: #000000;\"><strong data-start=\"1350\" data-end=\"1365\">Beneficios:<\/strong><\/span><\/p>\n<ul data-start=\"1367\" data-end=\"1581\">\n<li data-start=\"1367\" data-end=\"1394\">\n<p data-start=\"1369\" data-end=\"1394\"><span style=\"color: #000000;\">Promueve el crecimiento<\/span><\/p>\n<\/li>\n<li data-start=\"1395\" data-end=\"1431\">\n<p data-start=\"1397\" data-end=\"1431\"><span style=\"color: #000000;\">Estimula la actividad microbiana<\/span><\/p>\n<\/li>\n<li data-start=\"1432\" data-end=\"1482\">\n<p data-start=\"1434\" data-end=\"1482\"><span style=\"color: #000000;\">Mejora la profundidad y densidad de las ra\u00edces<\/span><\/p>\n<\/li>\n<li data-start=\"1483\" data-end=\"1528\">\n<p data-start=\"1485\" data-end=\"1528\"><span style=\"color: #000000;\">Aumenta la capacidad de retenci\u00f3n de agua<\/span><\/p>\n<\/li>\n<li data-start=\"1529\" data-end=\"1581\">\n<p data-start=\"1531\" data-end=\"1581\"><span style=\"color: #000000;\">Incrementa la eficiencia en el uso de nutrientes<\/span><\/p>\n<\/li>\n<\/ul>\n<p>&nbsp;<\/p>\n","protected":false},"featured_media":15502,"template":"","meta":{"ngg_post_thumbnail":0},"product_brand":[],"product_cat":[21],"product_tag":[],"class_list":{"0":"post-15201","1":"product","2":"type-product","3":"status-publish","4":"has-post-thumbnail","6":"product_cat-products","8":"first","9":"instock","10":"shipping-taxable","11":"product-type-simple"},"yoast_head":"<!-- This site is optimized with the Yoast SEO plugin v27.4 - https:\/\/yoast.com\/product\/yoast-seo-wordpress\/ -->\n<title>MicrobeBio\u00ae Nature Vigor\u2122 - Microbial fertilizer Organic Fertilizer USA<\/title>\n<meta name=\"robots\" content=\"index, follow, max-snippet:-1, max-image-preview:large, max-video-preview:-1\" \/>\n<link rel=\"canonical\" href=\"https:\/\/www.microbebio.com\/spanish-microbe-fertilizer\/product\/microbebio-nature-vigor-3\/\" \/>\n<meta property=\"og:locale\" content=\"en_US\" \/>\n<meta property=\"og:type\" content=\"article\" \/>\n<meta property=\"og:title\" content=\"MicrobeBio\u00ae Nature Vigor\u2122 - Microbial fertilizer Organic Fertilizer USA\" \/>\n<meta property=\"og:description\" content=\"MicrobeBio\u00ae Nature Vigor\u2122 es un enmienda revolucionaria para el suelo, 100% natural, dise\u00f1ada para mejorar la calidad de tu tierra. Este producto contiene numerosos compuestos beneficiosos, incluyendo microorganismos, bacterias y mol\u00e9culas de carbono activo. Fue creado espec\u00edficamente para usos agr\u00edcolas, hort\u00edcolas y comerciales; sin embargo, tambi\u00e9n puede ser utilizado para el cuidado de jardines dom\u00e9sticos. La mezcla \u00fanica de estos materiales org\u00e1nicos ayuda a descomponer la materia org\u00e1nica en el suelo mientras libera nutrientes de carbono atrapados para que est\u00e9n disponibles para la absorci\u00f3n de las plantas. MicrobeBio\u00ae Nature Vigor\u2122 no solo proporciona una abundancia de minerales esenciales, sino que tambi\u00e9n estimula la microbiolog\u00eda existente en el suelo al introducir muchas especies de bacterias beneficiosas, lo que energiza a\u00fan m\u00e1s el crecimiento vegetal con el uso continuo. Como resultado, este bioestimulante o probi\u00f3tico incrementa significativamente los rendimientos de los cultivos sin los impactos ambientales negativos asociados con los fertilizantes qu\u00edmicos u otros productos sint\u00e9ticos disponibles en el mercado hoy en d\u00eda. Con MicrobeBio\u00ae Nature Vigor\u2122 obtienes resultados m\u00e1ximos con un esfuerzo m\u00ednimo, asegurando cultivos saludables en cada temporada. &nbsp; Beneficios:     Promueve el crecimiento    Estimula la actividad microbiana    Mejora la profundidad y densidad de las ra\u00edces    Aumenta la capacidad de retenci\u00f3n de agua    Incrementa la eficiencia en el uso de nutrientes   &nbsp;\" \/>\n<meta property=\"og:url\" content=\"https:\/\/www.microbebio.com\/spanish-microbe-fertilizer\/product\/microbebio-nature-vigor-3\/\" \/>\n<meta property=\"og:site_name\" content=\"Microbial fertilizer Organic Fertilizer USA\" \/>\n<meta property=\"article:modified_time\" content=\"2025-07-29T20:53:40+00:00\" \/>\n<meta property=\"og:image\" content=\"https:\/\/www.microbebio.com\/spanish-microbe-fertilizer\/wp-content\/uploads\/2023\/02\/MICROBEBIO-NATURE-VIGOR-02-10-23-1024x1024.png\" \/>\n\t<meta property=\"og:image:width\" content=\"1024\" \/>\n\t<meta property=\"og:image:height\" content=\"1024\" \/>\n\t<meta property=\"og:image:type\" content=\"image\/png\" \/>\n<meta name=\"twitter:card\" content=\"summary_large_image\" \/>\n<meta name=\"twitter:label1\" content=\"Est. reading time\" \/>\n\t<meta name=\"twitter:data1\" content=\"1 minute\" \/>\n<script type=\"application\/ld+json\" class=\"yoast-schema-graph\">{\"@context\":\"https:\\\/\\\/schema.org\",\"@graph\":[{\"@type\":\"WebPage\",\"@id\":\"https:\\\/\\\/www.microbebio.com\\\/spanish-microbe-fertilizer\\\/product\\\/microbebio-nature-vigor-3\\\/\",\"url\":\"https:\\\/\\\/www.microbebio.com\\\/spanish-microbe-fertilizer\\\/product\\\/microbebio-nature-vigor-3\\\/\",\"name\":\"MicrobeBio\u00ae Nature Vigor\u2122 - Microbial fertilizer Organic Fertilizer USA\",\"isPartOf\":{\"@id\":\"https:\\\/\\\/www.microbebio.com\\\/spanish-microbe-fertilizer\\\/#website\"},\"primaryImageOfPage\":{\"@id\":\"https:\\\/\\\/www.microbebio.com\\\/spanish-microbe-fertilizer\\\/product\\\/microbebio-nature-vigor-3\\\/#primaryimage\"},\"image\":{\"@id\":\"https:\\\/\\\/www.microbebio.com\\\/spanish-microbe-fertilizer\\\/product\\\/microbebio-nature-vigor-3\\\/#primaryimage\"},\"thumbnailUrl\":\"https:\\\/\\\/www.microbebio.com\\\/spanish-microbe-fertilizer\\\/wp-content\\\/uploads\\\/2023\\\/02\\\/MICROBEBIO-NATURE-VIGOR-02-10-23.png\",\"datePublished\":\"2023-02-11T01:58:53+00:00\",\"dateModified\":\"2025-07-29T20:53:40+00:00\",\"breadcrumb\":{\"@id\":\"https:\\\/\\\/www.microbebio.com\\\/spanish-microbe-fertilizer\\\/product\\\/microbebio-nature-vigor-3\\\/#breadcrumb\"},\"inLanguage\":\"en-US\",\"potentialAction\":[{\"@type\":\"ReadAction\",\"target\":[\"https:\\\/\\\/www.microbebio.com\\\/spanish-microbe-fertilizer\\\/product\\\/microbebio-nature-vigor-3\\\/\"]}]},{\"@type\":\"ImageObject\",\"inLanguage\":\"en-US\",\"@id\":\"https:\\\/\\\/www.microbebio.com\\\/spanish-microbe-fertilizer\\\/product\\\/microbebio-nature-vigor-3\\\/#primaryimage\",\"url\":\"https:\\\/\\\/www.microbebio.com\\\/spanish-microbe-fertilizer\\\/wp-content\\\/uploads\\\/2023\\\/02\\\/MICROBEBIO-NATURE-VIGOR-02-10-23.png\",\"contentUrl\":\"https:\\\/\\\/www.microbebio.com\\\/spanish-microbe-fertilizer\\\/wp-content\\\/uploads\\\/2023\\\/02\\\/MICROBEBIO-NATURE-VIGOR-02-10-23.png\",\"width\":2000,\"height\":2000,\"caption\":\"MICROBEBIO NATURE VIGOR\"},{\"@type\":\"BreadcrumbList\",\"@id\":\"https:\\\/\\\/www.microbebio.com\\\/spanish-microbe-fertilizer\\\/product\\\/microbebio-nature-vigor-3\\\/#breadcrumb\",\"itemListElement\":[{\"@type\":\"ListItem\",\"position\":1,\"name\":\"Home\",\"item\":\"https:\\\/\\\/www.microbebio.com\\\/spanish-microbe-fertilizer\\\/\"},{\"@type\":\"ListItem\",\"position\":2,\"name\":\"Shop\",\"item\":\"https:\\\/\\\/www.microbebio.com\\\/spanish-microbe-fertilizer\\\/shop\\\/\"},{\"@type\":\"ListItem\",\"position\":3,\"name\":\"MicrobeBio\u00ae Nature Vigor\u2122\"}]},{\"@type\":\"WebSite\",\"@id\":\"https:\\\/\\\/www.microbebio.com\\\/spanish-microbe-fertilizer\\\/#website\",\"url\":\"https:\\\/\\\/www.microbebio.com\\\/spanish-microbe-fertilizer\\\/\",\"name\":\"Microbial fertilizer Organic Fertilizer USA\",\"description\":\"Microbes Fertilizer Nature Phenomenon\",\"potentialAction\":[{\"@type\":\"SearchAction\",\"target\":{\"@type\":\"EntryPoint\",\"urlTemplate\":\"https:\\\/\\\/www.microbebio.com\\\/spanish-microbe-fertilizer\\\/?s={search_term_string}\"},\"query-input\":{\"@type\":\"PropertyValueSpecification\",\"valueRequired\":true,\"valueName\":\"search_term_string\"}}],\"inLanguage\":\"en-US\"}]}<\/script>\n<!-- \/ Yoast SEO plugin. -->","yoast_head_json":{"title":"MicrobeBio\u00ae Nature Vigor\u2122 - Microbial fertilizer Organic Fertilizer USA","robots":{"index":"index","follow":"follow","max-snippet":"max-snippet:-1","max-image-preview":"max-image-preview:large","max-video-preview":"max-video-preview:-1"},"canonical":"https:\/\/www.microbebio.com\/spanish-microbe-fertilizer\/product\/microbebio-nature-vigor-3\/","og_locale":"en_US","og_type":"article","og_title":"MicrobeBio\u00ae Nature Vigor\u2122 - Microbial fertilizer Organic Fertilizer USA","og_description":"MicrobeBio\u00ae Nature Vigor\u2122 es un enmienda revolucionaria para el suelo, 100% natural, dise\u00f1ada para mejorar la calidad de tu tierra. Este producto contiene numerosos compuestos beneficiosos, incluyendo microorganismos, bacterias y mol\u00e9culas de carbono activo. Fue creado espec\u00edficamente para usos agr\u00edcolas, hort\u00edcolas y comerciales; sin embargo, tambi\u00e9n puede ser utilizado para el cuidado de jardines dom\u00e9sticos. La mezcla \u00fanica de estos materiales org\u00e1nicos ayuda a descomponer la materia org\u00e1nica en el suelo mientras libera nutrientes de carbono atrapados para que est\u00e9n disponibles para la absorci\u00f3n de las plantas. MicrobeBio\u00ae Nature Vigor\u2122 no solo proporciona una abundancia de minerales esenciales, sino que tambi\u00e9n estimula la microbiolog\u00eda existente en el suelo al introducir muchas especies de bacterias beneficiosas, lo que energiza a\u00fan m\u00e1s el crecimiento vegetal con el uso continuo. Como resultado, este bioestimulante o probi\u00f3tico incrementa significativamente los rendimientos de los cultivos sin los impactos ambientales negativos asociados con los fertilizantes qu\u00edmicos u otros productos sint\u00e9ticos disponibles en el mercado hoy en d\u00eda. Con MicrobeBio\u00ae Nature Vigor\u2122 obtienes resultados m\u00e1ximos con un esfuerzo m\u00ednimo, asegurando cultivos saludables en cada temporada. &nbsp; Beneficios:     Promueve el crecimiento    Estimula la actividad microbiana    Mejora la profundidad y densidad de las ra\u00edces    Aumenta la capacidad de retenci\u00f3n de agua    Incrementa la eficiencia en el uso de nutrientes   &nbsp;","og_url":"https:\/\/www.microbebio.com\/spanish-microbe-fertilizer\/product\/microbebio-nature-vigor-3\/","og_site_name":"Microbial fertilizer Organic Fertilizer USA","article_modified_time":"2025-07-29T20:53:40+00:00","og_image":[{"width":1024,"height":1024,"url":"https:\/\/www.microbebio.com\/spanish-microbe-fertilizer\/wp-content\/uploads\/2023\/02\/MICROBEBIO-NATURE-VIGOR-02-10-23-1024x1024.png","type":"image\/png"}],"twitter_card":"summary_large_image","twitter_misc":{"Est. reading time":"1 minute"},"schema":{"@context":"https:\/\/schema.org","@graph":[{"@type":"WebPage","@id":"https:\/\/www.microbebio.com\/spanish-microbe-fertilizer\/product\/microbebio-nature-vigor-3\/","url":"https:\/\/www.microbebio.com\/spanish-microbe-fertilizer\/product\/microbebio-nature-vigor-3\/","name":"MicrobeBio\u00ae Nature Vigor\u2122 - Microbial fertilizer Organic Fertilizer USA","isPartOf":{"@id":"https:\/\/www.microbebio.com\/spanish-microbe-fertilizer\/#website"},"primaryImageOfPage":{"@id":"https:\/\/www.microbebio.com\/spanish-microbe-fertilizer\/product\/microbebio-nature-vigor-3\/#primaryimage"},"image":{"@id":"https:\/\/www.microbebio.com\/spanish-microbe-fertilizer\/product\/microbebio-nature-vigor-3\/#primaryimage"},"thumbnailUrl":"https:\/\/www.microbebio.com\/spanish-microbe-fertilizer\/wp-content\/uploads\/2023\/02\/MICROBEBIO-NATURE-VIGOR-02-10-23.png","datePublished":"2023-02-11T01:58:53+00:00","dateModified":"2025-07-29T20:53:40+00:00","breadcrumb":{"@id":"https:\/\/www.microbebio.com\/spanish-microbe-fertilizer\/product\/microbebio-nature-vigor-3\/#breadcrumb"},"inLanguage":"en-US","potentialAction":[{"@type":"ReadAction","target":["https:\/\/www.microbebio.com\/spanish-microbe-fertilizer\/product\/microbebio-nature-vigor-3\/"]}]},{"@type":"ImageObject","inLanguage":"en-US","@id":"https:\/\/www.microbebio.com\/spanish-microbe-fertilizer\/product\/microbebio-nature-vigor-3\/#primaryimage","url":"https:\/\/www.microbebio.com\/spanish-microbe-fertilizer\/wp-content\/uploads\/2023\/02\/MICROBEBIO-NATURE-VIGOR-02-10-23.png","contentUrl":"https:\/\/www.microbebio.com\/spanish-microbe-fertilizer\/wp-content\/uploads\/2023\/02\/MICROBEBIO-NATURE-VIGOR-02-10-23.png","width":2000,"height":2000,"caption":"MICROBEBIO NATURE VIGOR"},{"@type":"BreadcrumbList","@id":"https:\/\/www.microbebio.com\/spanish-microbe-fertilizer\/product\/microbebio-nature-vigor-3\/#breadcrumb","itemListElement":[{"@type":"ListItem","position":1,"name":"Home","item":"https:\/\/www.microbebio.com\/spanish-microbe-fertilizer\/"},{"@type":"ListItem","position":2,"name":"Shop","item":"https:\/\/www.microbebio.com\/spanish-microbe-fertilizer\/shop\/"},{"@type":"ListItem","position":3,"name":"MicrobeBio\u00ae Nature Vigor\u2122"}]},{"@type":"WebSite","@id":"https:\/\/www.microbebio.com\/spanish-microbe-fertilizer\/#website","url":"https:\/\/www.microbebio.com\/spanish-microbe-fertilizer\/","name":"Microbial fertilizer Organic Fertilizer USA","description":"Microbes Fertilizer Nature Phenomenon","potentialAction":[{"@type":"SearchAction","target":{"@type":"EntryPoint","urlTemplate":"https:\/\/www.microbebio.com\/spanish-microbe-fertilizer\/?s={search_term_string}"},"query-input":{"@type":"PropertyValueSpecification","valueRequired":true,"valueName":"search_term_string"}}],"inLanguage":"en-US"}]}},"_links":{"self":[{"href":"https:\/\/www.microbebio.com\/spanish-microbe-fertilizer\/wp-json\/wp\/v2\/product\/15201","targetHints":{"allow":["GET"]}}],"collection":[{"href":"https:\/\/www.microbebio.com\/spanish-microbe-fertilizer\/wp-json\/wp\/v2\/product"}],"about":[{"href":"https:\/\/www.microbebio.com\/spanish-microbe-fertilizer\/wp-json\/wp\/v2\/types\/product"}],"wp:featuredmedia":[{"embeddable":true,"href":"https:\/\/www.microbebio.com\/spanish-microbe-fertilizer\/wp-json\/wp\/v2\/media\/15502"}],"wp:attachment":[{"href":"https:\/\/www.microbebio.com\/spanish-microbe-fertilizer\/wp-json\/wp\/v2\/media?parent=15201"}],"wp:term":[{"taxonomy":"product_brand","embeddable":true,"href":"https:\/\/www.microbebio.com\/spanish-microbe-fertilizer\/wp-json\/wp\/v2\/product_brand?post=15201"},{"taxonomy":"product_cat","embeddable":true,"href":"https:\/\/www.microbebio.com\/spanish-microbe-fertilizer\/wp-json\/wp\/v2\/product_cat?post=15201"},{"taxonomy":"product_tag","embeddable":true,"href":"https:\/\/www.microbebio.com\/spanish-microbe-fertilizer\/wp-json\/wp\/v2\/product_tag?post=15201"}],"curies":[{"name":"wp","href":"https:\/\/api.w.org\/{rel}","templated":true}]}}