{"id":5101,"date":"2015-06-22T13:11:39","date_gmt":"2015-06-22T20:11:39","guid":{"rendered":"https:\/\/www.microbebio.com\/spanish-microbe-fertilizer\/?post_type=product&#038;p=5101"},"modified":"2026-02-13T22:25:39","modified_gmt":"2026-02-14T05:25:39","slug":"microbe-fertilizer-aqua-activator","status":"publish","type":"product","link":"https:\/\/www.microbebio.com\/spanish-microbe-fertilizer\/product\/microbe-fertilizer-aqua-activator\/","title":{"rendered":"MicrobeBio\u00ae Aqua Activator\u2122"},"content":{"rendered":"<div class=\"wpb-content-wrapper\"><p>[vc_row][vc_column][vc_custom_heading text=&#8221;MicrobeBio\u00ae Aqua Activator\u2122&#8221; font_container=&#8221;tag:h2|text_align:center|color:%23000000&#8243; use_theme_fonts=&#8221;yes&#8221; css=&#8221;&#8221;][\/vc_column][\/vc_row][vc_row][vc_column][vc_single_image image=&#8221;18689&#8243; img_size=&#8221;full&#8221; alignment=&#8221;center&#8221; css=&#8221;&#8221;][vc_single_image image=&#8221;18690&#8243; img_size=&#8221;full&#8221; alignment=&#8221;center&#8221; css=&#8221;&#8221;][vc_single_image image=&#8221;18691&#8243; img_size=&#8221;full&#8221; alignment=&#8221;center&#8221; css=&#8221;&#8221;][vc_single_image image=&#8221;18692&#8243; img_size=&#8221;full&#8221; alignment=&#8221;center&#8221; css=&#8221;&#8221;][vc_single_image image=&#8221;18693&#8243; img_size=&#8221;full&#8221; alignment=&#8221;center&#8221; css=&#8221;&#8221;][vc_single_image image=&#8221;18694&#8243; img_size=&#8221;full&#8221; alignment=&#8221;center&#8221; css=&#8221;&#8221;][vc_single_image image=&#8221;18695&#8243; img_size=&#8221;full&#8221; alignment=&#8221;center&#8221; css=&#8221;&#8221;][vc_single_image image=&#8221;18696&#8243; img_size=&#8221;full&#8221; alignment=&#8221;center&#8221; css=&#8221;&#8221;][vc_single_image image=&#8221;18697&#8243; img_size=&#8221;full&#8221; alignment=&#8221;center&#8221; css=&#8221;&#8221;][vc_single_image image=&#8221;18698&#8243; img_size=&#8221;full&#8221; alignment=&#8221;center&#8221; css=&#8221;&#8221;][vc_single_image image=&#8221;18699&#8243; img_size=&#8221;full&#8221; alignment=&#8221;center&#8221; css=&#8221;&#8221;][vc_single_image image=&#8221;18700&#8243; img_size=&#8221;full&#8221; alignment=&#8221;center&#8221; css=&#8221;&#8221;][vc_single_image image=&#8221;18701&#8243; img_size=&#8221;full&#8221; alignment=&#8221;center&#8221; css=&#8221;&#8221;][vc_single_image image=&#8221;18702&#8243; img_size=&#8221;full&#8221; alignment=&#8221;center&#8221; css=&#8221;&#8221;][vc_single_image image=&#8221;18703&#8243; img_size=&#8221;full&#8221; alignment=&#8221;center&#8221; css=&#8221;&#8221;][vc_single_image image=&#8221;18704&#8243; img_size=&#8221;full&#8221; alignment=&#8221;center&#8221; css=&#8221;&#8221;][vc_single_image image=&#8221;18705&#8243; img_size=&#8221;full&#8221; alignment=&#8221;center&#8221; css=&#8221;&#8221;][vc_single_image image=&#8221;18706&#8243; img_size=&#8221;full&#8221; alignment=&#8221;center&#8221; css=&#8221;&#8221;][vc_single_image image=&#8221;18707&#8243; img_size=&#8221;full&#8221; alignment=&#8221;center&#8221; css=&#8221;&#8221;][vc_single_image image=&#8221;18708&#8243; img_size=&#8221;full&#8221; alignment=&#8221;center&#8221; css=&#8221;&#8221;][vc_single_image image=&#8221;18709&#8243; img_size=&#8221;full&#8221; alignment=&#8221;center&#8221; css=&#8221;&#8221;][vc_single_image image=&#8221;18710&#8243; img_size=&#8221;full&#8221; alignment=&#8221;center&#8221; css=&#8221;&#8221;][vc_btn title=&#8221;Download PDF&#8221; color=&#8221;green&#8221; align=&#8221;center&#8221; css=&#8221;&#8221; link=&#8221;url:https%3A%2F%2Fwww.microbebio.com%2Fspanish-microbe-fertilizer%2Fwp-content%2Fuploads%2F2026%2F02%2FMicrobeBio-Aqua-Activator-The-Intelligent-Microbial-Revolution-for-Soil-and-Crop-Excellence-SPANISH-10-22-25.pdf&#8221;][\/vc_column][\/vc_row]<\/p>\n<\/div>","protected":false},"excerpt":{"rendered":"<p data-start=\"80\" data-end=\"222\"><span style=\"color: #000000;\"><strong data-start=\"80\" data-end=\"222\">MicrobeBio\u00ae Aqua Activator\u2122: Eleva el Crecimiento, Sabor, Aroma y Nutrientes de las Plantas Mientras Aumenta el Rendimiento y la Vida \u00datil<\/strong><\/span><\/p>\n<p data-start=\"224\" data-end=\"344\"><span style=\"color: #000000;\">Desbloquea el potencial de la naturaleza para un crecimiento excepcional de las plantas y una salud sostenible del suelo<\/span><\/p>\n<p data-start=\"346\" data-end=\"743\"><span style=\"color: #000000;\">MicrobeBio\u00ae Aqua Activator\u2122 es la clave para un crecimiento excepcional de las plantas, un mayor sabor y aroma, un contenido nutricional aumentado y una vida \u00fatil prolongada. Nuestro producto innovador aprovecha el poder de bacterias y microorganismos beneficiosos para no solo mejorar el desarrollo de las plantas, sino tambi\u00e9n promover la captura de carbono y la remediaci\u00f3n ecol\u00f3gica del suelo.<\/span><\/p>\n<p data-start=\"745\" data-end=\"764\"><span style=\"color: #000000;\"><strong data-start=\"745\" data-end=\"764\">Ventajas Clave:<\/strong><\/span><\/p>\n<ul data-start=\"766\" data-end=\"3291\">\n<li data-start=\"766\" data-end=\"959\">\n<p data-start=\"768\" data-end=\"959\"><span style=\"color: #000000;\"><strong data-start=\"768\" data-end=\"790\">Mayor Rendimiento:<\/strong> MicrobeBio\u00ae Aqua Activator\u2122 estimula la actividad biol\u00f3gica y maximiza la absorci\u00f3n de nutrientes, resultando en cosechas significativamente mayores y m\u00e1s abundantes.<\/span><\/p>\n<\/li>\n<li data-start=\"960\" data-end=\"1178\">\n<p data-start=\"962\" data-end=\"1178\"><span style=\"color: #000000;\"><strong data-start=\"962\" data-end=\"990\">Sabor y Aroma Mejorados:<\/strong> Nuestra f\u00f3rmula avanzada promueve la producci\u00f3n de compuestos naturales que realzan el sabor y aroma de tus plantas. Obt\u00e9n cultivos m\u00e1s sabrosos y arom\u00e1ticos que destacan en el mercado.<\/span><\/p>\n<\/li>\n<li data-start=\"1179\" data-end=\"1451\">\n<p data-start=\"1181\" data-end=\"1451\"><span style=\"color: #000000;\"><strong data-start=\"1181\" data-end=\"1213\">Enriquecimiento Nutricional:<\/strong> Libera nutrientes bloqueados en el suelo, haci\u00e9ndolos f\u00e1cilmente disponibles para tus plantas. El resultado son cultivos no solo abundantes sino tambi\u00e9n m\u00e1s ricos en nutrientes, ofreciendo opciones m\u00e1s saludables para los consumidores.<\/span><\/p>\n<\/li>\n<li data-start=\"1452\" data-end=\"1682\">\n<p data-start=\"1454\" data-end=\"1682\"><span style=\"color: #000000;\"><strong data-start=\"1454\" data-end=\"1479\">Vida \u00datil Prolongada:<\/strong> Al fortalecer la salud y resistencia de las plantas, MicrobeBio\u00ae Aqua Activator\u2122 ayuda a extender la vida \u00fatil de tus productos. Reduce desperdicios y prolonga la disponibilidad para los consumidores.<\/span><\/p>\n<\/li>\n<li data-start=\"1683\" data-end=\"1948\">\n<p data-start=\"1685\" data-end=\"1948\"><span style=\"color: #000000;\"><strong data-start=\"1685\" data-end=\"1725\">Estabiliza el Nitr\u00f3geno Atmosf\u00e9rico:<\/strong> Nuestro producto estabiliza el nitr\u00f3geno atmosf\u00e9rico en el suelo, reduciendo la necesidad de fertilizantes qu\u00edmicos. Este enfoque sostenible asegura niveles saludables de nitr\u00f3geno mientras minimiza el impacto ambiental.<\/span><\/p>\n<\/li>\n<li data-start=\"1949\" data-end=\"2191\">\n<p data-start=\"1951\" data-end=\"2191\"><span style=\"color: #000000;\"><strong data-start=\"1951\" data-end=\"1987\">Solubiliza Compuestos Minerales:<\/strong> A trav\u00e9s de la solubilizaci\u00f3n de fosfatos y la movilizaci\u00f3n de nutrientes esenciales del suelo, nuestro producto mejora la fertilidad del suelo, beneficiando tanto a tus plantas como al medio ambiente.<\/span><\/p>\n<\/li>\n<li data-start=\"2192\" data-end=\"2438\">\n<p data-start=\"2194\" data-end=\"2438\"><span style=\"color: #000000;\"><strong data-start=\"2194\" data-end=\"2217\">Captura de Carbono:<\/strong> MicrobeBio\u00ae Aqua Activator\u2122 utiliza la captura de carbono para potenciar las hormonas vegetales y almacenar carbono en el suelo, beneficiando el crecimiento de las plantas y contribuyendo a mitigar el cambio clim\u00e1tico.<\/span><\/p>\n<\/li>\n<li data-start=\"2439\" data-end=\"2768\">\n<p data-start=\"2441\" data-end=\"2768\"><span style=\"color: #000000;\"><strong data-start=\"2441\" data-end=\"2476\">Mejora la Estructura del Suelo:<\/strong> Nuestro producto mejora la estructura del suelo, reduciendo la retenci\u00f3n de agua y eliminando problemas como la escorrent\u00eda superficial, volatilizaci\u00f3n y salinidad. Reconstruye la materia org\u00e1nica soluble en la capa superficial, promoviendo un ecosistema del suelo sostenible y resiliente.<\/span><\/p>\n<\/li>\n<li data-start=\"2769\" data-end=\"3018\">\n<p data-start=\"2771\" data-end=\"3018\"><span style=\"color: #000000;\"><strong data-start=\"2771\" data-end=\"2810\">Resistencia Natural a Enfermedades:<\/strong> Al aumentar la actividad microbiana y la competencia saprof\u00edtica, MicrobeBio\u00ae Aqua Activator\u2122 mejora la resistencia de las plantas a enfermedades y pat\u00f3genos, reduciendo la necesidad de pesticidas da\u00f1inos.<\/span><\/p>\n<\/li>\n<li data-start=\"3019\" data-end=\"3291\">\n<p data-start=\"3021\" data-end=\"3291\"><span style=\"color: #000000;\"><strong data-start=\"3021\" data-end=\"3057\">Remediaci\u00f3n Ecol\u00f3gica del Suelo:<\/strong> Regenera la estructura del suelo y reduce la dependencia de compuestos t\u00f3xicos y c\u00e1usticos com\u00fanmente usados hoy en d\u00eda. MicrobeBio\u00ae Aqua Activator\u2122 es una alternativa segura y ecol\u00f3gica que promueve la salud a largo plazo del suelo.<\/span><\/p>\n<\/li>\n<\/ul>\n<p data-start=\"3293\" data-end=\"3316\"><span style=\"color: #000000;\"><strong data-start=\"3293\" data-end=\"3316\">Aplicaci\u00f3n General:<\/strong><\/span><\/p>\n<p data-start=\"3318\" data-end=\"3571\"><span style=\"color: #000000;\">Para activar los microbios en MicrobeBio\u00ae Aqua Activator\u2122, agita 500 g del producto en al menos 5 litros de agua sin cloro durante un m\u00ednimo de 24 horas. Luego, diluye la mezcla en al menos 500 litros de agua sin cloro para tratar 1 hect\u00e1rea de terreno.<\/span><\/p>\n<p data-start=\"3573\" data-end=\"3944\"><span style=\"color: #000000;\">\u00danete a la vanguardia de la agricultura sostenible con MicrobeBio\u00ae Aqua Activator\u2122. Desbloquea el m\u00e1ximo potencial de tus cultivos mientras promueves la captura de carbono y la remediaci\u00f3n ecol\u00f3gica del suelo. Elige la manera ecol\u00f3gica de cultivar y nutrir tus plantas, asegurando mayor rendimiento, mejor sabor, aroma, enriquecimiento nutricional y vida \u00fatil prolongada.<\/span><\/p>\n","protected":false},"featured_media":5975,"template":"","meta":{"ngg_post_thumbnail":0},"product_brand":[],"product_cat":[21],"product_tag":[35,26,130],"class_list":{"0":"post-5101","1":"product","2":"type-product","3":"status-publish","4":"has-post-thumbnail","6":"product_cat-products","7":"product_tag-microbebio","8":"product_tag-microbebiofertilizer","9":"product_tag-microbebio-aqua-activator","11":"first","12":"instock","13":"shipping-taxable","14":"product-type-simple"},"yoast_head":"<!-- This site is optimized with the Yoast SEO plugin v27.4 - https:\/\/yoast.com\/product\/yoast-seo-wordpress\/ -->\n<title>MicrobeBio\u00ae Aqua Activator\u2122 - Microbial fertilizer Organic Fertilizer USA<\/title>\n<meta name=\"description\" content=\"MicrobeBio\u00ae Aqua Activator\u2122 \u2013 Slow release and water soluble powder \u2013 was constructed expressly to be diluted into water to produce liquid microbial soil amendment solution that is compatible with the reduction in the need for Nitrogen-based fertilizers.\" \/>\n<meta name=\"robots\" content=\"index, follow, max-snippet:-1, max-image-preview:large, max-video-preview:-1\" \/>\n<link rel=\"canonical\" href=\"https:\/\/www.microbebio.com\/spanish-microbe-fertilizer\/product\/microbe-fertilizer-aqua-activator\/\" \/>\n<meta property=\"og:locale\" content=\"en_US\" \/>\n<meta property=\"og:type\" content=\"article\" \/>\n<meta property=\"og:title\" content=\"MicrobeBio\u00ae Aqua Activator\u2122 - Microbial fertilizer Organic Fertilizer USA\" \/>\n<meta property=\"og:description\" content=\"MicrobeBio\u00ae Aqua Activator\u2122 \u2013 Slow release and water soluble powder \u2013 was constructed expressly to be diluted into water to produce liquid microbial soil amendment solution that is compatible with the reduction in the need for Nitrogen-based fertilizers.\" \/>\n<meta property=\"og:url\" content=\"https:\/\/www.microbebio.com\/spanish-microbe-fertilizer\/product\/microbe-fertilizer-aqua-activator\/\" \/>\n<meta property=\"og:site_name\" content=\"Microbial fertilizer Organic Fertilizer USA\" \/>\n<meta property=\"article:modified_time\" content=\"2026-02-14T05:25:39+00:00\" \/>\n<meta property=\"og:image\" content=\"https:\/\/www.microbebio.com\/spanish-microbe-fertilizer\/wp-content\/uploads\/2016\/05\/Microbebio-Aqua-Activator-11-20-2017-bag.png\" \/>\n\t<meta property=\"og:image:width\" content=\"600\" \/>\n\t<meta property=\"og:image:height\" content=\"600\" \/>\n\t<meta property=\"og:image:type\" content=\"image\/png\" \/>\n<meta name=\"twitter:card\" content=\"summary_large_image\" \/>\n<meta name=\"twitter:label1\" content=\"Est. reading time\" \/>\n\t<meta name=\"twitter:data1\" content=\"5 minutes\" \/>\n<script type=\"application\/ld+json\" class=\"yoast-schema-graph\">{\"@context\":\"https:\\\/\\\/schema.org\",\"@graph\":[{\"@type\":\"WebPage\",\"@id\":\"https:\\\/\\\/www.microbebio.com\\\/spanish-microbe-fertilizer\\\/product\\\/microbe-fertilizer-aqua-activator\\\/\",\"url\":\"https:\\\/\\\/www.microbebio.com\\\/spanish-microbe-fertilizer\\\/product\\\/microbe-fertilizer-aqua-activator\\\/\",\"name\":\"MicrobeBio\u00ae Aqua Activator\u2122 - Microbial fertilizer Organic Fertilizer USA\",\"isPartOf\":{\"@id\":\"https:\\\/\\\/www.microbebio.com\\\/spanish-microbe-fertilizer\\\/#website\"},\"primaryImageOfPage\":{\"@id\":\"https:\\\/\\\/www.microbebio.com\\\/spanish-microbe-fertilizer\\\/product\\\/microbe-fertilizer-aqua-activator\\\/#primaryimage\"},\"image\":{\"@id\":\"https:\\\/\\\/www.microbebio.com\\\/spanish-microbe-fertilizer\\\/product\\\/microbe-fertilizer-aqua-activator\\\/#primaryimage\"},\"thumbnailUrl\":\"https:\\\/\\\/www.microbebio.com\\\/spanish-microbe-fertilizer\\\/wp-content\\\/uploads\\\/2016\\\/05\\\/Microbebio-Aqua-Activator-11-20-2017-bag.png\",\"datePublished\":\"2015-06-22T20:11:39+00:00\",\"dateModified\":\"2026-02-14T05:25:39+00:00\",\"description\":\"MicrobeBio\u00ae Aqua Activator\u2122 \u2013 Slow release and water soluble powder \u2013 was constructed expressly to be diluted into water to produce liquid microbial soil amendment solution that is compatible with the reduction in the need for Nitrogen-based fertilizers.\",\"breadcrumb\":{\"@id\":\"https:\\\/\\\/www.microbebio.com\\\/spanish-microbe-fertilizer\\\/product\\\/microbe-fertilizer-aqua-activator\\\/#breadcrumb\"},\"inLanguage\":\"en-US\",\"potentialAction\":[{\"@type\":\"ReadAction\",\"target\":[\"https:\\\/\\\/www.microbebio.com\\\/spanish-microbe-fertilizer\\\/product\\\/microbe-fertilizer-aqua-activator\\\/\"]}]},{\"@type\":\"ImageObject\",\"inLanguage\":\"en-US\",\"@id\":\"https:\\\/\\\/www.microbebio.com\\\/spanish-microbe-fertilizer\\\/product\\\/microbe-fertilizer-aqua-activator\\\/#primaryimage\",\"url\":\"https:\\\/\\\/www.microbebio.com\\\/spanish-microbe-fertilizer\\\/wp-content\\\/uploads\\\/2016\\\/05\\\/Microbebio-Aqua-Activator-11-20-2017-bag.png\",\"contentUrl\":\"https:\\\/\\\/www.microbebio.com\\\/spanish-microbe-fertilizer\\\/wp-content\\\/uploads\\\/2016\\\/05\\\/Microbebio-Aqua-Activator-11-20-2017-bag.png\",\"width\":600,\"height\":600,\"caption\":\"Microbebio Aqua Activator\"},{\"@type\":\"BreadcrumbList\",\"@id\":\"https:\\\/\\\/www.microbebio.com\\\/spanish-microbe-fertilizer\\\/product\\\/microbe-fertilizer-aqua-activator\\\/#breadcrumb\",\"itemListElement\":[{\"@type\":\"ListItem\",\"position\":1,\"name\":\"Home\",\"item\":\"https:\\\/\\\/www.microbebio.com\\\/spanish-microbe-fertilizer\\\/\"},{\"@type\":\"ListItem\",\"position\":2,\"name\":\"Shop\",\"item\":\"https:\\\/\\\/www.microbebio.com\\\/spanish-microbe-fertilizer\\\/shop\\\/\"},{\"@type\":\"ListItem\",\"position\":3,\"name\":\"MicrobeBio\u00ae Aqua Activator\u2122\"}]},{\"@type\":\"WebSite\",\"@id\":\"https:\\\/\\\/www.microbebio.com\\\/spanish-microbe-fertilizer\\\/#website\",\"url\":\"https:\\\/\\\/www.microbebio.com\\\/spanish-microbe-fertilizer\\\/\",\"name\":\"Microbial fertilizer Organic Fertilizer USA\",\"description\":\"Microbes Fertilizer Nature Phenomenon\",\"potentialAction\":[{\"@type\":\"SearchAction\",\"target\":{\"@type\":\"EntryPoint\",\"urlTemplate\":\"https:\\\/\\\/www.microbebio.com\\\/spanish-microbe-fertilizer\\\/?s={search_term_string}\"},\"query-input\":{\"@type\":\"PropertyValueSpecification\",\"valueRequired\":true,\"valueName\":\"search_term_string\"}}],\"inLanguage\":\"en-US\"}]}<\/script>\n<!-- \/ Yoast SEO plugin. -->","yoast_head_json":{"title":"MicrobeBio\u00ae Aqua Activator\u2122 - Microbial fertilizer Organic Fertilizer USA","description":"MicrobeBio\u00ae Aqua Activator\u2122 \u2013 Slow release and water soluble powder \u2013 was constructed expressly to be diluted into water to produce liquid microbial soil amendment solution that is compatible with the reduction in the need for Nitrogen-based fertilizers.","robots":{"index":"index","follow":"follow","max-snippet":"max-snippet:-1","max-image-preview":"max-image-preview:large","max-video-preview":"max-video-preview:-1"},"canonical":"https:\/\/www.microbebio.com\/spanish-microbe-fertilizer\/product\/microbe-fertilizer-aqua-activator\/","og_locale":"en_US","og_type":"article","og_title":"MicrobeBio\u00ae Aqua Activator\u2122 - Microbial fertilizer Organic Fertilizer USA","og_description":"MicrobeBio\u00ae Aqua Activator\u2122 \u2013 Slow release and water soluble powder \u2013 was constructed expressly to be diluted into water to produce liquid microbial soil amendment solution that is compatible with the reduction in the need for Nitrogen-based fertilizers.","og_url":"https:\/\/www.microbebio.com\/spanish-microbe-fertilizer\/product\/microbe-fertilizer-aqua-activator\/","og_site_name":"Microbial fertilizer Organic Fertilizer USA","article_modified_time":"2026-02-14T05:25:39+00:00","og_image":[{"width":600,"height":600,"url":"https:\/\/www.microbebio.com\/spanish-microbe-fertilizer\/wp-content\/uploads\/2016\/05\/Microbebio-Aqua-Activator-11-20-2017-bag.png","type":"image\/png"}],"twitter_card":"summary_large_image","twitter_misc":{"Est. reading time":"5 minutes"},"schema":{"@context":"https:\/\/schema.org","@graph":[{"@type":"WebPage","@id":"https:\/\/www.microbebio.com\/spanish-microbe-fertilizer\/product\/microbe-fertilizer-aqua-activator\/","url":"https:\/\/www.microbebio.com\/spanish-microbe-fertilizer\/product\/microbe-fertilizer-aqua-activator\/","name":"MicrobeBio\u00ae Aqua Activator\u2122 - Microbial fertilizer Organic Fertilizer USA","isPartOf":{"@id":"https:\/\/www.microbebio.com\/spanish-microbe-fertilizer\/#website"},"primaryImageOfPage":{"@id":"https:\/\/www.microbebio.com\/spanish-microbe-fertilizer\/product\/microbe-fertilizer-aqua-activator\/#primaryimage"},"image":{"@id":"https:\/\/www.microbebio.com\/spanish-microbe-fertilizer\/product\/microbe-fertilizer-aqua-activator\/#primaryimage"},"thumbnailUrl":"https:\/\/www.microbebio.com\/spanish-microbe-fertilizer\/wp-content\/uploads\/2016\/05\/Microbebio-Aqua-Activator-11-20-2017-bag.png","datePublished":"2015-06-22T20:11:39+00:00","dateModified":"2026-02-14T05:25:39+00:00","description":"MicrobeBio\u00ae Aqua Activator\u2122 \u2013 Slow release and water soluble powder \u2013 was constructed expressly to be diluted into water to produce liquid microbial soil amendment solution that is compatible with the reduction in the need for Nitrogen-based fertilizers.","breadcrumb":{"@id":"https:\/\/www.microbebio.com\/spanish-microbe-fertilizer\/product\/microbe-fertilizer-aqua-activator\/#breadcrumb"},"inLanguage":"en-US","potentialAction":[{"@type":"ReadAction","target":["https:\/\/www.microbebio.com\/spanish-microbe-fertilizer\/product\/microbe-fertilizer-aqua-activator\/"]}]},{"@type":"ImageObject","inLanguage":"en-US","@id":"https:\/\/www.microbebio.com\/spanish-microbe-fertilizer\/product\/microbe-fertilizer-aqua-activator\/#primaryimage","url":"https:\/\/www.microbebio.com\/spanish-microbe-fertilizer\/wp-content\/uploads\/2016\/05\/Microbebio-Aqua-Activator-11-20-2017-bag.png","contentUrl":"https:\/\/www.microbebio.com\/spanish-microbe-fertilizer\/wp-content\/uploads\/2016\/05\/Microbebio-Aqua-Activator-11-20-2017-bag.png","width":600,"height":600,"caption":"Microbebio Aqua Activator"},{"@type":"BreadcrumbList","@id":"https:\/\/www.microbebio.com\/spanish-microbe-fertilizer\/product\/microbe-fertilizer-aqua-activator\/#breadcrumb","itemListElement":[{"@type":"ListItem","position":1,"name":"Home","item":"https:\/\/www.microbebio.com\/spanish-microbe-fertilizer\/"},{"@type":"ListItem","position":2,"name":"Shop","item":"https:\/\/www.microbebio.com\/spanish-microbe-fertilizer\/shop\/"},{"@type":"ListItem","position":3,"name":"MicrobeBio\u00ae Aqua Activator\u2122"}]},{"@type":"WebSite","@id":"https:\/\/www.microbebio.com\/spanish-microbe-fertilizer\/#website","url":"https:\/\/www.microbebio.com\/spanish-microbe-fertilizer\/","name":"Microbial fertilizer Organic Fertilizer USA","description":"Microbes Fertilizer Nature Phenomenon","potentialAction":[{"@type":"SearchAction","target":{"@type":"EntryPoint","urlTemplate":"https:\/\/www.microbebio.com\/spanish-microbe-fertilizer\/?s={search_term_string}"},"query-input":{"@type":"PropertyValueSpecification","valueRequired":true,"valueName":"search_term_string"}}],"inLanguage":"en-US"}]}},"_links":{"self":[{"href":"https:\/\/www.microbebio.com\/spanish-microbe-fertilizer\/wp-json\/wp\/v2\/product\/5101","targetHints":{"allow":["GET"]}}],"collection":[{"href":"https:\/\/www.microbebio.com\/spanish-microbe-fertilizer\/wp-json\/wp\/v2\/product"}],"about":[{"href":"https:\/\/www.microbebio.com\/spanish-microbe-fertilizer\/wp-json\/wp\/v2\/types\/product"}],"wp:featuredmedia":[{"embeddable":true,"href":"https:\/\/www.microbebio.com\/spanish-microbe-fertilizer\/wp-json\/wp\/v2\/media\/5975"}],"wp:attachment":[{"href":"https:\/\/www.microbebio.com\/spanish-microbe-fertilizer\/wp-json\/wp\/v2\/media?parent=5101"}],"wp:term":[{"taxonomy":"product_brand","embeddable":true,"href":"https:\/\/www.microbebio.com\/spanish-microbe-fertilizer\/wp-json\/wp\/v2\/product_brand?post=5101"},{"taxonomy":"product_cat","embeddable":true,"href":"https:\/\/www.microbebio.com\/spanish-microbe-fertilizer\/wp-json\/wp\/v2\/product_cat?post=5101"},{"taxonomy":"product_tag","embeddable":true,"href":"https:\/\/www.microbebio.com\/spanish-microbe-fertilizer\/wp-json\/wp\/v2\/product_tag?post=5101"}],"curies":[{"name":"wp","href":"https:\/\/api.w.org\/{rel}","templated":true}]}}