{"id":5106,"date":"2015-06-23T11:01:08","date_gmt":"2015-06-23T18:01:08","guid":{"rendered":"https:\/\/www.microbebio.com\/spanish-microbe-fertilizer\/?post_type=product&#038;p=5106"},"modified":"2025-07-29T14:08:15","modified_gmt":"2025-07-29T21:08:15","slug":"microbe-fertilizer-biocompost-protect","status":"publish","type":"product","link":"https:\/\/www.microbebio.com\/spanish-microbe-fertilizer\/product\/microbe-fertilizer-biocompost-protect\/","title":{"rendered":"Microbebio\u00ae BioCompost\u2122"},"content":{"rendered":"","protected":false},"excerpt":{"rendered":"<p data-start=\"0\" data-end=\"274\"><span style=\"color: #000000;\">BioCompost\u2122 es una mezcla de alta concentraci\u00f3n de microorganismos especializados que aceleran la descomposici\u00f3n de esti\u00e9rcoles animales y residuos verdes para formar un producto final estable y libre de olores. BioCompost\u2122 es la base de cualquier sistema estable y valioso.<\/span><\/p>\n<p data-start=\"276\" data-end=\"296\"><span style=\"color: #000000;\"><strong data-start=\"276\" data-end=\"296\">CARACTER\u00cdSTICAS:<\/strong><\/span><\/p>\n<ul data-start=\"298\" data-end=\"498\">\n<li data-start=\"298\" data-end=\"378\">\n<p data-start=\"300\" data-end=\"378\"><span style=\"color: #000000;\">Esti\u00e9rcoles animales, residuos verdes, residuos de relleno sanitario, compost.<\/span><\/p>\n<\/li>\n<li data-start=\"379\" data-end=\"448\">\n<p data-start=\"381\" data-end=\"448\"><span style=\"color: #000000;\">\u00c1cido h\u00famico, bacterias beneficiosas, hongos y levaduras incluidas.<\/span><\/p>\n<\/li>\n<li data-start=\"449\" data-end=\"498\">\n<p data-start=\"451\" data-end=\"498\"><span style=\"color: #000000;\">Producto fertilizante con aroma fino y terroso.<\/span><\/p>\n<\/li>\n<\/ul>\n<p data-start=\"500\" data-end=\"515\"><span style=\"color: #000000;\"><strong data-start=\"500\" data-end=\"515\">BENEFICIOS:<\/strong><\/span><\/p>\n<ul data-start=\"517\" data-end=\"968\">\n<li data-start=\"517\" data-end=\"550\">\n<p data-start=\"519\" data-end=\"550\"><span style=\"color: #000000;\">Reduce el tiempo de compostaje.<\/span><\/p>\n<\/li>\n<li data-start=\"551\" data-end=\"603\">\n<p data-start=\"553\" data-end=\"603\"><span style=\"color: #000000;\">Acelera la descomposici\u00f3n de residuos de cultivos.<\/span><\/p>\n<\/li>\n<li data-start=\"604\" data-end=\"657\">\n<p data-start=\"606\" data-end=\"657\"><span style=\"color: #000000;\">Controla y elimina coliformes fecales y Salmonella.<\/span><\/p>\n<\/li>\n<li data-start=\"658\" data-end=\"728\">\n<p data-start=\"660\" data-end=\"728\"><span style=\"color: #000000;\">Estabiliza esti\u00e9rcoles animales y produce biofertilizantes valiosos.<\/span><\/p>\n<\/li>\n<li data-start=\"729\" data-end=\"774\">\n<p data-start=\"731\" data-end=\"774\"><span style=\"color: #000000;\">Reduce la Demanda Qu\u00edmica de Ox\u00edgeno (DQO).<\/span><\/p>\n<\/li>\n<li data-start=\"775\" data-end=\"804\">\n<p data-start=\"777\" data-end=\"804\"><span style=\"color: #000000;\">Reduce s\u00f3lidos suspendidos.<\/span><\/p>\n<\/li>\n<li data-start=\"805\" data-end=\"848\">\n<p data-start=\"807\" data-end=\"848\"><span style=\"color: #000000;\">Disminuye grasas, aceites y grasas (FOG).<\/span><\/p>\n<\/li>\n<li data-start=\"849\" data-end=\"898\">\n<p data-start=\"851\" data-end=\"898\"><span style=\"color: #000000;\">Reduce el volumen de lodos de aguas residuales.<\/span><\/p>\n<\/li>\n<li data-start=\"899\" data-end=\"917\">\n<p data-start=\"901\" data-end=\"917\"><span style=\"color: #000000;\">Controla el H\u2082S.<\/span><\/p>\n<\/li>\n<li data-start=\"918\" data-end=\"949\">\n<p data-start=\"920\" data-end=\"949\"><span style=\"color: #000000;\">Reduce surfactantes\/qu\u00edmicos.<\/span><\/p>\n<\/li>\n<li data-start=\"950\" data-end=\"968\">\n<p data-start=\"952\" data-end=\"968\"><span style=\"color: #000000;\">Controla olores.<\/span><\/p>\n<\/li>\n<\/ul>\n<p data-start=\"970\" data-end=\"979\"><span style=\"color: #000000;\"><strong data-start=\"970\" data-end=\"979\">USOS:<\/strong><\/span><\/p>\n<ul data-start=\"981\" data-end=\"1265\">\n<li data-start=\"981\" data-end=\"1200\">\n<p data-start=\"983\" data-end=\"1200\"><span style=\"color: #000000;\">La aplicaci\u00f3n en aspersi\u00f3n de BioCompost\u2122 l\u00edquido sobre fertilizantes secos, enmiendas, suelos y mantillos proporciona una biodiversidad microbiana significativa y convierte fertilizantes en valiosos biofertilizantes.<\/span><\/p>\n<\/li>\n<li data-start=\"1201\" data-end=\"1265\">\n<p data-start=\"1203\" data-end=\"1265\"><span style=\"color: #000000;\">Aplicaci\u00f3n en aspersi\u00f3n de BioCompost\u2122 sobre pilas de compost.<\/span><\/p>\n<\/li>\n<\/ul>\n<p data-start=\"1272\" data-end=\"1460\" data-is-last-node=\"\" data-is-only-node=\"\"><span style=\"color: #000000;\">Promueve el crecimiento | Estimula la actividad microbiana | Mejora la profundidad y densidad de ra\u00edces | Aumenta la capacidad de retenci\u00f3n de agua | Incrementa la eficiencia de nutrientes<\/span><\/p>\n<p>&nbsp;<\/p>\n","protected":false},"featured_media":7072,"template":"","meta":{"ngg_post_thumbnail":0},"product_brand":[],"product_cat":[21],"product_tag":[35,26,129],"class_list":{"0":"post-5106","1":"product","2":"type-product","3":"status-publish","4":"has-post-thumbnail","6":"product_cat-products","7":"product_tag-microbebio","8":"product_tag-microbebiofertilizer","9":"product_tag-microbebio-biocompost","11":"first","12":"instock","13":"shipping-taxable","14":"product-type-simple"},"yoast_head":"<!-- This site is optimized with the Yoast SEO plugin v27.4 - https:\/\/yoast.com\/product\/yoast-seo-wordpress\/ -->\n<title>Microbebio\u00ae BioCompost\u2122 - Microbial fertilizer Organic Fertilizer USA<\/title>\n<meta name=\"description\" content=\"BioCompost\u2122 is a premier blend of high concentrate specialty microorganisms that accelerate the decomposition of all animal manures and green waste to form a stable and odor free end product. BioCompost\u2122 is the backbone of any stable and valuable\" \/>\n<meta name=\"robots\" content=\"index, follow, max-snippet:-1, max-image-preview:large, max-video-preview:-1\" \/>\n<link rel=\"canonical\" href=\"https:\/\/www.microbebio.com\/spanish-microbe-fertilizer\/product\/microbe-fertilizer-biocompost-protect\/\" \/>\n<meta property=\"og:locale\" content=\"en_US\" \/>\n<meta property=\"og:type\" content=\"article\" \/>\n<meta property=\"og:title\" content=\"Microbebio\u00ae BioCompost\u2122 - Microbial fertilizer Organic Fertilizer USA\" \/>\n<meta property=\"og:description\" content=\"BioCompost\u2122 is a premier blend of high concentrate specialty microorganisms that accelerate the decomposition of all animal manures and green waste to form a stable and odor free end product. BioCompost\u2122 is the backbone of any stable and valuable\" \/>\n<meta property=\"og:url\" content=\"https:\/\/www.microbebio.com\/spanish-microbe-fertilizer\/product\/microbe-fertilizer-biocompost-protect\/\" \/>\n<meta property=\"og:site_name\" content=\"Microbial fertilizer Organic Fertilizer USA\" \/>\n<meta property=\"article:modified_time\" content=\"2025-07-29T21:08:15+00:00\" \/>\n<meta property=\"og:image\" content=\"https:\/\/www.microbebio.com\/spanish-microbe-fertilizer\/wp-content\/uploads\/2015\/06\/MicrobeBio-BioCompost-Bag-1024x1024.png\" \/>\n\t<meta property=\"og:image:width\" content=\"1024\" \/>\n\t<meta property=\"og:image:height\" content=\"1024\" \/>\n\t<meta property=\"og:image:type\" content=\"image\/png\" \/>\n<meta name=\"twitter:card\" content=\"summary_large_image\" \/>\n<meta name=\"twitter:label1\" content=\"Est. reading time\" \/>\n\t<meta name=\"twitter:data1\" content=\"1 minute\" \/>\n<script type=\"application\/ld+json\" class=\"yoast-schema-graph\">{\"@context\":\"https:\\\/\\\/schema.org\",\"@graph\":[{\"@type\":\"WebPage\",\"@id\":\"https:\\\/\\\/www.microbebio.com\\\/spanish-microbe-fertilizer\\\/product\\\/microbe-fertilizer-biocompost-protect\\\/\",\"url\":\"https:\\\/\\\/www.microbebio.com\\\/spanish-microbe-fertilizer\\\/product\\\/microbe-fertilizer-biocompost-protect\\\/\",\"name\":\"Microbebio\u00ae BioCompost\u2122 - Microbial fertilizer Organic Fertilizer USA\",\"isPartOf\":{\"@id\":\"https:\\\/\\\/www.microbebio.com\\\/spanish-microbe-fertilizer\\\/#website\"},\"primaryImageOfPage\":{\"@id\":\"https:\\\/\\\/www.microbebio.com\\\/spanish-microbe-fertilizer\\\/product\\\/microbe-fertilizer-biocompost-protect\\\/#primaryimage\"},\"image\":{\"@id\":\"https:\\\/\\\/www.microbebio.com\\\/spanish-microbe-fertilizer\\\/product\\\/microbe-fertilizer-biocompost-protect\\\/#primaryimage\"},\"thumbnailUrl\":\"https:\\\/\\\/www.microbebio.com\\\/spanish-microbe-fertilizer\\\/wp-content\\\/uploads\\\/2015\\\/06\\\/MicrobeBio-BioCompost-Bag.png\",\"datePublished\":\"2015-06-23T18:01:08+00:00\",\"dateModified\":\"2025-07-29T21:08:15+00:00\",\"description\":\"BioCompost\u2122 is a premier blend of high concentrate specialty microorganisms that accelerate the decomposition of all animal manures and green waste to form a stable and odor free end product. BioCompost\u2122 is the backbone of any stable and valuable\",\"breadcrumb\":{\"@id\":\"https:\\\/\\\/www.microbebio.com\\\/spanish-microbe-fertilizer\\\/product\\\/microbe-fertilizer-biocompost-protect\\\/#breadcrumb\"},\"inLanguage\":\"en-US\",\"potentialAction\":[{\"@type\":\"ReadAction\",\"target\":[\"https:\\\/\\\/www.microbebio.com\\\/spanish-microbe-fertilizer\\\/product\\\/microbe-fertilizer-biocompost-protect\\\/\"]}]},{\"@type\":\"ImageObject\",\"inLanguage\":\"en-US\",\"@id\":\"https:\\\/\\\/www.microbebio.com\\\/spanish-microbe-fertilizer\\\/product\\\/microbe-fertilizer-biocompost-protect\\\/#primaryimage\",\"url\":\"https:\\\/\\\/www.microbebio.com\\\/spanish-microbe-fertilizer\\\/wp-content\\\/uploads\\\/2015\\\/06\\\/MicrobeBio-BioCompost-Bag.png\",\"contentUrl\":\"https:\\\/\\\/www.microbebio.com\\\/spanish-microbe-fertilizer\\\/wp-content\\\/uploads\\\/2015\\\/06\\\/MicrobeBio-BioCompost-Bag.png\",\"width\":2000,\"height\":2000,\"caption\":\"MicrobeBio BioCompost\"},{\"@type\":\"BreadcrumbList\",\"@id\":\"https:\\\/\\\/www.microbebio.com\\\/spanish-microbe-fertilizer\\\/product\\\/microbe-fertilizer-biocompost-protect\\\/#breadcrumb\",\"itemListElement\":[{\"@type\":\"ListItem\",\"position\":1,\"name\":\"Home\",\"item\":\"https:\\\/\\\/www.microbebio.com\\\/spanish-microbe-fertilizer\\\/\"},{\"@type\":\"ListItem\",\"position\":2,\"name\":\"Shop\",\"item\":\"https:\\\/\\\/www.microbebio.com\\\/spanish-microbe-fertilizer\\\/shop\\\/\"},{\"@type\":\"ListItem\",\"position\":3,\"name\":\"Microbebio\u00ae BioCompost\u2122\"}]},{\"@type\":\"WebSite\",\"@id\":\"https:\\\/\\\/www.microbebio.com\\\/spanish-microbe-fertilizer\\\/#website\",\"url\":\"https:\\\/\\\/www.microbebio.com\\\/spanish-microbe-fertilizer\\\/\",\"name\":\"Microbial fertilizer Organic Fertilizer USA\",\"description\":\"Microbes Fertilizer Nature Phenomenon\",\"potentialAction\":[{\"@type\":\"SearchAction\",\"target\":{\"@type\":\"EntryPoint\",\"urlTemplate\":\"https:\\\/\\\/www.microbebio.com\\\/spanish-microbe-fertilizer\\\/?s={search_term_string}\"},\"query-input\":{\"@type\":\"PropertyValueSpecification\",\"valueRequired\":true,\"valueName\":\"search_term_string\"}}],\"inLanguage\":\"en-US\"}]}<\/script>\n<!-- \/ Yoast SEO plugin. -->","yoast_head_json":{"title":"Microbebio\u00ae BioCompost\u2122 - Microbial fertilizer Organic Fertilizer USA","description":"BioCompost\u2122 is a premier blend of high concentrate specialty microorganisms that accelerate the decomposition of all animal manures and green waste to form a stable and odor free end product. BioCompost\u2122 is the backbone of any stable and valuable","robots":{"index":"index","follow":"follow","max-snippet":"max-snippet:-1","max-image-preview":"max-image-preview:large","max-video-preview":"max-video-preview:-1"},"canonical":"https:\/\/www.microbebio.com\/spanish-microbe-fertilizer\/product\/microbe-fertilizer-biocompost-protect\/","og_locale":"en_US","og_type":"article","og_title":"Microbebio\u00ae BioCompost\u2122 - Microbial fertilizer Organic Fertilizer USA","og_description":"BioCompost\u2122 is a premier blend of high concentrate specialty microorganisms that accelerate the decomposition of all animal manures and green waste to form a stable and odor free end product. BioCompost\u2122 is the backbone of any stable and valuable","og_url":"https:\/\/www.microbebio.com\/spanish-microbe-fertilizer\/product\/microbe-fertilizer-biocompost-protect\/","og_site_name":"Microbial fertilizer Organic Fertilizer USA","article_modified_time":"2025-07-29T21:08:15+00:00","og_image":[{"width":1024,"height":1024,"url":"https:\/\/www.microbebio.com\/spanish-microbe-fertilizer\/wp-content\/uploads\/2015\/06\/MicrobeBio-BioCompost-Bag-1024x1024.png","type":"image\/png"}],"twitter_card":"summary_large_image","twitter_misc":{"Est. reading time":"1 minute"},"schema":{"@context":"https:\/\/schema.org","@graph":[{"@type":"WebPage","@id":"https:\/\/www.microbebio.com\/spanish-microbe-fertilizer\/product\/microbe-fertilizer-biocompost-protect\/","url":"https:\/\/www.microbebio.com\/spanish-microbe-fertilizer\/product\/microbe-fertilizer-biocompost-protect\/","name":"Microbebio\u00ae BioCompost\u2122 - Microbial fertilizer Organic Fertilizer USA","isPartOf":{"@id":"https:\/\/www.microbebio.com\/spanish-microbe-fertilizer\/#website"},"primaryImageOfPage":{"@id":"https:\/\/www.microbebio.com\/spanish-microbe-fertilizer\/product\/microbe-fertilizer-biocompost-protect\/#primaryimage"},"image":{"@id":"https:\/\/www.microbebio.com\/spanish-microbe-fertilizer\/product\/microbe-fertilizer-biocompost-protect\/#primaryimage"},"thumbnailUrl":"https:\/\/www.microbebio.com\/spanish-microbe-fertilizer\/wp-content\/uploads\/2015\/06\/MicrobeBio-BioCompost-Bag.png","datePublished":"2015-06-23T18:01:08+00:00","dateModified":"2025-07-29T21:08:15+00:00","description":"BioCompost\u2122 is a premier blend of high concentrate specialty microorganisms that accelerate the decomposition of all animal manures and green waste to form a stable and odor free end product. BioCompost\u2122 is the backbone of any stable and valuable","breadcrumb":{"@id":"https:\/\/www.microbebio.com\/spanish-microbe-fertilizer\/product\/microbe-fertilizer-biocompost-protect\/#breadcrumb"},"inLanguage":"en-US","potentialAction":[{"@type":"ReadAction","target":["https:\/\/www.microbebio.com\/spanish-microbe-fertilizer\/product\/microbe-fertilizer-biocompost-protect\/"]}]},{"@type":"ImageObject","inLanguage":"en-US","@id":"https:\/\/www.microbebio.com\/spanish-microbe-fertilizer\/product\/microbe-fertilizer-biocompost-protect\/#primaryimage","url":"https:\/\/www.microbebio.com\/spanish-microbe-fertilizer\/wp-content\/uploads\/2015\/06\/MicrobeBio-BioCompost-Bag.png","contentUrl":"https:\/\/www.microbebio.com\/spanish-microbe-fertilizer\/wp-content\/uploads\/2015\/06\/MicrobeBio-BioCompost-Bag.png","width":2000,"height":2000,"caption":"MicrobeBio BioCompost"},{"@type":"BreadcrumbList","@id":"https:\/\/www.microbebio.com\/spanish-microbe-fertilizer\/product\/microbe-fertilizer-biocompost-protect\/#breadcrumb","itemListElement":[{"@type":"ListItem","position":1,"name":"Home","item":"https:\/\/www.microbebio.com\/spanish-microbe-fertilizer\/"},{"@type":"ListItem","position":2,"name":"Shop","item":"https:\/\/www.microbebio.com\/spanish-microbe-fertilizer\/shop\/"},{"@type":"ListItem","position":3,"name":"Microbebio\u00ae BioCompost\u2122"}]},{"@type":"WebSite","@id":"https:\/\/www.microbebio.com\/spanish-microbe-fertilizer\/#website","url":"https:\/\/www.microbebio.com\/spanish-microbe-fertilizer\/","name":"Microbial fertilizer Organic Fertilizer USA","description":"Microbes Fertilizer Nature Phenomenon","potentialAction":[{"@type":"SearchAction","target":{"@type":"EntryPoint","urlTemplate":"https:\/\/www.microbebio.com\/spanish-microbe-fertilizer\/?s={search_term_string}"},"query-input":{"@type":"PropertyValueSpecification","valueRequired":true,"valueName":"search_term_string"}}],"inLanguage":"en-US"}]}},"_links":{"self":[{"href":"https:\/\/www.microbebio.com\/spanish-microbe-fertilizer\/wp-json\/wp\/v2\/product\/5106","targetHints":{"allow":["GET"]}}],"collection":[{"href":"https:\/\/www.microbebio.com\/spanish-microbe-fertilizer\/wp-json\/wp\/v2\/product"}],"about":[{"href":"https:\/\/www.microbebio.com\/spanish-microbe-fertilizer\/wp-json\/wp\/v2\/types\/product"}],"wp:featuredmedia":[{"embeddable":true,"href":"https:\/\/www.microbebio.com\/spanish-microbe-fertilizer\/wp-json\/wp\/v2\/media\/7072"}],"wp:attachment":[{"href":"https:\/\/www.microbebio.com\/spanish-microbe-fertilizer\/wp-json\/wp\/v2\/media?parent=5106"}],"wp:term":[{"taxonomy":"product_brand","embeddable":true,"href":"https:\/\/www.microbebio.com\/spanish-microbe-fertilizer\/wp-json\/wp\/v2\/product_brand?post=5106"},{"taxonomy":"product_cat","embeddable":true,"href":"https:\/\/www.microbebio.com\/spanish-microbe-fertilizer\/wp-json\/wp\/v2\/product_cat?post=5106"},{"taxonomy":"product_tag","embeddable":true,"href":"https:\/\/www.microbebio.com\/spanish-microbe-fertilizer\/wp-json\/wp\/v2\/product_tag?post=5106"}],"curies":[{"name":"wp","href":"https:\/\/api.w.org\/{rel}","templated":true}]}}