{"id":6219,"date":"2018-05-04T11:36:10","date_gmt":"2018-05-04T18:36:10","guid":{"rendered":"https:\/\/www.microbebio.com\/spanish-microbe-fertilizer\/?post_type=product&#038;p=6219"},"modified":"2025-07-29T14:07:35","modified_gmt":"2025-07-29T21:07:35","slug":"microbe-fertilizer-nature-foliar","status":"publish","type":"product","link":"https:\/\/www.microbebio.com\/spanish-microbe-fertilizer\/product\/microbe-fertilizer-nature-foliar\/","title":{"rendered":"MicrobeBio\u00ae Nature Foliar\u2122"},"content":{"rendered":"<p><span style=\"color: #000000;\"><strong>MicrobeBio\u00ae Nature Foliar\u2122<\/strong> es uno de los bioestimulantes microbianos y formulaciones enzim\u00e1ticas m\u00e1s avanzados disponibles en el mercado. Su formulaci\u00f3n patentada fue dise\u00f1ada espec\u00edficamente por un equipo multidisciplinario de cient\u00edficos para maximizar la calidad y el rendimiento de los cultivos agr\u00edcolas.<\/span><\/p>\n","protected":false},"excerpt":{"rendered":"<p data-start=\"0\" data-end=\"815\"><span style=\"color: #000000;\">MicrobeBio\u00ae Nature Foliar\u2122 es un fertilizante foliar para plantas 100 % org\u00e1nico y natural, dise\u00f1ado y creado para apoyar mejor el ciclo simbi\u00f3tico en las plantas. A trav\u00e9s del proceso biol\u00f3gico de translocaci\u00f3n, estos nutrientes y minerales juegan un papel crucial para mejorar el desarrollo y crecimiento de las plantas. Nature Foliar trabaja para aumentar la eficiencia de la fotos\u00edntesis de las plantas, que convierte la glucosa y los nutrientes, junto con las mol\u00e9culas complejas de carbono, en una forma utilizable de combustible que la planta puede usar. A medida que las plantas absorben los nutrientes de estas fuentes, prosperan y crecen vigorosamente durante toda la temporada de cultivo. Nature Foliar promueve una floraci\u00f3n m\u00e1s temprana, flores m\u00e1s grandes y mejora la calidad nutricional del producto.<\/span><\/p>\n<p data-start=\"817\" data-end=\"827\"><span style=\"color: #000000;\">BENEFICIOS<\/span><\/p>\n<ul data-start=\"829\" data-end=\"1940\">\n<li data-start=\"829\" data-end=\"1067\">\n<p data-start=\"831\" data-end=\"1067\"><span style=\"color: #000000;\">Mantiene resultados consistentes durante todo el ciclo del cultivo, reduce el estr\u00e9s metab\u00f3lico y alcanza el m\u00e1ximo potencial gen\u00e9tico microbiano al proporcionar una fuente saludable de alimento y energ\u00eda para los microbios del suelo.<\/span><\/p>\n<\/li>\n<li data-start=\"1068\" data-end=\"1154\">\n<p data-start=\"1070\" data-end=\"1154\"><span style=\"color: #000000;\">Optimiza la fotos\u00edntesis (luz) al aumentar el contenido de clorofila en las hojas.<\/span><\/p>\n<\/li>\n<li data-start=\"1155\" data-end=\"1271\">\n<p data-start=\"1157\" data-end=\"1271\"><span style=\"color: #000000;\">Incrementa la fotos\u00edntesis (absorci\u00f3n de agua) aumentando los microorganismos (microbios) en el medio del suelo.<\/span><\/p>\n<\/li>\n<li data-start=\"1272\" data-end=\"1407\">\n<p data-start=\"1274\" data-end=\"1407\"><span style=\"color: #000000;\">Ayuda la fotos\u00edntesis aumentando la absorci\u00f3n de nitr\u00f3geno (y otros nutrientes) para favorecer la asimilaci\u00f3n fotosint\u00e9tica de CO2.<\/span><\/p>\n<\/li>\n<li data-start=\"1408\" data-end=\"1492\">\n<p data-start=\"1410\" data-end=\"1492\"><span style=\"color: #000000;\">Mantiene un nivel elevado de microbios saludables durante un per\u00edodo prolongado.<\/span><\/p>\n<\/li>\n<li data-start=\"1493\" data-end=\"1578\">\n<p data-start=\"1495\" data-end=\"1578\"><span style=\"color: #000000;\">Promueve la germinaci\u00f3n de semillas y aumenta el vigor temprano de las pl\u00e1ntulas.<\/span><\/p>\n<\/li>\n<li data-start=\"1579\" data-end=\"1681\">\n<p data-start=\"1581\" data-end=\"1681\"><span style=\"color: #000000;\">Integra niveles enzim\u00e1ticos para la s\u00edntesis de \u00e1cidos nucleicos, prote\u00ednas, vitaminas y az\u00facares.<\/span><\/p>\n<\/li>\n<li data-start=\"1682\" data-end=\"1753\">\n<p data-start=\"1684\" data-end=\"1753\"><span style=\"color: #000000;\">Apoya la resistencia al estr\u00e9s en condiciones ambientales adversas.<\/span><\/p>\n<\/li>\n<li data-start=\"1754\" data-end=\"1810\">\n<p data-start=\"1756\" data-end=\"1810\"><span style=\"color: #000000;\">Mejora la calidad y el crecimiento de los productos.<\/span><\/p>\n<\/li>\n<li data-start=\"1811\" data-end=\"1864\">\n<p data-start=\"1813\" data-end=\"1864\"><span style=\"color: #000000;\">Potencia los procesos metab\u00f3licos en las plantas.<\/span><\/p>\n<\/li>\n<li data-start=\"1865\" data-end=\"1940\">\n<p data-start=\"1867\" data-end=\"1940\"><span style=\"color: #000000;\">Mejora la absorci\u00f3n y el transporte de energ\u00eda y nutrientes en la planta.<\/span><\/p>\n<\/li>\n<\/ul>\n<p data-start=\"1947\" data-end=\"2134\" data-is-last-node=\"\" data-is-only-node=\"\"><span style=\"color: #000000;\">Promueve el crecimiento \u2014 Estimula la actividad microbiana \u2014 Mejora la profundidad y densidad de ra\u00edces \u2014 Mejora la capacidad de retenci\u00f3n de agua \u2014 Incrementa la eficiencia de nutrientes<\/span><\/p>\n<p>&nbsp;<\/p>\n","protected":false},"featured_media":15497,"template":"","meta":{"ngg_post_thumbnail":0},"product_brand":[],"product_cat":[21],"product_tag":[153,149,152,154,146,155,35,26,145,88,148,150,147,151,156,157],"class_list":{"0":"post-6219","1":"product","2":"type-product","3":"status-publish","4":"has-post-thumbnail","6":"product_cat-products","7":"product_tag-liquid-micronutrients-fertilizer","8":"product_tag-micro-fertilizer","9":"product_tag-micro-food-fetilizer","10":"product_tag-microbe-bio-fertilizer","11":"product_tag-microbe-fertilizer","12":"product_tag-microbe-spreader","13":"product_tag-microbebio","14":"product_tag-microbebiofertilizer","15":"product_tag-microbebio-nature-foliar","16":"product_tag-microbial-fertilizer","17":"product_tag-microlife-fertilizer","18":"product_tag-micronutrient-fertilizer-mixtures","19":"product_tag-micronutrient-fertilizer-products","20":"product_tag-mix-micronutrient-fertilizer","21":"product_tag-nutrients-npk","22":"product_tag-soil-enhance","24":"first","25":"instock","26":"shipping-taxable","27":"product-type-simple"},"yoast_head":"<!-- This site is optimized with the Yoast SEO plugin v27.4 - https:\/\/yoast.com\/product\/yoast-seo-wordpress\/ -->\n<title>MicrobeBio\u00ae Nature Foliar\u2122 - Microbial fertilizer Organic Fertilizer USA<\/title>\n<meta name=\"description\" content=\"MicrobeBio \u00ae Nature Foliar\u2122 is one of the most highly advanced microbial biostimulants and enzyme formulations available on the market.\" \/>\n<meta name=\"robots\" content=\"index, follow, max-snippet:-1, max-image-preview:large, max-video-preview:-1\" \/>\n<link rel=\"canonical\" href=\"https:\/\/www.microbebio.com\/spanish-microbe-fertilizer\/product\/microbe-fertilizer-nature-foliar\/\" \/>\n<meta property=\"og:locale\" content=\"en_US\" \/>\n<meta property=\"og:type\" content=\"article\" \/>\n<meta property=\"og:title\" content=\"MicrobeBio\u00ae Nature Foliar\u2122 - Microbial fertilizer Organic Fertilizer USA\" \/>\n<meta property=\"og:description\" content=\"MicrobeBio \u00ae Nature Foliar\u2122 is one of the most highly advanced microbial biostimulants and enzyme formulations available on the market.\" \/>\n<meta property=\"og:url\" content=\"https:\/\/www.microbebio.com\/spanish-microbe-fertilizer\/product\/microbe-fertilizer-nature-foliar\/\" \/>\n<meta property=\"og:site_name\" content=\"Microbial fertilizer Organic Fertilizer USA\" \/>\n<meta property=\"article:modified_time\" content=\"2025-07-29T21:07:35+00:00\" \/>\n<meta property=\"og:image\" content=\"https:\/\/www.microbebio.com\/spanish-microbe-fertilizer\/wp-content\/uploads\/2018\/05\/MICROBEBIO-NATURE-FOLIAR.png\" \/>\n\t<meta property=\"og:image:width\" content=\"1224\" \/>\n\t<meta property=\"og:image:height\" content=\"1440\" \/>\n\t<meta property=\"og:image:type\" content=\"image\/png\" \/>\n<meta name=\"twitter:card\" content=\"summary_large_image\" \/>\n<meta name=\"twitter:label1\" content=\"Est. reading time\" \/>\n\t<meta name=\"twitter:data1\" content=\"1 minute\" \/>\n<script type=\"application\/ld+json\" class=\"yoast-schema-graph\">{\"@context\":\"https:\\\/\\\/schema.org\",\"@graph\":[{\"@type\":\"WebPage\",\"@id\":\"https:\\\/\\\/www.microbebio.com\\\/spanish-microbe-fertilizer\\\/product\\\/microbe-fertilizer-nature-foliar\\\/\",\"url\":\"https:\\\/\\\/www.microbebio.com\\\/spanish-microbe-fertilizer\\\/product\\\/microbe-fertilizer-nature-foliar\\\/\",\"name\":\"MicrobeBio\u00ae Nature Foliar\u2122 - Microbial fertilizer Organic Fertilizer USA\",\"isPartOf\":{\"@id\":\"https:\\\/\\\/www.microbebio.com\\\/spanish-microbe-fertilizer\\\/#website\"},\"primaryImageOfPage\":{\"@id\":\"https:\\\/\\\/www.microbebio.com\\\/spanish-microbe-fertilizer\\\/product\\\/microbe-fertilizer-nature-foliar\\\/#primaryimage\"},\"image\":{\"@id\":\"https:\\\/\\\/www.microbebio.com\\\/spanish-microbe-fertilizer\\\/product\\\/microbe-fertilizer-nature-foliar\\\/#primaryimage\"},\"thumbnailUrl\":\"https:\\\/\\\/www.microbebio.com\\\/spanish-microbe-fertilizer\\\/wp-content\\\/uploads\\\/2018\\\/05\\\/MICROBEBIO-NATURE-FOLIAR.png\",\"datePublished\":\"2018-05-04T18:36:10+00:00\",\"dateModified\":\"2025-07-29T21:07:35+00:00\",\"description\":\"MicrobeBio \u00ae Nature Foliar\u2122 is one of the most highly advanced microbial biostimulants and enzyme formulations available on the market.\",\"breadcrumb\":{\"@id\":\"https:\\\/\\\/www.microbebio.com\\\/spanish-microbe-fertilizer\\\/product\\\/microbe-fertilizer-nature-foliar\\\/#breadcrumb\"},\"inLanguage\":\"en-US\",\"potentialAction\":[{\"@type\":\"ReadAction\",\"target\":[\"https:\\\/\\\/www.microbebio.com\\\/spanish-microbe-fertilizer\\\/product\\\/microbe-fertilizer-nature-foliar\\\/\"]}]},{\"@type\":\"ImageObject\",\"inLanguage\":\"en-US\",\"@id\":\"https:\\\/\\\/www.microbebio.com\\\/spanish-microbe-fertilizer\\\/product\\\/microbe-fertilizer-nature-foliar\\\/#primaryimage\",\"url\":\"https:\\\/\\\/www.microbebio.com\\\/spanish-microbe-fertilizer\\\/wp-content\\\/uploads\\\/2018\\\/05\\\/MICROBEBIO-NATURE-FOLIAR.png\",\"contentUrl\":\"https:\\\/\\\/www.microbebio.com\\\/spanish-microbe-fertilizer\\\/wp-content\\\/uploads\\\/2018\\\/05\\\/MICROBEBIO-NATURE-FOLIAR.png\",\"width\":1224,\"height\":1440},{\"@type\":\"BreadcrumbList\",\"@id\":\"https:\\\/\\\/www.microbebio.com\\\/spanish-microbe-fertilizer\\\/product\\\/microbe-fertilizer-nature-foliar\\\/#breadcrumb\",\"itemListElement\":[{\"@type\":\"ListItem\",\"position\":1,\"name\":\"Home\",\"item\":\"https:\\\/\\\/www.microbebio.com\\\/spanish-microbe-fertilizer\\\/\"},{\"@type\":\"ListItem\",\"position\":2,\"name\":\"Shop\",\"item\":\"https:\\\/\\\/www.microbebio.com\\\/spanish-microbe-fertilizer\\\/shop\\\/\"},{\"@type\":\"ListItem\",\"position\":3,\"name\":\"MicrobeBio\u00ae Nature Foliar\u2122\"}]},{\"@type\":\"WebSite\",\"@id\":\"https:\\\/\\\/www.microbebio.com\\\/spanish-microbe-fertilizer\\\/#website\",\"url\":\"https:\\\/\\\/www.microbebio.com\\\/spanish-microbe-fertilizer\\\/\",\"name\":\"Microbial fertilizer Organic Fertilizer USA\",\"description\":\"Microbes Fertilizer Nature Phenomenon\",\"potentialAction\":[{\"@type\":\"SearchAction\",\"target\":{\"@type\":\"EntryPoint\",\"urlTemplate\":\"https:\\\/\\\/www.microbebio.com\\\/spanish-microbe-fertilizer\\\/?s={search_term_string}\"},\"query-input\":{\"@type\":\"PropertyValueSpecification\",\"valueRequired\":true,\"valueName\":\"search_term_string\"}}],\"inLanguage\":\"en-US\"}]}<\/script>\n<!-- \/ Yoast SEO plugin. -->","yoast_head_json":{"title":"MicrobeBio\u00ae Nature Foliar\u2122 - Microbial fertilizer Organic Fertilizer USA","description":"MicrobeBio \u00ae Nature Foliar\u2122 is one of the most highly advanced microbial biostimulants and enzyme formulations available on the market.","robots":{"index":"index","follow":"follow","max-snippet":"max-snippet:-1","max-image-preview":"max-image-preview:large","max-video-preview":"max-video-preview:-1"},"canonical":"https:\/\/www.microbebio.com\/spanish-microbe-fertilizer\/product\/microbe-fertilizer-nature-foliar\/","og_locale":"en_US","og_type":"article","og_title":"MicrobeBio\u00ae Nature Foliar\u2122 - Microbial fertilizer Organic Fertilizer USA","og_description":"MicrobeBio \u00ae Nature Foliar\u2122 is one of the most highly advanced microbial biostimulants and enzyme formulations available on the market.","og_url":"https:\/\/www.microbebio.com\/spanish-microbe-fertilizer\/product\/microbe-fertilizer-nature-foliar\/","og_site_name":"Microbial fertilizer Organic Fertilizer USA","article_modified_time":"2025-07-29T21:07:35+00:00","og_image":[{"width":1224,"height":1440,"url":"https:\/\/www.microbebio.com\/spanish-microbe-fertilizer\/wp-content\/uploads\/2018\/05\/MICROBEBIO-NATURE-FOLIAR.png","type":"image\/png"}],"twitter_card":"summary_large_image","twitter_misc":{"Est. reading time":"1 minute"},"schema":{"@context":"https:\/\/schema.org","@graph":[{"@type":"WebPage","@id":"https:\/\/www.microbebio.com\/spanish-microbe-fertilizer\/product\/microbe-fertilizer-nature-foliar\/","url":"https:\/\/www.microbebio.com\/spanish-microbe-fertilizer\/product\/microbe-fertilizer-nature-foliar\/","name":"MicrobeBio\u00ae Nature Foliar\u2122 - Microbial fertilizer Organic Fertilizer USA","isPartOf":{"@id":"https:\/\/www.microbebio.com\/spanish-microbe-fertilizer\/#website"},"primaryImageOfPage":{"@id":"https:\/\/www.microbebio.com\/spanish-microbe-fertilizer\/product\/microbe-fertilizer-nature-foliar\/#primaryimage"},"image":{"@id":"https:\/\/www.microbebio.com\/spanish-microbe-fertilizer\/product\/microbe-fertilizer-nature-foliar\/#primaryimage"},"thumbnailUrl":"https:\/\/www.microbebio.com\/spanish-microbe-fertilizer\/wp-content\/uploads\/2018\/05\/MICROBEBIO-NATURE-FOLIAR.png","datePublished":"2018-05-04T18:36:10+00:00","dateModified":"2025-07-29T21:07:35+00:00","description":"MicrobeBio \u00ae Nature Foliar\u2122 is one of the most highly advanced microbial biostimulants and enzyme formulations available on the market.","breadcrumb":{"@id":"https:\/\/www.microbebio.com\/spanish-microbe-fertilizer\/product\/microbe-fertilizer-nature-foliar\/#breadcrumb"},"inLanguage":"en-US","potentialAction":[{"@type":"ReadAction","target":["https:\/\/www.microbebio.com\/spanish-microbe-fertilizer\/product\/microbe-fertilizer-nature-foliar\/"]}]},{"@type":"ImageObject","inLanguage":"en-US","@id":"https:\/\/www.microbebio.com\/spanish-microbe-fertilizer\/product\/microbe-fertilizer-nature-foliar\/#primaryimage","url":"https:\/\/www.microbebio.com\/spanish-microbe-fertilizer\/wp-content\/uploads\/2018\/05\/MICROBEBIO-NATURE-FOLIAR.png","contentUrl":"https:\/\/www.microbebio.com\/spanish-microbe-fertilizer\/wp-content\/uploads\/2018\/05\/MICROBEBIO-NATURE-FOLIAR.png","width":1224,"height":1440},{"@type":"BreadcrumbList","@id":"https:\/\/www.microbebio.com\/spanish-microbe-fertilizer\/product\/microbe-fertilizer-nature-foliar\/#breadcrumb","itemListElement":[{"@type":"ListItem","position":1,"name":"Home","item":"https:\/\/www.microbebio.com\/spanish-microbe-fertilizer\/"},{"@type":"ListItem","position":2,"name":"Shop","item":"https:\/\/www.microbebio.com\/spanish-microbe-fertilizer\/shop\/"},{"@type":"ListItem","position":3,"name":"MicrobeBio\u00ae Nature Foliar\u2122"}]},{"@type":"WebSite","@id":"https:\/\/www.microbebio.com\/spanish-microbe-fertilizer\/#website","url":"https:\/\/www.microbebio.com\/spanish-microbe-fertilizer\/","name":"Microbial fertilizer Organic Fertilizer USA","description":"Microbes Fertilizer Nature Phenomenon","potentialAction":[{"@type":"SearchAction","target":{"@type":"EntryPoint","urlTemplate":"https:\/\/www.microbebio.com\/spanish-microbe-fertilizer\/?s={search_term_string}"},"query-input":{"@type":"PropertyValueSpecification","valueRequired":true,"valueName":"search_term_string"}}],"inLanguage":"en-US"}]}},"_links":{"self":[{"href":"https:\/\/www.microbebio.com\/spanish-microbe-fertilizer\/wp-json\/wp\/v2\/product\/6219","targetHints":{"allow":["GET"]}}],"collection":[{"href":"https:\/\/www.microbebio.com\/spanish-microbe-fertilizer\/wp-json\/wp\/v2\/product"}],"about":[{"href":"https:\/\/www.microbebio.com\/spanish-microbe-fertilizer\/wp-json\/wp\/v2\/types\/product"}],"wp:featuredmedia":[{"embeddable":true,"href":"https:\/\/www.microbebio.com\/spanish-microbe-fertilizer\/wp-json\/wp\/v2\/media\/15497"}],"wp:attachment":[{"href":"https:\/\/www.microbebio.com\/spanish-microbe-fertilizer\/wp-json\/wp\/v2\/media?parent=6219"}],"wp:term":[{"taxonomy":"product_brand","embeddable":true,"href":"https:\/\/www.microbebio.com\/spanish-microbe-fertilizer\/wp-json\/wp\/v2\/product_brand?post=6219"},{"taxonomy":"product_cat","embeddable":true,"href":"https:\/\/www.microbebio.com\/spanish-microbe-fertilizer\/wp-json\/wp\/v2\/product_cat?post=6219"},{"taxonomy":"product_tag","embeddable":true,"href":"https:\/\/www.microbebio.com\/spanish-microbe-fertilizer\/wp-json\/wp\/v2\/product_tag?post=6219"}],"curies":[{"name":"wp","href":"https:\/\/api.w.org\/{rel}","templated":true}]}}